{"id":1064,"date":"2023-04-04T14:19:27","date_gmt":"2023-04-04T12:19:27","guid":{"rendered":"https:\/\/www.solar-depot.lu\/onduleurs\/"},"modified":"2026-03-17T12:02:47","modified_gmt":"2026-03-17T11:02:47","slug":"wechselrichter","status":"publish","type":"page","link":"https:\/\/www.solar-depot.lu\/de\/wechselrichter\/","title":{"rendered":"Wechselrichter"},"content":{"rendered":"\n<p class=\" eplus-wrapper\">Optimieren Sie den Ertrag Ihrer Anlagen mit unserem Sortiment an hochmodernen <strong>Photovoltaik-Wechselrichtern<\/strong>. Ob String-Wechselrichter oder Mikro-Wechselrichter \u2013 wir w\u00e4hlen die besten Technologien aus, um Ihre Solaranlagen in Luxemburg und der Gro\u00dfregion zu vervollst\u00e4ndigen. Wir arbeiten mit f\u00fchrenden Marken wie <strong>Huawei<\/strong>, <strong>Kstar <\/strong>oder <strong>Enphase <\/strong>zusammen, um Ihnen die besten Optionen sowohl f\u00fcr einphasige als auch f\u00fcr dreiphasige Anschl\u00fcsse zu bieten.<\/p>\n\n\n\n<p class=\" eplus-wrapper\">Siehe auch : <a href=\"https:\/\/www.solar-depot.lu\/de\/huawei-wechselrichter\/\">Huawei Wechselrichter<\/a> | <a href=\"https:\/\/www.solar-depot.lu\/de\/enphase-mikro-wechselrichter\/\">Enphase Wechselrichter<\/a><\/p>\n\n\n\n<p class=\" eplus-wrapper\"><\/p>\n","protected":false},"excerpt":{"rendered":"<p>Optimieren Sie den Ertrag Ihrer Anlagen mit unserem Sortiment an hochmodernen Photovoltaik-Wechselrichtern. Ob String-Wechselrichter oder Mikro-Wechselrichter \u2013 wir w\u00e4hlen die besten Technologien aus, um Ihre Solaranlagen in Luxemburg und der Gro\u00dfregion zu vervollst\u00e4ndigen. Wir arbeiten mit f\u00fchrenden Marken wie Huawei, Kstar oder Enphase zusammen, um Ihnen die besten Optionen sowohl f\u00fcr einphasige als auch f\u00fcr [&hellip;]<\/p>\n","protected":false},"author":1,"featured_media":0,"parent":0,"menu_order":8,"comment_status":"closed","ping_status":"closed","template":"","meta":{"editor_plus_copied_stylings":"{}","footnotes":""},"class_list":["post-1064","page","type-page","status-publish","hentry"],"acf":[],"yoast_head":"<!-- This site is optimized with the Yoast SEO Premium plugin v22.0 (Yoast SEO v27.4) - https:\/\/yoast.com\/product\/yoast-seo-premium-wordpress\/ -->\n<title>Wechselrichter - SOLAR DEPOT<\/title>\n<meta name=\"robots\" content=\"index, follow, max-snippet:-1, max-image-preview:large, max-video-preview:-1\" \/>\n<link rel=\"canonical\" href=\"https:\/\/www.solar-depot.lu\/de\/wechselrichter\/\" \/>\n<meta property=\"og:locale\" content=\"de_DE\" \/>\n<meta property=\"og:type\" content=\"article\" \/>\n<meta property=\"og:title\" content=\"Wechselrichter\" \/>\n<meta property=\"og:description\" content=\"Optimieren Sie den Ertrag Ihrer Anlagen mit unserem Sortiment an hochmodernen Photovoltaik-Wechselrichtern. Ob String-Wechselrichter oder Mikro-Wechselrichter \u2013 wir w\u00e4hlen die besten Technologien aus, um Ihre Solaranlagen in Luxemburg und der Gro\u00dfregion zu vervollst\u00e4ndigen. Wir arbeiten mit f\u00fchrenden Marken wie Huawei, Kstar oder Enphase zusammen, um Ihnen die besten Optionen sowohl f\u00fcr einphasige als auch f\u00fcr [&hellip;]\" \/>\n<meta property=\"og:url\" content=\"https:\/\/www.solar-depot.lu\/de\/wechselrichter\/\" \/>\n<meta property=\"og:site_name\" content=\"SOLAR DEPOT\" \/>\n<meta property=\"article:modified_time\" content=\"2026-03-17T11:02:47+00:00\" \/>\n<meta name=\"twitter:card\" content=\"summary_large_image\" \/>\n<meta name=\"twitter:label1\" content=\"Gesch\u00e4tzte Lesezeit\" \/>\n\t<meta name=\"twitter:data1\" content=\"1\u00a0Minute\" \/>\n<script type=\"application\/ld+json\" class=\"yoast-schema-graph\">{\"@context\":\"https:\\\/\\\/schema.org\",\"@graph\":[{\"@type\":\"WebPage\",\"@id\":\"https:\\\/\\\/www.solar-depot.lu\\\/de\\\/wechselrichter\\\/\",\"url\":\"https:\\\/\\\/www.solar-depot.lu\\\/de\\\/wechselrichter\\\/\",\"name\":\"Wechselrichter - SOLAR DEPOT\",\"isPartOf\":{\"@id\":\"https:\\\/\\\/www.solar-depot.lu\\\/de\\\/#website\"},\"datePublished\":\"2023-04-04T12:19:27+00:00\",\"dateModified\":\"2026-03-17T11:02:47+00:00\",\"breadcrumb\":{\"@id\":\"https:\\\/\\\/www.solar-depot.lu\\\/de\\\/wechselrichter\\\/#breadcrumb\"},\"inLanguage\":\"de\",\"potentialAction\":[{\"@type\":\"ReadAction\",\"target\":[\"https:\\\/\\\/www.solar-depot.lu\\\/de\\\/wechselrichter\\\/\"]}]},{\"@type\":\"BreadcrumbList\",\"@id\":\"https:\\\/\\\/www.solar-depot.lu\\\/de\\\/wechselrichter\\\/#breadcrumb\",\"itemListElement\":[{\"@type\":\"ListItem\",\"position\":1,\"name\":\"Startseite\",\"item\":\"https:\\\/\\\/www.solar-depot.lu\\\/de\\\/\"},{\"@type\":\"ListItem\",\"position\":2,\"name\":\"Wechselrichter\"}]},{\"@type\":\"WebSite\",\"@id\":\"https:\\\/\\\/www.solar-depot.lu\\\/de\\\/#website\",\"url\":\"https:\\\/\\\/www.solar-depot.lu\\\/de\\\/\",\"name\":\"SOLAR DEPOT\",\"description\":\"Solar Depot, l&#039;\u00e9nergie solaire \u00e0 emporter chez vous !\",\"publisher\":{\"@id\":\"https:\\\/\\\/www.solar-depot.lu\\\/de\\\/#organization\"},\"potentialAction\":[{\"@type\":\"SearchAction\",\"target\":{\"@type\":\"EntryPoint\",\"urlTemplate\":\"https:\\\/\\\/www.solar-depot.lu\\\/de\\\/?s={search_term_string}\"},\"query-input\":{\"@type\":\"PropertyValueSpecification\",\"valueRequired\":true,\"valueName\":\"search_term_string\"}}],\"inLanguage\":\"de\"},{\"@type\":\"Organization\",\"@id\":\"https:\\\/\\\/www.solar-depot.lu\\\/de\\\/#organization\",\"name\":\"SOLAR DEPOT\",\"url\":\"https:\\\/\\\/www.solar-depot.lu\\\/de\\\/\",\"logo\":{\"@type\":\"ImageObject\",\"inLanguage\":\"de\",\"@id\":\"https:\\\/\\\/www.solar-depot.lu\\\/de\\\/#\\\/schema\\\/logo\\\/image\\\/\",\"url\":\"https:\\\/\\\/www.solar-depot.lu\\\/wp-content\\\/uploads\\\/2023\\\/08\\\/ege-depot-sans-fond.png\",\"contentUrl\":\"https:\\\/\\\/www.solar-depot.lu\\\/wp-content\\\/uploads\\\/2023\\\/08\\\/ege-depot-sans-fond.png\",\"width\":1696,\"height\":536,\"caption\":\"SOLAR DEPOT\"},\"image\":{\"@id\":\"https:\\\/\\\/www.solar-depot.lu\\\/de\\\/#\\\/schema\\\/logo\\\/image\\\/\"}}]}<\/script>\n<!-- \/ Yoast SEO Premium plugin. -->","yoast_head_json":{"title":"Wechselrichter - SOLAR DEPOT","robots":{"index":"index","follow":"follow","max-snippet":"max-snippet:-1","max-image-preview":"max-image-preview:large","max-video-preview":"max-video-preview:-1"},"canonical":"https:\/\/www.solar-depot.lu\/de\/wechselrichter\/","og_locale":"de_DE","og_type":"article","og_title":"Wechselrichter","og_description":"Optimieren Sie den Ertrag Ihrer Anlagen mit unserem Sortiment an hochmodernen Photovoltaik-Wechselrichtern. Ob String-Wechselrichter oder Mikro-Wechselrichter \u2013 wir w\u00e4hlen die besten Technologien aus, um Ihre Solaranlagen in Luxemburg und der Gro\u00dfregion zu vervollst\u00e4ndigen. Wir arbeiten mit f\u00fchrenden Marken wie Huawei, Kstar oder Enphase zusammen, um Ihnen die besten Optionen sowohl f\u00fcr einphasige als auch f\u00fcr [&hellip;]","og_url":"https:\/\/www.solar-depot.lu\/de\/wechselrichter\/","og_site_name":"SOLAR DEPOT","article_modified_time":"2026-03-17T11:02:47+00:00","twitter_card":"summary_large_image","twitter_misc":{"Gesch\u00e4tzte Lesezeit":"1\u00a0Minute"},"schema":{"@context":"https:\/\/schema.org","@graph":[{"@type":"WebPage","@id":"https:\/\/www.solar-depot.lu\/de\/wechselrichter\/","url":"https:\/\/www.solar-depot.lu\/de\/wechselrichter\/","name":"Wechselrichter - SOLAR DEPOT","isPartOf":{"@id":"https:\/\/www.solar-depot.lu\/de\/#website"},"datePublished":"2023-04-04T12:19:27+00:00","dateModified":"2026-03-17T11:02:47+00:00","breadcrumb":{"@id":"https:\/\/www.solar-depot.lu\/de\/wechselrichter\/#breadcrumb"},"inLanguage":"de","potentialAction":[{"@type":"ReadAction","target":["https:\/\/www.solar-depot.lu\/de\/wechselrichter\/"]}]},{"@type":"BreadcrumbList","@id":"https:\/\/www.solar-depot.lu\/de\/wechselrichter\/#breadcrumb","itemListElement":[{"@type":"ListItem","position":1,"name":"Startseite","item":"https:\/\/www.solar-depot.lu\/de\/"},{"@type":"ListItem","position":2,"name":"Wechselrichter"}]},{"@type":"WebSite","@id":"https:\/\/www.solar-depot.lu\/de\/#website","url":"https:\/\/www.solar-depot.lu\/de\/","name":"SOLAR DEPOT","description":"Solar Depot, l&#039;\u00e9nergie solaire \u00e0 emporter chez vous !","publisher":{"@id":"https:\/\/www.solar-depot.lu\/de\/#organization"},"potentialAction":[{"@type":"SearchAction","target":{"@type":"EntryPoint","urlTemplate":"https:\/\/www.solar-depot.lu\/de\/?s={search_term_string}"},"query-input":{"@type":"PropertyValueSpecification","valueRequired":true,"valueName":"search_term_string"}}],"inLanguage":"de"},{"@type":"Organization","@id":"https:\/\/www.solar-depot.lu\/de\/#organization","name":"SOLAR DEPOT","url":"https:\/\/www.solar-depot.lu\/de\/","logo":{"@type":"ImageObject","inLanguage":"de","@id":"https:\/\/www.solar-depot.lu\/de\/#\/schema\/logo\/image\/","url":"https:\/\/www.solar-depot.lu\/wp-content\/uploads\/2023\/08\/ege-depot-sans-fond.png","contentUrl":"https:\/\/www.solar-depot.lu\/wp-content\/uploads\/2023\/08\/ege-depot-sans-fond.png","width":1696,"height":536,"caption":"SOLAR DEPOT"},"image":{"@id":"https:\/\/www.solar-depot.lu\/de\/#\/schema\/logo\/image\/"}}]}},"_links":{"self":[{"href":"https:\/\/www.solar-depot.lu\/de\/wp-json\/wp\/v2\/pages\/1064","targetHints":{"allow":["GET"]}}],"collection":[{"href":"https:\/\/www.solar-depot.lu\/de\/wp-json\/wp\/v2\/pages"}],"about":[{"href":"https:\/\/www.solar-depot.lu\/de\/wp-json\/wp\/v2\/types\/page"}],"author":[{"embeddable":true,"href":"https:\/\/www.solar-depot.lu\/de\/wp-json\/wp\/v2\/users\/1"}],"replies":[{"embeddable":true,"href":"https:\/\/www.solar-depot.lu\/de\/wp-json\/wp\/v2\/comments?post=1064"}],"version-history":[{"count":7,"href":"https:\/\/www.solar-depot.lu\/de\/wp-json\/wp\/v2\/pages\/1064\/revisions"}],"predecessor-version":[{"id":8927,"href":"https:\/\/www.solar-depot.lu\/de\/wp-json\/wp\/v2\/pages\/1064\/revisions\/8927"}],"wp:attachment":[{"href":"https:\/\/www.solar-depot.lu\/de\/wp-json\/wp\/v2\/media?parent=1064"}],"curies":[{"name":"wp","href":"https:\/\/api.w.org\/{rel}","templated":true}]}}