{"id":500,"date":"2023-04-04T12:19:09","date_gmt":"2023-04-04T10:19:09","guid":{"rendered":"https:\/\/www.solar-depot.lu\/?page_id=500"},"modified":"2023-05-22T14:30:43","modified_gmt":"2023-05-22T12:30:43","slug":"neuigkeiten-und-veranstaltungen","status":"publish","type":"page","link":"https:\/\/www.solar-depot.lu\/de\/neuigkeiten-und-veranstaltungen\/","title":{"rendered":"Neuigkeiten und Veranstaltungen"},"content":{"rendered":"\n<div data-shorcode-ident=\"module_646b5f88e5a7f\" data-current_post=\"500\">\n\n\n\n    <div class=\"actualites-liste\">\n\n        <form name=\"filtres\" method=\"post\" action=\"\/\" data-form-filtres>\n                    <\/form>\n\n        <div class=\"row\">\n\n            \n                <div class=\"col-12 col-sm-6 col-md-4\">\n                    <article class=\"item flexit-clickable-element \" data-goto-url=\"https:\/\/www.solar-depot.lu\/de\/actualites\/solar-depot-wird-offizieller-sigenergy-haendler-in-luxemburg\/\">\n\n                        <div class=\"object\">\n                                                            <div class=\"bg\"\n                                     style=\"background-image:url(https:\/\/www.solar-depot.lu\/wp-content\/uploads\/2026\/03\/Sigenergy-400x400.jpg)!important; background-size: cover !important;\"><\/div>\n                            \n                                                    <\/div>\n\n                        <div class=\"inner\">\n                                                            <div class=\"date\">ver\u00f6ffentlicht am 13\/03\/2026<\/div>\n                                                                                    <h2 class=\"titre\">Solar Depot wird offizieller Sigenergy-H\u00e4ndler in Luxemburg<\/h2>\n                            <div class=\"resume\">\n                                Gute Nachrichten f\u00fcr die Profis der Solarindustrie! Solar D\u00e9p\u00f4t, Ihr Gro\u00dfh\u00e4ndler f\u00fcr Photovoltaikanlagen in Luxemburg, hat seinen Katalog erweitert. Wir<span class=\"min-text\">...<\/span>                            <\/div>\n                        <\/div>\n\n                                                    <div class=\"categories\">\n                                <span>Veranstaltung<\/span>\n                            <\/div>\n                        \n                    <\/article>\n                <\/div>\n\n            \n                <div class=\"col-12 col-sm-6 col-md-4\">\n                    <article class=\"item flexit-clickable-element \" data-goto-url=\"https:\/\/www.solar-depot.lu\/de\/actualites\/umzug-von-solar-depot-in-sprinkange\/\">\n\n                        <div class=\"object\">\n                                                            <div class=\"bg\"\n                                     style=\"background-image:url(https:\/\/www.solar-depot.lu\/wp-content\/uploads\/2026\/01\/map-400x380.png)!important; background-size: cover !important;\"><\/div>\n                            \n                                                    <\/div>\n\n                        <div class=\"inner\">\n                                                            <div class=\"date\">ver\u00f6ffentlicht am 15\/01\/2026<\/div>\n                                                                                    <h2 class=\"titre\">Umzug von Solar Depot: Neue Adresse in Sprinkange<\/h2>\n                            <div class=\"resume\">\n                                Solar Depot, Ihr spezialisierter Fachgro\u00dfh\u00e4ndler f\u00fcr Solarl\u00f6sungen, zieht um. Um das Wachstum der Fachbetriebe in der Branche bestm\u00f6glich zu unterst\u00fctzen,<span class=\"min-text\">...<\/span>                            <\/div>\n                        <\/div>\n\n                                                    <div class=\"categories\">\n                                <span>Veranstaltung<\/span>\n                            <\/div>\n                        \n                    <\/article>\n                <\/div>\n\n            \n                <div class=\"col-12 col-sm-6 col-md-4\">\n                    <article class=\"item flexit-clickable-element \" data-goto-url=\"https:\/\/www.solar-depot.lu\/de\/actualites\/photovoltaik-foerderungen-2026-in-luxemburg-der-leitfaden-zum-drittzahler-system-fuer-installateure\/\">\n\n                        <div class=\"object\">\n                                                            <div class=\"bg\"\n                                     style=\"background-image:url(https:\/\/www.solar-depot.lu\/wp-content\/uploads\/2026\/01\/Aide-Klimabonus-20261-400x400.jpg)!important; background-size: cover !important;\"><\/div>\n                            \n                                                    <\/div>\n\n                        <div class=\"inner\">\n                                                            <div class=\"date\">ver\u00f6ffentlicht am 30\/01\/2026<\/div>\n                                                                                    <h2 class=\"titre\">Photovoltaik-F\u00f6rderungen 2026 in Luxemburg: Der Leitfaden zum Drittzahler-System f\u00fcr Installateure<\/h2>\n                            <div class=\"resume\">\n                                Im Jahr 2026 entwickelt sich die Solarlandschaft im Gro\u00dfherzogtum deutlich weiter. F\u00fcr jeden Installateur von Solarmodulen ist es entscheidend, den<span class=\"min-text\">...<\/span>                            <\/div>\n                        <\/div>\n\n                                                    <div class=\"categories\">\n                                <span>Veranstaltung<\/span>\n                            <\/div>\n                        \n                    <\/article>\n                <\/div>\n\n            \n                <div class=\"col-12 col-sm-6 col-md-4\">\n                    <article class=\"item flexit-clickable-element \" data-goto-url=\"https:\/\/www.solar-depot.lu\/de\/actualites\/treffen-sie-solar-depot-auf-der-solar-solutions-duesseldorf-2023\/\">\n\n                        <div class=\"object\">\n                                                            <div class=\"bg\"\n                                     style=\"background-image:url(https:\/\/www.solar-depot.lu\/wp-content\/uploads\/2023\/09\/TvT20221130-086-400x400.jpg)!important; background-size: cover !important;\"><\/div>\n                            \n                                                    <\/div>\n\n                        <div class=\"inner\">\n                                                            <div class=\"date\">ver\u00f6ffentlicht am 08\/09\/2023<\/div>\n                                                                                    <h2 class=\"titre\">Treffen Sie SOLAR DEPOT auf der Solar Solutions D\u00fcsseldorf 2023<\/h2>\n                            <div class=\"resume\">\n                                Von Mittwoch, dem 29. November, bis Donnerstag, dem 30. November 2023, wird SOLAR DEPOT an der Solar Solutions D\u00fcsseldorf in<span class=\"min-text\">...<\/span>                            <\/div>\n                        <\/div>\n\n                                                    <div class=\"categories\">\n                                <span>Veranstaltung<\/span>\n                            <\/div>\n                        \n                    <\/article>\n                <\/div>\n\n            \n        <\/div>\n    <\/div>\n\n\n<\/div>","protected":false},"excerpt":{"rendered":"","protected":false},"author":1,"featured_media":0,"parent":0,"menu_order":5,"comment_status":"closed","ping_status":"closed","template":"","meta":{"editor_plus_copied_stylings":"{}","footnotes":""},"class_list":["post-500","page","type-page","status-publish","hentry"],"acf":[],"yoast_head":"<!-- This site is optimized with the Yoast SEO Premium plugin v22.0 (Yoast SEO v27.4) - https:\/\/yoast.com\/product\/yoast-seo-premium-wordpress\/ -->\n<title>Neuigkeiten und Veranstaltungen - SOLAR DEPOT<\/title>\n<meta name=\"robots\" content=\"index, follow, max-snippet:-1, max-image-preview:large, max-video-preview:-1\" \/>\n<link rel=\"canonical\" href=\"https:\/\/www.solar-depot.lu\/de\/neuigkeiten-und-veranstaltungen\/\" \/>\n<meta property=\"og:locale\" content=\"de_DE\" \/>\n<meta property=\"og:type\" content=\"article\" \/>\n<meta property=\"og:title\" content=\"Neuigkeiten und Veranstaltungen\" \/>\n<meta property=\"og:url\" content=\"https:\/\/www.solar-depot.lu\/de\/neuigkeiten-und-veranstaltungen\/\" \/>\n<meta property=\"og:site_name\" content=\"SOLAR DEPOT\" \/>\n<meta property=\"article:modified_time\" content=\"2023-05-22T12:30:43+00:00\" \/>\n<meta name=\"twitter:card\" content=\"summary_large_image\" \/>\n<script type=\"application\/ld+json\" class=\"yoast-schema-graph\">{\"@context\":\"https:\\\/\\\/schema.org\",\"@graph\":[{\"@type\":\"WebPage\",\"@id\":\"https:\\\/\\\/www.solar-depot.lu\\\/de\\\/neuigkeiten-und-veranstaltungen\\\/\",\"url\":\"https:\\\/\\\/www.solar-depot.lu\\\/de\\\/neuigkeiten-und-veranstaltungen\\\/\",\"name\":\"Neuigkeiten und Veranstaltungen - SOLAR DEPOT\",\"isPartOf\":{\"@id\":\"https:\\\/\\\/www.solar-depot.lu\\\/de\\\/#website\"},\"datePublished\":\"2023-04-04T10:19:09+00:00\",\"dateModified\":\"2023-05-22T12:30:43+00:00\",\"breadcrumb\":{\"@id\":\"https:\\\/\\\/www.solar-depot.lu\\\/de\\\/neuigkeiten-und-veranstaltungen\\\/#breadcrumb\"},\"inLanguage\":\"de\",\"potentialAction\":[{\"@type\":\"ReadAction\",\"target\":[\"https:\\\/\\\/www.solar-depot.lu\\\/de\\\/neuigkeiten-und-veranstaltungen\\\/\"]}]},{\"@type\":\"BreadcrumbList\",\"@id\":\"https:\\\/\\\/www.solar-depot.lu\\\/de\\\/neuigkeiten-und-veranstaltungen\\\/#breadcrumb\",\"itemListElement\":[{\"@type\":\"ListItem\",\"position\":1,\"name\":\"Startseite\",\"item\":\"https:\\\/\\\/www.solar-depot.lu\\\/de\\\/\"},{\"@type\":\"ListItem\",\"position\":2,\"name\":\"Neuigkeiten und Veranstaltungen\"}]},{\"@type\":\"WebSite\",\"@id\":\"https:\\\/\\\/www.solar-depot.lu\\\/de\\\/#website\",\"url\":\"https:\\\/\\\/www.solar-depot.lu\\\/de\\\/\",\"name\":\"SOLAR DEPOT\",\"description\":\"Solar Depot, l&#039;\u00e9nergie solaire \u00e0 emporter chez vous !\",\"publisher\":{\"@id\":\"https:\\\/\\\/www.solar-depot.lu\\\/de\\\/#organization\"},\"potentialAction\":[{\"@type\":\"SearchAction\",\"target\":{\"@type\":\"EntryPoint\",\"urlTemplate\":\"https:\\\/\\\/www.solar-depot.lu\\\/de\\\/?s={search_term_string}\"},\"query-input\":{\"@type\":\"PropertyValueSpecification\",\"valueRequired\":true,\"valueName\":\"search_term_string\"}}],\"inLanguage\":\"de\"},{\"@type\":\"Organization\",\"@id\":\"https:\\\/\\\/www.solar-depot.lu\\\/de\\\/#organization\",\"name\":\"SOLAR DEPOT\",\"url\":\"https:\\\/\\\/www.solar-depot.lu\\\/de\\\/\",\"logo\":{\"@type\":\"ImageObject\",\"inLanguage\":\"de\",\"@id\":\"https:\\\/\\\/www.solar-depot.lu\\\/de\\\/#\\\/schema\\\/logo\\\/image\\\/\",\"url\":\"https:\\\/\\\/www.solar-depot.lu\\\/wp-content\\\/uploads\\\/2023\\\/08\\\/ege-depot-sans-fond.png\",\"contentUrl\":\"https:\\\/\\\/www.solar-depot.lu\\\/wp-content\\\/uploads\\\/2023\\\/08\\\/ege-depot-sans-fond.png\",\"width\":1696,\"height\":536,\"caption\":\"SOLAR DEPOT\"},\"image\":{\"@id\":\"https:\\\/\\\/www.solar-depot.lu\\\/de\\\/#\\\/schema\\\/logo\\\/image\\\/\"}}]}<\/script>\n<!-- \/ Yoast SEO Premium plugin. -->","yoast_head_json":{"title":"Neuigkeiten und Veranstaltungen - SOLAR DEPOT","robots":{"index":"index","follow":"follow","max-snippet":"max-snippet:-1","max-image-preview":"max-image-preview:large","max-video-preview":"max-video-preview:-1"},"canonical":"https:\/\/www.solar-depot.lu\/de\/neuigkeiten-und-veranstaltungen\/","og_locale":"de_DE","og_type":"article","og_title":"Neuigkeiten und Veranstaltungen","og_url":"https:\/\/www.solar-depot.lu\/de\/neuigkeiten-und-veranstaltungen\/","og_site_name":"SOLAR DEPOT","article_modified_time":"2023-05-22T12:30:43+00:00","twitter_card":"summary_large_image","schema":{"@context":"https:\/\/schema.org","@graph":[{"@type":"WebPage","@id":"https:\/\/www.solar-depot.lu\/de\/neuigkeiten-und-veranstaltungen\/","url":"https:\/\/www.solar-depot.lu\/de\/neuigkeiten-und-veranstaltungen\/","name":"Neuigkeiten und Veranstaltungen - SOLAR DEPOT","isPartOf":{"@id":"https:\/\/www.solar-depot.lu\/de\/#website"},"datePublished":"2023-04-04T10:19:09+00:00","dateModified":"2023-05-22T12:30:43+00:00","breadcrumb":{"@id":"https:\/\/www.solar-depot.lu\/de\/neuigkeiten-und-veranstaltungen\/#breadcrumb"},"inLanguage":"de","potentialAction":[{"@type":"ReadAction","target":["https:\/\/www.solar-depot.lu\/de\/neuigkeiten-und-veranstaltungen\/"]}]},{"@type":"BreadcrumbList","@id":"https:\/\/www.solar-depot.lu\/de\/neuigkeiten-und-veranstaltungen\/#breadcrumb","itemListElement":[{"@type":"ListItem","position":1,"name":"Startseite","item":"https:\/\/www.solar-depot.lu\/de\/"},{"@type":"ListItem","position":2,"name":"Neuigkeiten und Veranstaltungen"}]},{"@type":"WebSite","@id":"https:\/\/www.solar-depot.lu\/de\/#website","url":"https:\/\/www.solar-depot.lu\/de\/","name":"SOLAR DEPOT","description":"Solar Depot, l&#039;\u00e9nergie solaire \u00e0 emporter chez vous !","publisher":{"@id":"https:\/\/www.solar-depot.lu\/de\/#organization"},"potentialAction":[{"@type":"SearchAction","target":{"@type":"EntryPoint","urlTemplate":"https:\/\/www.solar-depot.lu\/de\/?s={search_term_string}"},"query-input":{"@type":"PropertyValueSpecification","valueRequired":true,"valueName":"search_term_string"}}],"inLanguage":"de"},{"@type":"Organization","@id":"https:\/\/www.solar-depot.lu\/de\/#organization","name":"SOLAR DEPOT","url":"https:\/\/www.solar-depot.lu\/de\/","logo":{"@type":"ImageObject","inLanguage":"de","@id":"https:\/\/www.solar-depot.lu\/de\/#\/schema\/logo\/image\/","url":"https:\/\/www.solar-depot.lu\/wp-content\/uploads\/2023\/08\/ege-depot-sans-fond.png","contentUrl":"https:\/\/www.solar-depot.lu\/wp-content\/uploads\/2023\/08\/ege-depot-sans-fond.png","width":1696,"height":536,"caption":"SOLAR DEPOT"},"image":{"@id":"https:\/\/www.solar-depot.lu\/de\/#\/schema\/logo\/image\/"}}]}},"_links":{"self":[{"href":"https:\/\/www.solar-depot.lu\/de\/wp-json\/wp\/v2\/pages\/500","targetHints":{"allow":["GET"]}}],"collection":[{"href":"https:\/\/www.solar-depot.lu\/de\/wp-json\/wp\/v2\/pages"}],"about":[{"href":"https:\/\/www.solar-depot.lu\/de\/wp-json\/wp\/v2\/types\/page"}],"author":[{"embeddable":true,"href":"https:\/\/www.solar-depot.lu\/de\/wp-json\/wp\/v2\/users\/1"}],"replies":[{"embeddable":true,"href":"https:\/\/www.solar-depot.lu\/de\/wp-json\/wp\/v2\/comments?post=500"}],"version-history":[{"count":5,"href":"https:\/\/www.solar-depot.lu\/de\/wp-json\/wp\/v2\/pages\/500\/revisions"}],"predecessor-version":[{"id":1883,"href":"https:\/\/www.solar-depot.lu\/de\/wp-json\/wp\/v2\/pages\/500\/revisions\/1883"}],"wp:attachment":[{"href":"https:\/\/www.solar-depot.lu\/de\/wp-json\/wp\/v2\/media?parent=500"}],"curies":[{"name":"wp","href":"https:\/\/api.w.org\/{rel}","templated":true}]}}