{"id":8503,"date":"2026-02-19T09:40:26","date_gmt":"2026-02-19T08:40:26","guid":{"rendered":"https:\/\/www.solar-depot.lu\/tcl-sonnenkollektoren\/"},"modified":"2026-02-20T17:52:00","modified_gmt":"2026-02-20T16:52:00","slug":"tcl-solarmodule","status":"publish","type":"page","link":"https:\/\/www.solar-depot.lu\/de\/tcl-solarmodule\/","title":{"rendered":"TCL Solarmodule"},"content":{"rendered":"\n<h2 class=\" wp-block-heading eplus-wrapper\" id=\"h-\"><\/h2>\n\n\n\n<p class=\" eplus-wrapper\"><strong>TCL Solarmodule<\/strong> profitieren von der Expertise eines der weltweit f\u00fchrenden Konzerne auf dem Photovoltaik-Markt. Sie setzen auf modernste TOPCon-Technologie sowie eine bifaziale Zellarchitektur, die eine zus\u00e4tzliche Energieerzeugung \u00fcber die Modulr\u00fcckseite erm\u00f6glicht. TCL ist zudem Vorreiter bei Full Black Modulen, die durch eine schlichte, komplett schwarze \u00c4sthetik bestechen. Dank ihres edlen Designs f\u00fcgen sie sich harmonisch in jede Dacharchitektur ein.Die wirtschaftliche St\u00e4rke der TCL-Gruppe bietet zudem ein hohes Ma\u00df an Sicherheit f\u00fcr den Kundendienst und gew\u00e4hrleistet eine zuverl\u00e4ssige Garantieabdeckung \u00fcber mehrere Jahrzehnte hinweg.<\/p>\n\n\n\n<p class=\" eplus-wrapper\"><\/p>\n\n\n\n<p class=\" eplus-wrapper\"><\/p>\n","protected":false},"excerpt":{"rendered":"<p>TCL Solarmodule profitieren von der Expertise eines der weltweit f\u00fchrenden Konzerne auf dem Photovoltaik-Markt. Sie setzen auf modernste TOPCon-Technologie sowie eine bifaziale Zellarchitektur, die eine zus\u00e4tzliche Energieerzeugung \u00fcber die Modulr\u00fcckseite erm\u00f6glicht. TCL ist zudem Vorreiter bei Full Black Modulen, die durch eine schlichte, komplett schwarze \u00c4sthetik bestechen. Dank ihres edlen Designs f\u00fcgen sie sich harmonisch [&hellip;]<\/p>\n","protected":false},"author":4,"featured_media":0,"parent":0,"menu_order":7,"comment_status":"closed","ping_status":"closed","template":"","meta":{"editor_plus_copied_stylings":"{}","footnotes":""},"class_list":["post-8503","page","type-page","status-publish","hentry"],"acf":[],"yoast_head":"<!-- This site is optimized with the Yoast SEO Premium plugin v22.0 (Yoast SEO v27.3) - https:\/\/yoast.com\/product\/yoast-seo-premium-wordpress\/ -->\n<title>TCL Solarmodule - SOLAR DEPOT<\/title>\n<meta name=\"description\" content=\"Entdecken Sie die TCL-Solarmodule: bifaziale TOPCon-Technologie f\u00fcr maximalen Ertrag und elegantes Full Black Design. Garantierte Leistung \u00fcber Jahrzehnte.\" \/>\n<meta name=\"robots\" content=\"index, follow, max-snippet:-1, max-image-preview:large, max-video-preview:-1\" \/>\n<link rel=\"canonical\" href=\"https:\/\/www.solar-depot.lu\/de\/tcl-solarmodule\/\" \/>\n<meta property=\"og:locale\" content=\"de_DE\" \/>\n<meta property=\"og:type\" content=\"article\" \/>\n<meta property=\"og:title\" content=\"TCL Solarmodule\" \/>\n<meta property=\"og:description\" content=\"Entdecken Sie die TCL-Solarmodule: bifaziale TOPCon-Technologie f\u00fcr maximalen Ertrag und elegantes Full Black Design. Garantierte Leistung \u00fcber Jahrzehnte.\" \/>\n<meta property=\"og:url\" content=\"https:\/\/www.solar-depot.lu\/de\/tcl-solarmodule\/\" \/>\n<meta property=\"og:site_name\" content=\"SOLAR DEPOT\" \/>\n<meta property=\"article:modified_time\" content=\"2026-02-20T16:52:00+00:00\" \/>\n<meta name=\"twitter:card\" content=\"summary_large_image\" \/>\n<meta name=\"twitter:label1\" content=\"Gesch\u00e4tzte Lesezeit\" \/>\n\t<meta name=\"twitter:data1\" content=\"1\u00a0Minute\" \/>\n<script type=\"application\/ld+json\" class=\"yoast-schema-graph\">{\"@context\":\"https:\\\/\\\/schema.org\",\"@graph\":[{\"@type\":\"WebPage\",\"@id\":\"https:\\\/\\\/www.solar-depot.lu\\\/de\\\/tcl-solarmodule\\\/\",\"url\":\"https:\\\/\\\/www.solar-depot.lu\\\/de\\\/tcl-solarmodule\\\/\",\"name\":\"TCL Solarmodule - SOLAR DEPOT\",\"isPartOf\":{\"@id\":\"https:\\\/\\\/www.solar-depot.lu\\\/de\\\/#website\"},\"datePublished\":\"2026-02-19T08:40:26+00:00\",\"dateModified\":\"2026-02-20T16:52:00+00:00\",\"description\":\"Entdecken Sie die TCL-Solarmodule: bifaziale TOPCon-Technologie f\u00fcr maximalen Ertrag und elegantes Full Black Design. Garantierte Leistung \u00fcber Jahrzehnte.\",\"breadcrumb\":{\"@id\":\"https:\\\/\\\/www.solar-depot.lu\\\/de\\\/tcl-solarmodule\\\/#breadcrumb\"},\"inLanguage\":\"de\",\"potentialAction\":[{\"@type\":\"ReadAction\",\"target\":[\"https:\\\/\\\/www.solar-depot.lu\\\/de\\\/tcl-solarmodule\\\/\"]}]},{\"@type\":\"BreadcrumbList\",\"@id\":\"https:\\\/\\\/www.solar-depot.lu\\\/de\\\/tcl-solarmodule\\\/#breadcrumb\",\"itemListElement\":[{\"@type\":\"ListItem\",\"position\":1,\"name\":\"Startseite\",\"item\":\"https:\\\/\\\/www.solar-depot.lu\\\/de\\\/\"},{\"@type\":\"ListItem\",\"position\":2,\"name\":\"TCL Solarmodule\"}]},{\"@type\":\"WebSite\",\"@id\":\"https:\\\/\\\/www.solar-depot.lu\\\/de\\\/#website\",\"url\":\"https:\\\/\\\/www.solar-depot.lu\\\/de\\\/\",\"name\":\"SOLAR DEPOT\",\"description\":\"Solar Depot, l&#039;\u00e9nergie solaire \u00e0 emporter chez vous !\",\"publisher\":{\"@id\":\"https:\\\/\\\/www.solar-depot.lu\\\/de\\\/#organization\"},\"potentialAction\":[{\"@type\":\"SearchAction\",\"target\":{\"@type\":\"EntryPoint\",\"urlTemplate\":\"https:\\\/\\\/www.solar-depot.lu\\\/de\\\/?s={search_term_string}\"},\"query-input\":{\"@type\":\"PropertyValueSpecification\",\"valueRequired\":true,\"valueName\":\"search_term_string\"}}],\"inLanguage\":\"de\"},{\"@type\":\"Organization\",\"@id\":\"https:\\\/\\\/www.solar-depot.lu\\\/de\\\/#organization\",\"name\":\"SOLAR DEPOT\",\"url\":\"https:\\\/\\\/www.solar-depot.lu\\\/de\\\/\",\"logo\":{\"@type\":\"ImageObject\",\"inLanguage\":\"de\",\"@id\":\"https:\\\/\\\/www.solar-depot.lu\\\/de\\\/#\\\/schema\\\/logo\\\/image\\\/\",\"url\":\"https:\\\/\\\/www.solar-depot.lu\\\/wp-content\\\/uploads\\\/2023\\\/08\\\/ege-depot-sans-fond.png\",\"contentUrl\":\"https:\\\/\\\/www.solar-depot.lu\\\/wp-content\\\/uploads\\\/2023\\\/08\\\/ege-depot-sans-fond.png\",\"width\":1696,\"height\":536,\"caption\":\"SOLAR DEPOT\"},\"image\":{\"@id\":\"https:\\\/\\\/www.solar-depot.lu\\\/de\\\/#\\\/schema\\\/logo\\\/image\\\/\"}}]}<\/script>\n<!-- \/ Yoast SEO Premium plugin. -->","yoast_head_json":{"title":"TCL Solarmodule - SOLAR DEPOT","description":"Entdecken Sie die TCL-Solarmodule: bifaziale TOPCon-Technologie f\u00fcr maximalen Ertrag und elegantes Full Black Design. Garantierte Leistung \u00fcber Jahrzehnte.","robots":{"index":"index","follow":"follow","max-snippet":"max-snippet:-1","max-image-preview":"max-image-preview:large","max-video-preview":"max-video-preview:-1"},"canonical":"https:\/\/www.solar-depot.lu\/de\/tcl-solarmodule\/","og_locale":"de_DE","og_type":"article","og_title":"TCL Solarmodule","og_description":"Entdecken Sie die TCL-Solarmodule: bifaziale TOPCon-Technologie f\u00fcr maximalen Ertrag und elegantes Full Black Design. Garantierte Leistung \u00fcber Jahrzehnte.","og_url":"https:\/\/www.solar-depot.lu\/de\/tcl-solarmodule\/","og_site_name":"SOLAR DEPOT","article_modified_time":"2026-02-20T16:52:00+00:00","twitter_card":"summary_large_image","twitter_misc":{"Gesch\u00e4tzte Lesezeit":"1\u00a0Minute"},"schema":{"@context":"https:\/\/schema.org","@graph":[{"@type":"WebPage","@id":"https:\/\/www.solar-depot.lu\/de\/tcl-solarmodule\/","url":"https:\/\/www.solar-depot.lu\/de\/tcl-solarmodule\/","name":"TCL Solarmodule - SOLAR DEPOT","isPartOf":{"@id":"https:\/\/www.solar-depot.lu\/de\/#website"},"datePublished":"2026-02-19T08:40:26+00:00","dateModified":"2026-02-20T16:52:00+00:00","description":"Entdecken Sie die TCL-Solarmodule: bifaziale TOPCon-Technologie f\u00fcr maximalen Ertrag und elegantes Full Black Design. Garantierte Leistung \u00fcber Jahrzehnte.","breadcrumb":{"@id":"https:\/\/www.solar-depot.lu\/de\/tcl-solarmodule\/#breadcrumb"},"inLanguage":"de","potentialAction":[{"@type":"ReadAction","target":["https:\/\/www.solar-depot.lu\/de\/tcl-solarmodule\/"]}]},{"@type":"BreadcrumbList","@id":"https:\/\/www.solar-depot.lu\/de\/tcl-solarmodule\/#breadcrumb","itemListElement":[{"@type":"ListItem","position":1,"name":"Startseite","item":"https:\/\/www.solar-depot.lu\/de\/"},{"@type":"ListItem","position":2,"name":"TCL Solarmodule"}]},{"@type":"WebSite","@id":"https:\/\/www.solar-depot.lu\/de\/#website","url":"https:\/\/www.solar-depot.lu\/de\/","name":"SOLAR DEPOT","description":"Solar Depot, l&#039;\u00e9nergie solaire \u00e0 emporter chez vous !","publisher":{"@id":"https:\/\/www.solar-depot.lu\/de\/#organization"},"potentialAction":[{"@type":"SearchAction","target":{"@type":"EntryPoint","urlTemplate":"https:\/\/www.solar-depot.lu\/de\/?s={search_term_string}"},"query-input":{"@type":"PropertyValueSpecification","valueRequired":true,"valueName":"search_term_string"}}],"inLanguage":"de"},{"@type":"Organization","@id":"https:\/\/www.solar-depot.lu\/de\/#organization","name":"SOLAR DEPOT","url":"https:\/\/www.solar-depot.lu\/de\/","logo":{"@type":"ImageObject","inLanguage":"de","@id":"https:\/\/www.solar-depot.lu\/de\/#\/schema\/logo\/image\/","url":"https:\/\/www.solar-depot.lu\/wp-content\/uploads\/2023\/08\/ege-depot-sans-fond.png","contentUrl":"https:\/\/www.solar-depot.lu\/wp-content\/uploads\/2023\/08\/ege-depot-sans-fond.png","width":1696,"height":536,"caption":"SOLAR DEPOT"},"image":{"@id":"https:\/\/www.solar-depot.lu\/de\/#\/schema\/logo\/image\/"}}]}},"_links":{"self":[{"href":"https:\/\/www.solar-depot.lu\/de\/wp-json\/wp\/v2\/pages\/8503","targetHints":{"allow":["GET"]}}],"collection":[{"href":"https:\/\/www.solar-depot.lu\/de\/wp-json\/wp\/v2\/pages"}],"about":[{"href":"https:\/\/www.solar-depot.lu\/de\/wp-json\/wp\/v2\/types\/page"}],"author":[{"embeddable":true,"href":"https:\/\/www.solar-depot.lu\/de\/wp-json\/wp\/v2\/users\/4"}],"replies":[{"embeddable":true,"href":"https:\/\/www.solar-depot.lu\/de\/wp-json\/wp\/v2\/comments?post=8503"}],"version-history":[{"count":5,"href":"https:\/\/www.solar-depot.lu\/de\/wp-json\/wp\/v2\/pages\/8503\/revisions"}],"predecessor-version":[{"id":8511,"href":"https:\/\/www.solar-depot.lu\/de\/wp-json\/wp\/v2\/pages\/8503\/revisions\/8511"}],"wp:attachment":[{"href":"https:\/\/www.solar-depot.lu\/de\/wp-json\/wp\/v2\/media?parent=8503"}],"curies":[{"name":"wp","href":"https:\/\/api.w.org\/{rel}","templated":true}]}}