{"id":8517,"date":"2026-02-23T09:54:37","date_gmt":"2026-02-23T08:54:37","guid":{"rendered":"https:\/\/www.solar-depot.lu\/?page_id=8517"},"modified":"2026-02-23T10:49:47","modified_gmt":"2026-02-23T09:49:47","slug":"foerderungen-und-praemien-fuer-energetische-sanierungen-in-luxemburg","status":"publish","type":"page","link":"https:\/\/www.solar-depot.lu\/de\/foerderungen-und-praemien-fuer-energetische-sanierungen-in-luxemburg\/","title":{"rendered":"F\u00f6rderungen und Pr\u00e4mien f\u00fcr energetische Sanierungen in Luxemburg"},"content":{"rendered":"\n<h2 class=\" wp-block-heading eplus-wrapper\" id=\"h-ein-attraktiver-rahmen-fur-nachhaltigeres-wohnen\">Ein attraktiver Rahmen f\u00fcr nachhaltigeres Wohnen<\/h2>\n\n\n\n<p class=\" eplus-wrapper\">Ob die Installation von Photovoltaikanlagen, die Dachd\u00e4mmung, der Einbau einer W\u00e4rmepumpe oder einer Ladestation f\u00fcr Elektrofahrzeuge \u2013 Luxemburg bietet vielf\u00e4ltige Unterst\u00fctzung f\u00fcr Investitionen in nachhaltigen Wohnraum. Durch Programme wie den Klimabonus, die Enoprimes oder auch kommunale Beihilfen hat die Regierung ein breites Spektrum an gezielten Finanzhilfen geschaffen.<\/p>\n\n\n\n<p class=\" eplus-wrapper\">Ganz gleich, ob Sie Ihre Energieeffizienz verbessern oder auf eine gr\u00fcnere Mobilit\u00e4t umsteigen m\u00f6chten: Der aktuelle gesetzliche Rahmen bietet attraktive Subventionen. Diese Ma\u00dfnahmen zielen darauf ab, Ihre Anfangsinvestitionen deutlich zu senken und gleichzeitig langfristige Einsparungen bei Ihren Energiekosten zu garantieren.<\/p>\n\n\n\n<hr class=\" wp-block-separator has-alpha-channel-opacity eplus-wrapper\"\/>\n\n\n\n<div class=\" wp-block-media-text is-stacked-on-mobile is-vertically-aligned-top eplus-wrapper\" style=\"grid-template-columns:44% auto\"><figure class=\"wp-block-media-text__media\"><img loading=\"lazy\" decoding=\"async\" width=\"1024\" height=\"1024\" src=\"https:\/\/www.solar-depot.lu\/wp-content\/uploads\/2026\/02\/Aide-Klimabonus-2026.png\" alt=\"\" class=\"wp-image-8193 size-full\" srcset=\"https:\/\/www.solar-depot.lu\/wp-content\/uploads\/2026\/02\/Aide-Klimabonus-2026.png 1024w, https:\/\/www.solar-depot.lu\/wp-content\/uploads\/2026\/02\/Aide-Klimabonus-2026-300x300.png 300w, https:\/\/www.solar-depot.lu\/wp-content\/uploads\/2026\/02\/Aide-Klimabonus-2026-150x150.png 150w, https:\/\/www.solar-depot.lu\/wp-content\/uploads\/2026\/02\/Aide-Klimabonus-2026-768x768.png 768w, https:\/\/www.solar-depot.lu\/wp-content\/uploads\/2026\/02\/Aide-Klimabonus-2026-900x900.png 900w, https:\/\/www.solar-depot.lu\/wp-content\/uploads\/2026\/02\/Aide-Klimabonus-2026-400x400.png 400w, https:\/\/www.solar-depot.lu\/wp-content\/uploads\/2026\/02\/Aide-Klimabonus-2026-600x600.png 600w, https:\/\/www.solar-depot.lu\/wp-content\/uploads\/2026\/02\/Aide-Klimabonus-2026-200x200.png 200w, https:\/\/www.solar-depot.lu\/wp-content\/uploads\/2026\/02\/Aide-Klimabonus-2026-1000x1000.png 1000w, https:\/\/www.solar-depot.lu\/wp-content\/uploads\/2026\/02\/Aide-Klimabonus-2026-100x100.png 100w\" sizes=\"auto, (max-width: 1024px) 100vw, 1024px\" \/><\/figure><div class=\"wp-block-media-text__content\">\n<h2 class=\" wp-block-heading eplus-wrapper\" id=\"h-klimabonus-zuschusse-fur-solaranlagen-und-batterien\">Klimabonus-Zusch\u00fcsse f\u00fcr Solaranlagen und Batterien<\/h2>\n\n\n\n<p class=\" eplus-wrapper\">Der Umstieg auf den Eigenverbrauch war noch nie so attraktiv wie heute. \u00dcber das Klimabonus-Programm finanziert der luxemburgische Staat einen erheblichen Teil der Installation Ihrer Photovoltaikanlage. Diese F\u00f6rderungen k\u00f6nnen <strong>bis zu 50 % der Kosten<\/strong> f\u00fcr die Module und die Inbetriebnahme decken und ermutigen somit jeden Haushalt, selbst zum Erzeuger gr\u00fcner Energie zu werden. Es ist wichtig zu beachten, dass die Klimabonus-F\u00f6rderungen gedeckelt sind:<\/p>\n\n\n<ul class=\" wp-block-list eplus-wrapper eplus-styles-uid-02fe7e\">\n<li class=\" eplus-wrapper\">Max. 10.000 \u20ac f\u00fcr Photovoltaik-Module.<\/li>\n\n\n\n<li class=\" eplus-wrapper\">Max. 2.500 \u20ac f\u00fcr die Installation eines Batteriespeichers.<\/li>\n<\/ul>\n\n\n<p class=\" eplus-wrapper\">Erg\u00e4nzend zu diesen staatlichen Subventionen bieten viele luxemburgische Gemeinden zus\u00e4tzliche kommunale Pr\u00e4mien an. <br><br>Seit Januar 2026 ist die Option der Vorfinanzierung (Direktauszahlung an den Fachbetrieb) in Kraft getreten. Diese befreit Haushalte davon, die staatlichen F\u00f6rderbetr\u00e4ge vorstrecken zu m\u00fcssen; die R\u00fcckerstattung erfolgt stattdessen direkt an den Installateur. Um davon zu profitieren, m\u00fcssen Sie einen staatlich anerkannten Fachbetrieb w\u00e4hlen.<\/p>\n\n\n\n<p class=\" eplus-wrapper\">Hier finden Sie die <a href=\"https:\/\/guichet.public.lu\/de\/citoyens\/outils\/registre-installateurs.html\">Liste der Photovoltaik-Installateure, die f\u00fcr die Vorfinanzierung zugelassen sind<\/a>.<\/p>\n<\/div><\/div>\n\n\n\n<hr class=\" wp-block-separator has-alpha-channel-opacity eplus-wrapper\"\/>\n\n\n\n<h2 class=\" wp-block-heading eplus-wrapper\" id=\"h-dachdammung-bis-zu-106-m\u00b2-staatliche-forderung-in-luxemburg\"><strong>Dachd\u00e4mmung: Bis zu 106 \u20ac\/m\u00b2 staatliche F\u00f6rderung in Luxemburg<\/strong><\/h2>\n\n\n\n<p class=\" eplus-wrapper\">Dieser attraktive Zuschuss kann bis zu 75 % Ihrer Arbeitskosten abdecken. Es ist der ideale Zeitpunkt, um Ihre Immobilie aufzuwerten und den W\u00e4rmeschutz das ganze Jahr \u00fcber zu minimalen Kosten zu optimieren. Eine effiziente D\u00e4mmung bleibt die wichtigste Ma\u00dfnahme, um Ihre Energiekosten dauerhaft zu senken.<\/p>\n\n\n\n<p class=\" eplus-wrapper\">Durch den Einsatz von \u00f6kologischen D\u00e4mmstoffen (wie Hanf, Holzfaser oder Zellulose) profitieren Sie von einer au\u00dfergew\u00f6hnlichen staatlichen Unterst\u00fctzung von bis zu 106 \u20ac pro m\u00b2.<\/p>\n\n\n\n<p class=\" eplus-wrapper\"><\/p>\n\n\n\n<p class=\" eplus-wrapper\"><strong>Welcher \u00f6kologische D\u00e4mmstoff ist der richtige f\u00fcr Ihr Dach?<\/strong><\/p>\n\n\n<ul class=\" wp-block-list eplus-wrapper eplus-styles-uid-9a5376\">\n<li class=\" eplus-wrapper\">Holzfaser: Sie bietet eine exzellente thermische Tr\u00e4gheit (h\u00e4lt die Frische im Sommer) sowie einen sehr guten Schallschutz. Sie wird besonders f\u00fcr D\u00e4cher, Dachb\u00f6den und die Au\u00dfenwandd\u00e4mmung empfohlen.<\/li>\n\n\n\n<li class=\" eplus-wrapper\">Hanf: Dieser Baustoff ist von Natur aus f\u00e4ulnisbest\u00e4ndig und feuchtigkeitsregulierend. Zudem ist er sehr resistent gegen Nagetiere. Hanf eignet sich hervorragend f\u00fcr feuchte Umgebungen sowie f\u00fcr die D\u00e4mmung von W\u00e4nden und Dachschr\u00e4gen.<\/li>\n\n\n\n<li class=\" eplus-wrapper\">Zellulosewatte: Wirtschaftlich und leistungsstark. Als Einblasd\u00e4mmung schlie\u00dft sie W\u00e4rmebr\u00fccken l\u00fcckenlos. Dieses Material wird vor allem f\u00fcr die D\u00e4mmung der obersten Geschossdecke (nicht ausgebauter Dachboden) und Dachk\u00e4sten empfohlen.<\/li>\n<\/ul>\n\n\n<p class=\" eplus-wrapper\"><\/p>\n\n\n\n<hr class=\" wp-block-separator has-alpha-channel-opacity eplus-wrapper\"\/>\n\n\n\n<div class=\" wp-block-media-text is-stacked-on-mobile is-vertically-aligned-top eplus-wrapper\"><figure class=\"wp-block-media-text__media\"><img loading=\"lazy\" decoding=\"async\" width=\"806\" height=\"666\" src=\"https:\/\/www.solar-depot.lu\/wp-content\/uploads\/2026\/02\/borne-recharge.jpg\" alt=\"\" class=\"wp-image-8210 size-full\" srcset=\"https:\/\/www.solar-depot.lu\/wp-content\/uploads\/2026\/02\/borne-recharge.jpg 806w, https:\/\/www.solar-depot.lu\/wp-content\/uploads\/2026\/02\/borne-recharge-300x248.jpg 300w, https:\/\/www.solar-depot.lu\/wp-content\/uploads\/2026\/02\/borne-recharge-768x635.jpg 768w, https:\/\/www.solar-depot.lu\/wp-content\/uploads\/2026\/02\/borne-recharge-363x300.jpg 363w, https:\/\/www.solar-depot.lu\/wp-content\/uploads\/2026\/02\/borne-recharge-600x496.jpg 600w\" sizes=\"auto, (max-width: 806px) 100vw, 806px\" \/><\/figure><div class=\"wp-block-media-text__content\">\n<h2 class=\" wp-block-heading eplus-wrapper\" id=\"h-forderung-fur-die-installation-von-ladestationen-wallboxen-in-luxemburg\"><strong>F\u00f6rderung f\u00fcr die Installation von Ladestationen (Wallboxen) in Luxemburg<\/strong><\/h2>\n\n\n\n<p class=\" eplus-wrapper\">Das Gro\u00dfherzogtum hat die Elektromobilit\u00e4t ins Zentrum seiner Verkehrsstrategie gestellt. Um Privatpersonen bei diesem Umstieg zu unterst\u00fctzen, werden finanzielle Beihilfen f\u00fcr die Installation privater Ladestationen gew\u00e4hrt. Egal, ob Sie in einem Einfamilienhaus oder in einer Eigent\u00fcmergemeinschaft (Residenz) wohnen \u2013 diese Subventionen erleichtern die Ausstattung Ihres Parkplatzes f\u00fcr ein sicheres und schnelles Laden zu Hause. Diese Ma\u00dfnahmen sind entscheidend, um den Kauf eines Elektrofahrzeugs zu begleiten und einen optimalen Alltagskomfort zu gew\u00e4hrleisten.<\/p>\n\n\n\n<p class=\" eplus-wrapper\">Bitte beachten Sie, dass die Installation von Heimladestationen in Luxemburg auf 22 kW begrenzt ist.<\/p>\n\n\n\n<p class=\" eplus-wrapper\">Um Ihnen bei der Auswahl des passenden Modells zu helfen, stellt die Klima-Agence einen <a href=\"https:\/\/bornes.klima-agence.lu\/\">Vergleich von Ladestationen<\/a> zur Verf\u00fcgung, dessen Nutzung wir Ihnen dringend empfehlen. <\/p>\n<\/div><\/div>\n\n\n\n<hr class=\" wp-block-separator has-alpha-channel-opacity eplus-wrapper\"\/>\n\n\n\n<h2 class=\" wp-block-heading eplus-wrapper\" id=\"h-forderung-fur-die-installation-einer-warmepumpe-in-luxemburg\"><strong>F\u00f6rderung f\u00fcr die Installation einer W\u00e4rmepumpe in Luxemburg<\/strong><\/h2>\n\n\n\n<p class=\" eplus-wrapper\">Der Austausch eines Gas- oder \u00d6lkessels gegen eine W\u00e4rmepumpe (WP) ist eine Entscheidung, die sowohl \u00f6kologisch als auch \u00f6konomisch sinnvoll ist. Der Vorteil dieses Umstiegs liegt darin, dass Sie Ihre bestehenden wassergef\u00fchrten Heizkreise weiter nutzen k\u00f6nnen, wenn Sie sich f\u00fcr eine Luft-Wasser-W\u00e4rmepumpe entscheiden, die Ihre Heizk\u00f6rper speist.<\/p>\n\n\n\n<p class=\" eplus-wrapper\">Um diesen Austausch zu f\u00f6rdern, bietet Luxemburg ein besonders leistungsstarkes Finanzierungssystem an. Bei der Installation einer W\u00e4rmepumpe k\u00f6nnen Sie die staatlichen Beihilfen des Klimabonus-Programms mit den Enoprimes (Pr\u00e4mien der Energieversorger) kombinieren. Durch diese Kumulierung k\u00f6nnen teilweise mehr als 50 % der Kosten gedeckt werden, was den Eigenanteil f\u00fcr die Installation eines modernen, leisen und hocheffizienten Heizsystems erheblich reduziert.<\/p>\n\n\n\n<p class=\" eplus-wrapper\"><strong>Unser Tipp:<\/strong> Denken Sie bei der Installation einer W\u00e4rmepumpe auch an die Erg\u00e4nzung oder den Anschluss an Photovoltaikanlagen. Ein integriertes System aus <a href=\"https:\/\/www.solar-depot.lu\/de\/solarmodule\/\">Solarmodule <\/a>+ W\u00e4rmepumpe erm\u00f6glicht Ihnen enorme Energieeinsparungen, wobei der Verbrauch teilweise gegen Null geht, da Ihre W\u00e4rmepumpe direkt den von den Paneelen erzeugten Strom nutzt.<\/p>\n\n\n\n<p class=\" eplus-wrapper\"><strong>Solar Depot<\/strong> kann Sie an vertrauensw\u00fcrdige Installateure vermitteln, die Ihr gesamtes Projekt professionell umsetzen.<\/p>\n\n\n\n<hr class=\" wp-block-separator has-alpha-channel-opacity eplus-wrapper\"\/>\n\n\n\n<h2 class=\" wp-block-heading eplus-wrapper\" id=\"h-kommunale-forderungen-fur-photovoltaik-warmepumpen-und-energetische-sanierungen\"><strong>Kommunale F\u00f6rderungen f\u00fcr Photovoltaik, W\u00e4rmepumpen und energetische Sanierungen<\/strong><\/h2>\n\n\n\n<p class=\" eplus-wrapper\">Ein Gro\u00dfteil der luxemburgischen Gemeinden gew\u00e4hrt zus\u00e4tzliche Pr\u00e4mien f\u00fcr Photovoltaikanlagen, die Installation nachhaltiger Heizsysteme oder andere Investitionen in gr\u00fcne Energien. Diese kommunalen Beihilfen sind mit den staatlichen Subventionen kombinierbar. Denken Sie daher daran, sich bei Ihrer Gemeindeverwaltung \u00fcber die aktuell geltenden F\u00f6rderprogramme zu informieren.<\/p>\n\n\n\n<p class=\" eplus-wrapper\"><\/p>\n","protected":false},"excerpt":{"rendered":"<p>Ein attraktiver Rahmen f\u00fcr nachhaltigeres Wohnen Ob die Installation von Photovoltaikanlagen, die Dachd\u00e4mmung, der Einbau einer W\u00e4rmepumpe oder einer Ladestation f\u00fcr Elektrofahrzeuge \u2013 Luxemburg bietet vielf\u00e4ltige Unterst\u00fctzung f\u00fcr Investitionen in nachhaltigen Wohnraum. Durch Programme wie den Klimabonus, die Enoprimes oder auch kommunale Beihilfen hat die Regierung ein breites Spektrum an gezielten Finanzhilfen geschaffen. Ganz gleich, [&hellip;]<\/p>\n","protected":false},"author":4,"featured_media":0,"parent":0,"menu_order":0,"comment_status":"closed","ping_status":"closed","template":"","meta":{"editor_plus_copied_stylings":"{}","footnotes":""},"class_list":["post-8517","page","type-page","status-publish","hentry"],"acf":[],"yoast_head":"<!-- This site is optimized with the Yoast SEO Premium plugin v22.0 (Yoast SEO v27.3) - https:\/\/yoast.com\/product\/yoast-seo-premium-wordpress\/ -->\n<title>F\u00f6rderungen und Pr\u00e4mien f\u00fcr energetische Sanierungen in Luxemburg - SOLAR DEPOT<\/title>\n<meta name=\"description\" content=\"Zusammenfassung der luxemburgischen F\u00f6rderungen f\u00fcr Solaranlagen, nachhaltige Heizsysteme, Ladestationen und energetische Sanierungen.\" \/>\n<meta name=\"robots\" content=\"index, follow, max-snippet:-1, max-image-preview:large, max-video-preview:-1\" \/>\n<link rel=\"canonical\" href=\"https:\/\/www.solar-depot.lu\/de\/foerderungen-und-praemien-fuer-energetische-sanierungen-in-luxemburg\/\" \/>\n<meta property=\"og:locale\" content=\"de_DE\" \/>\n<meta property=\"og:type\" content=\"article\" \/>\n<meta property=\"og:title\" content=\"F\u00f6rderungen und Pr\u00e4mien f\u00fcr energetische Sanierungen in Luxemburg\" \/>\n<meta property=\"og:description\" content=\"Zusammenfassung der luxemburgischen F\u00f6rderungen f\u00fcr Solaranlagen, nachhaltige Heizsysteme, Ladestationen und energetische Sanierungen.\" \/>\n<meta property=\"og:url\" content=\"https:\/\/www.solar-depot.lu\/de\/foerderungen-und-praemien-fuer-energetische-sanierungen-in-luxemburg\/\" \/>\n<meta property=\"og:site_name\" content=\"SOLAR DEPOT\" \/>\n<meta property=\"article:modified_time\" content=\"2026-02-23T09:49:47+00:00\" \/>\n<meta property=\"og:image\" content=\"https:\/\/www.solar-depot.lu\/wp-content\/uploads\/2026\/02\/Aide-Klimabonus-2026.png\" \/>\n\t<meta property=\"og:image:width\" content=\"1024\" \/>\n\t<meta property=\"og:image:height\" content=\"1024\" \/>\n\t<meta property=\"og:image:type\" content=\"image\/png\" \/>\n<meta name=\"twitter:card\" content=\"summary_large_image\" \/>\n<meta name=\"twitter:label1\" content=\"Gesch\u00e4tzte Lesezeit\" \/>\n\t<meta name=\"twitter:data1\" content=\"4\u00a0Minuten\" \/>\n<script type=\"application\/ld+json\" class=\"yoast-schema-graph\">{\"@context\":\"https:\\\/\\\/schema.org\",\"@graph\":[{\"@type\":\"WebPage\",\"@id\":\"https:\\\/\\\/www.solar-depot.lu\\\/de\\\/foerderungen-und-praemien-fuer-energetische-sanierungen-in-luxemburg\\\/\",\"url\":\"https:\\\/\\\/www.solar-depot.lu\\\/de\\\/foerderungen-und-praemien-fuer-energetische-sanierungen-in-luxemburg\\\/\",\"name\":\"F\u00f6rderungen und Pr\u00e4mien f\u00fcr energetische Sanierungen in Luxemburg - SOLAR DEPOT\",\"isPartOf\":{\"@id\":\"https:\\\/\\\/www.solar-depot.lu\\\/de\\\/#website\"},\"primaryImageOfPage\":{\"@id\":\"https:\\\/\\\/www.solar-depot.lu\\\/de\\\/foerderungen-und-praemien-fuer-energetische-sanierungen-in-luxemburg\\\/#primaryimage\"},\"image\":{\"@id\":\"https:\\\/\\\/www.solar-depot.lu\\\/de\\\/foerderungen-und-praemien-fuer-energetische-sanierungen-in-luxemburg\\\/#primaryimage\"},\"thumbnailUrl\":\"https:\\\/\\\/www.solar-depot.lu\\\/wp-content\\\/uploads\\\/2026\\\/02\\\/Aide-Klimabonus-2026.png\",\"datePublished\":\"2026-02-23T08:54:37+00:00\",\"dateModified\":\"2026-02-23T09:49:47+00:00\",\"description\":\"Zusammenfassung der luxemburgischen F\u00f6rderungen f\u00fcr Solaranlagen, nachhaltige Heizsysteme, Ladestationen und energetische Sanierungen.\",\"breadcrumb\":{\"@id\":\"https:\\\/\\\/www.solar-depot.lu\\\/de\\\/foerderungen-und-praemien-fuer-energetische-sanierungen-in-luxemburg\\\/#breadcrumb\"},\"inLanguage\":\"de\",\"potentialAction\":[{\"@type\":\"ReadAction\",\"target\":[\"https:\\\/\\\/www.solar-depot.lu\\\/de\\\/foerderungen-und-praemien-fuer-energetische-sanierungen-in-luxemburg\\\/\"]}]},{\"@type\":\"ImageObject\",\"inLanguage\":\"de\",\"@id\":\"https:\\\/\\\/www.solar-depot.lu\\\/de\\\/foerderungen-und-praemien-fuer-energetische-sanierungen-in-luxemburg\\\/#primaryimage\",\"url\":\"https:\\\/\\\/www.solar-depot.lu\\\/wp-content\\\/uploads\\\/2026\\\/02\\\/Aide-Klimabonus-2026.png\",\"contentUrl\":\"https:\\\/\\\/www.solar-depot.lu\\\/wp-content\\\/uploads\\\/2026\\\/02\\\/Aide-Klimabonus-2026.png\"},{\"@type\":\"BreadcrumbList\",\"@id\":\"https:\\\/\\\/www.solar-depot.lu\\\/de\\\/foerderungen-und-praemien-fuer-energetische-sanierungen-in-luxemburg\\\/#breadcrumb\",\"itemListElement\":[{\"@type\":\"ListItem\",\"position\":1,\"name\":\"Startseite\",\"item\":\"https:\\\/\\\/www.solar-depot.lu\\\/de\\\/\"},{\"@type\":\"ListItem\",\"position\":2,\"name\":\"F\u00f6rderungen und Pr\u00e4mien f\u00fcr energetische Sanierungen in Luxemburg\"}]},{\"@type\":\"WebSite\",\"@id\":\"https:\\\/\\\/www.solar-depot.lu\\\/de\\\/#website\",\"url\":\"https:\\\/\\\/www.solar-depot.lu\\\/de\\\/\",\"name\":\"SOLAR DEPOT\",\"description\":\"Solar Depot, l&#039;\u00e9nergie solaire \u00e0 emporter chez vous !\",\"publisher\":{\"@id\":\"https:\\\/\\\/www.solar-depot.lu\\\/de\\\/#organization\"},\"potentialAction\":[{\"@type\":\"SearchAction\",\"target\":{\"@type\":\"EntryPoint\",\"urlTemplate\":\"https:\\\/\\\/www.solar-depot.lu\\\/de\\\/?s={search_term_string}\"},\"query-input\":{\"@type\":\"PropertyValueSpecification\",\"valueRequired\":true,\"valueName\":\"search_term_string\"}}],\"inLanguage\":\"de\"},{\"@type\":\"Organization\",\"@id\":\"https:\\\/\\\/www.solar-depot.lu\\\/de\\\/#organization\",\"name\":\"SOLAR DEPOT\",\"url\":\"https:\\\/\\\/www.solar-depot.lu\\\/de\\\/\",\"logo\":{\"@type\":\"ImageObject\",\"inLanguage\":\"de\",\"@id\":\"https:\\\/\\\/www.solar-depot.lu\\\/de\\\/#\\\/schema\\\/logo\\\/image\\\/\",\"url\":\"https:\\\/\\\/www.solar-depot.lu\\\/wp-content\\\/uploads\\\/2023\\\/08\\\/ege-depot-sans-fond.png\",\"contentUrl\":\"https:\\\/\\\/www.solar-depot.lu\\\/wp-content\\\/uploads\\\/2023\\\/08\\\/ege-depot-sans-fond.png\",\"width\":1696,\"height\":536,\"caption\":\"SOLAR DEPOT\"},\"image\":{\"@id\":\"https:\\\/\\\/www.solar-depot.lu\\\/de\\\/#\\\/schema\\\/logo\\\/image\\\/\"}}]}<\/script>\n<!-- \/ Yoast SEO Premium plugin. -->","yoast_head_json":{"title":"F\u00f6rderungen und Pr\u00e4mien f\u00fcr energetische Sanierungen in Luxemburg - SOLAR DEPOT","description":"Zusammenfassung der luxemburgischen F\u00f6rderungen f\u00fcr Solaranlagen, nachhaltige Heizsysteme, Ladestationen und energetische Sanierungen.","robots":{"index":"index","follow":"follow","max-snippet":"max-snippet:-1","max-image-preview":"max-image-preview:large","max-video-preview":"max-video-preview:-1"},"canonical":"https:\/\/www.solar-depot.lu\/de\/foerderungen-und-praemien-fuer-energetische-sanierungen-in-luxemburg\/","og_locale":"de_DE","og_type":"article","og_title":"F\u00f6rderungen und Pr\u00e4mien f\u00fcr energetische Sanierungen in Luxemburg","og_description":"Zusammenfassung der luxemburgischen F\u00f6rderungen f\u00fcr Solaranlagen, nachhaltige Heizsysteme, Ladestationen und energetische Sanierungen.","og_url":"https:\/\/www.solar-depot.lu\/de\/foerderungen-und-praemien-fuer-energetische-sanierungen-in-luxemburg\/","og_site_name":"SOLAR DEPOT","article_modified_time":"2026-02-23T09:49:47+00:00","og_image":[{"width":1024,"height":1024,"url":"https:\/\/www.solar-depot.lu\/wp-content\/uploads\/2026\/02\/Aide-Klimabonus-2026.png","type":"image\/png"}],"twitter_card":"summary_large_image","twitter_misc":{"Gesch\u00e4tzte Lesezeit":"4\u00a0Minuten"},"schema":{"@context":"https:\/\/schema.org","@graph":[{"@type":"WebPage","@id":"https:\/\/www.solar-depot.lu\/de\/foerderungen-und-praemien-fuer-energetische-sanierungen-in-luxemburg\/","url":"https:\/\/www.solar-depot.lu\/de\/foerderungen-und-praemien-fuer-energetische-sanierungen-in-luxemburg\/","name":"F\u00f6rderungen und Pr\u00e4mien f\u00fcr energetische Sanierungen in Luxemburg - SOLAR DEPOT","isPartOf":{"@id":"https:\/\/www.solar-depot.lu\/de\/#website"},"primaryImageOfPage":{"@id":"https:\/\/www.solar-depot.lu\/de\/foerderungen-und-praemien-fuer-energetische-sanierungen-in-luxemburg\/#primaryimage"},"image":{"@id":"https:\/\/www.solar-depot.lu\/de\/foerderungen-und-praemien-fuer-energetische-sanierungen-in-luxemburg\/#primaryimage"},"thumbnailUrl":"https:\/\/www.solar-depot.lu\/wp-content\/uploads\/2026\/02\/Aide-Klimabonus-2026.png","datePublished":"2026-02-23T08:54:37+00:00","dateModified":"2026-02-23T09:49:47+00:00","description":"Zusammenfassung der luxemburgischen F\u00f6rderungen f\u00fcr Solaranlagen, nachhaltige Heizsysteme, Ladestationen und energetische Sanierungen.","breadcrumb":{"@id":"https:\/\/www.solar-depot.lu\/de\/foerderungen-und-praemien-fuer-energetische-sanierungen-in-luxemburg\/#breadcrumb"},"inLanguage":"de","potentialAction":[{"@type":"ReadAction","target":["https:\/\/www.solar-depot.lu\/de\/foerderungen-und-praemien-fuer-energetische-sanierungen-in-luxemburg\/"]}]},{"@type":"ImageObject","inLanguage":"de","@id":"https:\/\/www.solar-depot.lu\/de\/foerderungen-und-praemien-fuer-energetische-sanierungen-in-luxemburg\/#primaryimage","url":"https:\/\/www.solar-depot.lu\/wp-content\/uploads\/2026\/02\/Aide-Klimabonus-2026.png","contentUrl":"https:\/\/www.solar-depot.lu\/wp-content\/uploads\/2026\/02\/Aide-Klimabonus-2026.png"},{"@type":"BreadcrumbList","@id":"https:\/\/www.solar-depot.lu\/de\/foerderungen-und-praemien-fuer-energetische-sanierungen-in-luxemburg\/#breadcrumb","itemListElement":[{"@type":"ListItem","position":1,"name":"Startseite","item":"https:\/\/www.solar-depot.lu\/de\/"},{"@type":"ListItem","position":2,"name":"F\u00f6rderungen und Pr\u00e4mien f\u00fcr energetische Sanierungen in Luxemburg"}]},{"@type":"WebSite","@id":"https:\/\/www.solar-depot.lu\/de\/#website","url":"https:\/\/www.solar-depot.lu\/de\/","name":"SOLAR DEPOT","description":"Solar Depot, l&#039;\u00e9nergie solaire \u00e0 emporter chez vous !","publisher":{"@id":"https:\/\/www.solar-depot.lu\/de\/#organization"},"potentialAction":[{"@type":"SearchAction","target":{"@type":"EntryPoint","urlTemplate":"https:\/\/www.solar-depot.lu\/de\/?s={search_term_string}"},"query-input":{"@type":"PropertyValueSpecification","valueRequired":true,"valueName":"search_term_string"}}],"inLanguage":"de"},{"@type":"Organization","@id":"https:\/\/www.solar-depot.lu\/de\/#organization","name":"SOLAR DEPOT","url":"https:\/\/www.solar-depot.lu\/de\/","logo":{"@type":"ImageObject","inLanguage":"de","@id":"https:\/\/www.solar-depot.lu\/de\/#\/schema\/logo\/image\/","url":"https:\/\/www.solar-depot.lu\/wp-content\/uploads\/2023\/08\/ege-depot-sans-fond.png","contentUrl":"https:\/\/www.solar-depot.lu\/wp-content\/uploads\/2023\/08\/ege-depot-sans-fond.png","width":1696,"height":536,"caption":"SOLAR DEPOT"},"image":{"@id":"https:\/\/www.solar-depot.lu\/de\/#\/schema\/logo\/image\/"}}]}},"_links":{"self":[{"href":"https:\/\/www.solar-depot.lu\/de\/wp-json\/wp\/v2\/pages\/8517","targetHints":{"allow":["GET"]}}],"collection":[{"href":"https:\/\/www.solar-depot.lu\/de\/wp-json\/wp\/v2\/pages"}],"about":[{"href":"https:\/\/www.solar-depot.lu\/de\/wp-json\/wp\/v2\/types\/page"}],"author":[{"embeddable":true,"href":"https:\/\/www.solar-depot.lu\/de\/wp-json\/wp\/v2\/users\/4"}],"replies":[{"embeddable":true,"href":"https:\/\/www.solar-depot.lu\/de\/wp-json\/wp\/v2\/comments?post=8517"}],"version-history":[{"count":16,"href":"https:\/\/www.solar-depot.lu\/de\/wp-json\/wp\/v2\/pages\/8517\/revisions"}],"predecessor-version":[{"id":8533,"href":"https:\/\/www.solar-depot.lu\/de\/wp-json\/wp\/v2\/pages\/8517\/revisions\/8533"}],"wp:attachment":[{"href":"https:\/\/www.solar-depot.lu\/de\/wp-json\/wp\/v2\/media?parent=8517"}],"curies":[{"name":"wp","href":"https:\/\/api.w.org\/{rel}","templated":true}]}}