{"id":8758,"date":"2026-03-04T15:18:07","date_gmt":"2026-03-04T14:18:07","guid":{"rendered":"https:\/\/www.solar-depot.lu\/solar-rechner\/"},"modified":"2026-03-06T11:09:32","modified_gmt":"2026-03-06T10:09:32","slug":"solar-rechner","status":"publish","type":"page","link":"https:\/\/www.solar-depot.lu\/de\/solar-rechner\/","title":{"rendered":"Solar-Rechner"},"content":{"rendered":"\n<h2 class=\" wp-block-heading eplus-wrapper\" id=\"h-schatzen-sie-ihre-rentabilitat-und-erhalten-sie-bis-zu-4-kostenvoranschlage-von-luxemburgischen-installateuren-mit-drittzahlerberechtigung\">Sch\u00e4tzen Sie Ihre Rentabilit\u00e4t und erhalten Sie bis zu 4 Kostenvoranschl\u00e4ge von luxemburgischen Installateuren mit Drittzahlerberechtigung.<\/h2>\n\n\n\n<div style=\"height:73px\" aria-hidden=\"true\" class=\" wp-block-spacer eplus-wrapper\"><\/div>\n\n\n<iframe id=\"iframe-eturnity-de\" src=\"https:\/\/solarrechner.eturnity.io\/solar_depot\/?lang=de-lu&#038;embedded=true&#038;offsettop=120\" frameborder=\"0\" style=\"width:1px; min-width:100%;\"><\/iframe>\n\n\n\n<hr class=\" wp-block-separator has-alpha-channel-opacity eplus-wrapper\"\/>\n\n\n\n<div style=\"height:38px\" aria-hidden=\"true\" class=\" wp-block-spacer eplus-wrapper\"><\/div>\n\n\n\n<h2 class=\" wp-block-heading eplus-wrapper\" id=\"h-wozu-dient-der-solarrechner-von-solar-depot\">Wozu dient der Solarrechner von SOLAR DEPOT?<\/h2>\n\n\n\n<p class=\" eplus-wrapper\"><\/p>\n\n\n<ul class=\" wp-block-list eplus-wrapper eplus-styles-uid-ec76c7\">\n<li class=\" eplus-wrapper\"><strong>Sch\u00e4tzung Ihres Solarpotenzials:<\/strong> Unter Ber\u00fccksichtigung der Dachfl\u00e4che, der Ausrichtung, des Verbrauchs und der Ausstattung des Hauses k\u00f6nnen Sie feststellen, welche Gr\u00f6\u00dfe der Anlage f\u00fcr Sie relevant ist. Wir bieten Ihnen auch eine erste Orientierung \u00fcber den Preis der Anlage und eine Sch\u00e4tzung der Investitionsrendite in Jahren. <\/li>\n\n\n\n<li class=\" eplus-wrapper\"><strong>Erhalten Sie bis zu 4 Angebote f\u00fcr die Ausf\u00fchrung der Arbeiten:<\/strong> Als Photovoltaikh\u00e4ndler \u00fcbermitteln wir Ihnen direkt 4 Angebote von zugelassenen Installateuren in Luxemburg. Die Fachleute, die Ihren Kostenvoranschlag erstellen werden, sind alle staatlich zugelassen und haben Anspruch auf Vorfinanzierung. <\/li>\n<\/ul>\n\n\n<hr class=\" wp-block-separator has-alpha-channel-opacity eplus-wrapper\"\/>\n\n\n\n<h2 class=\" wp-block-heading eplus-wrapper\" id=\"h-warum-sollten-sie-unseren-solarrechner-verwenden\">Warum sollten Sie unseren Solarrechner verwenden?<\/h2>\n\n\n\n<p class=\" eplus-wrapper\">Sie m\u00fcssen sich nicht mehr selbst mit verschiedenen Unternehmen in Verbindung setzen. Wir leiten Ihre Anfrage direkt an eine Reihe von Fachleuten weiter, die nach Ihren Bed\u00fcrfnissen ausgew\u00e4hlt werden. <\/p>\n\n\n\n<hr class=\" wp-block-separator has-alpha-channel-opacity eplus-wrapper\"\/>\n\n\n\n<h2 class=\" wp-block-heading eplus-wrapper\" id=\"h-ist-der-rechner-kostenlos\">Ist der Rechner kostenlos?<\/h2>\n\n\n\n<p class=\" eplus-wrapper\">Die Nutzung des Rechners ist f\u00fcr Sie mit keinerlei Kosten verbunden. Die Installateure bezahlen Solar Depot, indem sie die Komponenten (<a href=\"https:\/\/www.solar-depot.lu\/de\/solarmodule\/\">Solarmodule<\/a>, <a href=\"https:\/\/www.solar-depot.lu\/de\/batteries\/\">Speichersystemen<\/a>, usw) bei uns kaufen. F\u00fcr Sie bedeutet dies, dass Sie die besten Komponenten auf dem Markt und die neueste Technologie erhalten.<\/p>\n\n\n\n<hr class=\" wp-block-separator has-alpha-channel-opacity eplus-wrapper\"\/>\n\n\n\n<h2 class=\" wp-block-heading eplus-wrapper\" id=\"h-berucksichtigt-der-solarrechner-von-solar-depot-die-klimabonus-forderung\">Ber\u00fccksichtigt der Solarrechner von SOLAR DEPOT die Klimabonus-F\u00f6rderung?<\/h2>\n\n\n\n<p class=\" eplus-wrapper\">Ja, der Kostenvoranschlag ber\u00fccksichtigt die ab Januar 2026 geltenden staatlichen Beihilfen. M\u00f6gliche Zusch\u00fcsse Ihrer Gemeinde sind jedoch nicht ber\u00fccksichtigt.<br>Bitte beachten Sie, dass es sich bei Ihrer Kostensch\u00e4tzung um eine Sch\u00e4tzung handelt, die je nach den gew\u00e4hlten Komponenten und den Installationspreisen der einzelnen Handwerker variieren kann.<br> <br><\/p>\n\n\n\n<p class=\" eplus-wrapper\"><\/p>\n","protected":false},"excerpt":{"rendered":"<p>Sch\u00e4tzen Sie Ihre Rentabilit\u00e4t und erhalten Sie bis zu 4 Kostenvoranschl\u00e4ge von luxemburgischen Installateuren mit Drittzahlerberechtigung. Wozu dient der Solarrechner von SOLAR DEPOT? Warum sollten Sie unseren Solarrechner verwenden? Sie m\u00fcssen sich nicht mehr selbst mit verschiedenen Unternehmen in Verbindung setzen. Wir leiten Ihre Anfrage direkt an eine Reihe von Fachleuten weiter, die nach Ihren [&hellip;]<\/p>\n","protected":false},"author":4,"featured_media":0,"parent":0,"menu_order":0,"comment_status":"closed","ping_status":"closed","template":"","meta":{"editor_plus_copied_stylings":"{}","footnotes":""},"class_list":["post-8758","page","type-page","status-publish","hentry"],"acf":[],"yoast_head":"<!-- This site is optimized with the Yoast SEO Premium plugin v22.0 (Yoast SEO v27.4) - https:\/\/yoast.com\/product\/yoast-seo-premium-wordpress\/ -->\n<title>Solar-Rechner - SOLAR DEPOT<\/title>\n<meta name=\"description\" content=\"Sch\u00e4tzen Sie Ihre Rentabilit\u00e4t und erhalten Sie bis zu 4 Angebote von luxemburgischen Installateuren mit Drittzahlerberechtigung.\" \/>\n<meta name=\"robots\" content=\"index, follow, max-snippet:-1, max-image-preview:large, max-video-preview:-1\" \/>\n<link rel=\"canonical\" href=\"https:\/\/www.solar-depot.lu\/de\/solar-rechner\/\" \/>\n<meta property=\"og:locale\" content=\"de_DE\" \/>\n<meta property=\"og:type\" content=\"article\" \/>\n<meta property=\"og:title\" content=\"Solar-Rechner\" \/>\n<meta property=\"og:description\" content=\"Sch\u00e4tzen Sie Ihre Rentabilit\u00e4t und erhalten Sie bis zu 4 Angebote von luxemburgischen Installateuren mit Drittzahlerberechtigung.\" \/>\n<meta property=\"og:url\" content=\"https:\/\/www.solar-depot.lu\/de\/solar-rechner\/\" \/>\n<meta property=\"og:site_name\" content=\"SOLAR DEPOT\" \/>\n<meta property=\"article:modified_time\" content=\"2026-03-06T10:09:32+00:00\" \/>\n<meta name=\"twitter:card\" content=\"summary_large_image\" \/>\n<meta name=\"twitter:label1\" content=\"Gesch\u00e4tzte Lesezeit\" \/>\n\t<meta name=\"twitter:data1\" content=\"2\u00a0Minuten\" \/>\n<script type=\"application\/ld+json\" class=\"yoast-schema-graph\">{\"@context\":\"https:\\\/\\\/schema.org\",\"@graph\":[{\"@type\":\"WebPage\",\"@id\":\"https:\\\/\\\/www.solar-depot.lu\\\/de\\\/solar-rechner\\\/\",\"url\":\"https:\\\/\\\/www.solar-depot.lu\\\/de\\\/solar-rechner\\\/\",\"name\":\"Solar-Rechner - SOLAR DEPOT\",\"isPartOf\":{\"@id\":\"https:\\\/\\\/www.solar-depot.lu\\\/de\\\/#website\"},\"datePublished\":\"2026-03-04T14:18:07+00:00\",\"dateModified\":\"2026-03-06T10:09:32+00:00\",\"description\":\"Sch\u00e4tzen Sie Ihre Rentabilit\u00e4t und erhalten Sie bis zu 4 Angebote von luxemburgischen Installateuren mit Drittzahlerberechtigung.\",\"breadcrumb\":{\"@id\":\"https:\\\/\\\/www.solar-depot.lu\\\/de\\\/solar-rechner\\\/#breadcrumb\"},\"inLanguage\":\"de\",\"potentialAction\":[{\"@type\":\"ReadAction\",\"target\":[\"https:\\\/\\\/www.solar-depot.lu\\\/de\\\/solar-rechner\\\/\"]}]},{\"@type\":\"BreadcrumbList\",\"@id\":\"https:\\\/\\\/www.solar-depot.lu\\\/de\\\/solar-rechner\\\/#breadcrumb\",\"itemListElement\":[{\"@type\":\"ListItem\",\"position\":1,\"name\":\"Startseite\",\"item\":\"https:\\\/\\\/www.solar-depot.lu\\\/de\\\/\"},{\"@type\":\"ListItem\",\"position\":2,\"name\":\"Solar-Rechner\"}]},{\"@type\":\"WebSite\",\"@id\":\"https:\\\/\\\/www.solar-depot.lu\\\/de\\\/#website\",\"url\":\"https:\\\/\\\/www.solar-depot.lu\\\/de\\\/\",\"name\":\"SOLAR DEPOT\",\"description\":\"Solar Depot, l&#039;\u00e9nergie solaire \u00e0 emporter chez vous !\",\"publisher\":{\"@id\":\"https:\\\/\\\/www.solar-depot.lu\\\/de\\\/#organization\"},\"potentialAction\":[{\"@type\":\"SearchAction\",\"target\":{\"@type\":\"EntryPoint\",\"urlTemplate\":\"https:\\\/\\\/www.solar-depot.lu\\\/de\\\/?s={search_term_string}\"},\"query-input\":{\"@type\":\"PropertyValueSpecification\",\"valueRequired\":true,\"valueName\":\"search_term_string\"}}],\"inLanguage\":\"de\"},{\"@type\":\"Organization\",\"@id\":\"https:\\\/\\\/www.solar-depot.lu\\\/de\\\/#organization\",\"name\":\"SOLAR DEPOT\",\"url\":\"https:\\\/\\\/www.solar-depot.lu\\\/de\\\/\",\"logo\":{\"@type\":\"ImageObject\",\"inLanguage\":\"de\",\"@id\":\"https:\\\/\\\/www.solar-depot.lu\\\/de\\\/#\\\/schema\\\/logo\\\/image\\\/\",\"url\":\"https:\\\/\\\/www.solar-depot.lu\\\/wp-content\\\/uploads\\\/2023\\\/08\\\/ege-depot-sans-fond.png\",\"contentUrl\":\"https:\\\/\\\/www.solar-depot.lu\\\/wp-content\\\/uploads\\\/2023\\\/08\\\/ege-depot-sans-fond.png\",\"width\":1696,\"height\":536,\"caption\":\"SOLAR DEPOT\"},\"image\":{\"@id\":\"https:\\\/\\\/www.solar-depot.lu\\\/de\\\/#\\\/schema\\\/logo\\\/image\\\/\"}}]}<\/script>\n<!-- \/ Yoast SEO Premium plugin. -->","yoast_head_json":{"title":"Solar-Rechner - SOLAR DEPOT","description":"Sch\u00e4tzen Sie Ihre Rentabilit\u00e4t und erhalten Sie bis zu 4 Angebote von luxemburgischen Installateuren mit Drittzahlerberechtigung.","robots":{"index":"index","follow":"follow","max-snippet":"max-snippet:-1","max-image-preview":"max-image-preview:large","max-video-preview":"max-video-preview:-1"},"canonical":"https:\/\/www.solar-depot.lu\/de\/solar-rechner\/","og_locale":"de_DE","og_type":"article","og_title":"Solar-Rechner","og_description":"Sch\u00e4tzen Sie Ihre Rentabilit\u00e4t und erhalten Sie bis zu 4 Angebote von luxemburgischen Installateuren mit Drittzahlerberechtigung.","og_url":"https:\/\/www.solar-depot.lu\/de\/solar-rechner\/","og_site_name":"SOLAR DEPOT","article_modified_time":"2026-03-06T10:09:32+00:00","twitter_card":"summary_large_image","twitter_misc":{"Gesch\u00e4tzte Lesezeit":"2\u00a0Minuten"},"schema":{"@context":"https:\/\/schema.org","@graph":[{"@type":"WebPage","@id":"https:\/\/www.solar-depot.lu\/de\/solar-rechner\/","url":"https:\/\/www.solar-depot.lu\/de\/solar-rechner\/","name":"Solar-Rechner - SOLAR DEPOT","isPartOf":{"@id":"https:\/\/www.solar-depot.lu\/de\/#website"},"datePublished":"2026-03-04T14:18:07+00:00","dateModified":"2026-03-06T10:09:32+00:00","description":"Sch\u00e4tzen Sie Ihre Rentabilit\u00e4t und erhalten Sie bis zu 4 Angebote von luxemburgischen Installateuren mit Drittzahlerberechtigung.","breadcrumb":{"@id":"https:\/\/www.solar-depot.lu\/de\/solar-rechner\/#breadcrumb"},"inLanguage":"de","potentialAction":[{"@type":"ReadAction","target":["https:\/\/www.solar-depot.lu\/de\/solar-rechner\/"]}]},{"@type":"BreadcrumbList","@id":"https:\/\/www.solar-depot.lu\/de\/solar-rechner\/#breadcrumb","itemListElement":[{"@type":"ListItem","position":1,"name":"Startseite","item":"https:\/\/www.solar-depot.lu\/de\/"},{"@type":"ListItem","position":2,"name":"Solar-Rechner"}]},{"@type":"WebSite","@id":"https:\/\/www.solar-depot.lu\/de\/#website","url":"https:\/\/www.solar-depot.lu\/de\/","name":"SOLAR DEPOT","description":"Solar Depot, l&#039;\u00e9nergie solaire \u00e0 emporter chez vous !","publisher":{"@id":"https:\/\/www.solar-depot.lu\/de\/#organization"},"potentialAction":[{"@type":"SearchAction","target":{"@type":"EntryPoint","urlTemplate":"https:\/\/www.solar-depot.lu\/de\/?s={search_term_string}"},"query-input":{"@type":"PropertyValueSpecification","valueRequired":true,"valueName":"search_term_string"}}],"inLanguage":"de"},{"@type":"Organization","@id":"https:\/\/www.solar-depot.lu\/de\/#organization","name":"SOLAR DEPOT","url":"https:\/\/www.solar-depot.lu\/de\/","logo":{"@type":"ImageObject","inLanguage":"de","@id":"https:\/\/www.solar-depot.lu\/de\/#\/schema\/logo\/image\/","url":"https:\/\/www.solar-depot.lu\/wp-content\/uploads\/2023\/08\/ege-depot-sans-fond.png","contentUrl":"https:\/\/www.solar-depot.lu\/wp-content\/uploads\/2023\/08\/ege-depot-sans-fond.png","width":1696,"height":536,"caption":"SOLAR DEPOT"},"image":{"@id":"https:\/\/www.solar-depot.lu\/de\/#\/schema\/logo\/image\/"}}]}},"_links":{"self":[{"href":"https:\/\/www.solar-depot.lu\/de\/wp-json\/wp\/v2\/pages\/8758","targetHints":{"allow":["GET"]}}],"collection":[{"href":"https:\/\/www.solar-depot.lu\/de\/wp-json\/wp\/v2\/pages"}],"about":[{"href":"https:\/\/www.solar-depot.lu\/de\/wp-json\/wp\/v2\/types\/page"}],"author":[{"embeddable":true,"href":"https:\/\/www.solar-depot.lu\/de\/wp-json\/wp\/v2\/users\/4"}],"replies":[{"embeddable":true,"href":"https:\/\/www.solar-depot.lu\/de\/wp-json\/wp\/v2\/comments?post=8758"}],"version-history":[{"count":2,"href":"https:\/\/www.solar-depot.lu\/de\/wp-json\/wp\/v2\/pages\/8758\/revisions"}],"predecessor-version":[{"id":8761,"href":"https:\/\/www.solar-depot.lu\/de\/wp-json\/wp\/v2\/pages\/8758\/revisions\/8761"}],"wp:attachment":[{"href":"https:\/\/www.solar-depot.lu\/de\/wp-json\/wp\/v2\/media?parent=8758"}],"curies":[{"name":"wp","href":"https:\/\/api.w.org\/{rel}","templated":true}]}}