{"id":8912,"date":"2026-03-17T10:21:56","date_gmt":"2026-03-17T09:21:56","guid":{"rendered":"https:\/\/www.solar-depot.lu\/huawei-wechselrichter\/"},"modified":"2026-03-17T11:27:56","modified_gmt":"2026-03-17T10:27:56","slug":"huawei-wechselrichter","status":"publish","type":"page","link":"https:\/\/www.solar-depot.lu\/de\/huawei-wechselrichter\/","title":{"rendered":"Huawei-Wechselrichter"},"content":{"rendered":"\n<p class=\" eplus-wrapper\">Die <strong>Wechselrichter von Huawei<\/strong> sind besonders beliebt wegen ihrer Flexibilit\u00e4t und der M\u00f6glichkeit, die Installationen mit nachtr\u00e4glich hinzugef\u00fcgten Batterien zu erweitern. Zu den vielen Vorteilen der Marke geh\u00f6ren der Wirkungsgrad von fast 99%, die Verwaltung der Verschattungen (Optimierer) und die integrierten Sicherheitsl\u00f6sungen gegen Lichtb\u00f6gen.<br\/>Siehe auch : <a href=\"https:\/\/www.solar-depot.lu\/de\/batteries\/\">Solarbatterien<\/a><br\/><\/p>\n\n<p class=\" eplus-wrapper\"><\/p>\n\n<p class=\" eplus-wrapper\"><\/p>\n","protected":false},"excerpt":{"rendered":"<p>Die Wechselrichter von Huawei sind besonders beliebt wegen ihrer Flexibilit\u00e4t und der M\u00f6glichkeit, die Installationen mit nachtr\u00e4glich hinzugef\u00fcgten Batterien zu erweitern. Zu den vielen Vorteilen der Marke geh\u00f6ren der Wirkungsgrad von fast 99%, die Verwaltung der Verschattungen (Optimierer) und die integrierten Sicherheitsl\u00f6sungen gegen Lichtb\u00f6gen.Siehe auch : Solarbatterien<\/p>\n","protected":false},"author":4,"featured_media":0,"parent":0,"menu_order":8,"comment_status":"closed","ping_status":"closed","template":"","meta":{"editor_plus_copied_stylings":"{}","footnotes":""},"class_list":["post-8912","page","type-page","status-publish","hentry"],"acf":[],"yoast_head":"<!-- This site is optimized with the Yoast SEO Premium plugin v22.0 (Yoast SEO v27.5) - https:\/\/yoast.com\/product\/yoast-seo-premium-wordpress\/ -->\n<title>Huawei-Wechselrichter - SOLAR DEPOT<\/title>\n<meta name=\"description\" content=\"Die Wechselrichter von Huawei sind besonders skalierbar mit der Option, Batterien zu bestehenden Systemen hinzuzuf\u00fcgen. Sie bieten hohe Leistung bei Ertrag, Schattenmanagement und Lichtbogensicherheitsl\u00f6sungen.\" \/>\n<meta name=\"robots\" content=\"index, follow, max-snippet:-1, max-image-preview:large, max-video-preview:-1\" \/>\n<link rel=\"canonical\" href=\"https:\/\/www.solar-depot.lu\/de\/huawei-wechselrichter\/\" \/>\n<meta property=\"og:locale\" content=\"de_DE\" \/>\n<meta property=\"og:type\" content=\"article\" \/>\n<meta property=\"og:title\" content=\"Huawei-Wechselrichter\" \/>\n<meta property=\"og:description\" content=\"Die Wechselrichter von Huawei sind besonders skalierbar mit der Option, Batterien zu bestehenden Systemen hinzuzuf\u00fcgen. Sie bieten hohe Leistung bei Ertrag, Schattenmanagement und Lichtbogensicherheitsl\u00f6sungen.\" \/>\n<meta property=\"og:url\" content=\"https:\/\/www.solar-depot.lu\/de\/huawei-wechselrichter\/\" \/>\n<meta property=\"og:site_name\" content=\"SOLAR DEPOT\" \/>\n<meta property=\"article:modified_time\" content=\"2026-03-17T10:27:56+00:00\" \/>\n<meta name=\"twitter:card\" content=\"summary_large_image\" \/>\n<meta name=\"twitter:label1\" content=\"Gesch\u00e4tzte Lesezeit\" \/>\n\t<meta name=\"twitter:data1\" content=\"1\u00a0Minute\" \/>\n<script type=\"application\/ld+json\" class=\"yoast-schema-graph\">{\"@context\":\"https:\\\/\\\/schema.org\",\"@graph\":[{\"@type\":\"WebPage\",\"@id\":\"https:\\\/\\\/www.solar-depot.lu\\\/de\\\/huawei-wechselrichter\\\/\",\"url\":\"https:\\\/\\\/www.solar-depot.lu\\\/de\\\/huawei-wechselrichter\\\/\",\"name\":\"Huawei-Wechselrichter - SOLAR DEPOT\",\"isPartOf\":{\"@id\":\"https:\\\/\\\/www.solar-depot.lu\\\/de\\\/#website\"},\"datePublished\":\"2026-03-17T09:21:56+00:00\",\"dateModified\":\"2026-03-17T10:27:56+00:00\",\"description\":\"Die Wechselrichter von Huawei sind besonders skalierbar mit der Option, Batterien zu bestehenden Systemen hinzuzuf\u00fcgen. Sie bieten hohe Leistung bei Ertrag, Schattenmanagement und Lichtbogensicherheitsl\u00f6sungen.\",\"breadcrumb\":{\"@id\":\"https:\\\/\\\/www.solar-depot.lu\\\/de\\\/huawei-wechselrichter\\\/#breadcrumb\"},\"inLanguage\":\"de\",\"potentialAction\":[{\"@type\":\"ReadAction\",\"target\":[\"https:\\\/\\\/www.solar-depot.lu\\\/de\\\/huawei-wechselrichter\\\/\"]}]},{\"@type\":\"BreadcrumbList\",\"@id\":\"https:\\\/\\\/www.solar-depot.lu\\\/de\\\/huawei-wechselrichter\\\/#breadcrumb\",\"itemListElement\":[{\"@type\":\"ListItem\",\"position\":1,\"name\":\"Startseite\",\"item\":\"https:\\\/\\\/www.solar-depot.lu\\\/de\\\/\"},{\"@type\":\"ListItem\",\"position\":2,\"name\":\"Huawei-Wechselrichter\"}]},{\"@type\":\"WebSite\",\"@id\":\"https:\\\/\\\/www.solar-depot.lu\\\/de\\\/#website\",\"url\":\"https:\\\/\\\/www.solar-depot.lu\\\/de\\\/\",\"name\":\"SOLAR DEPOT\",\"description\":\"Solar Depot, l&#039;\u00e9nergie solaire \u00e0 emporter chez vous !\",\"publisher\":{\"@id\":\"https:\\\/\\\/www.solar-depot.lu\\\/de\\\/#organization\"},\"potentialAction\":[{\"@type\":\"SearchAction\",\"target\":{\"@type\":\"EntryPoint\",\"urlTemplate\":\"https:\\\/\\\/www.solar-depot.lu\\\/de\\\/?s={search_term_string}\"},\"query-input\":{\"@type\":\"PropertyValueSpecification\",\"valueRequired\":true,\"valueName\":\"search_term_string\"}}],\"inLanguage\":\"de\"},{\"@type\":\"Organization\",\"@id\":\"https:\\\/\\\/www.solar-depot.lu\\\/de\\\/#organization\",\"name\":\"SOLAR DEPOT\",\"url\":\"https:\\\/\\\/www.solar-depot.lu\\\/de\\\/\",\"logo\":{\"@type\":\"ImageObject\",\"inLanguage\":\"de\",\"@id\":\"https:\\\/\\\/www.solar-depot.lu\\\/de\\\/#\\\/schema\\\/logo\\\/image\\\/\",\"url\":\"https:\\\/\\\/www.solar-depot.lu\\\/wp-content\\\/uploads\\\/2023\\\/08\\\/ege-depot-sans-fond.png\",\"contentUrl\":\"https:\\\/\\\/www.solar-depot.lu\\\/wp-content\\\/uploads\\\/2023\\\/08\\\/ege-depot-sans-fond.png\",\"width\":1696,\"height\":536,\"caption\":\"SOLAR DEPOT\"},\"image\":{\"@id\":\"https:\\\/\\\/www.solar-depot.lu\\\/de\\\/#\\\/schema\\\/logo\\\/image\\\/\"}}]}<\/script>\n<!-- \/ Yoast SEO Premium plugin. -->","yoast_head_json":{"title":"Huawei-Wechselrichter - SOLAR DEPOT","description":"Die Wechselrichter von Huawei sind besonders skalierbar mit der Option, Batterien zu bestehenden Systemen hinzuzuf\u00fcgen. Sie bieten hohe Leistung bei Ertrag, Schattenmanagement und Lichtbogensicherheitsl\u00f6sungen.","robots":{"index":"index","follow":"follow","max-snippet":"max-snippet:-1","max-image-preview":"max-image-preview:large","max-video-preview":"max-video-preview:-1"},"canonical":"https:\/\/www.solar-depot.lu\/de\/huawei-wechselrichter\/","og_locale":"de_DE","og_type":"article","og_title":"Huawei-Wechselrichter","og_description":"Die Wechselrichter von Huawei sind besonders skalierbar mit der Option, Batterien zu bestehenden Systemen hinzuzuf\u00fcgen. Sie bieten hohe Leistung bei Ertrag, Schattenmanagement und Lichtbogensicherheitsl\u00f6sungen.","og_url":"https:\/\/www.solar-depot.lu\/de\/huawei-wechselrichter\/","og_site_name":"SOLAR DEPOT","article_modified_time":"2026-03-17T10:27:56+00:00","twitter_card":"summary_large_image","twitter_misc":{"Gesch\u00e4tzte Lesezeit":"1\u00a0Minute"},"schema":{"@context":"https:\/\/schema.org","@graph":[{"@type":"WebPage","@id":"https:\/\/www.solar-depot.lu\/de\/huawei-wechselrichter\/","url":"https:\/\/www.solar-depot.lu\/de\/huawei-wechselrichter\/","name":"Huawei-Wechselrichter - SOLAR DEPOT","isPartOf":{"@id":"https:\/\/www.solar-depot.lu\/de\/#website"},"datePublished":"2026-03-17T09:21:56+00:00","dateModified":"2026-03-17T10:27:56+00:00","description":"Die Wechselrichter von Huawei sind besonders skalierbar mit der Option, Batterien zu bestehenden Systemen hinzuzuf\u00fcgen. Sie bieten hohe Leistung bei Ertrag, Schattenmanagement und Lichtbogensicherheitsl\u00f6sungen.","breadcrumb":{"@id":"https:\/\/www.solar-depot.lu\/de\/huawei-wechselrichter\/#breadcrumb"},"inLanguage":"de","potentialAction":[{"@type":"ReadAction","target":["https:\/\/www.solar-depot.lu\/de\/huawei-wechselrichter\/"]}]},{"@type":"BreadcrumbList","@id":"https:\/\/www.solar-depot.lu\/de\/huawei-wechselrichter\/#breadcrumb","itemListElement":[{"@type":"ListItem","position":1,"name":"Startseite","item":"https:\/\/www.solar-depot.lu\/de\/"},{"@type":"ListItem","position":2,"name":"Huawei-Wechselrichter"}]},{"@type":"WebSite","@id":"https:\/\/www.solar-depot.lu\/de\/#website","url":"https:\/\/www.solar-depot.lu\/de\/","name":"SOLAR DEPOT","description":"Solar Depot, l&#039;\u00e9nergie solaire \u00e0 emporter chez vous !","publisher":{"@id":"https:\/\/www.solar-depot.lu\/de\/#organization"},"potentialAction":[{"@type":"SearchAction","target":{"@type":"EntryPoint","urlTemplate":"https:\/\/www.solar-depot.lu\/de\/?s={search_term_string}"},"query-input":{"@type":"PropertyValueSpecification","valueRequired":true,"valueName":"search_term_string"}}],"inLanguage":"de"},{"@type":"Organization","@id":"https:\/\/www.solar-depot.lu\/de\/#organization","name":"SOLAR DEPOT","url":"https:\/\/www.solar-depot.lu\/de\/","logo":{"@type":"ImageObject","inLanguage":"de","@id":"https:\/\/www.solar-depot.lu\/de\/#\/schema\/logo\/image\/","url":"https:\/\/www.solar-depot.lu\/wp-content\/uploads\/2023\/08\/ege-depot-sans-fond.png","contentUrl":"https:\/\/www.solar-depot.lu\/wp-content\/uploads\/2023\/08\/ege-depot-sans-fond.png","width":1696,"height":536,"caption":"SOLAR DEPOT"},"image":{"@id":"https:\/\/www.solar-depot.lu\/de\/#\/schema\/logo\/image\/"}}]}},"_links":{"self":[{"href":"https:\/\/www.solar-depot.lu\/de\/wp-json\/wp\/v2\/pages\/8912","targetHints":{"allow":["GET"]}}],"collection":[{"href":"https:\/\/www.solar-depot.lu\/de\/wp-json\/wp\/v2\/pages"}],"about":[{"href":"https:\/\/www.solar-depot.lu\/de\/wp-json\/wp\/v2\/types\/page"}],"author":[{"embeddable":true,"href":"https:\/\/www.solar-depot.lu\/de\/wp-json\/wp\/v2\/users\/4"}],"replies":[{"embeddable":true,"href":"https:\/\/www.solar-depot.lu\/de\/wp-json\/wp\/v2\/comments?post=8912"}],"version-history":[{"count":2,"href":"https:\/\/www.solar-depot.lu\/de\/wp-json\/wp\/v2\/pages\/8912\/revisions"}],"predecessor-version":[{"id":8919,"href":"https:\/\/www.solar-depot.lu\/de\/wp-json\/wp\/v2\/pages\/8912\/revisions\/8919"}],"wp:attachment":[{"href":"https:\/\/www.solar-depot.lu\/de\/wp-json\/wp\/v2\/media?parent=8912"}],"curies":[{"name":"wp","href":"https:\/\/api.w.org\/{rel}","templated":true}]}}