{"id":4258,"date":"2023-07-11T15:00:33","date_gmt":"2023-07-11T13:00:33","guid":{"rendered":"https:\/\/www.solar-depot.lu\/?post_type=product&#038;p=4258"},"modified":"2026-03-05T14:23:28","modified_gmt":"2026-03-05T13:23:28","slug":"communications-kit-enphase","status":"publish","type":"product","link":"https:\/\/www.solar-depot.lu\/de\/produit\/communications-kit-enphase\/","title":{"rendered":"Enphase Communications Kit"},"content":{"rendered":"","protected":false},"excerpt":{"rendered":"<p>Das Communications Kit erm\u00f6glicht die direkte Kommunikation zwischen der IQ Battery und dem IQ Gateway. Es verwendet eine Frequenz von 2,4 GHz f\u00fcr maximale Zuverl\u00e4ssigkeit.<\/p>\n<p>Das Enphase Communications Kit enth\u00e4lt einen drahtlosen USB-Adapter, der die Verbindung mit dem Enphase IQ Gateway Metered erleichtert. Dieses Kit erm\u00f6glicht die drahtlose Kommunikation zwischen dem IQ Gateway Metered und den IQ Battery 3T\/10T Speichersystemen.<br \/>\nBitte beachten Sie, dass Sie dieses Kommunikationskit installieren m\u00fcssen, um den ordnungsgem\u00e4\u00dfen Betrieb des Energiemanagementsystems zu gew\u00e4hrleisten. Es enth\u00e4lt eine drahtlose 2,4 GHz-Funkeinheit. Diese Anleitung richtet sich an Fachleute, die mit der Installation beauftragt sind.<\/p>\n","protected":false},"featured_media":0,"template":"","meta":{"editor_plus_copied_stylings":"{}"},"product_brand":[],"product_cat":[164],"product_tag":[],"class_list":{"0":"post-4258","1":"product","2":"type-product","3":"status-publish","5":"product_cat-non-classe-de-2","7":"first","8":"instock","9":"taxable","10":"shipping-taxable","11":"purchasable","12":"product-type-simple"},"acf":[],"yoast_head":"<!-- This site is optimized with the Yoast SEO Premium plugin v22.0 (Yoast SEO v27.4) - https:\/\/yoast.com\/product\/yoast-seo-premium-wordpress\/ -->\n<title>Enphase Communications Kit - SOLAR DEPOT<\/title>\n<meta name=\"description\" content=\"Das Communications Kit erm\u00f6glicht die direkte Kommunikation zwischen der IQ Battery und dem IQ Gateway. Es verwendet eine Frequenz von 2,4 GHz.\" \/>\n<meta name=\"robots\" content=\"index, follow, max-snippet:-1, max-image-preview:large, max-video-preview:-1\" \/>\n<link rel=\"canonical\" href=\"https:\/\/www.solar-depot.lu\/de\/produit\/communications-kit-enphase\/\" \/>\n<meta property=\"og:locale\" content=\"de_DE\" \/>\n<meta property=\"og:type\" content=\"article\" \/>\n<meta property=\"og:title\" content=\"Enphase Communications Kit\" \/>\n<meta property=\"og:description\" content=\"Das Communications Kit erm\u00f6glicht die direkte Kommunikation zwischen der IQ Battery und dem IQ Gateway. Es verwendet eine Frequenz von 2,4 GHz.\" \/>\n<meta property=\"og:url\" content=\"https:\/\/www.solar-depot.lu\/de\/produit\/communications-kit-enphase\/\" \/>\n<meta property=\"og:site_name\" content=\"SOLAR DEPOT\" \/>\n<meta property=\"article:modified_time\" content=\"2026-03-05T13:23:28+00:00\" \/>\n<meta name=\"twitter:card\" content=\"summary_large_image\" \/>\n<script type=\"application\/ld+json\" class=\"yoast-schema-graph\">{\"@context\":\"https:\\\/\\\/schema.org\",\"@graph\":[{\"@type\":\"WebPage\",\"@id\":\"https:\\\/\\\/www.solar-depot.lu\\\/de\\\/produit\\\/communications-kit-enphase\\\/\",\"url\":\"https:\\\/\\\/www.solar-depot.lu\\\/de\\\/produit\\\/communications-kit-enphase\\\/\",\"name\":\"Enphase Communications Kit - SOLAR DEPOT\",\"isPartOf\":{\"@id\":\"https:\\\/\\\/www.solar-depot.lu\\\/de\\\/#website\"},\"datePublished\":\"2023-07-11T13:00:33+00:00\",\"dateModified\":\"2026-03-05T13:23:28+00:00\",\"description\":\"Das Communications Kit erm\u00f6glicht die direkte Kommunikation zwischen der IQ Battery und dem IQ Gateway. Es verwendet eine Frequenz von 2,4 GHz.\",\"breadcrumb\":{\"@id\":\"https:\\\/\\\/www.solar-depot.lu\\\/de\\\/produit\\\/communications-kit-enphase\\\/#breadcrumb\"},\"inLanguage\":\"de\",\"potentialAction\":[{\"@type\":\"ReadAction\",\"target\":[\"https:\\\/\\\/www.solar-depot.lu\\\/de\\\/produit\\\/communications-kit-enphase\\\/\"]}]},{\"@type\":\"BreadcrumbList\",\"@id\":\"https:\\\/\\\/www.solar-depot.lu\\\/de\\\/produit\\\/communications-kit-enphase\\\/#breadcrumb\",\"itemListElement\":[{\"@type\":\"ListItem\",\"position\":1,\"name\":\"Startseite\",\"item\":\"https:\\\/\\\/www.solar-depot.lu\\\/de\\\/\"},{\"@type\":\"ListItem\",\"position\":2,\"name\":\"Enphase Communications Kit\"}]},{\"@type\":\"WebSite\",\"@id\":\"https:\\\/\\\/www.solar-depot.lu\\\/de\\\/#website\",\"url\":\"https:\\\/\\\/www.solar-depot.lu\\\/de\\\/\",\"name\":\"SOLAR DEPOT\",\"description\":\"Solar Depot, l&#039;\u00e9nergie solaire \u00e0 emporter chez vous !\",\"publisher\":{\"@id\":\"https:\\\/\\\/www.solar-depot.lu\\\/de\\\/#organization\"},\"potentialAction\":[{\"@type\":\"SearchAction\",\"target\":{\"@type\":\"EntryPoint\",\"urlTemplate\":\"https:\\\/\\\/www.solar-depot.lu\\\/de\\\/?s={search_term_string}\"},\"query-input\":{\"@type\":\"PropertyValueSpecification\",\"valueRequired\":true,\"valueName\":\"search_term_string\"}}],\"inLanguage\":\"de\"},{\"@type\":\"Organization\",\"@id\":\"https:\\\/\\\/www.solar-depot.lu\\\/de\\\/#organization\",\"name\":\"SOLAR DEPOT\",\"url\":\"https:\\\/\\\/www.solar-depot.lu\\\/de\\\/\",\"logo\":{\"@type\":\"ImageObject\",\"inLanguage\":\"de\",\"@id\":\"https:\\\/\\\/www.solar-depot.lu\\\/de\\\/#\\\/schema\\\/logo\\\/image\\\/\",\"url\":\"https:\\\/\\\/www.solar-depot.lu\\\/wp-content\\\/uploads\\\/2023\\\/08\\\/ege-depot-sans-fond.png\",\"contentUrl\":\"https:\\\/\\\/www.solar-depot.lu\\\/wp-content\\\/uploads\\\/2023\\\/08\\\/ege-depot-sans-fond.png\",\"width\":1696,\"height\":536,\"caption\":\"SOLAR DEPOT\"},\"image\":{\"@id\":\"https:\\\/\\\/www.solar-depot.lu\\\/de\\\/#\\\/schema\\\/logo\\\/image\\\/\"}}]}<\/script>\n<!-- \/ Yoast SEO Premium plugin. -->","yoast_head_json":{"title":"Enphase Communications Kit - SOLAR DEPOT","description":"Das Communications Kit erm\u00f6glicht die direkte Kommunikation zwischen der IQ Battery und dem IQ Gateway. Es verwendet eine Frequenz von 2,4 GHz.","robots":{"index":"index","follow":"follow","max-snippet":"max-snippet:-1","max-image-preview":"max-image-preview:large","max-video-preview":"max-video-preview:-1"},"canonical":"https:\/\/www.solar-depot.lu\/de\/produit\/communications-kit-enphase\/","og_locale":"de_DE","og_type":"article","og_title":"Enphase Communications Kit","og_description":"Das Communications Kit erm\u00f6glicht die direkte Kommunikation zwischen der IQ Battery und dem IQ Gateway. Es verwendet eine Frequenz von 2,4 GHz.","og_url":"https:\/\/www.solar-depot.lu\/de\/produit\/communications-kit-enphase\/","og_site_name":"SOLAR DEPOT","article_modified_time":"2026-03-05T13:23:28+00:00","twitter_card":"summary_large_image","schema":{"@context":"https:\/\/schema.org","@graph":[{"@type":"WebPage","@id":"https:\/\/www.solar-depot.lu\/de\/produit\/communications-kit-enphase\/","url":"https:\/\/www.solar-depot.lu\/de\/produit\/communications-kit-enphase\/","name":"Enphase Communications Kit - SOLAR DEPOT","isPartOf":{"@id":"https:\/\/www.solar-depot.lu\/de\/#website"},"datePublished":"2023-07-11T13:00:33+00:00","dateModified":"2026-03-05T13:23:28+00:00","description":"Das Communications Kit erm\u00f6glicht die direkte Kommunikation zwischen der IQ Battery und dem IQ Gateway. Es verwendet eine Frequenz von 2,4 GHz.","breadcrumb":{"@id":"https:\/\/www.solar-depot.lu\/de\/produit\/communications-kit-enphase\/#breadcrumb"},"inLanguage":"de","potentialAction":[{"@type":"ReadAction","target":["https:\/\/www.solar-depot.lu\/de\/produit\/communications-kit-enphase\/"]}]},{"@type":"BreadcrumbList","@id":"https:\/\/www.solar-depot.lu\/de\/produit\/communications-kit-enphase\/#breadcrumb","itemListElement":[{"@type":"ListItem","position":1,"name":"Startseite","item":"https:\/\/www.solar-depot.lu\/de\/"},{"@type":"ListItem","position":2,"name":"Enphase Communications Kit"}]},{"@type":"WebSite","@id":"https:\/\/www.solar-depot.lu\/de\/#website","url":"https:\/\/www.solar-depot.lu\/de\/","name":"SOLAR DEPOT","description":"Solar Depot, l&#039;\u00e9nergie solaire \u00e0 emporter chez vous !","publisher":{"@id":"https:\/\/www.solar-depot.lu\/de\/#organization"},"potentialAction":[{"@type":"SearchAction","target":{"@type":"EntryPoint","urlTemplate":"https:\/\/www.solar-depot.lu\/de\/?s={search_term_string}"},"query-input":{"@type":"PropertyValueSpecification","valueRequired":true,"valueName":"search_term_string"}}],"inLanguage":"de"},{"@type":"Organization","@id":"https:\/\/www.solar-depot.lu\/de\/#organization","name":"SOLAR DEPOT","url":"https:\/\/www.solar-depot.lu\/de\/","logo":{"@type":"ImageObject","inLanguage":"de","@id":"https:\/\/www.solar-depot.lu\/de\/#\/schema\/logo\/image\/","url":"https:\/\/www.solar-depot.lu\/wp-content\/uploads\/2023\/08\/ege-depot-sans-fond.png","contentUrl":"https:\/\/www.solar-depot.lu\/wp-content\/uploads\/2023\/08\/ege-depot-sans-fond.png","width":1696,"height":536,"caption":"SOLAR DEPOT"},"image":{"@id":"https:\/\/www.solar-depot.lu\/de\/#\/schema\/logo\/image\/"}}]}},"_links":{"self":[{"href":"https:\/\/www.solar-depot.lu\/de\/wp-json\/wp\/v2\/product\/4258","targetHints":{"allow":["GET"]}}],"collection":[{"href":"https:\/\/www.solar-depot.lu\/de\/wp-json\/wp\/v2\/product"}],"about":[{"href":"https:\/\/www.solar-depot.lu\/de\/wp-json\/wp\/v2\/types\/product"}],"wp:attachment":[{"href":"https:\/\/www.solar-depot.lu\/de\/wp-json\/wp\/v2\/media?parent=4258"}],"wp:term":[{"taxonomy":"product_brand","embeddable":true,"href":"https:\/\/www.solar-depot.lu\/de\/wp-json\/wp\/v2\/product_brand?post=4258"},{"taxonomy":"product_cat","embeddable":true,"href":"https:\/\/www.solar-depot.lu\/de\/wp-json\/wp\/v2\/product_cat?post=4258"},{"taxonomy":"product_tag","embeddable":true,"href":"https:\/\/www.solar-depot.lu\/de\/wp-json\/wp\/v2\/product_tag?post=4258"}],"curies":[{"name":"wp","href":"https:\/\/api.w.org\/{rel}","templated":true}]}}