{"id":4323,"date":"2023-07-04T15:52:08","date_gmt":"2023-07-04T13:52:08","guid":{"rendered":"https:\/\/www.solar-depot.lu\/?post_type=product&#038;p=4323"},"modified":"2026-02-24T10:24:46","modified_gmt":"2026-02-24T09:24:46","slug":"lithiumbatterie-sofar-bts-e5e20-ds5","status":"publish","type":"product","link":"https:\/\/www.solar-depot.lu\/de\/produit\/lithiumbatterie-sofar-bts-e5e20-ds5\/","title":{"rendered":"Lithiumbatterie Sofar BTS E5~E20-DS5"},"content":{"rendered":"","protected":false},"excerpt":{"rendered":"<p>Das brandneue Niederspannungs-Batteriesystem von SOFAR SOLAR besteht aus vier LiFePO4-Batteriemodulen und einer Batterieverteilungseinheit.<\/p>\n<p>Die Batteriekapazit\u00e4t kann dank des modularen und stapelbaren Designs des Systems leicht erweitert werden.<\/p>\n<p>Die BTS-Serie ist mit den Batteriewechselrichtern HYD 5K- 20KTL und ME 5K &#8211; 20KTL von SOFARSOLAR kompatibel. \\n Vollst\u00e4ndig modulares Design, praktisch f\u00fcr die Installation und den Transport.<br \/>\nIntegrierte Balance-Management-Einheit f\u00fcr den Batterieblock, erh\u00f6ht die Batteriekapazit\u00e4t.<br \/>\nUnterst\u00fctzt die schrittweise Erweiterung der Kapazit\u00e4t.<br \/>\nGeringer Verbrauch der Batterie.<br \/>\nUnterst\u00fctzung von Start- und Stopp-Funktionen mit nur einer Taste.<\/p>\n","protected":false},"featured_media":0,"template":"","meta":{"editor_plus_copied_stylings":"{}"},"product_brand":[],"product_cat":[164],"product_tag":[],"class_list":{"0":"post-4323","1":"product","2":"type-product","3":"status-publish","5":"product_cat-non-classe-de-2","7":"first","8":"outofstock","9":"taxable","10":"shipping-taxable","11":"purchasable","12":"product-type-simple"},"acf":[],"yoast_head":"<!-- This site is optimized with the Yoast SEO Premium plugin v22.0 (Yoast SEO v27.5) - https:\/\/yoast.com\/product\/yoast-seo-premium-wordpress\/ -->\n<title>Lithiumbatterie Sofar BTS E5~E20-DS5 - SOLAR DEPOT<\/title>\n<meta name=\"robots\" content=\"index, follow, max-snippet:-1, max-image-preview:large, max-video-preview:-1\" \/>\n<link rel=\"canonical\" href=\"https:\/\/www.solar-depot.lu\/de\/produit\/lithiumbatterie-sofar-bts-e5e20-ds5\/\" \/>\n<meta property=\"og:locale\" content=\"de_DE\" \/>\n<meta property=\"og:type\" content=\"article\" \/>\n<meta property=\"og:title\" content=\"Lithiumbatterie Sofar BTS E5~E20-DS5\" \/>\n<meta property=\"og:description\" content=\"Das brandneue Niederspannungs-Batteriesystem von SOFAR SOLAR besteht aus vier LiFePO4-Batteriemodulen und einer Batterieverteilungseinheit.  Die Batteriekapazit\u00e4t kann dank des modularen und stapelbaren Designs des Systems leicht erweitert werden.  Die BTS-Serie ist mit den Batteriewechselrichtern HYD 5K- 20KTL und ME 5K - 20KTL von SOFARSOLAR kompatibel. n Vollst\u00e4ndig modulares Design, praktisch f\u00fcr die Installation und den Transport. Integrierte Balance-Management-Einheit f\u00fcr den Batterieblock, erh\u00f6ht die Batteriekapazit\u00e4t. Unterst\u00fctzt die schrittweise Erweiterung der Kapazit\u00e4t. Geringer Verbrauch der Batterie. Unterst\u00fctzung von Start- und Stopp-Funktionen mit nur einer Taste.\" \/>\n<meta property=\"og:url\" content=\"https:\/\/www.solar-depot.lu\/de\/produit\/lithiumbatterie-sofar-bts-e5e20-ds5\/\" \/>\n<meta property=\"og:site_name\" content=\"SOLAR DEPOT\" \/>\n<meta property=\"article:modified_time\" content=\"2026-02-24T09:24:46+00:00\" \/>\n<meta name=\"twitter:card\" content=\"summary_large_image\" \/>\n<script type=\"application\/ld+json\" class=\"yoast-schema-graph\">{\"@context\":\"https:\\\/\\\/schema.org\",\"@graph\":[{\"@type\":\"WebPage\",\"@id\":\"https:\\\/\\\/www.solar-depot.lu\\\/de\\\/produit\\\/lithiumbatterie-sofar-bts-e5e20-ds5\\\/\",\"url\":\"https:\\\/\\\/www.solar-depot.lu\\\/de\\\/produit\\\/lithiumbatterie-sofar-bts-e5e20-ds5\\\/\",\"name\":\"Lithiumbatterie Sofar BTS E5~E20-DS5 - SOLAR DEPOT\",\"isPartOf\":{\"@id\":\"https:\\\/\\\/www.solar-depot.lu\\\/de\\\/#website\"},\"datePublished\":\"2023-07-04T13:52:08+00:00\",\"dateModified\":\"2026-02-24T09:24:46+00:00\",\"breadcrumb\":{\"@id\":\"https:\\\/\\\/www.solar-depot.lu\\\/de\\\/produit\\\/lithiumbatterie-sofar-bts-e5e20-ds5\\\/#breadcrumb\"},\"inLanguage\":\"de\",\"potentialAction\":[{\"@type\":\"ReadAction\",\"target\":[\"https:\\\/\\\/www.solar-depot.lu\\\/de\\\/produit\\\/lithiumbatterie-sofar-bts-e5e20-ds5\\\/\"]}]},{\"@type\":\"BreadcrumbList\",\"@id\":\"https:\\\/\\\/www.solar-depot.lu\\\/de\\\/produit\\\/lithiumbatterie-sofar-bts-e5e20-ds5\\\/#breadcrumb\",\"itemListElement\":[{\"@type\":\"ListItem\",\"position\":1,\"name\":\"Startseite\",\"item\":\"https:\\\/\\\/www.solar-depot.lu\\\/de\\\/\"},{\"@type\":\"ListItem\",\"position\":2,\"name\":\"Lithiumbatterie Sofar BTS E5~E20-DS5\"}]},{\"@type\":\"WebSite\",\"@id\":\"https:\\\/\\\/www.solar-depot.lu\\\/de\\\/#website\",\"url\":\"https:\\\/\\\/www.solar-depot.lu\\\/de\\\/\",\"name\":\"SOLAR DEPOT\",\"description\":\"Solar Depot, l&#039;\u00e9nergie solaire \u00e0 emporter chez vous !\",\"publisher\":{\"@id\":\"https:\\\/\\\/www.solar-depot.lu\\\/de\\\/#organization\"},\"potentialAction\":[{\"@type\":\"SearchAction\",\"target\":{\"@type\":\"EntryPoint\",\"urlTemplate\":\"https:\\\/\\\/www.solar-depot.lu\\\/de\\\/?s={search_term_string}\"},\"query-input\":{\"@type\":\"PropertyValueSpecification\",\"valueRequired\":true,\"valueName\":\"search_term_string\"}}],\"inLanguage\":\"de\"},{\"@type\":\"Organization\",\"@id\":\"https:\\\/\\\/www.solar-depot.lu\\\/de\\\/#organization\",\"name\":\"SOLAR DEPOT\",\"url\":\"https:\\\/\\\/www.solar-depot.lu\\\/de\\\/\",\"logo\":{\"@type\":\"ImageObject\",\"inLanguage\":\"de\",\"@id\":\"https:\\\/\\\/www.solar-depot.lu\\\/de\\\/#\\\/schema\\\/logo\\\/image\\\/\",\"url\":\"https:\\\/\\\/www.solar-depot.lu\\\/wp-content\\\/uploads\\\/2023\\\/08\\\/ege-depot-sans-fond.png\",\"contentUrl\":\"https:\\\/\\\/www.solar-depot.lu\\\/wp-content\\\/uploads\\\/2023\\\/08\\\/ege-depot-sans-fond.png\",\"width\":1696,\"height\":536,\"caption\":\"SOLAR DEPOT\"},\"image\":{\"@id\":\"https:\\\/\\\/www.solar-depot.lu\\\/de\\\/#\\\/schema\\\/logo\\\/image\\\/\"}}]}<\/script>\n<!-- \/ Yoast SEO Premium plugin. -->","yoast_head_json":{"title":"Lithiumbatterie Sofar BTS E5~E20-DS5 - SOLAR DEPOT","robots":{"index":"index","follow":"follow","max-snippet":"max-snippet:-1","max-image-preview":"max-image-preview:large","max-video-preview":"max-video-preview:-1"},"canonical":"https:\/\/www.solar-depot.lu\/de\/produit\/lithiumbatterie-sofar-bts-e5e20-ds5\/","og_locale":"de_DE","og_type":"article","og_title":"Lithiumbatterie Sofar BTS E5~E20-DS5","og_description":"Das brandneue Niederspannungs-Batteriesystem von SOFAR SOLAR besteht aus vier LiFePO4-Batteriemodulen und einer Batterieverteilungseinheit.  Die Batteriekapazit\u00e4t kann dank des modularen und stapelbaren Designs des Systems leicht erweitert werden.  Die BTS-Serie ist mit den Batteriewechselrichtern HYD 5K- 20KTL und ME 5K - 20KTL von SOFARSOLAR kompatibel. n Vollst\u00e4ndig modulares Design, praktisch f\u00fcr die Installation und den Transport. Integrierte Balance-Management-Einheit f\u00fcr den Batterieblock, erh\u00f6ht die Batteriekapazit\u00e4t. Unterst\u00fctzt die schrittweise Erweiterung der Kapazit\u00e4t. Geringer Verbrauch der Batterie. Unterst\u00fctzung von Start- und Stopp-Funktionen mit nur einer Taste.","og_url":"https:\/\/www.solar-depot.lu\/de\/produit\/lithiumbatterie-sofar-bts-e5e20-ds5\/","og_site_name":"SOLAR DEPOT","article_modified_time":"2026-02-24T09:24:46+00:00","twitter_card":"summary_large_image","schema":{"@context":"https:\/\/schema.org","@graph":[{"@type":"WebPage","@id":"https:\/\/www.solar-depot.lu\/de\/produit\/lithiumbatterie-sofar-bts-e5e20-ds5\/","url":"https:\/\/www.solar-depot.lu\/de\/produit\/lithiumbatterie-sofar-bts-e5e20-ds5\/","name":"Lithiumbatterie Sofar BTS E5~E20-DS5 - SOLAR DEPOT","isPartOf":{"@id":"https:\/\/www.solar-depot.lu\/de\/#website"},"datePublished":"2023-07-04T13:52:08+00:00","dateModified":"2026-02-24T09:24:46+00:00","breadcrumb":{"@id":"https:\/\/www.solar-depot.lu\/de\/produit\/lithiumbatterie-sofar-bts-e5e20-ds5\/#breadcrumb"},"inLanguage":"de","potentialAction":[{"@type":"ReadAction","target":["https:\/\/www.solar-depot.lu\/de\/produit\/lithiumbatterie-sofar-bts-e5e20-ds5\/"]}]},{"@type":"BreadcrumbList","@id":"https:\/\/www.solar-depot.lu\/de\/produit\/lithiumbatterie-sofar-bts-e5e20-ds5\/#breadcrumb","itemListElement":[{"@type":"ListItem","position":1,"name":"Startseite","item":"https:\/\/www.solar-depot.lu\/de\/"},{"@type":"ListItem","position":2,"name":"Lithiumbatterie Sofar BTS E5~E20-DS5"}]},{"@type":"WebSite","@id":"https:\/\/www.solar-depot.lu\/de\/#website","url":"https:\/\/www.solar-depot.lu\/de\/","name":"SOLAR DEPOT","description":"Solar Depot, l&#039;\u00e9nergie solaire \u00e0 emporter chez vous !","publisher":{"@id":"https:\/\/www.solar-depot.lu\/de\/#organization"},"potentialAction":[{"@type":"SearchAction","target":{"@type":"EntryPoint","urlTemplate":"https:\/\/www.solar-depot.lu\/de\/?s={search_term_string}"},"query-input":{"@type":"PropertyValueSpecification","valueRequired":true,"valueName":"search_term_string"}}],"inLanguage":"de"},{"@type":"Organization","@id":"https:\/\/www.solar-depot.lu\/de\/#organization","name":"SOLAR DEPOT","url":"https:\/\/www.solar-depot.lu\/de\/","logo":{"@type":"ImageObject","inLanguage":"de","@id":"https:\/\/www.solar-depot.lu\/de\/#\/schema\/logo\/image\/","url":"https:\/\/www.solar-depot.lu\/wp-content\/uploads\/2023\/08\/ege-depot-sans-fond.png","contentUrl":"https:\/\/www.solar-depot.lu\/wp-content\/uploads\/2023\/08\/ege-depot-sans-fond.png","width":1696,"height":536,"caption":"SOLAR DEPOT"},"image":{"@id":"https:\/\/www.solar-depot.lu\/de\/#\/schema\/logo\/image\/"}}]}},"_links":{"self":[{"href":"https:\/\/www.solar-depot.lu\/de\/wp-json\/wp\/v2\/product\/4323","targetHints":{"allow":["GET"]}}],"collection":[{"href":"https:\/\/www.solar-depot.lu\/de\/wp-json\/wp\/v2\/product"}],"about":[{"href":"https:\/\/www.solar-depot.lu\/de\/wp-json\/wp\/v2\/types\/product"}],"wp:attachment":[{"href":"https:\/\/www.solar-depot.lu\/de\/wp-json\/wp\/v2\/media?parent=4323"}],"wp:term":[{"taxonomy":"product_brand","embeddable":true,"href":"https:\/\/www.solar-depot.lu\/de\/wp-json\/wp\/v2\/product_brand?post=4323"},{"taxonomy":"product_cat","embeddable":true,"href":"https:\/\/www.solar-depot.lu\/de\/wp-json\/wp\/v2\/product_cat?post=4323"},{"taxonomy":"product_tag","embeddable":true,"href":"https:\/\/www.solar-depot.lu\/de\/wp-json\/wp\/v2\/product_tag?post=4323"}],"curies":[{"name":"wp","href":"https:\/\/api.w.org\/{rel}","templated":true}]}}