{"id":4327,"date":"2023-07-04T15:23:25","date_gmt":"2023-07-04T13:23:25","guid":{"rendered":"https:\/\/www.solar-depot.lu\/?post_type=product&#038;p=4327"},"modified":"2026-02-24T10:26:36","modified_gmt":"2026-02-24T09:26:36","slug":"lithiumbatterie-sofar-gtx5000-pro","status":"publish","type":"product","link":"https:\/\/www.solar-depot.lu\/de\/produit\/lithiumbatterie-sofar-gtx5000-pro\/","title":{"rendered":"Lithiumbatterie Sofar GTX5000-PRO"},"content":{"rendered":"","protected":false},"excerpt":{"rendered":"<p>Die AMASS Store Battery GTX 2500 ist SofarSolars 2,5 kWh Lithium-Speicherbatterie f\u00fcr den Einbau in Schaltschr\u00e4nke. Bis zu acht 48-V-Batterien k\u00f6nnen parallel geschaltet werden.<\/p>\n<p>Der GTX 2500 ist mit den Hybrid-Wechselrichtern der Serien HYD 3000&#8230;6000-ES \/ -EP und ME 3000-SP von SofarSolar kompatibel.<\/p>\n<p>Da der Wechselrichter und die Batterie vom selben Hersteller stammen, ist der Installationsprozess schnell, einfach und effizient.<\/p>\n<p>Unterst\u00fctzung der parallelen Erweiterung von Ger\u00e4ten mit bis zu vier parallelen Einheiten.<\/p>\n<p>Automatische Zuweisung von parallelen IDs mit nur einem Knopfdruck f\u00fcr einen einfachen und bequemen Betrieb.<\/p>\n<p>Wand- oder Bodenmontage, was Zeit und Geld bei der Installation spart.<\/p>\n","protected":false},"featured_media":0,"template":"","meta":{"editor_plus_copied_stylings":"{}"},"product_brand":[],"product_cat":[164],"product_tag":[],"class_list":{"0":"post-4327","1":"product","2":"type-product","3":"status-publish","5":"product_cat-non-classe-de-2","7":"first","8":"outofstock","9":"taxable","10":"shipping-taxable","11":"purchasable","12":"product-type-simple"},"acf":[],"yoast_head":"<!-- This site is optimized with the Yoast SEO Premium plugin v22.0 (Yoast SEO v27.5) - https:\/\/yoast.com\/product\/yoast-seo-premium-wordpress\/ -->\n<title>Lithiumbatterie Sofar GTX5000-PRO - SOLAR DEPOT<\/title>\n<meta name=\"robots\" content=\"index, follow, max-snippet:-1, max-image-preview:large, max-video-preview:-1\" \/>\n<link rel=\"canonical\" href=\"https:\/\/www.solar-depot.lu\/de\/produit\/lithiumbatterie-sofar-gtx5000-pro\/\" \/>\n<meta property=\"og:locale\" content=\"de_DE\" \/>\n<meta property=\"og:type\" content=\"article\" \/>\n<meta property=\"og:title\" content=\"Lithiumbatterie Sofar GTX5000-PRO\" \/>\n<meta property=\"og:description\" content=\"Die AMASS Store Battery GTX 2500 ist SofarSolars 2,5 kWh Lithium-Speicherbatterie f\u00fcr den Einbau in Schaltschr\u00e4nke. Bis zu acht 48-V-Batterien k\u00f6nnen parallel geschaltet werden.  Der GTX 2500 ist mit den Hybrid-Wechselrichtern der Serien HYD 3000...6000-ES \/ -EP und ME 3000-SP von SofarSolar kompatibel.  Da der Wechselrichter und die Batterie vom selben Hersteller stammen, ist der Installationsprozess schnell, einfach und effizient.  Unterst\u00fctzung der parallelen Erweiterung von Ger\u00e4ten mit bis zu vier parallelen Einheiten.  Automatische Zuweisung von parallelen IDs mit nur einem Knopfdruck f\u00fcr einen einfachen und bequemen Betrieb.  Wand- oder Bodenmontage, was Zeit und Geld bei der Installation spart.\" \/>\n<meta property=\"og:url\" content=\"https:\/\/www.solar-depot.lu\/de\/produit\/lithiumbatterie-sofar-gtx5000-pro\/\" \/>\n<meta property=\"og:site_name\" content=\"SOLAR DEPOT\" \/>\n<meta property=\"article:modified_time\" content=\"2026-02-24T09:26:36+00:00\" \/>\n<meta name=\"twitter:card\" content=\"summary_large_image\" \/>\n<script type=\"application\/ld+json\" class=\"yoast-schema-graph\">{\"@context\":\"https:\\\/\\\/schema.org\",\"@graph\":[{\"@type\":\"WebPage\",\"@id\":\"https:\\\/\\\/www.solar-depot.lu\\\/de\\\/produit\\\/lithiumbatterie-sofar-gtx5000-pro\\\/\",\"url\":\"https:\\\/\\\/www.solar-depot.lu\\\/de\\\/produit\\\/lithiumbatterie-sofar-gtx5000-pro\\\/\",\"name\":\"Lithiumbatterie Sofar GTX5000-PRO - SOLAR DEPOT\",\"isPartOf\":{\"@id\":\"https:\\\/\\\/www.solar-depot.lu\\\/de\\\/#website\"},\"datePublished\":\"2023-07-04T13:23:25+00:00\",\"dateModified\":\"2026-02-24T09:26:36+00:00\",\"breadcrumb\":{\"@id\":\"https:\\\/\\\/www.solar-depot.lu\\\/de\\\/produit\\\/lithiumbatterie-sofar-gtx5000-pro\\\/#breadcrumb\"},\"inLanguage\":\"de\",\"potentialAction\":[{\"@type\":\"ReadAction\",\"target\":[\"https:\\\/\\\/www.solar-depot.lu\\\/de\\\/produit\\\/lithiumbatterie-sofar-gtx5000-pro\\\/\"]}]},{\"@type\":\"BreadcrumbList\",\"@id\":\"https:\\\/\\\/www.solar-depot.lu\\\/de\\\/produit\\\/lithiumbatterie-sofar-gtx5000-pro\\\/#breadcrumb\",\"itemListElement\":[{\"@type\":\"ListItem\",\"position\":1,\"name\":\"Startseite\",\"item\":\"https:\\\/\\\/www.solar-depot.lu\\\/de\\\/\"},{\"@type\":\"ListItem\",\"position\":2,\"name\":\"Lithiumbatterie Sofar GTX5000-PRO\"}]},{\"@type\":\"WebSite\",\"@id\":\"https:\\\/\\\/www.solar-depot.lu\\\/de\\\/#website\",\"url\":\"https:\\\/\\\/www.solar-depot.lu\\\/de\\\/\",\"name\":\"SOLAR DEPOT\",\"description\":\"Solar Depot, l&#039;\u00e9nergie solaire \u00e0 emporter chez vous !\",\"publisher\":{\"@id\":\"https:\\\/\\\/www.solar-depot.lu\\\/de\\\/#organization\"},\"potentialAction\":[{\"@type\":\"SearchAction\",\"target\":{\"@type\":\"EntryPoint\",\"urlTemplate\":\"https:\\\/\\\/www.solar-depot.lu\\\/de\\\/?s={search_term_string}\"},\"query-input\":{\"@type\":\"PropertyValueSpecification\",\"valueRequired\":true,\"valueName\":\"search_term_string\"}}],\"inLanguage\":\"de\"},{\"@type\":\"Organization\",\"@id\":\"https:\\\/\\\/www.solar-depot.lu\\\/de\\\/#organization\",\"name\":\"SOLAR DEPOT\",\"url\":\"https:\\\/\\\/www.solar-depot.lu\\\/de\\\/\",\"logo\":{\"@type\":\"ImageObject\",\"inLanguage\":\"de\",\"@id\":\"https:\\\/\\\/www.solar-depot.lu\\\/de\\\/#\\\/schema\\\/logo\\\/image\\\/\",\"url\":\"https:\\\/\\\/www.solar-depot.lu\\\/wp-content\\\/uploads\\\/2023\\\/08\\\/ege-depot-sans-fond.png\",\"contentUrl\":\"https:\\\/\\\/www.solar-depot.lu\\\/wp-content\\\/uploads\\\/2023\\\/08\\\/ege-depot-sans-fond.png\",\"width\":1696,\"height\":536,\"caption\":\"SOLAR DEPOT\"},\"image\":{\"@id\":\"https:\\\/\\\/www.solar-depot.lu\\\/de\\\/#\\\/schema\\\/logo\\\/image\\\/\"}}]}<\/script>\n<!-- \/ Yoast SEO Premium plugin. -->","yoast_head_json":{"title":"Lithiumbatterie Sofar GTX5000-PRO - SOLAR DEPOT","robots":{"index":"index","follow":"follow","max-snippet":"max-snippet:-1","max-image-preview":"max-image-preview:large","max-video-preview":"max-video-preview:-1"},"canonical":"https:\/\/www.solar-depot.lu\/de\/produit\/lithiumbatterie-sofar-gtx5000-pro\/","og_locale":"de_DE","og_type":"article","og_title":"Lithiumbatterie Sofar GTX5000-PRO","og_description":"Die AMASS Store Battery GTX 2500 ist SofarSolars 2,5 kWh Lithium-Speicherbatterie f\u00fcr den Einbau in Schaltschr\u00e4nke. Bis zu acht 48-V-Batterien k\u00f6nnen parallel geschaltet werden.  Der GTX 2500 ist mit den Hybrid-Wechselrichtern der Serien HYD 3000...6000-ES \/ -EP und ME 3000-SP von SofarSolar kompatibel.  Da der Wechselrichter und die Batterie vom selben Hersteller stammen, ist der Installationsprozess schnell, einfach und effizient.  Unterst\u00fctzung der parallelen Erweiterung von Ger\u00e4ten mit bis zu vier parallelen Einheiten.  Automatische Zuweisung von parallelen IDs mit nur einem Knopfdruck f\u00fcr einen einfachen und bequemen Betrieb.  Wand- oder Bodenmontage, was Zeit und Geld bei der Installation spart.","og_url":"https:\/\/www.solar-depot.lu\/de\/produit\/lithiumbatterie-sofar-gtx5000-pro\/","og_site_name":"SOLAR DEPOT","article_modified_time":"2026-02-24T09:26:36+00:00","twitter_card":"summary_large_image","schema":{"@context":"https:\/\/schema.org","@graph":[{"@type":"WebPage","@id":"https:\/\/www.solar-depot.lu\/de\/produit\/lithiumbatterie-sofar-gtx5000-pro\/","url":"https:\/\/www.solar-depot.lu\/de\/produit\/lithiumbatterie-sofar-gtx5000-pro\/","name":"Lithiumbatterie Sofar GTX5000-PRO - SOLAR DEPOT","isPartOf":{"@id":"https:\/\/www.solar-depot.lu\/de\/#website"},"datePublished":"2023-07-04T13:23:25+00:00","dateModified":"2026-02-24T09:26:36+00:00","breadcrumb":{"@id":"https:\/\/www.solar-depot.lu\/de\/produit\/lithiumbatterie-sofar-gtx5000-pro\/#breadcrumb"},"inLanguage":"de","potentialAction":[{"@type":"ReadAction","target":["https:\/\/www.solar-depot.lu\/de\/produit\/lithiumbatterie-sofar-gtx5000-pro\/"]}]},{"@type":"BreadcrumbList","@id":"https:\/\/www.solar-depot.lu\/de\/produit\/lithiumbatterie-sofar-gtx5000-pro\/#breadcrumb","itemListElement":[{"@type":"ListItem","position":1,"name":"Startseite","item":"https:\/\/www.solar-depot.lu\/de\/"},{"@type":"ListItem","position":2,"name":"Lithiumbatterie Sofar GTX5000-PRO"}]},{"@type":"WebSite","@id":"https:\/\/www.solar-depot.lu\/de\/#website","url":"https:\/\/www.solar-depot.lu\/de\/","name":"SOLAR DEPOT","description":"Solar Depot, l&#039;\u00e9nergie solaire \u00e0 emporter chez vous !","publisher":{"@id":"https:\/\/www.solar-depot.lu\/de\/#organization"},"potentialAction":[{"@type":"SearchAction","target":{"@type":"EntryPoint","urlTemplate":"https:\/\/www.solar-depot.lu\/de\/?s={search_term_string}"},"query-input":{"@type":"PropertyValueSpecification","valueRequired":true,"valueName":"search_term_string"}}],"inLanguage":"de"},{"@type":"Organization","@id":"https:\/\/www.solar-depot.lu\/de\/#organization","name":"SOLAR DEPOT","url":"https:\/\/www.solar-depot.lu\/de\/","logo":{"@type":"ImageObject","inLanguage":"de","@id":"https:\/\/www.solar-depot.lu\/de\/#\/schema\/logo\/image\/","url":"https:\/\/www.solar-depot.lu\/wp-content\/uploads\/2023\/08\/ege-depot-sans-fond.png","contentUrl":"https:\/\/www.solar-depot.lu\/wp-content\/uploads\/2023\/08\/ege-depot-sans-fond.png","width":1696,"height":536,"caption":"SOLAR DEPOT"},"image":{"@id":"https:\/\/www.solar-depot.lu\/de\/#\/schema\/logo\/image\/"}}]}},"_links":{"self":[{"href":"https:\/\/www.solar-depot.lu\/de\/wp-json\/wp\/v2\/product\/4327","targetHints":{"allow":["GET"]}}],"collection":[{"href":"https:\/\/www.solar-depot.lu\/de\/wp-json\/wp\/v2\/product"}],"about":[{"href":"https:\/\/www.solar-depot.lu\/de\/wp-json\/wp\/v2\/types\/product"}],"wp:attachment":[{"href":"https:\/\/www.solar-depot.lu\/de\/wp-json\/wp\/v2\/media?parent=4327"}],"wp:term":[{"taxonomy":"product_brand","embeddable":true,"href":"https:\/\/www.solar-depot.lu\/de\/wp-json\/wp\/v2\/product_brand?post=4327"},{"taxonomy":"product_cat","embeddable":true,"href":"https:\/\/www.solar-depot.lu\/de\/wp-json\/wp\/v2\/product_cat?post=4327"},{"taxonomy":"product_tag","embeddable":true,"href":"https:\/\/www.solar-depot.lu\/de\/wp-json\/wp\/v2\/product_tag?post=4327"}],"curies":[{"name":"wp","href":"https:\/\/api.w.org\/{rel}","templated":true}]}}