{"id":4329,"date":"2023-06-30T10:53:10","date_gmt":"2023-06-30T08:53:10","guid":{"rendered":"https:\/\/www.solar-depot.lu\/?post_type=product&#038;p=4329"},"modified":"2026-03-17T11:56:02","modified_gmt":"2026-03-17T10:56:02","slug":"enphase-iq8m-mikro-wechselrichter","status":"publish","type":"product","link":"https:\/\/www.solar-depot.lu\/de\/produit\/enphase-iq8m-mikro-wechselrichter\/","title":{"rendered":"Enphase IQ8M Mikro-Wechselrichter"},"content":{"rendered":"","protected":false},"excerpt":{"rendered":"<p>Die neuesten IQ8M Microinverter sind mit Smart Grids kompatibel und f\u00fcr hocheffiziente Photovoltaikmodule der neuesten Generation ausgelegt.<\/p>\n<p>Der IQ8M Microinverter hat die h\u00f6chste Energieproduktion und Zuverl\u00e4ssigkeit der Branche und erf\u00fcllt mit seiner Schnellabschaltfunktion die strengsten Sicherheitsstandards.<\/p>\n<p>Die IQ8M Microinverter sind nur dann CE-zertifiziert und entsprechen verschiedenen Gesetzgebungen, wenn sie gem\u00e4\u00df den Anweisungen des Herstellers installiert werden.<\/p>\n","protected":false},"featured_media":0,"template":"","meta":{"editor_plus_copied_stylings":"{}"},"product_brand":[],"product_cat":[164],"product_tag":[],"class_list":{"0":"post-4329","1":"product","2":"type-product","3":"status-publish","5":"product_cat-non-classe-de-2","7":"first","8":"instock","9":"taxable","10":"shipping-taxable","11":"purchasable","12":"product-type-simple"},"acf":[],"yoast_head":"<!-- This site is optimized with the Yoast SEO Premium plugin v22.0 (Yoast SEO v27.5) - https:\/\/yoast.com\/product\/yoast-seo-premium-wordpress\/ -->\n<title>Enphase IQ8M Mikro-Wechselrichter - SOLAR DEPOT<\/title>\n<meta name=\"robots\" content=\"index, follow, max-snippet:-1, max-image-preview:large, max-video-preview:-1\" \/>\n<link rel=\"canonical\" href=\"https:\/\/www.solar-depot.lu\/de\/produit\/enphase-iq8m-mikro-wechselrichter\/\" \/>\n<meta property=\"og:locale\" content=\"de_DE\" \/>\n<meta property=\"og:type\" content=\"article\" \/>\n<meta property=\"og:title\" content=\"Enphase IQ8M Mikro-Wechselrichter\" \/>\n<meta property=\"og:description\" content=\"Die neuesten IQ8M Microinverter sind mit Smart Grids kompatibel und f\u00fcr hocheffiziente Photovoltaikmodule der neuesten Generation ausgelegt.  Der IQ8M Microinverter hat die h\u00f6chste Energieproduktion und Zuverl\u00e4ssigkeit der Branche und erf\u00fcllt mit seiner Schnellabschaltfunktion die strengsten Sicherheitsstandards.  Die IQ8M Microinverter sind nur dann CE-zertifiziert und entsprechen verschiedenen Gesetzgebungen, wenn sie gem\u00e4\u00df den Anweisungen des Herstellers installiert werden.\" \/>\n<meta property=\"og:url\" content=\"https:\/\/www.solar-depot.lu\/de\/produit\/enphase-iq8m-mikro-wechselrichter\/\" \/>\n<meta property=\"og:site_name\" content=\"SOLAR DEPOT\" \/>\n<meta property=\"article:modified_time\" content=\"2026-03-17T10:56:02+00:00\" \/>\n<meta name=\"twitter:card\" content=\"summary_large_image\" \/>\n<script type=\"application\/ld+json\" class=\"yoast-schema-graph\">{\"@context\":\"https:\\\/\\\/schema.org\",\"@graph\":[{\"@type\":\"WebPage\",\"@id\":\"https:\\\/\\\/www.solar-depot.lu\\\/de\\\/produit\\\/enphase-iq8m-mikro-wechselrichter\\\/\",\"url\":\"https:\\\/\\\/www.solar-depot.lu\\\/de\\\/produit\\\/enphase-iq8m-mikro-wechselrichter\\\/\",\"name\":\"Enphase IQ8M Mikro-Wechselrichter - SOLAR DEPOT\",\"isPartOf\":{\"@id\":\"https:\\\/\\\/www.solar-depot.lu\\\/de\\\/#website\"},\"datePublished\":\"2023-06-30T08:53:10+00:00\",\"dateModified\":\"2026-03-17T10:56:02+00:00\",\"breadcrumb\":{\"@id\":\"https:\\\/\\\/www.solar-depot.lu\\\/de\\\/produit\\\/enphase-iq8m-mikro-wechselrichter\\\/#breadcrumb\"},\"inLanguage\":\"de\",\"potentialAction\":[{\"@type\":\"ReadAction\",\"target\":[\"https:\\\/\\\/www.solar-depot.lu\\\/de\\\/produit\\\/enphase-iq8m-mikro-wechselrichter\\\/\"]}]},{\"@type\":\"BreadcrumbList\",\"@id\":\"https:\\\/\\\/www.solar-depot.lu\\\/de\\\/produit\\\/enphase-iq8m-mikro-wechselrichter\\\/#breadcrumb\",\"itemListElement\":[{\"@type\":\"ListItem\",\"position\":1,\"name\":\"Startseite\",\"item\":\"https:\\\/\\\/www.solar-depot.lu\\\/de\\\/\"},{\"@type\":\"ListItem\",\"position\":2,\"name\":\"Enphase IQ8M Mikro-Wechselrichter\"}]},{\"@type\":\"WebSite\",\"@id\":\"https:\\\/\\\/www.solar-depot.lu\\\/de\\\/#website\",\"url\":\"https:\\\/\\\/www.solar-depot.lu\\\/de\\\/\",\"name\":\"SOLAR DEPOT\",\"description\":\"Solar Depot, l&#039;\u00e9nergie solaire \u00e0 emporter chez vous !\",\"publisher\":{\"@id\":\"https:\\\/\\\/www.solar-depot.lu\\\/de\\\/#organization\"},\"potentialAction\":[{\"@type\":\"SearchAction\",\"target\":{\"@type\":\"EntryPoint\",\"urlTemplate\":\"https:\\\/\\\/www.solar-depot.lu\\\/de\\\/?s={search_term_string}\"},\"query-input\":{\"@type\":\"PropertyValueSpecification\",\"valueRequired\":true,\"valueName\":\"search_term_string\"}}],\"inLanguage\":\"de\"},{\"@type\":\"Organization\",\"@id\":\"https:\\\/\\\/www.solar-depot.lu\\\/de\\\/#organization\",\"name\":\"SOLAR DEPOT\",\"url\":\"https:\\\/\\\/www.solar-depot.lu\\\/de\\\/\",\"logo\":{\"@type\":\"ImageObject\",\"inLanguage\":\"de\",\"@id\":\"https:\\\/\\\/www.solar-depot.lu\\\/de\\\/#\\\/schema\\\/logo\\\/image\\\/\",\"url\":\"https:\\\/\\\/www.solar-depot.lu\\\/wp-content\\\/uploads\\\/2023\\\/08\\\/ege-depot-sans-fond.png\",\"contentUrl\":\"https:\\\/\\\/www.solar-depot.lu\\\/wp-content\\\/uploads\\\/2023\\\/08\\\/ege-depot-sans-fond.png\",\"width\":1696,\"height\":536,\"caption\":\"SOLAR DEPOT\"},\"image\":{\"@id\":\"https:\\\/\\\/www.solar-depot.lu\\\/de\\\/#\\\/schema\\\/logo\\\/image\\\/\"}}]}<\/script>\n<!-- \/ Yoast SEO Premium plugin. -->","yoast_head_json":{"title":"Enphase IQ8M Mikro-Wechselrichter - SOLAR DEPOT","robots":{"index":"index","follow":"follow","max-snippet":"max-snippet:-1","max-image-preview":"max-image-preview:large","max-video-preview":"max-video-preview:-1"},"canonical":"https:\/\/www.solar-depot.lu\/de\/produit\/enphase-iq8m-mikro-wechselrichter\/","og_locale":"de_DE","og_type":"article","og_title":"Enphase IQ8M Mikro-Wechselrichter","og_description":"Die neuesten IQ8M Microinverter sind mit Smart Grids kompatibel und f\u00fcr hocheffiziente Photovoltaikmodule der neuesten Generation ausgelegt.  Der IQ8M Microinverter hat die h\u00f6chste Energieproduktion und Zuverl\u00e4ssigkeit der Branche und erf\u00fcllt mit seiner Schnellabschaltfunktion die strengsten Sicherheitsstandards.  Die IQ8M Microinverter sind nur dann CE-zertifiziert und entsprechen verschiedenen Gesetzgebungen, wenn sie gem\u00e4\u00df den Anweisungen des Herstellers installiert werden.","og_url":"https:\/\/www.solar-depot.lu\/de\/produit\/enphase-iq8m-mikro-wechselrichter\/","og_site_name":"SOLAR DEPOT","article_modified_time":"2026-03-17T10:56:02+00:00","twitter_card":"summary_large_image","schema":{"@context":"https:\/\/schema.org","@graph":[{"@type":"WebPage","@id":"https:\/\/www.solar-depot.lu\/de\/produit\/enphase-iq8m-mikro-wechselrichter\/","url":"https:\/\/www.solar-depot.lu\/de\/produit\/enphase-iq8m-mikro-wechselrichter\/","name":"Enphase IQ8M Mikro-Wechselrichter - SOLAR DEPOT","isPartOf":{"@id":"https:\/\/www.solar-depot.lu\/de\/#website"},"datePublished":"2023-06-30T08:53:10+00:00","dateModified":"2026-03-17T10:56:02+00:00","breadcrumb":{"@id":"https:\/\/www.solar-depot.lu\/de\/produit\/enphase-iq8m-mikro-wechselrichter\/#breadcrumb"},"inLanguage":"de","potentialAction":[{"@type":"ReadAction","target":["https:\/\/www.solar-depot.lu\/de\/produit\/enphase-iq8m-mikro-wechselrichter\/"]}]},{"@type":"BreadcrumbList","@id":"https:\/\/www.solar-depot.lu\/de\/produit\/enphase-iq8m-mikro-wechselrichter\/#breadcrumb","itemListElement":[{"@type":"ListItem","position":1,"name":"Startseite","item":"https:\/\/www.solar-depot.lu\/de\/"},{"@type":"ListItem","position":2,"name":"Enphase IQ8M Mikro-Wechselrichter"}]},{"@type":"WebSite","@id":"https:\/\/www.solar-depot.lu\/de\/#website","url":"https:\/\/www.solar-depot.lu\/de\/","name":"SOLAR DEPOT","description":"Solar Depot, l&#039;\u00e9nergie solaire \u00e0 emporter chez vous !","publisher":{"@id":"https:\/\/www.solar-depot.lu\/de\/#organization"},"potentialAction":[{"@type":"SearchAction","target":{"@type":"EntryPoint","urlTemplate":"https:\/\/www.solar-depot.lu\/de\/?s={search_term_string}"},"query-input":{"@type":"PropertyValueSpecification","valueRequired":true,"valueName":"search_term_string"}}],"inLanguage":"de"},{"@type":"Organization","@id":"https:\/\/www.solar-depot.lu\/de\/#organization","name":"SOLAR DEPOT","url":"https:\/\/www.solar-depot.lu\/de\/","logo":{"@type":"ImageObject","inLanguage":"de","@id":"https:\/\/www.solar-depot.lu\/de\/#\/schema\/logo\/image\/","url":"https:\/\/www.solar-depot.lu\/wp-content\/uploads\/2023\/08\/ege-depot-sans-fond.png","contentUrl":"https:\/\/www.solar-depot.lu\/wp-content\/uploads\/2023\/08\/ege-depot-sans-fond.png","width":1696,"height":536,"caption":"SOLAR DEPOT"},"image":{"@id":"https:\/\/www.solar-depot.lu\/de\/#\/schema\/logo\/image\/"}}]}},"_links":{"self":[{"href":"https:\/\/www.solar-depot.lu\/de\/wp-json\/wp\/v2\/product\/4329","targetHints":{"allow":["GET"]}}],"collection":[{"href":"https:\/\/www.solar-depot.lu\/de\/wp-json\/wp\/v2\/product"}],"about":[{"href":"https:\/\/www.solar-depot.lu\/de\/wp-json\/wp\/v2\/types\/product"}],"wp:attachment":[{"href":"https:\/\/www.solar-depot.lu\/de\/wp-json\/wp\/v2\/media?parent=4329"}],"wp:term":[{"taxonomy":"product_brand","embeddable":true,"href":"https:\/\/www.solar-depot.lu\/de\/wp-json\/wp\/v2\/product_brand?post=4329"},{"taxonomy":"product_cat","embeddable":true,"href":"https:\/\/www.solar-depot.lu\/de\/wp-json\/wp\/v2\/product_cat?post=4329"},{"taxonomy":"product_tag","embeddable":true,"href":"https:\/\/www.solar-depot.lu\/de\/wp-json\/wp\/v2\/product_tag?post=4329"}],"curies":[{"name":"wp","href":"https:\/\/api.w.org\/{rel}","templated":true}]}}