{"id":4347,"date":"2023-06-20T17:46:03","date_gmt":"2023-06-20T15:46:03","guid":{"rendered":"https:\/\/www.solar-depot.lu\/?post_type=product&#038;p=4347"},"modified":"2026-02-23T11:49:50","modified_gmt":"2026-02-23T10:49:50","slug":"sofar-wechselrichter-dreiphasig-multi-mppt-33kw","status":"publish","type":"product","link":"https:\/\/www.solar-depot.lu\/de\/produit\/sofar-wechselrichter-dreiphasig-multi-mppt-33kw\/","title":{"rendered":"Sofar-Wechselrichter Dreiphasig &#8211; Multi-MPPT &#8211; 33kW"},"content":{"rendered":"","protected":false},"excerpt":{"rendered":"<p>Die SOFAR 25K-50KTLX-G3 Wechselrichterserie ist die verbesserte Version der dreiphasigen Privatkunden-Wechselrichterserie von SofarSolar. Die dritte Generation ist mit zwei MPP-Trackern ausgestattet und besteht aus f\u00fcnf verschiedenen Leistungsklassen, um den Anforderungen von mittelgro\u00dfen PV-Anlagen gerecht zu werden.<\/p>\n<p>Der Wechselrichter verf\u00fcgt \u00fcber vier digitale Eingangsports und einen CT-Eingangsport f\u00fcr die Leistungssteuerung, was eine einfache Konfiguration erm\u00f6glicht, um die Netzcodes in vielen L\u00e4ndern zu erf\u00fcllen. F\u00fcr zus\u00e4tzlichen Schutz ist der Wechselrichter mit integrierten Typ-II-Ableitern auf der DC- und AC-Seite ausgestattet.<\/p>\n<p>Ein WiFi-Schl\u00fcssel wird mit dem Wechselrichter mitgeliefert, um den Wechselrichter einfach mit dem SofarSolar \u00dcberwachungsportal zu verbinden.<\/p>\n","protected":false},"featured_media":0,"template":"","meta":{"editor_plus_copied_stylings":"{}"},"product_brand":[],"product_cat":[164],"product_tag":[],"class_list":{"0":"post-4347","1":"product","2":"type-product","3":"status-publish","5":"product_cat-non-classe-de-2","7":"first","8":"outofstock","9":"taxable","10":"shipping-taxable","11":"purchasable","12":"product-type-simple"},"acf":[],"yoast_head":"<!-- This site is optimized with the Yoast SEO Premium plugin v22.0 (Yoast SEO v27.5) - https:\/\/yoast.com\/product\/yoast-seo-premium-wordpress\/ -->\n<title>Sofar-Wechselrichter Dreiphasig - Multi-MPPT - 33kW - SOLAR DEPOT<\/title>\n<meta name=\"robots\" content=\"index, follow, max-snippet:-1, max-image-preview:large, max-video-preview:-1\" \/>\n<link rel=\"canonical\" href=\"https:\/\/www.solar-depot.lu\/de\/produit\/sofar-wechselrichter-dreiphasig-multi-mppt-33kw\/\" \/>\n<meta property=\"og:locale\" content=\"de_DE\" \/>\n<meta property=\"og:type\" content=\"article\" \/>\n<meta property=\"og:title\" content=\"Sofar-Wechselrichter Dreiphasig - Multi-MPPT - 33kW\" \/>\n<meta property=\"og:description\" content=\"Die SOFAR 25K-50KTLX-G3 Wechselrichterserie ist die verbesserte Version der dreiphasigen Privatkunden-Wechselrichterserie von SofarSolar. Die dritte Generation ist mit zwei MPP-Trackern ausgestattet und besteht aus f\u00fcnf verschiedenen Leistungsklassen, um den Anforderungen von mittelgro\u00dfen PV-Anlagen gerecht zu werden.  Der Wechselrichter verf\u00fcgt \u00fcber vier digitale Eingangsports und einen CT-Eingangsport f\u00fcr die Leistungssteuerung, was eine einfache Konfiguration erm\u00f6glicht, um die Netzcodes in vielen L\u00e4ndern zu erf\u00fcllen. F\u00fcr zus\u00e4tzlichen Schutz ist der Wechselrichter mit integrierten Typ-II-Ableitern auf der DC- und AC-Seite ausgestattet.  Ein WiFi-Schl\u00fcssel wird mit dem Wechselrichter mitgeliefert, um den Wechselrichter einfach mit dem SofarSolar \u00dcberwachungsportal zu verbinden.\" \/>\n<meta property=\"og:url\" content=\"https:\/\/www.solar-depot.lu\/de\/produit\/sofar-wechselrichter-dreiphasig-multi-mppt-33kw\/\" \/>\n<meta property=\"og:site_name\" content=\"SOLAR DEPOT\" \/>\n<meta property=\"article:modified_time\" content=\"2026-02-23T10:49:50+00:00\" \/>\n<meta name=\"twitter:card\" content=\"summary_large_image\" \/>\n<script type=\"application\/ld+json\" class=\"yoast-schema-graph\">{\"@context\":\"https:\\\/\\\/schema.org\",\"@graph\":[{\"@type\":\"WebPage\",\"@id\":\"https:\\\/\\\/www.solar-depot.lu\\\/de\\\/produit\\\/sofar-wechselrichter-dreiphasig-multi-mppt-33kw\\\/\",\"url\":\"https:\\\/\\\/www.solar-depot.lu\\\/de\\\/produit\\\/sofar-wechselrichter-dreiphasig-multi-mppt-33kw\\\/\",\"name\":\"Sofar-Wechselrichter Dreiphasig - Multi-MPPT - 33kW - SOLAR DEPOT\",\"isPartOf\":{\"@id\":\"https:\\\/\\\/www.solar-depot.lu\\\/de\\\/#website\"},\"datePublished\":\"2023-06-20T15:46:03+00:00\",\"dateModified\":\"2026-02-23T10:49:50+00:00\",\"breadcrumb\":{\"@id\":\"https:\\\/\\\/www.solar-depot.lu\\\/de\\\/produit\\\/sofar-wechselrichter-dreiphasig-multi-mppt-33kw\\\/#breadcrumb\"},\"inLanguage\":\"de\",\"potentialAction\":[{\"@type\":\"ReadAction\",\"target\":[\"https:\\\/\\\/www.solar-depot.lu\\\/de\\\/produit\\\/sofar-wechselrichter-dreiphasig-multi-mppt-33kw\\\/\"]}]},{\"@type\":\"BreadcrumbList\",\"@id\":\"https:\\\/\\\/www.solar-depot.lu\\\/de\\\/produit\\\/sofar-wechselrichter-dreiphasig-multi-mppt-33kw\\\/#breadcrumb\",\"itemListElement\":[{\"@type\":\"ListItem\",\"position\":1,\"name\":\"Startseite\",\"item\":\"https:\\\/\\\/www.solar-depot.lu\\\/de\\\/\"},{\"@type\":\"ListItem\",\"position\":2,\"name\":\"Sofar-Wechselrichter Dreiphasig &#8211; Multi-MPPT &#8211; 33kW\"}]},{\"@type\":\"WebSite\",\"@id\":\"https:\\\/\\\/www.solar-depot.lu\\\/de\\\/#website\",\"url\":\"https:\\\/\\\/www.solar-depot.lu\\\/de\\\/\",\"name\":\"SOLAR DEPOT\",\"description\":\"Solar Depot, l&#039;\u00e9nergie solaire \u00e0 emporter chez vous !\",\"publisher\":{\"@id\":\"https:\\\/\\\/www.solar-depot.lu\\\/de\\\/#organization\"},\"potentialAction\":[{\"@type\":\"SearchAction\",\"target\":{\"@type\":\"EntryPoint\",\"urlTemplate\":\"https:\\\/\\\/www.solar-depot.lu\\\/de\\\/?s={search_term_string}\"},\"query-input\":{\"@type\":\"PropertyValueSpecification\",\"valueRequired\":true,\"valueName\":\"search_term_string\"}}],\"inLanguage\":\"de\"},{\"@type\":\"Organization\",\"@id\":\"https:\\\/\\\/www.solar-depot.lu\\\/de\\\/#organization\",\"name\":\"SOLAR DEPOT\",\"url\":\"https:\\\/\\\/www.solar-depot.lu\\\/de\\\/\",\"logo\":{\"@type\":\"ImageObject\",\"inLanguage\":\"de\",\"@id\":\"https:\\\/\\\/www.solar-depot.lu\\\/de\\\/#\\\/schema\\\/logo\\\/image\\\/\",\"url\":\"https:\\\/\\\/www.solar-depot.lu\\\/wp-content\\\/uploads\\\/2023\\\/08\\\/ege-depot-sans-fond.png\",\"contentUrl\":\"https:\\\/\\\/www.solar-depot.lu\\\/wp-content\\\/uploads\\\/2023\\\/08\\\/ege-depot-sans-fond.png\",\"width\":1696,\"height\":536,\"caption\":\"SOLAR DEPOT\"},\"image\":{\"@id\":\"https:\\\/\\\/www.solar-depot.lu\\\/de\\\/#\\\/schema\\\/logo\\\/image\\\/\"}}]}<\/script>\n<!-- \/ Yoast SEO Premium plugin. -->","yoast_head_json":{"title":"Sofar-Wechselrichter Dreiphasig - Multi-MPPT - 33kW - SOLAR DEPOT","robots":{"index":"index","follow":"follow","max-snippet":"max-snippet:-1","max-image-preview":"max-image-preview:large","max-video-preview":"max-video-preview:-1"},"canonical":"https:\/\/www.solar-depot.lu\/de\/produit\/sofar-wechselrichter-dreiphasig-multi-mppt-33kw\/","og_locale":"de_DE","og_type":"article","og_title":"Sofar-Wechselrichter Dreiphasig - Multi-MPPT - 33kW","og_description":"Die SOFAR 25K-50KTLX-G3 Wechselrichterserie ist die verbesserte Version der dreiphasigen Privatkunden-Wechselrichterserie von SofarSolar. Die dritte Generation ist mit zwei MPP-Trackern ausgestattet und besteht aus f\u00fcnf verschiedenen Leistungsklassen, um den Anforderungen von mittelgro\u00dfen PV-Anlagen gerecht zu werden.  Der Wechselrichter verf\u00fcgt \u00fcber vier digitale Eingangsports und einen CT-Eingangsport f\u00fcr die Leistungssteuerung, was eine einfache Konfiguration erm\u00f6glicht, um die Netzcodes in vielen L\u00e4ndern zu erf\u00fcllen. F\u00fcr zus\u00e4tzlichen Schutz ist der Wechselrichter mit integrierten Typ-II-Ableitern auf der DC- und AC-Seite ausgestattet.  Ein WiFi-Schl\u00fcssel wird mit dem Wechselrichter mitgeliefert, um den Wechselrichter einfach mit dem SofarSolar \u00dcberwachungsportal zu verbinden.","og_url":"https:\/\/www.solar-depot.lu\/de\/produit\/sofar-wechselrichter-dreiphasig-multi-mppt-33kw\/","og_site_name":"SOLAR DEPOT","article_modified_time":"2026-02-23T10:49:50+00:00","twitter_card":"summary_large_image","schema":{"@context":"https:\/\/schema.org","@graph":[{"@type":"WebPage","@id":"https:\/\/www.solar-depot.lu\/de\/produit\/sofar-wechselrichter-dreiphasig-multi-mppt-33kw\/","url":"https:\/\/www.solar-depot.lu\/de\/produit\/sofar-wechselrichter-dreiphasig-multi-mppt-33kw\/","name":"Sofar-Wechselrichter Dreiphasig - Multi-MPPT - 33kW - SOLAR DEPOT","isPartOf":{"@id":"https:\/\/www.solar-depot.lu\/de\/#website"},"datePublished":"2023-06-20T15:46:03+00:00","dateModified":"2026-02-23T10:49:50+00:00","breadcrumb":{"@id":"https:\/\/www.solar-depot.lu\/de\/produit\/sofar-wechselrichter-dreiphasig-multi-mppt-33kw\/#breadcrumb"},"inLanguage":"de","potentialAction":[{"@type":"ReadAction","target":["https:\/\/www.solar-depot.lu\/de\/produit\/sofar-wechselrichter-dreiphasig-multi-mppt-33kw\/"]}]},{"@type":"BreadcrumbList","@id":"https:\/\/www.solar-depot.lu\/de\/produit\/sofar-wechselrichter-dreiphasig-multi-mppt-33kw\/#breadcrumb","itemListElement":[{"@type":"ListItem","position":1,"name":"Startseite","item":"https:\/\/www.solar-depot.lu\/de\/"},{"@type":"ListItem","position":2,"name":"Sofar-Wechselrichter Dreiphasig &#8211; Multi-MPPT &#8211; 33kW"}]},{"@type":"WebSite","@id":"https:\/\/www.solar-depot.lu\/de\/#website","url":"https:\/\/www.solar-depot.lu\/de\/","name":"SOLAR DEPOT","description":"Solar Depot, l&#039;\u00e9nergie solaire \u00e0 emporter chez vous !","publisher":{"@id":"https:\/\/www.solar-depot.lu\/de\/#organization"},"potentialAction":[{"@type":"SearchAction","target":{"@type":"EntryPoint","urlTemplate":"https:\/\/www.solar-depot.lu\/de\/?s={search_term_string}"},"query-input":{"@type":"PropertyValueSpecification","valueRequired":true,"valueName":"search_term_string"}}],"inLanguage":"de"},{"@type":"Organization","@id":"https:\/\/www.solar-depot.lu\/de\/#organization","name":"SOLAR DEPOT","url":"https:\/\/www.solar-depot.lu\/de\/","logo":{"@type":"ImageObject","inLanguage":"de","@id":"https:\/\/www.solar-depot.lu\/de\/#\/schema\/logo\/image\/","url":"https:\/\/www.solar-depot.lu\/wp-content\/uploads\/2023\/08\/ege-depot-sans-fond.png","contentUrl":"https:\/\/www.solar-depot.lu\/wp-content\/uploads\/2023\/08\/ege-depot-sans-fond.png","width":1696,"height":536,"caption":"SOLAR DEPOT"},"image":{"@id":"https:\/\/www.solar-depot.lu\/de\/#\/schema\/logo\/image\/"}}]}},"_links":{"self":[{"href":"https:\/\/www.solar-depot.lu\/de\/wp-json\/wp\/v2\/product\/4347","targetHints":{"allow":["GET"]}}],"collection":[{"href":"https:\/\/www.solar-depot.lu\/de\/wp-json\/wp\/v2\/product"}],"about":[{"href":"https:\/\/www.solar-depot.lu\/de\/wp-json\/wp\/v2\/types\/product"}],"wp:attachment":[{"href":"https:\/\/www.solar-depot.lu\/de\/wp-json\/wp\/v2\/media?parent=4347"}],"wp:term":[{"taxonomy":"product_brand","embeddable":true,"href":"https:\/\/www.solar-depot.lu\/de\/wp-json\/wp\/v2\/product_brand?post=4347"},{"taxonomy":"product_cat","embeddable":true,"href":"https:\/\/www.solar-depot.lu\/de\/wp-json\/wp\/v2\/product_cat?post=4347"},{"taxonomy":"product_tag","embeddable":true,"href":"https:\/\/www.solar-depot.lu\/de\/wp-json\/wp\/v2\/product_tag?post=4347"}],"curies":[{"name":"wp","href":"https:\/\/api.w.org\/{rel}","templated":true}]}}