{"id":4368,"date":"2023-05-30T09:11:30","date_gmt":"2023-05-30T07:11:30","guid":{"rendered":"https:\/\/www.solar-depot.lu\/?post_type=product&#038;p=4368"},"modified":"2023-08-24T10:38:42","modified_gmt":"2023-08-24T08:38:42","slug":"enphase-q-kabel-dreiphasig-2-5mm2-1-7-m","status":"publish","type":"product","link":"https:\/\/www.solar-depot.lu\/de\/produit\/enphase-q-kabel-dreiphasig-2-5mm2-1-7-m\/","title":{"rendered":"Enphase Q-Kabel, dreiphasig, 2.5mm2 &#8211; 1.7 m"},"content":{"rendered":"","protected":false},"excerpt":{"rendered":"<p>IQ Cable und Zubeh\u00f6r sind Teil des Enphase Energy System. Diese Produkte erm\u00f6glichen schnelle, einfache und zuverl\u00e4ssige Installationen. Das IQ Cable besteht aus 2,5 mm\u00b2 UV-best\u00e4ndigen, durchgehenden Kabeln mit vorinstallierten Anschl\u00fcssen f\u00fcr die IQ Series Microinverter. Sie werden f\u00fcr Photovoltaikmodule im Hochformat verwendet.<\/p>\n<p>Details:<\/p>\n<p>2-Draht-Kabel ist 50% leichter als Enphase-Kabel der vorherigen Generation<br \/>\nNeue Kabelnummerierung vereinfacht das Kabelmanagement<br \/>\nPlug &amp; Play-Anschl\u00fcsse beschleunigen die Installation<br \/>\nVerbindungsverbinder beseitigen die Verschwendung von Kabeln<\/p>\n","protected":false},"featured_media":0,"template":"","meta":{"editor_plus_copied_stylings":"{}"},"product_brand":[],"product_cat":[164],"product_tag":[],"class_list":{"0":"post-4368","1":"product","2":"type-product","3":"status-publish","5":"product_cat-non-classe-de-2","7":"first","8":"instock","9":"taxable","10":"shipping-taxable","11":"purchasable","12":"product-type-simple"},"acf":[],"yoast_head":"<!-- This site is optimized with the Yoast SEO Premium plugin v22.0 (Yoast SEO v27.5) - https:\/\/yoast.com\/product\/yoast-seo-premium-wordpress\/ -->\n<title>Enphase Q-Kabel, dreiphasig, 2.5mm2 - 1.7 m - SOLAR DEPOT<\/title>\n<meta name=\"robots\" content=\"index, follow, max-snippet:-1, max-image-preview:large, max-video-preview:-1\" \/>\n<link rel=\"canonical\" href=\"https:\/\/www.solar-depot.lu\/de\/produit\/enphase-q-kabel-dreiphasig-2-5mm2-1-7-m\/\" \/>\n<meta property=\"og:locale\" content=\"de_DE\" \/>\n<meta property=\"og:type\" content=\"article\" \/>\n<meta property=\"og:title\" content=\"Enphase Q-Kabel, dreiphasig, 2.5mm2 - 1.7 m\" \/>\n<meta property=\"og:description\" content=\"IQ Cable und Zubeh\u00f6r sind Teil des Enphase Energy System. Diese Produkte erm\u00f6glichen schnelle, einfache und zuverl\u00e4ssige Installationen. Das IQ Cable besteht aus 2,5 mm\u00b2 UV-best\u00e4ndigen, durchgehenden Kabeln mit vorinstallierten Anschl\u00fcssen f\u00fcr die IQ Series Microinverter. Sie werden f\u00fcr Photovoltaikmodule im Hochformat verwendet.  Details:  2-Draht-Kabel ist 50% leichter als Enphase-Kabel der vorherigen Generation Neue Kabelnummerierung vereinfacht das Kabelmanagement Plug &amp; Play-Anschl\u00fcsse beschleunigen die Installation Verbindungsverbinder beseitigen die Verschwendung von Kabeln\" \/>\n<meta property=\"og:url\" content=\"https:\/\/www.solar-depot.lu\/de\/produit\/enphase-q-kabel-dreiphasig-2-5mm2-1-7-m\/\" \/>\n<meta property=\"og:site_name\" content=\"SOLAR DEPOT\" \/>\n<meta property=\"article:modified_time\" content=\"2023-08-24T08:38:42+00:00\" \/>\n<meta name=\"twitter:card\" content=\"summary_large_image\" \/>\n<script type=\"application\/ld+json\" class=\"yoast-schema-graph\">{\"@context\":\"https:\\\/\\\/schema.org\",\"@graph\":[{\"@type\":\"WebPage\",\"@id\":\"https:\\\/\\\/www.solar-depot.lu\\\/de\\\/produit\\\/enphase-q-kabel-dreiphasig-2-5mm2-1-7-m\\\/\",\"url\":\"https:\\\/\\\/www.solar-depot.lu\\\/de\\\/produit\\\/enphase-q-kabel-dreiphasig-2-5mm2-1-7-m\\\/\",\"name\":\"Enphase Q-Kabel, dreiphasig, 2.5mm2 - 1.7 m - SOLAR DEPOT\",\"isPartOf\":{\"@id\":\"https:\\\/\\\/www.solar-depot.lu\\\/de\\\/#website\"},\"datePublished\":\"2023-05-30T07:11:30+00:00\",\"dateModified\":\"2023-08-24T08:38:42+00:00\",\"breadcrumb\":{\"@id\":\"https:\\\/\\\/www.solar-depot.lu\\\/de\\\/produit\\\/enphase-q-kabel-dreiphasig-2-5mm2-1-7-m\\\/#breadcrumb\"},\"inLanguage\":\"de\",\"potentialAction\":[{\"@type\":\"ReadAction\",\"target\":[\"https:\\\/\\\/www.solar-depot.lu\\\/de\\\/produit\\\/enphase-q-kabel-dreiphasig-2-5mm2-1-7-m\\\/\"]}]},{\"@type\":\"BreadcrumbList\",\"@id\":\"https:\\\/\\\/www.solar-depot.lu\\\/de\\\/produit\\\/enphase-q-kabel-dreiphasig-2-5mm2-1-7-m\\\/#breadcrumb\",\"itemListElement\":[{\"@type\":\"ListItem\",\"position\":1,\"name\":\"Startseite\",\"item\":\"https:\\\/\\\/www.solar-depot.lu\\\/de\\\/\"},{\"@type\":\"ListItem\",\"position\":2,\"name\":\"Enphase Q-Kabel, dreiphasig, 2.5mm2 &#8211; 1.7 m\"}]},{\"@type\":\"WebSite\",\"@id\":\"https:\\\/\\\/www.solar-depot.lu\\\/de\\\/#website\",\"url\":\"https:\\\/\\\/www.solar-depot.lu\\\/de\\\/\",\"name\":\"SOLAR DEPOT\",\"description\":\"Solar Depot, l&#039;\u00e9nergie solaire \u00e0 emporter chez vous !\",\"publisher\":{\"@id\":\"https:\\\/\\\/www.solar-depot.lu\\\/de\\\/#organization\"},\"potentialAction\":[{\"@type\":\"SearchAction\",\"target\":{\"@type\":\"EntryPoint\",\"urlTemplate\":\"https:\\\/\\\/www.solar-depot.lu\\\/de\\\/?s={search_term_string}\"},\"query-input\":{\"@type\":\"PropertyValueSpecification\",\"valueRequired\":true,\"valueName\":\"search_term_string\"}}],\"inLanguage\":\"de\"},{\"@type\":\"Organization\",\"@id\":\"https:\\\/\\\/www.solar-depot.lu\\\/de\\\/#organization\",\"name\":\"SOLAR DEPOT\",\"url\":\"https:\\\/\\\/www.solar-depot.lu\\\/de\\\/\",\"logo\":{\"@type\":\"ImageObject\",\"inLanguage\":\"de\",\"@id\":\"https:\\\/\\\/www.solar-depot.lu\\\/de\\\/#\\\/schema\\\/logo\\\/image\\\/\",\"url\":\"https:\\\/\\\/www.solar-depot.lu\\\/wp-content\\\/uploads\\\/2023\\\/08\\\/ege-depot-sans-fond.png\",\"contentUrl\":\"https:\\\/\\\/www.solar-depot.lu\\\/wp-content\\\/uploads\\\/2023\\\/08\\\/ege-depot-sans-fond.png\",\"width\":1696,\"height\":536,\"caption\":\"SOLAR DEPOT\"},\"image\":{\"@id\":\"https:\\\/\\\/www.solar-depot.lu\\\/de\\\/#\\\/schema\\\/logo\\\/image\\\/\"}}]}<\/script>\n<!-- \/ Yoast SEO Premium plugin. -->","yoast_head_json":{"title":"Enphase Q-Kabel, dreiphasig, 2.5mm2 - 1.7 m - SOLAR DEPOT","robots":{"index":"index","follow":"follow","max-snippet":"max-snippet:-1","max-image-preview":"max-image-preview:large","max-video-preview":"max-video-preview:-1"},"canonical":"https:\/\/www.solar-depot.lu\/de\/produit\/enphase-q-kabel-dreiphasig-2-5mm2-1-7-m\/","og_locale":"de_DE","og_type":"article","og_title":"Enphase Q-Kabel, dreiphasig, 2.5mm2 - 1.7 m","og_description":"IQ Cable und Zubeh\u00f6r sind Teil des Enphase Energy System. Diese Produkte erm\u00f6glichen schnelle, einfache und zuverl\u00e4ssige Installationen. Das IQ Cable besteht aus 2,5 mm\u00b2 UV-best\u00e4ndigen, durchgehenden Kabeln mit vorinstallierten Anschl\u00fcssen f\u00fcr die IQ Series Microinverter. Sie werden f\u00fcr Photovoltaikmodule im Hochformat verwendet.  Details:  2-Draht-Kabel ist 50% leichter als Enphase-Kabel der vorherigen Generation Neue Kabelnummerierung vereinfacht das Kabelmanagement Plug &amp; Play-Anschl\u00fcsse beschleunigen die Installation Verbindungsverbinder beseitigen die Verschwendung von Kabeln","og_url":"https:\/\/www.solar-depot.lu\/de\/produit\/enphase-q-kabel-dreiphasig-2-5mm2-1-7-m\/","og_site_name":"SOLAR DEPOT","article_modified_time":"2023-08-24T08:38:42+00:00","twitter_card":"summary_large_image","schema":{"@context":"https:\/\/schema.org","@graph":[{"@type":"WebPage","@id":"https:\/\/www.solar-depot.lu\/de\/produit\/enphase-q-kabel-dreiphasig-2-5mm2-1-7-m\/","url":"https:\/\/www.solar-depot.lu\/de\/produit\/enphase-q-kabel-dreiphasig-2-5mm2-1-7-m\/","name":"Enphase Q-Kabel, dreiphasig, 2.5mm2 - 1.7 m - SOLAR DEPOT","isPartOf":{"@id":"https:\/\/www.solar-depot.lu\/de\/#website"},"datePublished":"2023-05-30T07:11:30+00:00","dateModified":"2023-08-24T08:38:42+00:00","breadcrumb":{"@id":"https:\/\/www.solar-depot.lu\/de\/produit\/enphase-q-kabel-dreiphasig-2-5mm2-1-7-m\/#breadcrumb"},"inLanguage":"de","potentialAction":[{"@type":"ReadAction","target":["https:\/\/www.solar-depot.lu\/de\/produit\/enphase-q-kabel-dreiphasig-2-5mm2-1-7-m\/"]}]},{"@type":"BreadcrumbList","@id":"https:\/\/www.solar-depot.lu\/de\/produit\/enphase-q-kabel-dreiphasig-2-5mm2-1-7-m\/#breadcrumb","itemListElement":[{"@type":"ListItem","position":1,"name":"Startseite","item":"https:\/\/www.solar-depot.lu\/de\/"},{"@type":"ListItem","position":2,"name":"Enphase Q-Kabel, dreiphasig, 2.5mm2 &#8211; 1.7 m"}]},{"@type":"WebSite","@id":"https:\/\/www.solar-depot.lu\/de\/#website","url":"https:\/\/www.solar-depot.lu\/de\/","name":"SOLAR DEPOT","description":"Solar Depot, l&#039;\u00e9nergie solaire \u00e0 emporter chez vous !","publisher":{"@id":"https:\/\/www.solar-depot.lu\/de\/#organization"},"potentialAction":[{"@type":"SearchAction","target":{"@type":"EntryPoint","urlTemplate":"https:\/\/www.solar-depot.lu\/de\/?s={search_term_string}"},"query-input":{"@type":"PropertyValueSpecification","valueRequired":true,"valueName":"search_term_string"}}],"inLanguage":"de"},{"@type":"Organization","@id":"https:\/\/www.solar-depot.lu\/de\/#organization","name":"SOLAR DEPOT","url":"https:\/\/www.solar-depot.lu\/de\/","logo":{"@type":"ImageObject","inLanguage":"de","@id":"https:\/\/www.solar-depot.lu\/de\/#\/schema\/logo\/image\/","url":"https:\/\/www.solar-depot.lu\/wp-content\/uploads\/2023\/08\/ege-depot-sans-fond.png","contentUrl":"https:\/\/www.solar-depot.lu\/wp-content\/uploads\/2023\/08\/ege-depot-sans-fond.png","width":1696,"height":536,"caption":"SOLAR DEPOT"},"image":{"@id":"https:\/\/www.solar-depot.lu\/de\/#\/schema\/logo\/image\/"}}]}},"_links":{"self":[{"href":"https:\/\/www.solar-depot.lu\/de\/wp-json\/wp\/v2\/product\/4368","targetHints":{"allow":["GET"]}}],"collection":[{"href":"https:\/\/www.solar-depot.lu\/de\/wp-json\/wp\/v2\/product"}],"about":[{"href":"https:\/\/www.solar-depot.lu\/de\/wp-json\/wp\/v2\/types\/product"}],"wp:attachment":[{"href":"https:\/\/www.solar-depot.lu\/de\/wp-json\/wp\/v2\/media?parent=4368"}],"wp:term":[{"taxonomy":"product_brand","embeddable":true,"href":"https:\/\/www.solar-depot.lu\/de\/wp-json\/wp\/v2\/product_brand?post=4368"},{"taxonomy":"product_cat","embeddable":true,"href":"https:\/\/www.solar-depot.lu\/de\/wp-json\/wp\/v2\/product_cat?post=4368"},{"taxonomy":"product_tag","embeddable":true,"href":"https:\/\/www.solar-depot.lu\/de\/wp-json\/wp\/v2\/product_tag?post=4368"}],"curies":[{"name":"wp","href":"https:\/\/api.w.org\/{rel}","templated":true}]}}