{"id":4413,"date":"2023-05-19T11:13:23","date_gmt":"2023-05-19T09:13:23","guid":{"rendered":"https:\/\/www.solar-depot.lu\/?post_type=product&#038;p=4413"},"modified":"2026-02-20T16:02:53","modified_gmt":"2026-02-20T15:02:53","slug":"solarmodul-410wp-halbzelle-full-black-palette","status":"publish","type":"product","link":"https:\/\/www.solar-depot.lu\/de\/produit\/solarmodul-410wp-halbzelle-full-black-palette\/","title":{"rendered":"Solarmodul 410Wp Halbzelle Full Black &#8211; Palette"},"content":{"rendered":"","protected":false},"excerpt":{"rendered":"<p>Eco Green Energy wurde 2008 gegr\u00fcndet und ist ein franz\u00f6sischer Hersteller von Photovoltaik-Solarmodulen, der seine Module in \u00fcber 60 L\u00e4ndern weltweit vertreibt. Die Solarmodule der Atlas-Serie werden ausschlie\u00dflich mit A-Qualit\u00e4tszellen hergestellt, um eine maximale Energieproduktion und m\u00f6glichst niedrige Gesamtbetriebskosten zu erzielen und eine Lebensdauer von mehr als 25 Jahren zu gew\u00e4hrleisten. Unsere Module werden in unserer 4.o 1GW-Fabrik mit den besten Maschinen auf dem Markt unter Einhaltung der strengsten Produktions- und Qualit\u00e4tskontrollstandards hergestellt. Wir haben die Serie ATLAS ALL BLACK eingef\u00fchrt, unsere neueste Linie von Photovoltaikmodulen, die ein Modul mit 108 Zellen und 410W umfasst.\\Dieses Modul eignet sich besonders f\u00fcr Installationen in Wohnh\u00e4usern, Gewerbe- und Industrieanlagen, auf D\u00e4chern oder auf dem Boden.\\&amp;nbsp;\\nbsp;\\ntlATLAS FULL BLACK 10BB Monokristallines Modul mit 108 Zellen, EGE-430W-108M(M10)&#8221;<\/p>\n","protected":false},"featured_media":0,"template":"","meta":{"editor_plus_copied_stylings":"{}"},"product_brand":[],"product_cat":[164],"product_tag":[],"class_list":{"0":"post-4413","1":"product","2":"type-product","3":"status-publish","5":"product_cat-non-classe-de-2","7":"first","8":"instock","9":"taxable","10":"shipping-taxable","11":"purchasable","12":"product-type-simple"},"acf":[],"yoast_head":"<!-- This site is optimized with the Yoast SEO Premium plugin v22.0 (Yoast SEO v27.4) - https:\/\/yoast.com\/product\/yoast-seo-premium-wordpress\/ -->\n<title>Solarmodul 410Wp Halbzelle Full Black - Palette - SOLAR DEPOT<\/title>\n<meta name=\"robots\" content=\"index, follow, max-snippet:-1, max-image-preview:large, max-video-preview:-1\" \/>\n<link rel=\"canonical\" href=\"https:\/\/www.solar-depot.lu\/de\/produit\/solarmodul-410wp-halbzelle-full-black-palette\/\" \/>\n<meta property=\"og:locale\" content=\"de_DE\" \/>\n<meta property=\"og:type\" content=\"article\" \/>\n<meta property=\"og:title\" content=\"Solarmodul 410Wp Halbzelle Full Black - Palette\" \/>\n<meta property=\"og:description\" content=\"Eco Green Energy wurde 2008 gegr\u00fcndet und ist ein franz\u00f6sischer Hersteller von Photovoltaik-Solarmodulen, der seine Module in \u00fcber 60 L\u00e4ndern weltweit vertreibt. Die Solarmodule der Atlas-Serie werden ausschlie\u00dflich mit A-Qualit\u00e4tszellen hergestellt, um eine maximale Energieproduktion und m\u00f6glichst niedrige Gesamtbetriebskosten zu erzielen und eine Lebensdauer von mehr als 25 Jahren zu gew\u00e4hrleisten. Unsere Module werden in unserer 4.o 1GW-Fabrik mit den besten Maschinen auf dem Markt unter Einhaltung der strengsten Produktions- und Qualit\u00e4tskontrollstandards hergestellt. Wir haben die Serie ATLAS ALL BLACK eingef\u00fchrt, unsere neueste Linie von Photovoltaikmodulen, die ein Modul mit 108 Zellen und 410W umfasst.Dieses Modul eignet sich besonders f\u00fcr Installationen in Wohnh\u00e4usern, Gewerbe- und Industrieanlagen, auf D\u00e4chern oder auf dem Boden.&amp;nbsp;nbsp;ntlATLAS FULL BLACK 10BB Monokristallines Modul mit 108 Zellen, EGE-430W-108M(M10)&quot;\" \/>\n<meta property=\"og:url\" content=\"https:\/\/www.solar-depot.lu\/de\/produit\/solarmodul-410wp-halbzelle-full-black-palette\/\" \/>\n<meta property=\"og:site_name\" content=\"SOLAR DEPOT\" \/>\n<meta property=\"article:modified_time\" content=\"2026-02-20T15:02:53+00:00\" \/>\n<meta name=\"twitter:card\" content=\"summary_large_image\" \/>\n<script type=\"application\/ld+json\" class=\"yoast-schema-graph\">{\"@context\":\"https:\\\/\\\/schema.org\",\"@graph\":[{\"@type\":\"WebPage\",\"@id\":\"https:\\\/\\\/www.solar-depot.lu\\\/de\\\/produit\\\/solarmodul-410wp-halbzelle-full-black-palette\\\/\",\"url\":\"https:\\\/\\\/www.solar-depot.lu\\\/de\\\/produit\\\/solarmodul-410wp-halbzelle-full-black-palette\\\/\",\"name\":\"Solarmodul 410Wp Halbzelle Full Black - Palette - SOLAR DEPOT\",\"isPartOf\":{\"@id\":\"https:\\\/\\\/www.solar-depot.lu\\\/de\\\/#website\"},\"datePublished\":\"2023-05-19T09:13:23+00:00\",\"dateModified\":\"2026-02-20T15:02:53+00:00\",\"breadcrumb\":{\"@id\":\"https:\\\/\\\/www.solar-depot.lu\\\/de\\\/produit\\\/solarmodul-410wp-halbzelle-full-black-palette\\\/#breadcrumb\"},\"inLanguage\":\"de\",\"potentialAction\":[{\"@type\":\"ReadAction\",\"target\":[\"https:\\\/\\\/www.solar-depot.lu\\\/de\\\/produit\\\/solarmodul-410wp-halbzelle-full-black-palette\\\/\"]}]},{\"@type\":\"BreadcrumbList\",\"@id\":\"https:\\\/\\\/www.solar-depot.lu\\\/de\\\/produit\\\/solarmodul-410wp-halbzelle-full-black-palette\\\/#breadcrumb\",\"itemListElement\":[{\"@type\":\"ListItem\",\"position\":1,\"name\":\"Startseite\",\"item\":\"https:\\\/\\\/www.solar-depot.lu\\\/de\\\/\"},{\"@type\":\"ListItem\",\"position\":2,\"name\":\"Solarmodul 410Wp Halbzelle Full Black &#8211; Palette\"}]},{\"@type\":\"WebSite\",\"@id\":\"https:\\\/\\\/www.solar-depot.lu\\\/de\\\/#website\",\"url\":\"https:\\\/\\\/www.solar-depot.lu\\\/de\\\/\",\"name\":\"SOLAR DEPOT\",\"description\":\"Solar Depot, l&#039;\u00e9nergie solaire \u00e0 emporter chez vous !\",\"publisher\":{\"@id\":\"https:\\\/\\\/www.solar-depot.lu\\\/de\\\/#organization\"},\"potentialAction\":[{\"@type\":\"SearchAction\",\"target\":{\"@type\":\"EntryPoint\",\"urlTemplate\":\"https:\\\/\\\/www.solar-depot.lu\\\/de\\\/?s={search_term_string}\"},\"query-input\":{\"@type\":\"PropertyValueSpecification\",\"valueRequired\":true,\"valueName\":\"search_term_string\"}}],\"inLanguage\":\"de\"},{\"@type\":\"Organization\",\"@id\":\"https:\\\/\\\/www.solar-depot.lu\\\/de\\\/#organization\",\"name\":\"SOLAR DEPOT\",\"url\":\"https:\\\/\\\/www.solar-depot.lu\\\/de\\\/\",\"logo\":{\"@type\":\"ImageObject\",\"inLanguage\":\"de\",\"@id\":\"https:\\\/\\\/www.solar-depot.lu\\\/de\\\/#\\\/schema\\\/logo\\\/image\\\/\",\"url\":\"https:\\\/\\\/www.solar-depot.lu\\\/wp-content\\\/uploads\\\/2023\\\/08\\\/ege-depot-sans-fond.png\",\"contentUrl\":\"https:\\\/\\\/www.solar-depot.lu\\\/wp-content\\\/uploads\\\/2023\\\/08\\\/ege-depot-sans-fond.png\",\"width\":1696,\"height\":536,\"caption\":\"SOLAR DEPOT\"},\"image\":{\"@id\":\"https:\\\/\\\/www.solar-depot.lu\\\/de\\\/#\\\/schema\\\/logo\\\/image\\\/\"}}]}<\/script>\n<!-- \/ Yoast SEO Premium plugin. -->","yoast_head_json":{"title":"Solarmodul 410Wp Halbzelle Full Black - Palette - SOLAR DEPOT","robots":{"index":"index","follow":"follow","max-snippet":"max-snippet:-1","max-image-preview":"max-image-preview:large","max-video-preview":"max-video-preview:-1"},"canonical":"https:\/\/www.solar-depot.lu\/de\/produit\/solarmodul-410wp-halbzelle-full-black-palette\/","og_locale":"de_DE","og_type":"article","og_title":"Solarmodul 410Wp Halbzelle Full Black - Palette","og_description":"Eco Green Energy wurde 2008 gegr\u00fcndet und ist ein franz\u00f6sischer Hersteller von Photovoltaik-Solarmodulen, der seine Module in \u00fcber 60 L\u00e4ndern weltweit vertreibt. Die Solarmodule der Atlas-Serie werden ausschlie\u00dflich mit A-Qualit\u00e4tszellen hergestellt, um eine maximale Energieproduktion und m\u00f6glichst niedrige Gesamtbetriebskosten zu erzielen und eine Lebensdauer von mehr als 25 Jahren zu gew\u00e4hrleisten. Unsere Module werden in unserer 4.o 1GW-Fabrik mit den besten Maschinen auf dem Markt unter Einhaltung der strengsten Produktions- und Qualit\u00e4tskontrollstandards hergestellt. Wir haben die Serie ATLAS ALL BLACK eingef\u00fchrt, unsere neueste Linie von Photovoltaikmodulen, die ein Modul mit 108 Zellen und 410W umfasst.Dieses Modul eignet sich besonders f\u00fcr Installationen in Wohnh\u00e4usern, Gewerbe- und Industrieanlagen, auf D\u00e4chern oder auf dem Boden.&amp;nbsp;nbsp;ntlATLAS FULL BLACK 10BB Monokristallines Modul mit 108 Zellen, EGE-430W-108M(M10)\"","og_url":"https:\/\/www.solar-depot.lu\/de\/produit\/solarmodul-410wp-halbzelle-full-black-palette\/","og_site_name":"SOLAR DEPOT","article_modified_time":"2026-02-20T15:02:53+00:00","twitter_card":"summary_large_image","schema":{"@context":"https:\/\/schema.org","@graph":[{"@type":"WebPage","@id":"https:\/\/www.solar-depot.lu\/de\/produit\/solarmodul-410wp-halbzelle-full-black-palette\/","url":"https:\/\/www.solar-depot.lu\/de\/produit\/solarmodul-410wp-halbzelle-full-black-palette\/","name":"Solarmodul 410Wp Halbzelle Full Black - Palette - SOLAR DEPOT","isPartOf":{"@id":"https:\/\/www.solar-depot.lu\/de\/#website"},"datePublished":"2023-05-19T09:13:23+00:00","dateModified":"2026-02-20T15:02:53+00:00","breadcrumb":{"@id":"https:\/\/www.solar-depot.lu\/de\/produit\/solarmodul-410wp-halbzelle-full-black-palette\/#breadcrumb"},"inLanguage":"de","potentialAction":[{"@type":"ReadAction","target":["https:\/\/www.solar-depot.lu\/de\/produit\/solarmodul-410wp-halbzelle-full-black-palette\/"]}]},{"@type":"BreadcrumbList","@id":"https:\/\/www.solar-depot.lu\/de\/produit\/solarmodul-410wp-halbzelle-full-black-palette\/#breadcrumb","itemListElement":[{"@type":"ListItem","position":1,"name":"Startseite","item":"https:\/\/www.solar-depot.lu\/de\/"},{"@type":"ListItem","position":2,"name":"Solarmodul 410Wp Halbzelle Full Black &#8211; Palette"}]},{"@type":"WebSite","@id":"https:\/\/www.solar-depot.lu\/de\/#website","url":"https:\/\/www.solar-depot.lu\/de\/","name":"SOLAR DEPOT","description":"Solar Depot, l&#039;\u00e9nergie solaire \u00e0 emporter chez vous !","publisher":{"@id":"https:\/\/www.solar-depot.lu\/de\/#organization"},"potentialAction":[{"@type":"SearchAction","target":{"@type":"EntryPoint","urlTemplate":"https:\/\/www.solar-depot.lu\/de\/?s={search_term_string}"},"query-input":{"@type":"PropertyValueSpecification","valueRequired":true,"valueName":"search_term_string"}}],"inLanguage":"de"},{"@type":"Organization","@id":"https:\/\/www.solar-depot.lu\/de\/#organization","name":"SOLAR DEPOT","url":"https:\/\/www.solar-depot.lu\/de\/","logo":{"@type":"ImageObject","inLanguage":"de","@id":"https:\/\/www.solar-depot.lu\/de\/#\/schema\/logo\/image\/","url":"https:\/\/www.solar-depot.lu\/wp-content\/uploads\/2023\/08\/ege-depot-sans-fond.png","contentUrl":"https:\/\/www.solar-depot.lu\/wp-content\/uploads\/2023\/08\/ege-depot-sans-fond.png","width":1696,"height":536,"caption":"SOLAR DEPOT"},"image":{"@id":"https:\/\/www.solar-depot.lu\/de\/#\/schema\/logo\/image\/"}}]}},"_links":{"self":[{"href":"https:\/\/www.solar-depot.lu\/de\/wp-json\/wp\/v2\/product\/4413","targetHints":{"allow":["GET"]}}],"collection":[{"href":"https:\/\/www.solar-depot.lu\/de\/wp-json\/wp\/v2\/product"}],"about":[{"href":"https:\/\/www.solar-depot.lu\/de\/wp-json\/wp\/v2\/types\/product"}],"wp:attachment":[{"href":"https:\/\/www.solar-depot.lu\/de\/wp-json\/wp\/v2\/media?parent=4413"}],"wp:term":[{"taxonomy":"product_brand","embeddable":true,"href":"https:\/\/www.solar-depot.lu\/de\/wp-json\/wp\/v2\/product_brand?post=4413"},{"taxonomy":"product_cat","embeddable":true,"href":"https:\/\/www.solar-depot.lu\/de\/wp-json\/wp\/v2\/product_cat?post=4413"},{"taxonomy":"product_tag","embeddable":true,"href":"https:\/\/www.solar-depot.lu\/de\/wp-json\/wp\/v2\/product_tag?post=4413"}],"curies":[{"name":"wp","href":"https:\/\/api.w.org\/{rel}","templated":true}]}}