{"id":4425,"date":"2023-05-17T13:28:24","date_gmt":"2023-05-17T11:28:24","guid":{"rendered":"https:\/\/www.solar-depot.lu\/?post_type=product&#038;p=4425"},"modified":"2026-02-20T15:48:45","modified_gmt":"2026-02-20T14:48:45","slug":"solarmodul-430wp-halbzelle-topcon-glas-glas-palette","status":"publish","type":"product","link":"https:\/\/www.solar-depot.lu\/de\/produit\/solarmodul-430wp-halbzelle-topcon-glas-glas-palette\/","title":{"rendered":"Solarmodul 430Wp Halbzelle TOPCON Glas-Glas &#8211; Palette"},"content":{"rendered":"","protected":false},"excerpt":{"rendered":"<p>Eco Green Energy wurde 2008 gegr\u00fcndet und ist ein franz\u00f6sischer Hersteller von Solarmodulen, der seine Module in \u00fcber 60 L\u00e4ndern weltweit vertreibt. Die Solarmodule der Atlas-Serie werden ausschlie\u00dflich mit A-Qualit\u00e4tszellen hergestellt, um eine maximale Energieproduktion und m\u00f6glichst niedrige Gesamtbetriebskosten zu erzielen und eine Lebensdauer von mehr als 25 Jahren zu garantieren. Unsere Module werden in unserer 4.o 1GW-Fabrik mit den besten Maschinen auf dem Markt nach den h\u00f6chsten Standards f\u00fcr Produktion und Qualit\u00e4tskontrolle hergestellt. Wir haben die ATLAS TOPCON DOUBLE GLASS Serie eingef\u00fchrt, unsere neueste Linie von Photovoltaikmodulen, die ein Modul mit 108 Zellen und einer Leistung von 430W umfasst.<\/p>\n","protected":false},"featured_media":0,"template":"","meta":{"editor_plus_copied_stylings":"{}"},"product_brand":[],"product_cat":[164],"product_tag":[],"class_list":{"0":"post-4425","1":"product","2":"type-product","3":"status-publish","5":"product_cat-non-classe-de-2","7":"first","8":"onbackorder","9":"taxable","10":"shipping-taxable","11":"purchasable","12":"product-type-simple"},"acf":[],"yoast_head":"<!-- This site is optimized with the Yoast SEO Premium plugin v22.0 (Yoast SEO v27.5) - https:\/\/yoast.com\/product\/yoast-seo-premium-wordpress\/ -->\n<title>Solarmodul 430Wp Halbzelle TOPCON Glas-Glas - Palette - SOLAR DEPOT<\/title>\n<meta name=\"robots\" content=\"index, follow, max-snippet:-1, max-image-preview:large, max-video-preview:-1\" \/>\n<link rel=\"canonical\" href=\"https:\/\/www.solar-depot.lu\/de\/produit\/solarmodul-430wp-halbzelle-topcon-glas-glas-palette\/\" \/>\n<meta property=\"og:locale\" content=\"de_DE\" \/>\n<meta property=\"og:type\" content=\"article\" \/>\n<meta property=\"og:title\" content=\"Solarmodul 430Wp Halbzelle TOPCON Glas-Glas - Palette\" \/>\n<meta property=\"og:description\" content=\"Eco Green Energy wurde 2008 gegr\u00fcndet und ist ein franz\u00f6sischer Hersteller von Solarmodulen, der seine Module in \u00fcber 60 L\u00e4ndern weltweit vertreibt. Die Solarmodule der Atlas-Serie werden ausschlie\u00dflich mit A-Qualit\u00e4tszellen hergestellt, um eine maximale Energieproduktion und m\u00f6glichst niedrige Gesamtbetriebskosten zu erzielen und eine Lebensdauer von mehr als 25 Jahren zu garantieren. Unsere Module werden in unserer 4.o 1GW-Fabrik mit den besten Maschinen auf dem Markt nach den h\u00f6chsten Standards f\u00fcr Produktion und Qualit\u00e4tskontrolle hergestellt. Wir haben die ATLAS TOPCON DOUBLE GLASS Serie eingef\u00fchrt, unsere neueste Linie von Photovoltaikmodulen, die ein Modul mit 108 Zellen und einer Leistung von 430W umfasst.\" \/>\n<meta property=\"og:url\" content=\"https:\/\/www.solar-depot.lu\/de\/produit\/solarmodul-430wp-halbzelle-topcon-glas-glas-palette\/\" \/>\n<meta property=\"og:site_name\" content=\"SOLAR DEPOT\" \/>\n<meta property=\"article:modified_time\" content=\"2026-02-20T14:48:45+00:00\" \/>\n<meta name=\"twitter:card\" content=\"summary_large_image\" \/>\n<script type=\"application\/ld+json\" class=\"yoast-schema-graph\">{\"@context\":\"https:\\\/\\\/schema.org\",\"@graph\":[{\"@type\":\"WebPage\",\"@id\":\"https:\\\/\\\/www.solar-depot.lu\\\/de\\\/produit\\\/solarmodul-430wp-halbzelle-topcon-glas-glas-palette\\\/\",\"url\":\"https:\\\/\\\/www.solar-depot.lu\\\/de\\\/produit\\\/solarmodul-430wp-halbzelle-topcon-glas-glas-palette\\\/\",\"name\":\"Solarmodul 430Wp Halbzelle TOPCON Glas-Glas - Palette - SOLAR DEPOT\",\"isPartOf\":{\"@id\":\"https:\\\/\\\/www.solar-depot.lu\\\/de\\\/#website\"},\"datePublished\":\"2023-05-17T11:28:24+00:00\",\"dateModified\":\"2026-02-20T14:48:45+00:00\",\"breadcrumb\":{\"@id\":\"https:\\\/\\\/www.solar-depot.lu\\\/de\\\/produit\\\/solarmodul-430wp-halbzelle-topcon-glas-glas-palette\\\/#breadcrumb\"},\"inLanguage\":\"de\",\"potentialAction\":[{\"@type\":\"ReadAction\",\"target\":[\"https:\\\/\\\/www.solar-depot.lu\\\/de\\\/produit\\\/solarmodul-430wp-halbzelle-topcon-glas-glas-palette\\\/\"]}]},{\"@type\":\"BreadcrumbList\",\"@id\":\"https:\\\/\\\/www.solar-depot.lu\\\/de\\\/produit\\\/solarmodul-430wp-halbzelle-topcon-glas-glas-palette\\\/#breadcrumb\",\"itemListElement\":[{\"@type\":\"ListItem\",\"position\":1,\"name\":\"Startseite\",\"item\":\"https:\\\/\\\/www.solar-depot.lu\\\/de\\\/\"},{\"@type\":\"ListItem\",\"position\":2,\"name\":\"Solarmodul 430Wp Halbzelle TOPCON Glas-Glas &#8211; Palette\"}]},{\"@type\":\"WebSite\",\"@id\":\"https:\\\/\\\/www.solar-depot.lu\\\/de\\\/#website\",\"url\":\"https:\\\/\\\/www.solar-depot.lu\\\/de\\\/\",\"name\":\"SOLAR DEPOT\",\"description\":\"Solar Depot, l&#039;\u00e9nergie solaire \u00e0 emporter chez vous !\",\"publisher\":{\"@id\":\"https:\\\/\\\/www.solar-depot.lu\\\/de\\\/#organization\"},\"potentialAction\":[{\"@type\":\"SearchAction\",\"target\":{\"@type\":\"EntryPoint\",\"urlTemplate\":\"https:\\\/\\\/www.solar-depot.lu\\\/de\\\/?s={search_term_string}\"},\"query-input\":{\"@type\":\"PropertyValueSpecification\",\"valueRequired\":true,\"valueName\":\"search_term_string\"}}],\"inLanguage\":\"de\"},{\"@type\":\"Organization\",\"@id\":\"https:\\\/\\\/www.solar-depot.lu\\\/de\\\/#organization\",\"name\":\"SOLAR DEPOT\",\"url\":\"https:\\\/\\\/www.solar-depot.lu\\\/de\\\/\",\"logo\":{\"@type\":\"ImageObject\",\"inLanguage\":\"de\",\"@id\":\"https:\\\/\\\/www.solar-depot.lu\\\/de\\\/#\\\/schema\\\/logo\\\/image\\\/\",\"url\":\"https:\\\/\\\/www.solar-depot.lu\\\/wp-content\\\/uploads\\\/2023\\\/08\\\/ege-depot-sans-fond.png\",\"contentUrl\":\"https:\\\/\\\/www.solar-depot.lu\\\/wp-content\\\/uploads\\\/2023\\\/08\\\/ege-depot-sans-fond.png\",\"width\":1696,\"height\":536,\"caption\":\"SOLAR DEPOT\"},\"image\":{\"@id\":\"https:\\\/\\\/www.solar-depot.lu\\\/de\\\/#\\\/schema\\\/logo\\\/image\\\/\"}}]}<\/script>\n<!-- \/ Yoast SEO Premium plugin. -->","yoast_head_json":{"title":"Solarmodul 430Wp Halbzelle TOPCON Glas-Glas - Palette - SOLAR DEPOT","robots":{"index":"index","follow":"follow","max-snippet":"max-snippet:-1","max-image-preview":"max-image-preview:large","max-video-preview":"max-video-preview:-1"},"canonical":"https:\/\/www.solar-depot.lu\/de\/produit\/solarmodul-430wp-halbzelle-topcon-glas-glas-palette\/","og_locale":"de_DE","og_type":"article","og_title":"Solarmodul 430Wp Halbzelle TOPCON Glas-Glas - Palette","og_description":"Eco Green Energy wurde 2008 gegr\u00fcndet und ist ein franz\u00f6sischer Hersteller von Solarmodulen, der seine Module in \u00fcber 60 L\u00e4ndern weltweit vertreibt. Die Solarmodule der Atlas-Serie werden ausschlie\u00dflich mit A-Qualit\u00e4tszellen hergestellt, um eine maximale Energieproduktion und m\u00f6glichst niedrige Gesamtbetriebskosten zu erzielen und eine Lebensdauer von mehr als 25 Jahren zu garantieren. Unsere Module werden in unserer 4.o 1GW-Fabrik mit den besten Maschinen auf dem Markt nach den h\u00f6chsten Standards f\u00fcr Produktion und Qualit\u00e4tskontrolle hergestellt. Wir haben die ATLAS TOPCON DOUBLE GLASS Serie eingef\u00fchrt, unsere neueste Linie von Photovoltaikmodulen, die ein Modul mit 108 Zellen und einer Leistung von 430W umfasst.","og_url":"https:\/\/www.solar-depot.lu\/de\/produit\/solarmodul-430wp-halbzelle-topcon-glas-glas-palette\/","og_site_name":"SOLAR DEPOT","article_modified_time":"2026-02-20T14:48:45+00:00","twitter_card":"summary_large_image","schema":{"@context":"https:\/\/schema.org","@graph":[{"@type":"WebPage","@id":"https:\/\/www.solar-depot.lu\/de\/produit\/solarmodul-430wp-halbzelle-topcon-glas-glas-palette\/","url":"https:\/\/www.solar-depot.lu\/de\/produit\/solarmodul-430wp-halbzelle-topcon-glas-glas-palette\/","name":"Solarmodul 430Wp Halbzelle TOPCON Glas-Glas - Palette - SOLAR DEPOT","isPartOf":{"@id":"https:\/\/www.solar-depot.lu\/de\/#website"},"datePublished":"2023-05-17T11:28:24+00:00","dateModified":"2026-02-20T14:48:45+00:00","breadcrumb":{"@id":"https:\/\/www.solar-depot.lu\/de\/produit\/solarmodul-430wp-halbzelle-topcon-glas-glas-palette\/#breadcrumb"},"inLanguage":"de","potentialAction":[{"@type":"ReadAction","target":["https:\/\/www.solar-depot.lu\/de\/produit\/solarmodul-430wp-halbzelle-topcon-glas-glas-palette\/"]}]},{"@type":"BreadcrumbList","@id":"https:\/\/www.solar-depot.lu\/de\/produit\/solarmodul-430wp-halbzelle-topcon-glas-glas-palette\/#breadcrumb","itemListElement":[{"@type":"ListItem","position":1,"name":"Startseite","item":"https:\/\/www.solar-depot.lu\/de\/"},{"@type":"ListItem","position":2,"name":"Solarmodul 430Wp Halbzelle TOPCON Glas-Glas &#8211; Palette"}]},{"@type":"WebSite","@id":"https:\/\/www.solar-depot.lu\/de\/#website","url":"https:\/\/www.solar-depot.lu\/de\/","name":"SOLAR DEPOT","description":"Solar Depot, l&#039;\u00e9nergie solaire \u00e0 emporter chez vous !","publisher":{"@id":"https:\/\/www.solar-depot.lu\/de\/#organization"},"potentialAction":[{"@type":"SearchAction","target":{"@type":"EntryPoint","urlTemplate":"https:\/\/www.solar-depot.lu\/de\/?s={search_term_string}"},"query-input":{"@type":"PropertyValueSpecification","valueRequired":true,"valueName":"search_term_string"}}],"inLanguage":"de"},{"@type":"Organization","@id":"https:\/\/www.solar-depot.lu\/de\/#organization","name":"SOLAR DEPOT","url":"https:\/\/www.solar-depot.lu\/de\/","logo":{"@type":"ImageObject","inLanguage":"de","@id":"https:\/\/www.solar-depot.lu\/de\/#\/schema\/logo\/image\/","url":"https:\/\/www.solar-depot.lu\/wp-content\/uploads\/2023\/08\/ege-depot-sans-fond.png","contentUrl":"https:\/\/www.solar-depot.lu\/wp-content\/uploads\/2023\/08\/ege-depot-sans-fond.png","width":1696,"height":536,"caption":"SOLAR DEPOT"},"image":{"@id":"https:\/\/www.solar-depot.lu\/de\/#\/schema\/logo\/image\/"}}]}},"_links":{"self":[{"href":"https:\/\/www.solar-depot.lu\/de\/wp-json\/wp\/v2\/product\/4425","targetHints":{"allow":["GET"]}}],"collection":[{"href":"https:\/\/www.solar-depot.lu\/de\/wp-json\/wp\/v2\/product"}],"about":[{"href":"https:\/\/www.solar-depot.lu\/de\/wp-json\/wp\/v2\/types\/product"}],"wp:attachment":[{"href":"https:\/\/www.solar-depot.lu\/de\/wp-json\/wp\/v2\/media?parent=4425"}],"wp:term":[{"taxonomy":"product_brand","embeddable":true,"href":"https:\/\/www.solar-depot.lu\/de\/wp-json\/wp\/v2\/product_brand?post=4425"},{"taxonomy":"product_cat","embeddable":true,"href":"https:\/\/www.solar-depot.lu\/de\/wp-json\/wp\/v2\/product_cat?post=4425"},{"taxonomy":"product_tag","embeddable":true,"href":"https:\/\/www.solar-depot.lu\/de\/wp-json\/wp\/v2\/product_tag?post=4425"}],"curies":[{"name":"wp","href":"https:\/\/api.w.org\/{rel}","templated":true}]}}