{"id":4429,"date":"2023-05-17T11:08:18","date_gmt":"2023-05-17T09:08:18","guid":{"rendered":"https:\/\/www.solar-depot.lu\/?post_type=product&#038;p=4429"},"modified":"2026-02-20T15:49:40","modified_gmt":"2026-02-20T14:49:40","slug":"solarmodul-550wp-halbzelle-bifacial-graurahmen-palette","status":"publish","type":"product","link":"https:\/\/www.solar-depot.lu\/de\/produit\/solarmodul-550wp-halbzelle-bifacial-graurahmen-palette\/","title":{"rendered":"Solarmodul 550Wp Halbzelle Bifacial Graurahmen &#8211; Palette"},"content":{"rendered":"","protected":false},"excerpt":{"rendered":"<p>Das 2008 gegr\u00fcndete Unternehmen Eco Green Energy ist ein franz\u00f6sischer Hersteller von Photovoltaikmodulen und vertreibt seine Photovoltaikmodule mittlerweile in \u00fcber 60 L\u00e4ndern weltweit. Das biverre bifacial Atlas 530Wc 540Wc 550Wc Photovoltaikmodul wird ausschlie\u00dflich aus Zellen der Klasse A hergestellt, um eine maximale Energieproduktion, einen niedrigeren LCOE und eine Lebensdauer von \u00fcber 25 Jahren zu gew\u00e4hrleisten. Weitere Informationen \u00fcber das biverre bifacial Atlas 530Wc 540Wc 550Wc Solarpanel.<\/p>\n","protected":false},"featured_media":0,"template":"","meta":{"editor_plus_copied_stylings":"{}"},"product_brand":[],"product_cat":[164],"product_tag":[],"class_list":{"0":"post-4429","1":"product","2":"type-product","3":"status-publish","5":"product_cat-non-classe-de-2","7":"first","8":"outofstock","9":"taxable","10":"shipping-taxable","11":"purchasable","12":"product-type-simple"},"acf":[],"yoast_head":"<!-- This site is optimized with the Yoast SEO Premium plugin v22.0 (Yoast SEO v27.4) - https:\/\/yoast.com\/product\/yoast-seo-premium-wordpress\/ -->\n<title>Solarmodul 550Wp Halbzelle Bifacial Graurahmen - Palette - SOLAR DEPOT<\/title>\n<meta name=\"robots\" content=\"index, follow, max-snippet:-1, max-image-preview:large, max-video-preview:-1\" \/>\n<link rel=\"canonical\" href=\"https:\/\/www.solar-depot.lu\/de\/produit\/solarmodul-550wp-halbzelle-bifacial-graurahmen-palette\/\" \/>\n<meta property=\"og:locale\" content=\"de_DE\" \/>\n<meta property=\"og:type\" content=\"article\" \/>\n<meta property=\"og:title\" content=\"Solarmodul 550Wp Halbzelle Bifacial Graurahmen - Palette\" \/>\n<meta property=\"og:description\" content=\"Das 2008 gegr\u00fcndete Unternehmen Eco Green Energy ist ein franz\u00f6sischer Hersteller von Photovoltaikmodulen und vertreibt seine Photovoltaikmodule mittlerweile in \u00fcber 60 L\u00e4ndern weltweit. Das biverre bifacial Atlas 530Wc 540Wc 550Wc Photovoltaikmodul wird ausschlie\u00dflich aus Zellen der Klasse A hergestellt, um eine maximale Energieproduktion, einen niedrigeren LCOE und eine Lebensdauer von \u00fcber 25 Jahren zu gew\u00e4hrleisten. Weitere Informationen \u00fcber das biverre bifacial Atlas 530Wc 540Wc 550Wc Solarpanel.\" \/>\n<meta property=\"og:url\" content=\"https:\/\/www.solar-depot.lu\/de\/produit\/solarmodul-550wp-halbzelle-bifacial-graurahmen-palette\/\" \/>\n<meta property=\"og:site_name\" content=\"SOLAR DEPOT\" \/>\n<meta property=\"article:modified_time\" content=\"2026-02-20T14:49:40+00:00\" \/>\n<meta name=\"twitter:card\" content=\"summary_large_image\" \/>\n<script type=\"application\/ld+json\" class=\"yoast-schema-graph\">{\"@context\":\"https:\\\/\\\/schema.org\",\"@graph\":[{\"@type\":\"WebPage\",\"@id\":\"https:\\\/\\\/www.solar-depot.lu\\\/de\\\/produit\\\/solarmodul-550wp-halbzelle-bifacial-graurahmen-palette\\\/\",\"url\":\"https:\\\/\\\/www.solar-depot.lu\\\/de\\\/produit\\\/solarmodul-550wp-halbzelle-bifacial-graurahmen-palette\\\/\",\"name\":\"Solarmodul 550Wp Halbzelle Bifacial Graurahmen - Palette - SOLAR DEPOT\",\"isPartOf\":{\"@id\":\"https:\\\/\\\/www.solar-depot.lu\\\/de\\\/#website\"},\"datePublished\":\"2023-05-17T09:08:18+00:00\",\"dateModified\":\"2026-02-20T14:49:40+00:00\",\"breadcrumb\":{\"@id\":\"https:\\\/\\\/www.solar-depot.lu\\\/de\\\/produit\\\/solarmodul-550wp-halbzelle-bifacial-graurahmen-palette\\\/#breadcrumb\"},\"inLanguage\":\"de\",\"potentialAction\":[{\"@type\":\"ReadAction\",\"target\":[\"https:\\\/\\\/www.solar-depot.lu\\\/de\\\/produit\\\/solarmodul-550wp-halbzelle-bifacial-graurahmen-palette\\\/\"]}]},{\"@type\":\"BreadcrumbList\",\"@id\":\"https:\\\/\\\/www.solar-depot.lu\\\/de\\\/produit\\\/solarmodul-550wp-halbzelle-bifacial-graurahmen-palette\\\/#breadcrumb\",\"itemListElement\":[{\"@type\":\"ListItem\",\"position\":1,\"name\":\"Startseite\",\"item\":\"https:\\\/\\\/www.solar-depot.lu\\\/de\\\/\"},{\"@type\":\"ListItem\",\"position\":2,\"name\":\"Solarmodul 550Wp Halbzelle Bifacial Graurahmen &#8211; Palette\"}]},{\"@type\":\"WebSite\",\"@id\":\"https:\\\/\\\/www.solar-depot.lu\\\/de\\\/#website\",\"url\":\"https:\\\/\\\/www.solar-depot.lu\\\/de\\\/\",\"name\":\"SOLAR DEPOT\",\"description\":\"Solar Depot, l&#039;\u00e9nergie solaire \u00e0 emporter chez vous !\",\"publisher\":{\"@id\":\"https:\\\/\\\/www.solar-depot.lu\\\/de\\\/#organization\"},\"potentialAction\":[{\"@type\":\"SearchAction\",\"target\":{\"@type\":\"EntryPoint\",\"urlTemplate\":\"https:\\\/\\\/www.solar-depot.lu\\\/de\\\/?s={search_term_string}\"},\"query-input\":{\"@type\":\"PropertyValueSpecification\",\"valueRequired\":true,\"valueName\":\"search_term_string\"}}],\"inLanguage\":\"de\"},{\"@type\":\"Organization\",\"@id\":\"https:\\\/\\\/www.solar-depot.lu\\\/de\\\/#organization\",\"name\":\"SOLAR DEPOT\",\"url\":\"https:\\\/\\\/www.solar-depot.lu\\\/de\\\/\",\"logo\":{\"@type\":\"ImageObject\",\"inLanguage\":\"de\",\"@id\":\"https:\\\/\\\/www.solar-depot.lu\\\/de\\\/#\\\/schema\\\/logo\\\/image\\\/\",\"url\":\"https:\\\/\\\/www.solar-depot.lu\\\/wp-content\\\/uploads\\\/2023\\\/08\\\/ege-depot-sans-fond.png\",\"contentUrl\":\"https:\\\/\\\/www.solar-depot.lu\\\/wp-content\\\/uploads\\\/2023\\\/08\\\/ege-depot-sans-fond.png\",\"width\":1696,\"height\":536,\"caption\":\"SOLAR DEPOT\"},\"image\":{\"@id\":\"https:\\\/\\\/www.solar-depot.lu\\\/de\\\/#\\\/schema\\\/logo\\\/image\\\/\"}}]}<\/script>\n<!-- \/ Yoast SEO Premium plugin. -->","yoast_head_json":{"title":"Solarmodul 550Wp Halbzelle Bifacial Graurahmen - Palette - SOLAR DEPOT","robots":{"index":"index","follow":"follow","max-snippet":"max-snippet:-1","max-image-preview":"max-image-preview:large","max-video-preview":"max-video-preview:-1"},"canonical":"https:\/\/www.solar-depot.lu\/de\/produit\/solarmodul-550wp-halbzelle-bifacial-graurahmen-palette\/","og_locale":"de_DE","og_type":"article","og_title":"Solarmodul 550Wp Halbzelle Bifacial Graurahmen - Palette","og_description":"Das 2008 gegr\u00fcndete Unternehmen Eco Green Energy ist ein franz\u00f6sischer Hersteller von Photovoltaikmodulen und vertreibt seine Photovoltaikmodule mittlerweile in \u00fcber 60 L\u00e4ndern weltweit. Das biverre bifacial Atlas 530Wc 540Wc 550Wc Photovoltaikmodul wird ausschlie\u00dflich aus Zellen der Klasse A hergestellt, um eine maximale Energieproduktion, einen niedrigeren LCOE und eine Lebensdauer von \u00fcber 25 Jahren zu gew\u00e4hrleisten. Weitere Informationen \u00fcber das biverre bifacial Atlas 530Wc 540Wc 550Wc Solarpanel.","og_url":"https:\/\/www.solar-depot.lu\/de\/produit\/solarmodul-550wp-halbzelle-bifacial-graurahmen-palette\/","og_site_name":"SOLAR DEPOT","article_modified_time":"2026-02-20T14:49:40+00:00","twitter_card":"summary_large_image","schema":{"@context":"https:\/\/schema.org","@graph":[{"@type":"WebPage","@id":"https:\/\/www.solar-depot.lu\/de\/produit\/solarmodul-550wp-halbzelle-bifacial-graurahmen-palette\/","url":"https:\/\/www.solar-depot.lu\/de\/produit\/solarmodul-550wp-halbzelle-bifacial-graurahmen-palette\/","name":"Solarmodul 550Wp Halbzelle Bifacial Graurahmen - Palette - SOLAR DEPOT","isPartOf":{"@id":"https:\/\/www.solar-depot.lu\/de\/#website"},"datePublished":"2023-05-17T09:08:18+00:00","dateModified":"2026-02-20T14:49:40+00:00","breadcrumb":{"@id":"https:\/\/www.solar-depot.lu\/de\/produit\/solarmodul-550wp-halbzelle-bifacial-graurahmen-palette\/#breadcrumb"},"inLanguage":"de","potentialAction":[{"@type":"ReadAction","target":["https:\/\/www.solar-depot.lu\/de\/produit\/solarmodul-550wp-halbzelle-bifacial-graurahmen-palette\/"]}]},{"@type":"BreadcrumbList","@id":"https:\/\/www.solar-depot.lu\/de\/produit\/solarmodul-550wp-halbzelle-bifacial-graurahmen-palette\/#breadcrumb","itemListElement":[{"@type":"ListItem","position":1,"name":"Startseite","item":"https:\/\/www.solar-depot.lu\/de\/"},{"@type":"ListItem","position":2,"name":"Solarmodul 550Wp Halbzelle Bifacial Graurahmen &#8211; Palette"}]},{"@type":"WebSite","@id":"https:\/\/www.solar-depot.lu\/de\/#website","url":"https:\/\/www.solar-depot.lu\/de\/","name":"SOLAR DEPOT","description":"Solar Depot, l&#039;\u00e9nergie solaire \u00e0 emporter chez vous !","publisher":{"@id":"https:\/\/www.solar-depot.lu\/de\/#organization"},"potentialAction":[{"@type":"SearchAction","target":{"@type":"EntryPoint","urlTemplate":"https:\/\/www.solar-depot.lu\/de\/?s={search_term_string}"},"query-input":{"@type":"PropertyValueSpecification","valueRequired":true,"valueName":"search_term_string"}}],"inLanguage":"de"},{"@type":"Organization","@id":"https:\/\/www.solar-depot.lu\/de\/#organization","name":"SOLAR DEPOT","url":"https:\/\/www.solar-depot.lu\/de\/","logo":{"@type":"ImageObject","inLanguage":"de","@id":"https:\/\/www.solar-depot.lu\/de\/#\/schema\/logo\/image\/","url":"https:\/\/www.solar-depot.lu\/wp-content\/uploads\/2023\/08\/ege-depot-sans-fond.png","contentUrl":"https:\/\/www.solar-depot.lu\/wp-content\/uploads\/2023\/08\/ege-depot-sans-fond.png","width":1696,"height":536,"caption":"SOLAR DEPOT"},"image":{"@id":"https:\/\/www.solar-depot.lu\/de\/#\/schema\/logo\/image\/"}}]}},"_links":{"self":[{"href":"https:\/\/www.solar-depot.lu\/de\/wp-json\/wp\/v2\/product\/4429","targetHints":{"allow":["GET"]}}],"collection":[{"href":"https:\/\/www.solar-depot.lu\/de\/wp-json\/wp\/v2\/product"}],"about":[{"href":"https:\/\/www.solar-depot.lu\/de\/wp-json\/wp\/v2\/types\/product"}],"wp:attachment":[{"href":"https:\/\/www.solar-depot.lu\/de\/wp-json\/wp\/v2\/media?parent=4429"}],"wp:term":[{"taxonomy":"product_brand","embeddable":true,"href":"https:\/\/www.solar-depot.lu\/de\/wp-json\/wp\/v2\/product_brand?post=4429"},{"taxonomy":"product_cat","embeddable":true,"href":"https:\/\/www.solar-depot.lu\/de\/wp-json\/wp\/v2\/product_cat?post=4429"},{"taxonomy":"product_tag","embeddable":true,"href":"https:\/\/www.solar-depot.lu\/de\/wp-json\/wp\/v2\/product_tag?post=4429"}],"curies":[{"name":"wp","href":"https:\/\/api.w.org\/{rel}","templated":true}]}}