{"id":4469,"date":"2023-09-04T09:26:37","date_gmt":"2023-09-04T07:26:37","guid":{"rendered":"https:\/\/www.solar-depot.lu\/?post_type=product&#038;p=4469"},"modified":"2026-02-20T15:58:36","modified_gmt":"2026-02-20T14:58:36","slug":"solarmodul-375wp-halbzelle-full-black-2-stk-karton","status":"publish","type":"product","link":"https:\/\/www.solar-depot.lu\/de\/produit\/solarmodul-375wp-halbzelle-full-black-2-stk-karton\/","title":{"rendered":"Solarmodul 375Wp Halbzelle Full Black &#8211; 2 Stk.\/Karton"},"content":{"rendered":"","protected":false},"excerpt":{"rendered":"<p>Das 2008 gegr\u00fcndete Unternehmen Eco Green Energy ist ein franz\u00f6sischer Hersteller von Photovoltaikmodulen und vertreibt seine Photovoltaikmodule mittlerweile in \u00fcber 60 L\u00e4ndern weltweit. Das Photovoltaikmodul Helios Plus Full Black 370Wc 375Wc 380Wc wird ausschlie\u00dflich aus Zellen der Klasse A hergestellt, um eine maximale Energieproduktion, einen niedrigeren LCOE und eine Lebensdauer von mehr als 25 Jahren zu gew\u00e4hrleisten.<\/p>\n","protected":false},"featured_media":5981,"template":"","meta":{"editor_plus_copied_stylings":"{}"},"product_brand":[],"product_cat":[164],"product_tag":[],"class_list":{"0":"post-4469","1":"product","2":"type-product","3":"status-publish","4":"has-post-thumbnail","6":"product_cat-non-classe-de-2","8":"first","9":"instock","10":"taxable","11":"shipping-taxable","12":"purchasable","13":"product-type-simple"},"acf":[],"yoast_head":"<!-- This site is optimized with the Yoast SEO Premium plugin v22.0 (Yoast SEO v27.5) - https:\/\/yoast.com\/product\/yoast-seo-premium-wordpress\/ -->\n<title>Solarmodul 375Wp Halbzelle Full Black - 2 Stk.\/Karton - SOLAR DEPOT<\/title>\n<meta name=\"robots\" content=\"index, follow, max-snippet:-1, max-image-preview:large, max-video-preview:-1\" \/>\n<link rel=\"canonical\" href=\"https:\/\/www.solar-depot.lu\/de\/produit\/solarmodul-375wp-halbzelle-full-black-2-stk-karton\/\" \/>\n<meta property=\"og:locale\" content=\"de_DE\" \/>\n<meta property=\"og:type\" content=\"article\" \/>\n<meta property=\"og:title\" content=\"Solarmodul 375Wp Halbzelle Full Black - 2 Stk.\/Karton\" \/>\n<meta property=\"og:description\" content=\"Das 2008 gegr\u00fcndete Unternehmen Eco Green Energy ist ein franz\u00f6sischer Hersteller von Photovoltaikmodulen und vertreibt seine Photovoltaikmodule mittlerweile in \u00fcber 60 L\u00e4ndern weltweit. Das Photovoltaikmodul Helios Plus Full Black 370Wc 375Wc 380Wc wird ausschlie\u00dflich aus Zellen der Klasse A hergestellt, um eine maximale Energieproduktion, einen niedrigeren LCOE und eine Lebensdauer von mehr als 25 Jahren zu gew\u00e4hrleisten.\" \/>\n<meta property=\"og:url\" content=\"https:\/\/www.solar-depot.lu\/de\/produit\/solarmodul-375wp-halbzelle-full-black-2-stk-karton\/\" \/>\n<meta property=\"og:site_name\" content=\"SOLAR DEPOT\" \/>\n<meta property=\"article:modified_time\" content=\"2026-02-20T14:58:36+00:00\" \/>\n<meta property=\"og:image\" content=\"https:\/\/www.solar-depot.lu\/wp-content\/uploads\/2023\/09\/photo-panneau-solaire-375W-FB-EGE.png\" \/>\n\t<meta property=\"og:image:width\" content=\"600\" \/>\n\t<meta property=\"og:image:height\" content=\"600\" \/>\n\t<meta property=\"og:image:type\" content=\"image\/png\" \/>\n<meta name=\"twitter:card\" content=\"summary_large_image\" \/>\n<meta name=\"twitter:label1\" content=\"Gesch\u00e4tzte Lesezeit\" \/>\n\t<meta name=\"twitter:data1\" content=\"1\u00a0Minute\" \/>\n<script type=\"application\/ld+json\" class=\"yoast-schema-graph\">{\"@context\":\"https:\\\/\\\/schema.org\",\"@graph\":[{\"@type\":\"WebPage\",\"@id\":\"https:\\\/\\\/www.solar-depot.lu\\\/de\\\/produit\\\/solarmodul-375wp-halbzelle-full-black-2-stk-karton\\\/\",\"url\":\"https:\\\/\\\/www.solar-depot.lu\\\/de\\\/produit\\\/solarmodul-375wp-halbzelle-full-black-2-stk-karton\\\/\",\"name\":\"Solarmodul 375Wp Halbzelle Full Black - 2 Stk.\\\/Karton - SOLAR DEPOT\",\"isPartOf\":{\"@id\":\"https:\\\/\\\/www.solar-depot.lu\\\/de\\\/#website\"},\"primaryImageOfPage\":{\"@id\":\"https:\\\/\\\/www.solar-depot.lu\\\/de\\\/produit\\\/solarmodul-375wp-halbzelle-full-black-2-stk-karton\\\/#primaryimage\"},\"image\":{\"@id\":\"https:\\\/\\\/www.solar-depot.lu\\\/de\\\/produit\\\/solarmodul-375wp-halbzelle-full-black-2-stk-karton\\\/#primaryimage\"},\"thumbnailUrl\":\"https:\\\/\\\/www.solar-depot.lu\\\/wp-content\\\/uploads\\\/2023\\\/09\\\/photo-panneau-solaire-375W-FB-EGE.png\",\"datePublished\":\"2023-09-04T07:26:37+00:00\",\"dateModified\":\"2026-02-20T14:58:36+00:00\",\"breadcrumb\":{\"@id\":\"https:\\\/\\\/www.solar-depot.lu\\\/de\\\/produit\\\/solarmodul-375wp-halbzelle-full-black-2-stk-karton\\\/#breadcrumb\"},\"inLanguage\":\"de\",\"potentialAction\":[{\"@type\":\"ReadAction\",\"target\":[\"https:\\\/\\\/www.solar-depot.lu\\\/de\\\/produit\\\/solarmodul-375wp-halbzelle-full-black-2-stk-karton\\\/\"]}]},{\"@type\":\"ImageObject\",\"inLanguage\":\"de\",\"@id\":\"https:\\\/\\\/www.solar-depot.lu\\\/de\\\/produit\\\/solarmodul-375wp-halbzelle-full-black-2-stk-karton\\\/#primaryimage\",\"url\":\"https:\\\/\\\/www.solar-depot.lu\\\/wp-content\\\/uploads\\\/2023\\\/09\\\/photo-panneau-solaire-375W-FB-EGE.png\",\"contentUrl\":\"https:\\\/\\\/www.solar-depot.lu\\\/wp-content\\\/uploads\\\/2023\\\/09\\\/photo-panneau-solaire-375W-FB-EGE.png\",\"width\":600,\"height\":600},{\"@type\":\"BreadcrumbList\",\"@id\":\"https:\\\/\\\/www.solar-depot.lu\\\/de\\\/produit\\\/solarmodul-375wp-halbzelle-full-black-2-stk-karton\\\/#breadcrumb\",\"itemListElement\":[{\"@type\":\"ListItem\",\"position\":1,\"name\":\"Startseite\",\"item\":\"https:\\\/\\\/www.solar-depot.lu\\\/de\\\/\"},{\"@type\":\"ListItem\",\"position\":2,\"name\":\"Solarmodul 375Wp Halbzelle Full Black &#8211; 2 Stk.\\\/Karton\"}]},{\"@type\":\"WebSite\",\"@id\":\"https:\\\/\\\/www.solar-depot.lu\\\/de\\\/#website\",\"url\":\"https:\\\/\\\/www.solar-depot.lu\\\/de\\\/\",\"name\":\"SOLAR DEPOT\",\"description\":\"Solar Depot, l&#039;\u00e9nergie solaire \u00e0 emporter chez vous !\",\"publisher\":{\"@id\":\"https:\\\/\\\/www.solar-depot.lu\\\/de\\\/#organization\"},\"potentialAction\":[{\"@type\":\"SearchAction\",\"target\":{\"@type\":\"EntryPoint\",\"urlTemplate\":\"https:\\\/\\\/www.solar-depot.lu\\\/de\\\/?s={search_term_string}\"},\"query-input\":{\"@type\":\"PropertyValueSpecification\",\"valueRequired\":true,\"valueName\":\"search_term_string\"}}],\"inLanguage\":\"de\"},{\"@type\":\"Organization\",\"@id\":\"https:\\\/\\\/www.solar-depot.lu\\\/de\\\/#organization\",\"name\":\"SOLAR DEPOT\",\"url\":\"https:\\\/\\\/www.solar-depot.lu\\\/de\\\/\",\"logo\":{\"@type\":\"ImageObject\",\"inLanguage\":\"de\",\"@id\":\"https:\\\/\\\/www.solar-depot.lu\\\/de\\\/#\\\/schema\\\/logo\\\/image\\\/\",\"url\":\"https:\\\/\\\/www.solar-depot.lu\\\/wp-content\\\/uploads\\\/2023\\\/08\\\/ege-depot-sans-fond.png\",\"contentUrl\":\"https:\\\/\\\/www.solar-depot.lu\\\/wp-content\\\/uploads\\\/2023\\\/08\\\/ege-depot-sans-fond.png\",\"width\":1696,\"height\":536,\"caption\":\"SOLAR DEPOT\"},\"image\":{\"@id\":\"https:\\\/\\\/www.solar-depot.lu\\\/de\\\/#\\\/schema\\\/logo\\\/image\\\/\"}}]}<\/script>\n<!-- \/ Yoast SEO Premium plugin. -->","yoast_head_json":{"title":"Solarmodul 375Wp Halbzelle Full Black - 2 Stk.\/Karton - SOLAR DEPOT","robots":{"index":"index","follow":"follow","max-snippet":"max-snippet:-1","max-image-preview":"max-image-preview:large","max-video-preview":"max-video-preview:-1"},"canonical":"https:\/\/www.solar-depot.lu\/de\/produit\/solarmodul-375wp-halbzelle-full-black-2-stk-karton\/","og_locale":"de_DE","og_type":"article","og_title":"Solarmodul 375Wp Halbzelle Full Black - 2 Stk.\/Karton","og_description":"Das 2008 gegr\u00fcndete Unternehmen Eco Green Energy ist ein franz\u00f6sischer Hersteller von Photovoltaikmodulen und vertreibt seine Photovoltaikmodule mittlerweile in \u00fcber 60 L\u00e4ndern weltweit. Das Photovoltaikmodul Helios Plus Full Black 370Wc 375Wc 380Wc wird ausschlie\u00dflich aus Zellen der Klasse A hergestellt, um eine maximale Energieproduktion, einen niedrigeren LCOE und eine Lebensdauer von mehr als 25 Jahren zu gew\u00e4hrleisten.","og_url":"https:\/\/www.solar-depot.lu\/de\/produit\/solarmodul-375wp-halbzelle-full-black-2-stk-karton\/","og_site_name":"SOLAR DEPOT","article_modified_time":"2026-02-20T14:58:36+00:00","og_image":[{"width":600,"height":600,"url":"https:\/\/www.solar-depot.lu\/wp-content\/uploads\/2023\/09\/photo-panneau-solaire-375W-FB-EGE.png","type":"image\/png"}],"twitter_card":"summary_large_image","twitter_misc":{"Gesch\u00e4tzte Lesezeit":"1\u00a0Minute"},"schema":{"@context":"https:\/\/schema.org","@graph":[{"@type":"WebPage","@id":"https:\/\/www.solar-depot.lu\/de\/produit\/solarmodul-375wp-halbzelle-full-black-2-stk-karton\/","url":"https:\/\/www.solar-depot.lu\/de\/produit\/solarmodul-375wp-halbzelle-full-black-2-stk-karton\/","name":"Solarmodul 375Wp Halbzelle Full Black - 2 Stk.\/Karton - SOLAR DEPOT","isPartOf":{"@id":"https:\/\/www.solar-depot.lu\/de\/#website"},"primaryImageOfPage":{"@id":"https:\/\/www.solar-depot.lu\/de\/produit\/solarmodul-375wp-halbzelle-full-black-2-stk-karton\/#primaryimage"},"image":{"@id":"https:\/\/www.solar-depot.lu\/de\/produit\/solarmodul-375wp-halbzelle-full-black-2-stk-karton\/#primaryimage"},"thumbnailUrl":"https:\/\/www.solar-depot.lu\/wp-content\/uploads\/2023\/09\/photo-panneau-solaire-375W-FB-EGE.png","datePublished":"2023-09-04T07:26:37+00:00","dateModified":"2026-02-20T14:58:36+00:00","breadcrumb":{"@id":"https:\/\/www.solar-depot.lu\/de\/produit\/solarmodul-375wp-halbzelle-full-black-2-stk-karton\/#breadcrumb"},"inLanguage":"de","potentialAction":[{"@type":"ReadAction","target":["https:\/\/www.solar-depot.lu\/de\/produit\/solarmodul-375wp-halbzelle-full-black-2-stk-karton\/"]}]},{"@type":"ImageObject","inLanguage":"de","@id":"https:\/\/www.solar-depot.lu\/de\/produit\/solarmodul-375wp-halbzelle-full-black-2-stk-karton\/#primaryimage","url":"https:\/\/www.solar-depot.lu\/wp-content\/uploads\/2023\/09\/photo-panneau-solaire-375W-FB-EGE.png","contentUrl":"https:\/\/www.solar-depot.lu\/wp-content\/uploads\/2023\/09\/photo-panneau-solaire-375W-FB-EGE.png","width":600,"height":600},{"@type":"BreadcrumbList","@id":"https:\/\/www.solar-depot.lu\/de\/produit\/solarmodul-375wp-halbzelle-full-black-2-stk-karton\/#breadcrumb","itemListElement":[{"@type":"ListItem","position":1,"name":"Startseite","item":"https:\/\/www.solar-depot.lu\/de\/"},{"@type":"ListItem","position":2,"name":"Solarmodul 375Wp Halbzelle Full Black &#8211; 2 Stk.\/Karton"}]},{"@type":"WebSite","@id":"https:\/\/www.solar-depot.lu\/de\/#website","url":"https:\/\/www.solar-depot.lu\/de\/","name":"SOLAR DEPOT","description":"Solar Depot, l&#039;\u00e9nergie solaire \u00e0 emporter chez vous !","publisher":{"@id":"https:\/\/www.solar-depot.lu\/de\/#organization"},"potentialAction":[{"@type":"SearchAction","target":{"@type":"EntryPoint","urlTemplate":"https:\/\/www.solar-depot.lu\/de\/?s={search_term_string}"},"query-input":{"@type":"PropertyValueSpecification","valueRequired":true,"valueName":"search_term_string"}}],"inLanguage":"de"},{"@type":"Organization","@id":"https:\/\/www.solar-depot.lu\/de\/#organization","name":"SOLAR DEPOT","url":"https:\/\/www.solar-depot.lu\/de\/","logo":{"@type":"ImageObject","inLanguage":"de","@id":"https:\/\/www.solar-depot.lu\/de\/#\/schema\/logo\/image\/","url":"https:\/\/www.solar-depot.lu\/wp-content\/uploads\/2023\/08\/ege-depot-sans-fond.png","contentUrl":"https:\/\/www.solar-depot.lu\/wp-content\/uploads\/2023\/08\/ege-depot-sans-fond.png","width":1696,"height":536,"caption":"SOLAR DEPOT"},"image":{"@id":"https:\/\/www.solar-depot.lu\/de\/#\/schema\/logo\/image\/"}}]}},"_links":{"self":[{"href":"https:\/\/www.solar-depot.lu\/de\/wp-json\/wp\/v2\/product\/4469","targetHints":{"allow":["GET"]}}],"collection":[{"href":"https:\/\/www.solar-depot.lu\/de\/wp-json\/wp\/v2\/product"}],"about":[{"href":"https:\/\/www.solar-depot.lu\/de\/wp-json\/wp\/v2\/types\/product"}],"wp:featuredmedia":[{"embeddable":true,"href":"https:\/\/www.solar-depot.lu\/de\/wp-json\/wp\/v2\/media\/5981"}],"wp:attachment":[{"href":"https:\/\/www.solar-depot.lu\/de\/wp-json\/wp\/v2\/media?parent=4469"}],"wp:term":[{"taxonomy":"product_brand","embeddable":true,"href":"https:\/\/www.solar-depot.lu\/de\/wp-json\/wp\/v2\/product_brand?post=4469"},{"taxonomy":"product_cat","embeddable":true,"href":"https:\/\/www.solar-depot.lu\/de\/wp-json\/wp\/v2\/product_cat?post=4469"},{"taxonomy":"product_tag","embeddable":true,"href":"https:\/\/www.solar-depot.lu\/de\/wp-json\/wp\/v2\/product_tag?post=4469"}],"curies":[{"name":"wp","href":"https:\/\/api.w.org\/{rel}","templated":true}]}}