{"id":6797,"date":"2024-12-24T11:13:39","date_gmt":"2024-12-24T10:13:39","guid":{"rendered":"https:\/\/www.solar-depot.lu\/?post_type=product&#038;p=6797"},"modified":"2026-02-24T11:12:46","modified_gmt":"2026-02-24T10:12:46","slug":"enphase-iq-batterie-3t-128-kva-copy","status":"publish","type":"product","link":"https:\/\/www.solar-depot.lu\/de\/produit\/enphase-iq-batterie-3t-128-kva-copy\/","title":{"rendered":"Enphase IQ Batterie 5P"},"content":{"rendered":"","protected":false},"excerpt":{"rendered":"<h3>IQ Battery 5P: Eine Revolution in der Energiespeicherung<\/h3>\n<p>Entdecken Sie die neue Enphase IQ Battery 5P \u2013 das bisher leistungsst\u00e4rkste AC-Speichersystem. Mit einer nutzbaren Gesamtkapazit\u00e4t von 5,0 kWh verf\u00fcgt sie \u00fcber sechs integrierte netzbildende Mikrowechselrichter und bietet eine Dauerleistung von 3,84 kW. Die Batterie kann zudem eine Spitzenleistung von 7,68 kW f\u00fcr 3 Sekunden und 6,14 kW f\u00fcr 10 Sekunden liefern.<\/p>\n<p>Enphase ist ein weltweit f\u00fchrender Anbieter von intelligenten Solarenergiel\u00f6sungen. Dank un\u00fcbertroffener Expertise und kontinuierlicher Innovation bietet Enphase hochwertige Produkte, welche die Art und Weise revolutionieren, wie Privatpersonen und Unternehmen Solarenergie nutzen und verwalten.<\/p>\n","protected":false},"featured_media":6800,"template":"","meta":{"editor_plus_copied_stylings":"{}"},"product_brand":[],"product_cat":[164],"product_tag":[],"class_list":{"0":"post-6797","1":"product","2":"type-product","3":"status-publish","4":"has-post-thumbnail","6":"product_cat-non-classe-de-2","8":"first","9":"instock","10":"taxable","11":"shipping-taxable","12":"purchasable","13":"product-type-simple"},"acf":[],"yoast_head":"<!-- This site is optimized with the Yoast SEO Premium plugin v22.0 (Yoast SEO v27.4) - https:\/\/yoast.com\/product\/yoast-seo-premium-wordpress\/ -->\n<title>Enphase IQ Batterie 5P - SOLAR DEPOT<\/title>\n<meta name=\"description\" content=\"Entdecken Sie die Enphase IQ Battery 5P, eine zuverl\u00e4ssige und sichere Energiespeicherl\u00f6sung zur Maximierung Ihrer Solaranlage.\" \/>\n<meta name=\"robots\" content=\"index, follow, max-snippet:-1, max-image-preview:large, max-video-preview:-1\" \/>\n<link rel=\"canonical\" href=\"https:\/\/www.solar-depot.lu\/de\/produit\/enphase-iq-batterie-3t-128-kva-copy\/\" \/>\n<meta property=\"og:locale\" content=\"de_DE\" \/>\n<meta property=\"og:type\" content=\"article\" \/>\n<meta property=\"og:title\" content=\"Enphase IQ Batterie 5P\" \/>\n<meta property=\"og:description\" content=\"Entdecken Sie die Enphase IQ Battery 5P, eine zuverl\u00e4ssige und sichere Energiespeicherl\u00f6sung zur Maximierung Ihrer Solaranlage.\" \/>\n<meta property=\"og:url\" content=\"https:\/\/www.solar-depot.lu\/de\/produit\/enphase-iq-batterie-3t-128-kva-copy\/\" \/>\n<meta property=\"og:site_name\" content=\"SOLAR DEPOT\" \/>\n<meta property=\"article:modified_time\" content=\"2026-02-24T10:12:46+00:00\" \/>\n<meta property=\"og:image\" content=\"https:\/\/www.solar-depot.lu\/wp-content\/uploads\/2024\/12\/image-removebg-preview-16.png\" \/>\n\t<meta property=\"og:image:width\" content=\"403\" \/>\n\t<meta property=\"og:image:height\" content=\"340\" \/>\n\t<meta property=\"og:image:type\" content=\"image\/png\" \/>\n<meta name=\"twitter:card\" content=\"summary_large_image\" \/>\n<meta name=\"twitter:label1\" content=\"Gesch\u00e4tzte Lesezeit\" \/>\n\t<meta name=\"twitter:data1\" content=\"1\u00a0Minute\" \/>\n<script type=\"application\/ld+json\" class=\"yoast-schema-graph\">{\"@context\":\"https:\\\/\\\/schema.org\",\"@graph\":[{\"@type\":\"WebPage\",\"@id\":\"https:\\\/\\\/www.solar-depot.lu\\\/de\\\/produit\\\/enphase-iq-batterie-3t-128-kva-copy\\\/\",\"url\":\"https:\\\/\\\/www.solar-depot.lu\\\/de\\\/produit\\\/enphase-iq-batterie-3t-128-kva-copy\\\/\",\"name\":\"Enphase IQ Batterie 5P - SOLAR DEPOT\",\"isPartOf\":{\"@id\":\"https:\\\/\\\/www.solar-depot.lu\\\/de\\\/#website\"},\"primaryImageOfPage\":{\"@id\":\"https:\\\/\\\/www.solar-depot.lu\\\/de\\\/produit\\\/enphase-iq-batterie-3t-128-kva-copy\\\/#primaryimage\"},\"image\":{\"@id\":\"https:\\\/\\\/www.solar-depot.lu\\\/de\\\/produit\\\/enphase-iq-batterie-3t-128-kva-copy\\\/#primaryimage\"},\"thumbnailUrl\":\"https:\\\/\\\/www.solar-depot.lu\\\/wp-content\\\/uploads\\\/2024\\\/12\\\/image-removebg-preview-16.png\",\"datePublished\":\"2024-12-24T10:13:39+00:00\",\"dateModified\":\"2026-02-24T10:12:46+00:00\",\"description\":\"Entdecken Sie die Enphase IQ Battery 5P, eine zuverl\u00e4ssige und sichere Energiespeicherl\u00f6sung zur Maximierung Ihrer Solaranlage.\",\"breadcrumb\":{\"@id\":\"https:\\\/\\\/www.solar-depot.lu\\\/de\\\/produit\\\/enphase-iq-batterie-3t-128-kva-copy\\\/#breadcrumb\"},\"inLanguage\":\"de\",\"potentialAction\":[{\"@type\":\"ReadAction\",\"target\":[\"https:\\\/\\\/www.solar-depot.lu\\\/de\\\/produit\\\/enphase-iq-batterie-3t-128-kva-copy\\\/\"]}]},{\"@type\":\"ImageObject\",\"inLanguage\":\"de\",\"@id\":\"https:\\\/\\\/www.solar-depot.lu\\\/de\\\/produit\\\/enphase-iq-batterie-3t-128-kva-copy\\\/#primaryimage\",\"url\":\"https:\\\/\\\/www.solar-depot.lu\\\/wp-content\\\/uploads\\\/2024\\\/12\\\/image-removebg-preview-16.png\",\"contentUrl\":\"https:\\\/\\\/www.solar-depot.lu\\\/wp-content\\\/uploads\\\/2024\\\/12\\\/image-removebg-preview-16.png\",\"width\":403,\"height\":340},{\"@type\":\"BreadcrumbList\",\"@id\":\"https:\\\/\\\/www.solar-depot.lu\\\/de\\\/produit\\\/enphase-iq-batterie-3t-128-kva-copy\\\/#breadcrumb\",\"itemListElement\":[{\"@type\":\"ListItem\",\"position\":1,\"name\":\"Startseite\",\"item\":\"https:\\\/\\\/www.solar-depot.lu\\\/de\\\/\"},{\"@type\":\"ListItem\",\"position\":2,\"name\":\"Enphase IQ Batterie 5P\"}]},{\"@type\":\"WebSite\",\"@id\":\"https:\\\/\\\/www.solar-depot.lu\\\/de\\\/#website\",\"url\":\"https:\\\/\\\/www.solar-depot.lu\\\/de\\\/\",\"name\":\"SOLAR DEPOT\",\"description\":\"Solar Depot, l&#039;\u00e9nergie solaire \u00e0 emporter chez vous !\",\"publisher\":{\"@id\":\"https:\\\/\\\/www.solar-depot.lu\\\/de\\\/#organization\"},\"potentialAction\":[{\"@type\":\"SearchAction\",\"target\":{\"@type\":\"EntryPoint\",\"urlTemplate\":\"https:\\\/\\\/www.solar-depot.lu\\\/de\\\/?s={search_term_string}\"},\"query-input\":{\"@type\":\"PropertyValueSpecification\",\"valueRequired\":true,\"valueName\":\"search_term_string\"}}],\"inLanguage\":\"de\"},{\"@type\":\"Organization\",\"@id\":\"https:\\\/\\\/www.solar-depot.lu\\\/de\\\/#organization\",\"name\":\"SOLAR DEPOT\",\"url\":\"https:\\\/\\\/www.solar-depot.lu\\\/de\\\/\",\"logo\":{\"@type\":\"ImageObject\",\"inLanguage\":\"de\",\"@id\":\"https:\\\/\\\/www.solar-depot.lu\\\/de\\\/#\\\/schema\\\/logo\\\/image\\\/\",\"url\":\"https:\\\/\\\/www.solar-depot.lu\\\/wp-content\\\/uploads\\\/2023\\\/08\\\/ege-depot-sans-fond.png\",\"contentUrl\":\"https:\\\/\\\/www.solar-depot.lu\\\/wp-content\\\/uploads\\\/2023\\\/08\\\/ege-depot-sans-fond.png\",\"width\":1696,\"height\":536,\"caption\":\"SOLAR DEPOT\"},\"image\":{\"@id\":\"https:\\\/\\\/www.solar-depot.lu\\\/de\\\/#\\\/schema\\\/logo\\\/image\\\/\"}}]}<\/script>\n<!-- \/ Yoast SEO Premium plugin. -->","yoast_head_json":{"title":"Enphase IQ Batterie 5P - SOLAR DEPOT","description":"Entdecken Sie die Enphase IQ Battery 5P, eine zuverl\u00e4ssige und sichere Energiespeicherl\u00f6sung zur Maximierung Ihrer Solaranlage.","robots":{"index":"index","follow":"follow","max-snippet":"max-snippet:-1","max-image-preview":"max-image-preview:large","max-video-preview":"max-video-preview:-1"},"canonical":"https:\/\/www.solar-depot.lu\/de\/produit\/enphase-iq-batterie-3t-128-kva-copy\/","og_locale":"de_DE","og_type":"article","og_title":"Enphase IQ Batterie 5P","og_description":"Entdecken Sie die Enphase IQ Battery 5P, eine zuverl\u00e4ssige und sichere Energiespeicherl\u00f6sung zur Maximierung Ihrer Solaranlage.","og_url":"https:\/\/www.solar-depot.lu\/de\/produit\/enphase-iq-batterie-3t-128-kva-copy\/","og_site_name":"SOLAR DEPOT","article_modified_time":"2026-02-24T10:12:46+00:00","og_image":[{"width":403,"height":340,"url":"https:\/\/www.solar-depot.lu\/wp-content\/uploads\/2024\/12\/image-removebg-preview-16.png","type":"image\/png"}],"twitter_card":"summary_large_image","twitter_misc":{"Gesch\u00e4tzte Lesezeit":"1\u00a0Minute"},"schema":{"@context":"https:\/\/schema.org","@graph":[{"@type":"WebPage","@id":"https:\/\/www.solar-depot.lu\/de\/produit\/enphase-iq-batterie-3t-128-kva-copy\/","url":"https:\/\/www.solar-depot.lu\/de\/produit\/enphase-iq-batterie-3t-128-kva-copy\/","name":"Enphase IQ Batterie 5P - SOLAR DEPOT","isPartOf":{"@id":"https:\/\/www.solar-depot.lu\/de\/#website"},"primaryImageOfPage":{"@id":"https:\/\/www.solar-depot.lu\/de\/produit\/enphase-iq-batterie-3t-128-kva-copy\/#primaryimage"},"image":{"@id":"https:\/\/www.solar-depot.lu\/de\/produit\/enphase-iq-batterie-3t-128-kva-copy\/#primaryimage"},"thumbnailUrl":"https:\/\/www.solar-depot.lu\/wp-content\/uploads\/2024\/12\/image-removebg-preview-16.png","datePublished":"2024-12-24T10:13:39+00:00","dateModified":"2026-02-24T10:12:46+00:00","description":"Entdecken Sie die Enphase IQ Battery 5P, eine zuverl\u00e4ssige und sichere Energiespeicherl\u00f6sung zur Maximierung Ihrer Solaranlage.","breadcrumb":{"@id":"https:\/\/www.solar-depot.lu\/de\/produit\/enphase-iq-batterie-3t-128-kva-copy\/#breadcrumb"},"inLanguage":"de","potentialAction":[{"@type":"ReadAction","target":["https:\/\/www.solar-depot.lu\/de\/produit\/enphase-iq-batterie-3t-128-kva-copy\/"]}]},{"@type":"ImageObject","inLanguage":"de","@id":"https:\/\/www.solar-depot.lu\/de\/produit\/enphase-iq-batterie-3t-128-kva-copy\/#primaryimage","url":"https:\/\/www.solar-depot.lu\/wp-content\/uploads\/2024\/12\/image-removebg-preview-16.png","contentUrl":"https:\/\/www.solar-depot.lu\/wp-content\/uploads\/2024\/12\/image-removebg-preview-16.png","width":403,"height":340},{"@type":"BreadcrumbList","@id":"https:\/\/www.solar-depot.lu\/de\/produit\/enphase-iq-batterie-3t-128-kva-copy\/#breadcrumb","itemListElement":[{"@type":"ListItem","position":1,"name":"Startseite","item":"https:\/\/www.solar-depot.lu\/de\/"},{"@type":"ListItem","position":2,"name":"Enphase IQ Batterie 5P"}]},{"@type":"WebSite","@id":"https:\/\/www.solar-depot.lu\/de\/#website","url":"https:\/\/www.solar-depot.lu\/de\/","name":"SOLAR DEPOT","description":"Solar Depot, l&#039;\u00e9nergie solaire \u00e0 emporter chez vous !","publisher":{"@id":"https:\/\/www.solar-depot.lu\/de\/#organization"},"potentialAction":[{"@type":"SearchAction","target":{"@type":"EntryPoint","urlTemplate":"https:\/\/www.solar-depot.lu\/de\/?s={search_term_string}"},"query-input":{"@type":"PropertyValueSpecification","valueRequired":true,"valueName":"search_term_string"}}],"inLanguage":"de"},{"@type":"Organization","@id":"https:\/\/www.solar-depot.lu\/de\/#organization","name":"SOLAR DEPOT","url":"https:\/\/www.solar-depot.lu\/de\/","logo":{"@type":"ImageObject","inLanguage":"de","@id":"https:\/\/www.solar-depot.lu\/de\/#\/schema\/logo\/image\/","url":"https:\/\/www.solar-depot.lu\/wp-content\/uploads\/2023\/08\/ege-depot-sans-fond.png","contentUrl":"https:\/\/www.solar-depot.lu\/wp-content\/uploads\/2023\/08\/ege-depot-sans-fond.png","width":1696,"height":536,"caption":"SOLAR DEPOT"},"image":{"@id":"https:\/\/www.solar-depot.lu\/de\/#\/schema\/logo\/image\/"}}]}},"_links":{"self":[{"href":"https:\/\/www.solar-depot.lu\/de\/wp-json\/wp\/v2\/product\/6797","targetHints":{"allow":["GET"]}}],"collection":[{"href":"https:\/\/www.solar-depot.lu\/de\/wp-json\/wp\/v2\/product"}],"about":[{"href":"https:\/\/www.solar-depot.lu\/de\/wp-json\/wp\/v2\/types\/product"}],"wp:featuredmedia":[{"embeddable":true,"href":"https:\/\/www.solar-depot.lu\/de\/wp-json\/wp\/v2\/media\/6800"}],"wp:attachment":[{"href":"https:\/\/www.solar-depot.lu\/de\/wp-json\/wp\/v2\/media?parent=6797"}],"wp:term":[{"taxonomy":"product_brand","embeddable":true,"href":"https:\/\/www.solar-depot.lu\/de\/wp-json\/wp\/v2\/product_brand?post=6797"},{"taxonomy":"product_cat","embeddable":true,"href":"https:\/\/www.solar-depot.lu\/de\/wp-json\/wp\/v2\/product_cat?post=6797"},{"taxonomy":"product_tag","embeddable":true,"href":"https:\/\/www.solar-depot.lu\/de\/wp-json\/wp\/v2\/product_tag?post=6797"}],"curies":[{"name":"wp","href":"https:\/\/api.w.org\/{rel}","templated":true}]}}