{"id":8497,"date":"2025-08-19T17:26:06","date_gmt":"2025-08-19T15:26:06","guid":{"rendered":"https:\/\/www.solar-depot.lu\/produit\/tcl-460w-class-e-class-hsm-bd-54-da\/"},"modified":"2026-02-20T17:45:25","modified_gmt":"2026-02-20T16:45:25","slug":"tcl-460w-class-e-class-hsm-bd-54-da","status":"publish","type":"product","link":"https:\/\/www.solar-depot.lu\/de\/produit\/tcl-460w-class-e-class-hsm-bd-54-da\/","title":{"rendered":"TCL 460W Class E Class &#8211; HSM-BD-54-DA"},"content":{"rendered":"","protected":false},"excerpt":{"rendered":"<p data-start=\"42\" data-end=\"233\">Die Marke <strong data-start=\"57\" data-end=\"73\">SunPower TCL<\/strong> bietet das bifaziale Solarmodul an, das sich ideal f\u00fcr Anwendungen im Wohnbereich eignet.<\/p>\n<p data-start=\"42\" data-end=\"233\">&#8211; <strong data-start=\"170\" data-end=\"182\">Gerahmtes<\/strong> Design<br data-start=\"182\" data-end=\"185\" \/>&#8211; <strong data-start=\"199\" data-end=\"214\">Glas-Glas-Technologie<\/strong><br data-start=\"214\" data-end=\"217\" \/>&#8211; <strong data-start=\"233\" data-end=\"253\">R\u00fcckseitenkontakt-Technologie<\/strong><br data-start=\"253\" data-end=\"256\" \/>&#8211; <strong data-start=\"279\" data-end=\"292\">Bifaziale<\/strong> Energieerzeugung, <strong data-start=\"294\" data-end=\"303\">460 W<\/strong><\/p>\n<p data-start=\"42\" data-end=\"233\"><strong data-start=\"42\" data-end=\"73\">Hohe Energieausbeute<\/strong><br data-start=\"73\" data-end=\"76\" \/>&#8211; Konstante Energieproduktion unabh\u00e4ngig von den Wetterbedingungen<br data-start=\"158\" data-end=\"161\" \/>&#8211; Bifaziale Energieerzeugung<br data-start=\"193\" data-end=\"196\" \/>&#8211; Niedriger Temperaturkoeffizient<\/p>\n<p data-start=\"235\" data-end=\"347\"><strong data-start=\"235\" data-end=\"253\">Elegantes Design<\/strong><br data-start=\"253\" data-end=\"256\" \/>&#8211; Schlichte \u00c4sthetik des Panels<br data-start=\"286\" data-end=\"289\" \/>&#8211; Langlebiger Rahmen und thermisch verst\u00e4rktes Glas<\/p>\n<p data-start=\"349\" data-end=\"536\"><strong data-start=\"349\" data-end=\"380\">Zuverl\u00e4ssiger Betrieb<\/strong><br data-start=\"380\" data-end=\"383\" \/>&#8211; Strenge Verfahren zur Qualifizierung der Lieferkette<br data-start=\"457\" data-end=\"460\" \/>&#8211; Einfache Installation<br data-start=\"481\" data-end=\"484\" \/>&#8211; Unterst\u00fctzt von einer vertrauensw\u00fcrdigen Bankgesellschaft<\/p>\n","protected":false},"featured_media":7965,"template":"","meta":{"editor_plus_copied_stylings":"{}"},"product_brand":[984],"product_cat":[164],"product_tag":[],"class_list":{"0":"post-8497","1":"product","2":"type-product","3":"status-publish","4":"has-post-thumbnail","6":"product_brand-tcl","7":"product_cat-non-classe-de-2","9":"first","10":"instock","11":"taxable","12":"shipping-taxable","13":"purchasable","14":"product-type-simple"},"acf":[],"yoast_head":"<!-- This site is optimized with the Yoast SEO Premium plugin v22.0 (Yoast SEO v27.5) - https:\/\/yoast.com\/product\/yoast-seo-premium-wordpress\/ -->\n<title>TCL 460W Class E Class - HSM-BD-54-D<\/title>\n<meta name=\"description\" content=\"Das von SunPower TCL hergestellte bifaziale Solarmodul HSM-BD-54-DA mit 460 Watt ist ideal f\u00fcr Wohngeb\u00e4ude und bietet Zuverl\u00e4ssigkeit, ein elegantes Design und einen hohen Wirkungsgrad.\" \/>\n<meta name=\"robots\" content=\"index, follow, max-snippet:-1, max-image-preview:large, max-video-preview:-1\" \/>\n<link rel=\"canonical\" href=\"https:\/\/www.solar-depot.lu\/de\/produit\/tcl-460w-class-e-class-hsm-bd-54-da\/\" \/>\n<meta property=\"og:locale\" content=\"de_DE\" \/>\n<meta property=\"og:type\" content=\"article\" \/>\n<meta property=\"og:title\" content=\"TCL 460W Class E Class - HSM-BD-54-DA\" \/>\n<meta property=\"og:description\" content=\"Das von SunPower TCL hergestellte bifaziale Solarmodul HSM-BD-54-DA mit 460 Watt ist ideal f\u00fcr Wohngeb\u00e4ude und bietet Zuverl\u00e4ssigkeit, ein elegantes Design und einen hohen Wirkungsgrad.\" \/>\n<meta property=\"og:url\" content=\"https:\/\/www.solar-depot.lu\/de\/produit\/tcl-460w-class-e-class-hsm-bd-54-da\/\" \/>\n<meta property=\"og:site_name\" content=\"SOLAR DEPOT\" \/>\n<meta property=\"article:modified_time\" content=\"2026-02-20T16:45:25+00:00\" \/>\n<meta property=\"og:image\" content=\"https:\/\/www.solar-depot.lu\/wp-content\/uploads\/2025\/08\/465w.png\" \/>\n\t<meta property=\"og:image:width\" content=\"1800\" \/>\n\t<meta property=\"og:image:height\" content=\"1800\" \/>\n\t<meta property=\"og:image:type\" content=\"image\/png\" \/>\n<meta name=\"twitter:card\" content=\"summary_large_image\" \/>\n<meta name=\"twitter:label1\" content=\"Gesch\u00e4tzte Lesezeit\" \/>\n\t<meta name=\"twitter:data1\" content=\"1\u00a0Minute\" \/>\n<script type=\"application\/ld+json\" class=\"yoast-schema-graph\">{\"@context\":\"https:\\\/\\\/schema.org\",\"@graph\":[{\"@type\":\"WebPage\",\"@id\":\"https:\\\/\\\/www.solar-depot.lu\\\/de\\\/produit\\\/tcl-460w-class-e-class-hsm-bd-54-da\\\/\",\"url\":\"https:\\\/\\\/www.solar-depot.lu\\\/de\\\/produit\\\/tcl-460w-class-e-class-hsm-bd-54-da\\\/\",\"name\":\"TCL 460W Class E Class - HSM-BD-54-D\",\"isPartOf\":{\"@id\":\"https:\\\/\\\/www.solar-depot.lu\\\/de\\\/#website\"},\"primaryImageOfPage\":{\"@id\":\"https:\\\/\\\/www.solar-depot.lu\\\/de\\\/produit\\\/tcl-460w-class-e-class-hsm-bd-54-da\\\/#primaryimage\"},\"image\":{\"@id\":\"https:\\\/\\\/www.solar-depot.lu\\\/de\\\/produit\\\/tcl-460w-class-e-class-hsm-bd-54-da\\\/#primaryimage\"},\"thumbnailUrl\":\"https:\\\/\\\/www.solar-depot.lu\\\/wp-content\\\/uploads\\\/2025\\\/08\\\/465w.png\",\"datePublished\":\"2025-08-19T15:26:06+00:00\",\"dateModified\":\"2026-02-20T16:45:25+00:00\",\"description\":\"Das von SunPower TCL hergestellte bifaziale Solarmodul HSM-BD-54-DA mit 460 Watt ist ideal f\u00fcr Wohngeb\u00e4ude und bietet Zuverl\u00e4ssigkeit, ein elegantes Design und einen hohen Wirkungsgrad.\",\"breadcrumb\":{\"@id\":\"https:\\\/\\\/www.solar-depot.lu\\\/de\\\/produit\\\/tcl-460w-class-e-class-hsm-bd-54-da\\\/#breadcrumb\"},\"inLanguage\":\"de\",\"potentialAction\":[{\"@type\":\"ReadAction\",\"target\":[\"https:\\\/\\\/www.solar-depot.lu\\\/de\\\/produit\\\/tcl-460w-class-e-class-hsm-bd-54-da\\\/\"]}]},{\"@type\":\"ImageObject\",\"inLanguage\":\"de\",\"@id\":\"https:\\\/\\\/www.solar-depot.lu\\\/de\\\/produit\\\/tcl-460w-class-e-class-hsm-bd-54-da\\\/#primaryimage\",\"url\":\"https:\\\/\\\/www.solar-depot.lu\\\/wp-content\\\/uploads\\\/2025\\\/08\\\/465w.png\",\"contentUrl\":\"https:\\\/\\\/www.solar-depot.lu\\\/wp-content\\\/uploads\\\/2025\\\/08\\\/465w.png\",\"width\":1800,\"height\":1800},{\"@type\":\"BreadcrumbList\",\"@id\":\"https:\\\/\\\/www.solar-depot.lu\\\/de\\\/produit\\\/tcl-460w-class-e-class-hsm-bd-54-da\\\/#breadcrumb\",\"itemListElement\":[{\"@type\":\"ListItem\",\"position\":1,\"name\":\"Startseite\",\"item\":\"https:\\\/\\\/www.solar-depot.lu\\\/de\\\/\"},{\"@type\":\"ListItem\",\"position\":2,\"name\":\"TCL 460W Class E Class &#8211; HSM-BD-54-DA\"}]},{\"@type\":\"WebSite\",\"@id\":\"https:\\\/\\\/www.solar-depot.lu\\\/de\\\/#website\",\"url\":\"https:\\\/\\\/www.solar-depot.lu\\\/de\\\/\",\"name\":\"SOLAR DEPOT\",\"description\":\"Solar Depot, l&#039;\u00e9nergie solaire \u00e0 emporter chez vous !\",\"publisher\":{\"@id\":\"https:\\\/\\\/www.solar-depot.lu\\\/de\\\/#organization\"},\"potentialAction\":[{\"@type\":\"SearchAction\",\"target\":{\"@type\":\"EntryPoint\",\"urlTemplate\":\"https:\\\/\\\/www.solar-depot.lu\\\/de\\\/?s={search_term_string}\"},\"query-input\":{\"@type\":\"PropertyValueSpecification\",\"valueRequired\":true,\"valueName\":\"search_term_string\"}}],\"inLanguage\":\"de\"},{\"@type\":\"Organization\",\"@id\":\"https:\\\/\\\/www.solar-depot.lu\\\/de\\\/#organization\",\"name\":\"SOLAR DEPOT\",\"url\":\"https:\\\/\\\/www.solar-depot.lu\\\/de\\\/\",\"logo\":{\"@type\":\"ImageObject\",\"inLanguage\":\"de\",\"@id\":\"https:\\\/\\\/www.solar-depot.lu\\\/de\\\/#\\\/schema\\\/logo\\\/image\\\/\",\"url\":\"https:\\\/\\\/www.solar-depot.lu\\\/wp-content\\\/uploads\\\/2023\\\/08\\\/ege-depot-sans-fond.png\",\"contentUrl\":\"https:\\\/\\\/www.solar-depot.lu\\\/wp-content\\\/uploads\\\/2023\\\/08\\\/ege-depot-sans-fond.png\",\"width\":1696,\"height\":536,\"caption\":\"SOLAR DEPOT\"},\"image\":{\"@id\":\"https:\\\/\\\/www.solar-depot.lu\\\/de\\\/#\\\/schema\\\/logo\\\/image\\\/\"}}]}<\/script>\n<!-- \/ Yoast SEO Premium plugin. -->","yoast_head_json":{"title":"TCL 460W Class E Class - HSM-BD-54-D","description":"Das von SunPower TCL hergestellte bifaziale Solarmodul HSM-BD-54-DA mit 460 Watt ist ideal f\u00fcr Wohngeb\u00e4ude und bietet Zuverl\u00e4ssigkeit, ein elegantes Design und einen hohen Wirkungsgrad.","robots":{"index":"index","follow":"follow","max-snippet":"max-snippet:-1","max-image-preview":"max-image-preview:large","max-video-preview":"max-video-preview:-1"},"canonical":"https:\/\/www.solar-depot.lu\/de\/produit\/tcl-460w-class-e-class-hsm-bd-54-da\/","og_locale":"de_DE","og_type":"article","og_title":"TCL 460W Class E Class - HSM-BD-54-DA","og_description":"Das von SunPower TCL hergestellte bifaziale Solarmodul HSM-BD-54-DA mit 460 Watt ist ideal f\u00fcr Wohngeb\u00e4ude und bietet Zuverl\u00e4ssigkeit, ein elegantes Design und einen hohen Wirkungsgrad.","og_url":"https:\/\/www.solar-depot.lu\/de\/produit\/tcl-460w-class-e-class-hsm-bd-54-da\/","og_site_name":"SOLAR DEPOT","article_modified_time":"2026-02-20T16:45:25+00:00","og_image":[{"width":1800,"height":1800,"url":"https:\/\/www.solar-depot.lu\/wp-content\/uploads\/2025\/08\/465w.png","type":"image\/png"}],"twitter_card":"summary_large_image","twitter_misc":{"Gesch\u00e4tzte Lesezeit":"1\u00a0Minute"},"schema":{"@context":"https:\/\/schema.org","@graph":[{"@type":"WebPage","@id":"https:\/\/www.solar-depot.lu\/de\/produit\/tcl-460w-class-e-class-hsm-bd-54-da\/","url":"https:\/\/www.solar-depot.lu\/de\/produit\/tcl-460w-class-e-class-hsm-bd-54-da\/","name":"TCL 460W Class E Class - HSM-BD-54-D","isPartOf":{"@id":"https:\/\/www.solar-depot.lu\/de\/#website"},"primaryImageOfPage":{"@id":"https:\/\/www.solar-depot.lu\/de\/produit\/tcl-460w-class-e-class-hsm-bd-54-da\/#primaryimage"},"image":{"@id":"https:\/\/www.solar-depot.lu\/de\/produit\/tcl-460w-class-e-class-hsm-bd-54-da\/#primaryimage"},"thumbnailUrl":"https:\/\/www.solar-depot.lu\/wp-content\/uploads\/2025\/08\/465w.png","datePublished":"2025-08-19T15:26:06+00:00","dateModified":"2026-02-20T16:45:25+00:00","description":"Das von SunPower TCL hergestellte bifaziale Solarmodul HSM-BD-54-DA mit 460 Watt ist ideal f\u00fcr Wohngeb\u00e4ude und bietet Zuverl\u00e4ssigkeit, ein elegantes Design und einen hohen Wirkungsgrad.","breadcrumb":{"@id":"https:\/\/www.solar-depot.lu\/de\/produit\/tcl-460w-class-e-class-hsm-bd-54-da\/#breadcrumb"},"inLanguage":"de","potentialAction":[{"@type":"ReadAction","target":["https:\/\/www.solar-depot.lu\/de\/produit\/tcl-460w-class-e-class-hsm-bd-54-da\/"]}]},{"@type":"ImageObject","inLanguage":"de","@id":"https:\/\/www.solar-depot.lu\/de\/produit\/tcl-460w-class-e-class-hsm-bd-54-da\/#primaryimage","url":"https:\/\/www.solar-depot.lu\/wp-content\/uploads\/2025\/08\/465w.png","contentUrl":"https:\/\/www.solar-depot.lu\/wp-content\/uploads\/2025\/08\/465w.png","width":1800,"height":1800},{"@type":"BreadcrumbList","@id":"https:\/\/www.solar-depot.lu\/de\/produit\/tcl-460w-class-e-class-hsm-bd-54-da\/#breadcrumb","itemListElement":[{"@type":"ListItem","position":1,"name":"Startseite","item":"https:\/\/www.solar-depot.lu\/de\/"},{"@type":"ListItem","position":2,"name":"TCL 460W Class E Class &#8211; HSM-BD-54-DA"}]},{"@type":"WebSite","@id":"https:\/\/www.solar-depot.lu\/de\/#website","url":"https:\/\/www.solar-depot.lu\/de\/","name":"SOLAR DEPOT","description":"Solar Depot, l&#039;\u00e9nergie solaire \u00e0 emporter chez vous !","publisher":{"@id":"https:\/\/www.solar-depot.lu\/de\/#organization"},"potentialAction":[{"@type":"SearchAction","target":{"@type":"EntryPoint","urlTemplate":"https:\/\/www.solar-depot.lu\/de\/?s={search_term_string}"},"query-input":{"@type":"PropertyValueSpecification","valueRequired":true,"valueName":"search_term_string"}}],"inLanguage":"de"},{"@type":"Organization","@id":"https:\/\/www.solar-depot.lu\/de\/#organization","name":"SOLAR DEPOT","url":"https:\/\/www.solar-depot.lu\/de\/","logo":{"@type":"ImageObject","inLanguage":"de","@id":"https:\/\/www.solar-depot.lu\/de\/#\/schema\/logo\/image\/","url":"https:\/\/www.solar-depot.lu\/wp-content\/uploads\/2023\/08\/ege-depot-sans-fond.png","contentUrl":"https:\/\/www.solar-depot.lu\/wp-content\/uploads\/2023\/08\/ege-depot-sans-fond.png","width":1696,"height":536,"caption":"SOLAR DEPOT"},"image":{"@id":"https:\/\/www.solar-depot.lu\/de\/#\/schema\/logo\/image\/"}}]}},"_links":{"self":[{"href":"https:\/\/www.solar-depot.lu\/de\/wp-json\/wp\/v2\/product\/8497","targetHints":{"allow":["GET"]}}],"collection":[{"href":"https:\/\/www.solar-depot.lu\/de\/wp-json\/wp\/v2\/product"}],"about":[{"href":"https:\/\/www.solar-depot.lu\/de\/wp-json\/wp\/v2\/types\/product"}],"wp:featuredmedia":[{"embeddable":true,"href":"https:\/\/www.solar-depot.lu\/de\/wp-json\/wp\/v2\/media\/7965"}],"wp:attachment":[{"href":"https:\/\/www.solar-depot.lu\/de\/wp-json\/wp\/v2\/media?parent=8497"}],"wp:term":[{"taxonomy":"product_brand","embeddable":true,"href":"https:\/\/www.solar-depot.lu\/de\/wp-json\/wp\/v2\/product_brand?post=8497"},{"taxonomy":"product_cat","embeddable":true,"href":"https:\/\/www.solar-depot.lu\/de\/wp-json\/wp\/v2\/product_cat?post=8497"},{"taxonomy":"product_tag","embeddable":true,"href":"https:\/\/www.solar-depot.lu\/de\/wp-json\/wp\/v2\/product_tag?post=8497"}],"curies":[{"name":"wp","href":"https:\/\/api.w.org\/{rel}","templated":true}]}}