{"id":8499,"date":"2025-04-18T08:36:09","date_gmt":"2025-04-18T06:36:09","guid":{"rendered":"https:\/\/www.solar-depot.lu\/produit\/solarmodul-455w-topcon-bifacial-full-black\/"},"modified":"2026-02-20T17:46:24","modified_gmt":"2026-02-20T16:46:24","slug":"solarmodul-455w-topcon-bifacial-full-black","status":"publish","type":"product","link":"https:\/\/www.solar-depot.lu\/de\/produit\/solarmodul-455w-topcon-bifacial-full-black\/","title":{"rendered":"Solarmodul 455W TOPCON Bifacial Full Black"},"content":{"rendered":"","protected":false},"excerpt":{"rendered":"<p class=\"\" data-start=\"122\" data-end=\"538\">Das bifaziale Photovoltaikmodul <strong data-start=\"157\" data-end=\"183\">SunPower Performance 7 &#8211; 455W<\/strong> bietet dank seines innovativen Designs eine hohe Energieproduktion. Der<strong> Aluminiumrahmen<\/strong> und die <strong>Glas\/Glas-Struktur<\/strong> sorgen f\u00fcr eine hohe Robustheit, w\u00e4hrend die dreigeteilten Dachziegelzellen eine bessere Beschattung erm\u00f6glichen und die Zellen auf einer niedrigen Temperatur halten, wodurch eine optimale Leistung im Laufe der Zeit gew\u00e4hrleistet wird.<\/p>\n<p class=\"\" data-start=\"540\" data-end=\"835\">Das Paneel ist witterungsbest\u00e4ndig und dank seiner robusten Zellverbindungen <strong>gegen Temperaturschwankungen, Schnee und Hagel gesch\u00fctzt<\/strong>. Sein klares Design mit feinen Metalldr\u00e4hten verleiht ihm ein elegantes Aussehen, das sich perfekt in Ihr Dach einf\u00fcgt.<\/p>\n<p class=\"\" data-start=\"837\" data-end=\"1124\">Das SunPower-Modul wird von einem Unternehmen hergestellt, das <strong>f\u00fcr seine Umweltfreundlichkeit und die R\u00fcckverfolgbarkeit der Materialien bekannt<\/strong> ist. Mit einer Nulltoleranz gegen\u00fcber Arbeitsrechtsverletzungen engagiert sich Maxeon voll und ganz f\u00fcr eine nachhaltige Entwicklung.<\/p>\n<p class=\"\" data-start=\"1126\" data-end=\"1453\">In Bezug auf die Haltbarkeit wird f\u00fcr den SunPower Performance 7 eine <strong>au\u00dfergew\u00f6hnliche 30-j\u00e4hrige Garantie gew\u00e4hrt, die sowohl Material- als auch Verarbeitungsfehler abdeckt<\/strong>. Die Garantie gew\u00e4hrleistet eine Mindestleistung von 99% im ersten Jahr mit einer maximalen j\u00e4hrlichen Abnahmerate von 0,4%. Ein Qualit\u00e4tsprodukt, das f\u00fcr eine lange Lebensdauer konzipiert ist.<\/p>\n<p data-start=\"1126\" data-end=\"1453\">Verlassen Sie sich auf <strong>Solar Depot<\/strong> und <strong>SunPower<\/strong> f\u00fcr eine innovative, leistungsstarke und nachhaltige Solarl\u00f6sung!<\/p>\n","protected":false},"featured_media":8007,"template":"","meta":{"editor_plus_copied_stylings":"{}"},"product_brand":[985],"product_cat":[164],"product_tag":[],"class_list":{"0":"post-8499","1":"product","2":"type-product","3":"status-publish","4":"has-post-thumbnail","6":"product_brand-sunpower","7":"product_cat-non-classe-de-2","9":"first","10":"instock","11":"taxable","12":"shipping-taxable","13":"purchasable","14":"product-type-simple"},"acf":[],"yoast_head":"<!-- This site is optimized with the Yoast SEO Premium plugin v22.0 (Yoast SEO v27.5) - https:\/\/yoast.com\/product\/yoast-seo-premium-wordpress\/ -->\n<title>Solarmodul SunPower P7 455W TOPCon Full Black<\/title>\n<meta name=\"description\" content=\"Das Solarmodul SunPower P7 bietet eine hohe bifaziale Leistung, ein elegantes Full-Black-Design und eine garantierte Zuverl\u00e4ssigkeit von 30 Jahren.\" \/>\n<meta name=\"robots\" content=\"index, follow, max-snippet:-1, max-image-preview:large, max-video-preview:-1\" \/>\n<link rel=\"canonical\" href=\"https:\/\/www.solar-depot.lu\/de\/produit\/solarmodul-455w-topcon-bifacial-full-black\/\" \/>\n<meta property=\"og:locale\" content=\"de_DE\" \/>\n<meta property=\"og:type\" content=\"article\" \/>\n<meta property=\"og:title\" content=\"Solarmodul 455W TOPCON Bifacial Full Black\" \/>\n<meta property=\"og:description\" content=\"Das Solarmodul SunPower P7 bietet eine hohe bifaziale Leistung, ein elegantes Full-Black-Design und eine garantierte Zuverl\u00e4ssigkeit von 30 Jahren.\" \/>\n<meta property=\"og:url\" content=\"https:\/\/www.solar-depot.lu\/de\/produit\/solarmodul-455w-topcon-bifacial-full-black\/\" \/>\n<meta property=\"og:site_name\" content=\"SOLAR DEPOT\" \/>\n<meta property=\"article:modified_time\" content=\"2026-02-20T16:46:24+00:00\" \/>\n<meta property=\"og:image\" content=\"https:\/\/www.solar-depot.lu\/wp-content\/uploads\/2025\/04\/455w.png\" \/>\n\t<meta property=\"og:image:width\" content=\"1200\" \/>\n\t<meta property=\"og:image:height\" content=\"1200\" \/>\n\t<meta property=\"og:image:type\" content=\"image\/png\" \/>\n<meta name=\"twitter:card\" content=\"summary_large_image\" \/>\n<meta name=\"twitter:label1\" content=\"Gesch\u00e4tzte Lesezeit\" \/>\n\t<meta name=\"twitter:data1\" content=\"1\u00a0Minute\" \/>\n<script type=\"application\/ld+json\" class=\"yoast-schema-graph\">{\"@context\":\"https:\\\/\\\/schema.org\",\"@graph\":[{\"@type\":\"WebPage\",\"@id\":\"https:\\\/\\\/www.solar-depot.lu\\\/de\\\/produit\\\/solarmodul-455w-topcon-bifacial-full-black\\\/\",\"url\":\"https:\\\/\\\/www.solar-depot.lu\\\/de\\\/produit\\\/solarmodul-455w-topcon-bifacial-full-black\\\/\",\"name\":\"Solarmodul SunPower P7 455W TOPCon Full Black\",\"isPartOf\":{\"@id\":\"https:\\\/\\\/www.solar-depot.lu\\\/de\\\/#website\"},\"primaryImageOfPage\":{\"@id\":\"https:\\\/\\\/www.solar-depot.lu\\\/de\\\/produit\\\/solarmodul-455w-topcon-bifacial-full-black\\\/#primaryimage\"},\"image\":{\"@id\":\"https:\\\/\\\/www.solar-depot.lu\\\/de\\\/produit\\\/solarmodul-455w-topcon-bifacial-full-black\\\/#primaryimage\"},\"thumbnailUrl\":\"https:\\\/\\\/www.solar-depot.lu\\\/wp-content\\\/uploads\\\/2025\\\/04\\\/455w.png\",\"datePublished\":\"2025-04-18T06:36:09+00:00\",\"dateModified\":\"2026-02-20T16:46:24+00:00\",\"description\":\"Das Solarmodul SunPower P7 bietet eine hohe bifaziale Leistung, ein elegantes Full-Black-Design und eine garantierte Zuverl\u00e4ssigkeit von 30 Jahren.\",\"breadcrumb\":{\"@id\":\"https:\\\/\\\/www.solar-depot.lu\\\/de\\\/produit\\\/solarmodul-455w-topcon-bifacial-full-black\\\/#breadcrumb\"},\"inLanguage\":\"de\",\"potentialAction\":[{\"@type\":\"ReadAction\",\"target\":[\"https:\\\/\\\/www.solar-depot.lu\\\/de\\\/produit\\\/solarmodul-455w-topcon-bifacial-full-black\\\/\"]}]},{\"@type\":\"ImageObject\",\"inLanguage\":\"de\",\"@id\":\"https:\\\/\\\/www.solar-depot.lu\\\/de\\\/produit\\\/solarmodul-455w-topcon-bifacial-full-black\\\/#primaryimage\",\"url\":\"https:\\\/\\\/www.solar-depot.lu\\\/wp-content\\\/uploads\\\/2025\\\/04\\\/455w.png\",\"contentUrl\":\"https:\\\/\\\/www.solar-depot.lu\\\/wp-content\\\/uploads\\\/2025\\\/04\\\/455w.png\",\"width\":1200,\"height\":1200},{\"@type\":\"BreadcrumbList\",\"@id\":\"https:\\\/\\\/www.solar-depot.lu\\\/de\\\/produit\\\/solarmodul-455w-topcon-bifacial-full-black\\\/#breadcrumb\",\"itemListElement\":[{\"@type\":\"ListItem\",\"position\":1,\"name\":\"Startseite\",\"item\":\"https:\\\/\\\/www.solar-depot.lu\\\/de\\\/\"},{\"@type\":\"ListItem\",\"position\":2,\"name\":\"Solarmodul 455W TOPCON Bifacial Full Black\"}]},{\"@type\":\"WebSite\",\"@id\":\"https:\\\/\\\/www.solar-depot.lu\\\/de\\\/#website\",\"url\":\"https:\\\/\\\/www.solar-depot.lu\\\/de\\\/\",\"name\":\"SOLAR DEPOT\",\"description\":\"Solar Depot, l&#039;\u00e9nergie solaire \u00e0 emporter chez vous !\",\"publisher\":{\"@id\":\"https:\\\/\\\/www.solar-depot.lu\\\/de\\\/#organization\"},\"potentialAction\":[{\"@type\":\"SearchAction\",\"target\":{\"@type\":\"EntryPoint\",\"urlTemplate\":\"https:\\\/\\\/www.solar-depot.lu\\\/de\\\/?s={search_term_string}\"},\"query-input\":{\"@type\":\"PropertyValueSpecification\",\"valueRequired\":true,\"valueName\":\"search_term_string\"}}],\"inLanguage\":\"de\"},{\"@type\":\"Organization\",\"@id\":\"https:\\\/\\\/www.solar-depot.lu\\\/de\\\/#organization\",\"name\":\"SOLAR DEPOT\",\"url\":\"https:\\\/\\\/www.solar-depot.lu\\\/de\\\/\",\"logo\":{\"@type\":\"ImageObject\",\"inLanguage\":\"de\",\"@id\":\"https:\\\/\\\/www.solar-depot.lu\\\/de\\\/#\\\/schema\\\/logo\\\/image\\\/\",\"url\":\"https:\\\/\\\/www.solar-depot.lu\\\/wp-content\\\/uploads\\\/2023\\\/08\\\/ege-depot-sans-fond.png\",\"contentUrl\":\"https:\\\/\\\/www.solar-depot.lu\\\/wp-content\\\/uploads\\\/2023\\\/08\\\/ege-depot-sans-fond.png\",\"width\":1696,\"height\":536,\"caption\":\"SOLAR DEPOT\"},\"image\":{\"@id\":\"https:\\\/\\\/www.solar-depot.lu\\\/de\\\/#\\\/schema\\\/logo\\\/image\\\/\"}}]}<\/script>\n<!-- \/ Yoast SEO Premium plugin. -->","yoast_head_json":{"title":"Solarmodul SunPower P7 455W TOPCon Full Black","description":"Das Solarmodul SunPower P7 bietet eine hohe bifaziale Leistung, ein elegantes Full-Black-Design und eine garantierte Zuverl\u00e4ssigkeit von 30 Jahren.","robots":{"index":"index","follow":"follow","max-snippet":"max-snippet:-1","max-image-preview":"max-image-preview:large","max-video-preview":"max-video-preview:-1"},"canonical":"https:\/\/www.solar-depot.lu\/de\/produit\/solarmodul-455w-topcon-bifacial-full-black\/","og_locale":"de_DE","og_type":"article","og_title":"Solarmodul 455W TOPCON Bifacial Full Black","og_description":"Das Solarmodul SunPower P7 bietet eine hohe bifaziale Leistung, ein elegantes Full-Black-Design und eine garantierte Zuverl\u00e4ssigkeit von 30 Jahren.","og_url":"https:\/\/www.solar-depot.lu\/de\/produit\/solarmodul-455w-topcon-bifacial-full-black\/","og_site_name":"SOLAR DEPOT","article_modified_time":"2026-02-20T16:46:24+00:00","og_image":[{"width":1200,"height":1200,"url":"https:\/\/www.solar-depot.lu\/wp-content\/uploads\/2025\/04\/455w.png","type":"image\/png"}],"twitter_card":"summary_large_image","twitter_misc":{"Gesch\u00e4tzte Lesezeit":"1\u00a0Minute"},"schema":{"@context":"https:\/\/schema.org","@graph":[{"@type":"WebPage","@id":"https:\/\/www.solar-depot.lu\/de\/produit\/solarmodul-455w-topcon-bifacial-full-black\/","url":"https:\/\/www.solar-depot.lu\/de\/produit\/solarmodul-455w-topcon-bifacial-full-black\/","name":"Solarmodul SunPower P7 455W TOPCon Full Black","isPartOf":{"@id":"https:\/\/www.solar-depot.lu\/de\/#website"},"primaryImageOfPage":{"@id":"https:\/\/www.solar-depot.lu\/de\/produit\/solarmodul-455w-topcon-bifacial-full-black\/#primaryimage"},"image":{"@id":"https:\/\/www.solar-depot.lu\/de\/produit\/solarmodul-455w-topcon-bifacial-full-black\/#primaryimage"},"thumbnailUrl":"https:\/\/www.solar-depot.lu\/wp-content\/uploads\/2025\/04\/455w.png","datePublished":"2025-04-18T06:36:09+00:00","dateModified":"2026-02-20T16:46:24+00:00","description":"Das Solarmodul SunPower P7 bietet eine hohe bifaziale Leistung, ein elegantes Full-Black-Design und eine garantierte Zuverl\u00e4ssigkeit von 30 Jahren.","breadcrumb":{"@id":"https:\/\/www.solar-depot.lu\/de\/produit\/solarmodul-455w-topcon-bifacial-full-black\/#breadcrumb"},"inLanguage":"de","potentialAction":[{"@type":"ReadAction","target":["https:\/\/www.solar-depot.lu\/de\/produit\/solarmodul-455w-topcon-bifacial-full-black\/"]}]},{"@type":"ImageObject","inLanguage":"de","@id":"https:\/\/www.solar-depot.lu\/de\/produit\/solarmodul-455w-topcon-bifacial-full-black\/#primaryimage","url":"https:\/\/www.solar-depot.lu\/wp-content\/uploads\/2025\/04\/455w.png","contentUrl":"https:\/\/www.solar-depot.lu\/wp-content\/uploads\/2025\/04\/455w.png","width":1200,"height":1200},{"@type":"BreadcrumbList","@id":"https:\/\/www.solar-depot.lu\/de\/produit\/solarmodul-455w-topcon-bifacial-full-black\/#breadcrumb","itemListElement":[{"@type":"ListItem","position":1,"name":"Startseite","item":"https:\/\/www.solar-depot.lu\/de\/"},{"@type":"ListItem","position":2,"name":"Solarmodul 455W TOPCON Bifacial Full Black"}]},{"@type":"WebSite","@id":"https:\/\/www.solar-depot.lu\/de\/#website","url":"https:\/\/www.solar-depot.lu\/de\/","name":"SOLAR DEPOT","description":"Solar Depot, l&#039;\u00e9nergie solaire \u00e0 emporter chez vous !","publisher":{"@id":"https:\/\/www.solar-depot.lu\/de\/#organization"},"potentialAction":[{"@type":"SearchAction","target":{"@type":"EntryPoint","urlTemplate":"https:\/\/www.solar-depot.lu\/de\/?s={search_term_string}"},"query-input":{"@type":"PropertyValueSpecification","valueRequired":true,"valueName":"search_term_string"}}],"inLanguage":"de"},{"@type":"Organization","@id":"https:\/\/www.solar-depot.lu\/de\/#organization","name":"SOLAR DEPOT","url":"https:\/\/www.solar-depot.lu\/de\/","logo":{"@type":"ImageObject","inLanguage":"de","@id":"https:\/\/www.solar-depot.lu\/de\/#\/schema\/logo\/image\/","url":"https:\/\/www.solar-depot.lu\/wp-content\/uploads\/2023\/08\/ege-depot-sans-fond.png","contentUrl":"https:\/\/www.solar-depot.lu\/wp-content\/uploads\/2023\/08\/ege-depot-sans-fond.png","width":1696,"height":536,"caption":"SOLAR DEPOT"},"image":{"@id":"https:\/\/www.solar-depot.lu\/de\/#\/schema\/logo\/image\/"}}]}},"_links":{"self":[{"href":"https:\/\/www.solar-depot.lu\/de\/wp-json\/wp\/v2\/product\/8499","targetHints":{"allow":["GET"]}}],"collection":[{"href":"https:\/\/www.solar-depot.lu\/de\/wp-json\/wp\/v2\/product"}],"about":[{"href":"https:\/\/www.solar-depot.lu\/de\/wp-json\/wp\/v2\/types\/product"}],"wp:featuredmedia":[{"embeddable":true,"href":"https:\/\/www.solar-depot.lu\/de\/wp-json\/wp\/v2\/media\/8007"}],"wp:attachment":[{"href":"https:\/\/www.solar-depot.lu\/de\/wp-json\/wp\/v2\/media?parent=8499"}],"wp:term":[{"taxonomy":"product_brand","embeddable":true,"href":"https:\/\/www.solar-depot.lu\/de\/wp-json\/wp\/v2\/product_brand?post=8499"},{"taxonomy":"product_cat","embeddable":true,"href":"https:\/\/www.solar-depot.lu\/de\/wp-json\/wp\/v2\/product_cat?post=8499"},{"taxonomy":"product_tag","embeddable":true,"href":"https:\/\/www.solar-depot.lu\/de\/wp-json\/wp\/v2\/product_tag?post=8499"}],"curies":[{"name":"wp","href":"https:\/\/api.w.org\/{rel}","templated":true}]}}