{"id":8502,"date":"2024-11-05T09:44:18","date_gmt":"2024-11-05T08:44:18","guid":{"rendered":"https:\/\/www.solar-depot.lu\/?post_type=product&#038;p=8502"},"modified":"2026-02-20T17:26:29","modified_gmt":"2026-02-20T16:26:29","slug":"solarmodul-500wp-topcon-glas-glas-halbzellen-full-black","status":"publish","type":"product","link":"https:\/\/www.solar-depot.lu\/de\/produit\/solarmodul-500wp-topcon-glas-glas-halbzellen-full-black\/","title":{"rendered":"Solarmodul 500Wp TOPCon Glas-Glas Halbzellen Full Black"},"content":{"rendered":"","protected":false},"excerpt":{"rendered":"<p data-path-to-node=\"2\">Eco Green Energy wurde 2008 gegr\u00fcndet und ist ein franz\u00f6sischer Hersteller von Photovoltaik-Modulen, der seine Produkte in \u00fcber 60 L\u00e4ndern weltweit vertreibt. Die Solarmodule der Atlas-Serie werden ausschlie\u00dflich mit A-Qualit\u00e4tszellen gefertigt. Dies gew\u00e4hrleistet eine maximale Energieerzeugung und niedrigste Gesamtbetriebskosten bei einer garantierten Lebensdauer von \u00fcber 30 Jahren. Die Solarmodule werden in einer hochmodernen 1-GW-Fertigungsanlage mit den besten Maschinen des Marktes produziert, wobei strengste Produktionsnormen und Qualit\u00e4tskontrollen eingehalten werden.<\/p>\n<hr data-path-to-node=\"3\" \/>\n<h3 data-path-to-node=\"4\"><b data-path-to-node=\"4\" data-index-in-node=\"0\">Eigenschaften:<\/b><\/h3>\n<ul data-path-to-node=\"5\">\n<li>\n<p data-path-to-node=\"5,0,0\"><b data-path-to-node=\"5,0,0\" data-index-in-node=\"0\">Niedrigere LCOE- und BOS-Kosten:<\/b> Optimierte Stromgestehungskosten und Systemkosten.<\/p>\n<\/li>\n<li>\n<p data-path-to-node=\"5,1,0\"><b data-path-to-node=\"5,1,0\" data-index-in-node=\"0\">Anti-PID \/ Low-LID Schutz:<\/b> Schutz vor potenzialinduzierter Degradation und lichtinduzierter Degradation.<\/p>\n<\/li>\n<li>\n<p data-path-to-node=\"5,2,0\"><b data-path-to-node=\"5,2,0\" data-index-in-node=\"0\">Reduzierte Hot-Spot-Verschattungseffekte:<\/b> H\u00f6here Sicherheit und Effizienz bei Teilverschattung.<\/p>\n<\/li>\n<li>\n<p data-path-to-node=\"5,3,0\"><b data-path-to-node=\"5,3,0\" data-index-in-node=\"0\">Niedrigerer Temperaturkoeffizient:<\/b> Bessere Leistungswerte bei hohen Temperaturen.<\/p>\n<\/li>\n<li>\n<p data-path-to-node=\"5,4,0\"><b data-path-to-node=\"5,4,0\" data-index-in-node=\"0\">H\u00f6here Ausgangsleistung bei Schwachlicht:<\/b> Optimale Ertr\u00e4ge auch bei Nebel, Bew\u00f6lkung oder in den Morgenstunden.<\/p>\n<\/li>\n<\/ul>\n","protected":false},"featured_media":6530,"template":"","meta":{"editor_plus_copied_stylings":"{}"},"product_brand":[993],"product_cat":[164],"product_tag":[],"class_list":{"0":"post-8502","1":"product","2":"type-product","3":"status-publish","4":"has-post-thumbnail","6":"product_brand-eco-green-energy","7":"product_cat-non-classe-de-2","9":"first","10":"instock","11":"taxable","12":"shipping-taxable","13":"purchasable","14":"product-type-simple"},"acf":[],"yoast_head":"<!-- This site is optimized with the Yoast SEO Premium plugin v22.0 (Yoast SEO v27.5) - https:\/\/yoast.com\/product\/yoast-seo-premium-wordpress\/ -->\n<title>Solarmodul 500Wp TOPCon Glas-Glas Halbzellen Full Black - SOLAR DEPOT<\/title>\n<meta name=\"description\" content=\"500Wp TOPCon Glas-Glas Solarmodul von Eco Green Energy. Full Black Design, Anti-PID &amp; Top-Leistung bei Schwachlicht. 30+ Jahre Lebensdauer. Jetzt bei SOLAR DEPOT!\" \/>\n<meta name=\"robots\" content=\"index, follow, max-snippet:-1, max-image-preview:large, max-video-preview:-1\" \/>\n<link rel=\"canonical\" href=\"https:\/\/www.solar-depot.lu\/de\/produit\/solarmodul-500wp-topcon-glas-glas-halbzellen-full-black\/\" \/>\n<meta property=\"og:locale\" content=\"de_DE\" \/>\n<meta property=\"og:type\" content=\"article\" \/>\n<meta property=\"og:title\" content=\"Solarmodul 500Wp TOPCon Glas-Glas Halbzellen Full Black\" \/>\n<meta property=\"og:description\" content=\"500Wp TOPCon Glas-Glas Solarmodul von Eco Green Energy. Full Black Design, Anti-PID &amp; Top-Leistung bei Schwachlicht. 30+ Jahre Lebensdauer. Jetzt bei SOLAR DEPOT!\" \/>\n<meta property=\"og:url\" content=\"https:\/\/www.solar-depot.lu\/de\/produit\/solarmodul-500wp-topcon-glas-glas-halbzellen-full-black\/\" \/>\n<meta property=\"og:site_name\" content=\"SOLAR DEPOT\" \/>\n<meta property=\"article:modified_time\" content=\"2026-02-20T16:26:29+00:00\" \/>\n<meta property=\"og:image\" content=\"https:\/\/www.solar-depot.lu\/wp-content\/uploads\/2024\/11\/500w-bifacial-new-3.png\" \/>\n\t<meta property=\"og:image:width\" content=\"1024\" \/>\n\t<meta property=\"og:image:height\" content=\"1024\" \/>\n\t<meta property=\"og:image:type\" content=\"image\/png\" \/>\n<meta name=\"twitter:card\" content=\"summary_large_image\" \/>\n<script type=\"application\/ld+json\" class=\"yoast-schema-graph\">{\"@context\":\"https:\\\/\\\/schema.org\",\"@graph\":[{\"@type\":\"WebPage\",\"@id\":\"https:\\\/\\\/www.solar-depot.lu\\\/de\\\/produit\\\/solarmodul-500wp-topcon-glas-glas-halbzellen-full-black\\\/\",\"url\":\"https:\\\/\\\/www.solar-depot.lu\\\/de\\\/produit\\\/solarmodul-500wp-topcon-glas-glas-halbzellen-full-black\\\/\",\"name\":\"Solarmodul 500Wp TOPCon Glas-Glas Halbzellen Full Black - SOLAR DEPOT\",\"isPartOf\":{\"@id\":\"https:\\\/\\\/www.solar-depot.lu\\\/de\\\/#website\"},\"primaryImageOfPage\":{\"@id\":\"https:\\\/\\\/www.solar-depot.lu\\\/de\\\/produit\\\/solarmodul-500wp-topcon-glas-glas-halbzellen-full-black\\\/#primaryimage\"},\"image\":{\"@id\":\"https:\\\/\\\/www.solar-depot.lu\\\/de\\\/produit\\\/solarmodul-500wp-topcon-glas-glas-halbzellen-full-black\\\/#primaryimage\"},\"thumbnailUrl\":\"https:\\\/\\\/www.solar-depot.lu\\\/wp-content\\\/uploads\\\/2024\\\/11\\\/500w-bifacial-new-3.png\",\"datePublished\":\"2024-11-05T08:44:18+00:00\",\"dateModified\":\"2026-02-20T16:26:29+00:00\",\"description\":\"500Wp TOPCon Glas-Glas Solarmodul von Eco Green Energy. Full Black Design, Anti-PID & Top-Leistung bei Schwachlicht. 30+ Jahre Lebensdauer. Jetzt bei SOLAR DEPOT!\",\"breadcrumb\":{\"@id\":\"https:\\\/\\\/www.solar-depot.lu\\\/de\\\/produit\\\/solarmodul-500wp-topcon-glas-glas-halbzellen-full-black\\\/#breadcrumb\"},\"inLanguage\":\"de\",\"potentialAction\":[{\"@type\":\"ReadAction\",\"target\":[\"https:\\\/\\\/www.solar-depot.lu\\\/de\\\/produit\\\/solarmodul-500wp-topcon-glas-glas-halbzellen-full-black\\\/\"]}]},{\"@type\":\"ImageObject\",\"inLanguage\":\"de\",\"@id\":\"https:\\\/\\\/www.solar-depot.lu\\\/de\\\/produit\\\/solarmodul-500wp-topcon-glas-glas-halbzellen-full-black\\\/#primaryimage\",\"url\":\"https:\\\/\\\/www.solar-depot.lu\\\/wp-content\\\/uploads\\\/2024\\\/11\\\/500w-bifacial-new-3.png\",\"contentUrl\":\"https:\\\/\\\/www.solar-depot.lu\\\/wp-content\\\/uploads\\\/2024\\\/11\\\/500w-bifacial-new-3.png\",\"width\":1024,\"height\":1024},{\"@type\":\"BreadcrumbList\",\"@id\":\"https:\\\/\\\/www.solar-depot.lu\\\/de\\\/produit\\\/solarmodul-500wp-topcon-glas-glas-halbzellen-full-black\\\/#breadcrumb\",\"itemListElement\":[{\"@type\":\"ListItem\",\"position\":1,\"name\":\"Startseite\",\"item\":\"https:\\\/\\\/www.solar-depot.lu\\\/de\\\/\"},{\"@type\":\"ListItem\",\"position\":2,\"name\":\"Solarmodul 500Wp TOPCon Glas-Glas Halbzellen Full Black\"}]},{\"@type\":\"WebSite\",\"@id\":\"https:\\\/\\\/www.solar-depot.lu\\\/de\\\/#website\",\"url\":\"https:\\\/\\\/www.solar-depot.lu\\\/de\\\/\",\"name\":\"SOLAR DEPOT\",\"description\":\"Solar Depot, l&#039;\u00e9nergie solaire \u00e0 emporter chez vous !\",\"publisher\":{\"@id\":\"https:\\\/\\\/www.solar-depot.lu\\\/de\\\/#organization\"},\"potentialAction\":[{\"@type\":\"SearchAction\",\"target\":{\"@type\":\"EntryPoint\",\"urlTemplate\":\"https:\\\/\\\/www.solar-depot.lu\\\/de\\\/?s={search_term_string}\"},\"query-input\":{\"@type\":\"PropertyValueSpecification\",\"valueRequired\":true,\"valueName\":\"search_term_string\"}}],\"inLanguage\":\"de\"},{\"@type\":\"Organization\",\"@id\":\"https:\\\/\\\/www.solar-depot.lu\\\/de\\\/#organization\",\"name\":\"SOLAR DEPOT\",\"url\":\"https:\\\/\\\/www.solar-depot.lu\\\/de\\\/\",\"logo\":{\"@type\":\"ImageObject\",\"inLanguage\":\"de\",\"@id\":\"https:\\\/\\\/www.solar-depot.lu\\\/de\\\/#\\\/schema\\\/logo\\\/image\\\/\",\"url\":\"https:\\\/\\\/www.solar-depot.lu\\\/wp-content\\\/uploads\\\/2023\\\/08\\\/ege-depot-sans-fond.png\",\"contentUrl\":\"https:\\\/\\\/www.solar-depot.lu\\\/wp-content\\\/uploads\\\/2023\\\/08\\\/ege-depot-sans-fond.png\",\"width\":1696,\"height\":536,\"caption\":\"SOLAR DEPOT\"},\"image\":{\"@id\":\"https:\\\/\\\/www.solar-depot.lu\\\/de\\\/#\\\/schema\\\/logo\\\/image\\\/\"}}]}<\/script>\n<!-- \/ Yoast SEO Premium plugin. -->","yoast_head_json":{"title":"Solarmodul 500Wp TOPCon Glas-Glas Halbzellen Full Black - SOLAR DEPOT","description":"500Wp TOPCon Glas-Glas Solarmodul von Eco Green Energy. Full Black Design, Anti-PID & Top-Leistung bei Schwachlicht. 30+ Jahre Lebensdauer. Jetzt bei SOLAR DEPOT!","robots":{"index":"index","follow":"follow","max-snippet":"max-snippet:-1","max-image-preview":"max-image-preview:large","max-video-preview":"max-video-preview:-1"},"canonical":"https:\/\/www.solar-depot.lu\/de\/produit\/solarmodul-500wp-topcon-glas-glas-halbzellen-full-black\/","og_locale":"de_DE","og_type":"article","og_title":"Solarmodul 500Wp TOPCon Glas-Glas Halbzellen Full Black","og_description":"500Wp TOPCon Glas-Glas Solarmodul von Eco Green Energy. Full Black Design, Anti-PID & Top-Leistung bei Schwachlicht. 30+ Jahre Lebensdauer. Jetzt bei SOLAR DEPOT!","og_url":"https:\/\/www.solar-depot.lu\/de\/produit\/solarmodul-500wp-topcon-glas-glas-halbzellen-full-black\/","og_site_name":"SOLAR DEPOT","article_modified_time":"2026-02-20T16:26:29+00:00","og_image":[{"width":1024,"height":1024,"url":"https:\/\/www.solar-depot.lu\/wp-content\/uploads\/2024\/11\/500w-bifacial-new-3.png","type":"image\/png"}],"twitter_card":"summary_large_image","schema":{"@context":"https:\/\/schema.org","@graph":[{"@type":"WebPage","@id":"https:\/\/www.solar-depot.lu\/de\/produit\/solarmodul-500wp-topcon-glas-glas-halbzellen-full-black\/","url":"https:\/\/www.solar-depot.lu\/de\/produit\/solarmodul-500wp-topcon-glas-glas-halbzellen-full-black\/","name":"Solarmodul 500Wp TOPCon Glas-Glas Halbzellen Full Black - SOLAR DEPOT","isPartOf":{"@id":"https:\/\/www.solar-depot.lu\/de\/#website"},"primaryImageOfPage":{"@id":"https:\/\/www.solar-depot.lu\/de\/produit\/solarmodul-500wp-topcon-glas-glas-halbzellen-full-black\/#primaryimage"},"image":{"@id":"https:\/\/www.solar-depot.lu\/de\/produit\/solarmodul-500wp-topcon-glas-glas-halbzellen-full-black\/#primaryimage"},"thumbnailUrl":"https:\/\/www.solar-depot.lu\/wp-content\/uploads\/2024\/11\/500w-bifacial-new-3.png","datePublished":"2024-11-05T08:44:18+00:00","dateModified":"2026-02-20T16:26:29+00:00","description":"500Wp TOPCon Glas-Glas Solarmodul von Eco Green Energy. Full Black Design, Anti-PID & Top-Leistung bei Schwachlicht. 30+ Jahre Lebensdauer. Jetzt bei SOLAR DEPOT!","breadcrumb":{"@id":"https:\/\/www.solar-depot.lu\/de\/produit\/solarmodul-500wp-topcon-glas-glas-halbzellen-full-black\/#breadcrumb"},"inLanguage":"de","potentialAction":[{"@type":"ReadAction","target":["https:\/\/www.solar-depot.lu\/de\/produit\/solarmodul-500wp-topcon-glas-glas-halbzellen-full-black\/"]}]},{"@type":"ImageObject","inLanguage":"de","@id":"https:\/\/www.solar-depot.lu\/de\/produit\/solarmodul-500wp-topcon-glas-glas-halbzellen-full-black\/#primaryimage","url":"https:\/\/www.solar-depot.lu\/wp-content\/uploads\/2024\/11\/500w-bifacial-new-3.png","contentUrl":"https:\/\/www.solar-depot.lu\/wp-content\/uploads\/2024\/11\/500w-bifacial-new-3.png","width":1024,"height":1024},{"@type":"BreadcrumbList","@id":"https:\/\/www.solar-depot.lu\/de\/produit\/solarmodul-500wp-topcon-glas-glas-halbzellen-full-black\/#breadcrumb","itemListElement":[{"@type":"ListItem","position":1,"name":"Startseite","item":"https:\/\/www.solar-depot.lu\/de\/"},{"@type":"ListItem","position":2,"name":"Solarmodul 500Wp TOPCon Glas-Glas Halbzellen Full Black"}]},{"@type":"WebSite","@id":"https:\/\/www.solar-depot.lu\/de\/#website","url":"https:\/\/www.solar-depot.lu\/de\/","name":"SOLAR DEPOT","description":"Solar Depot, l&#039;\u00e9nergie solaire \u00e0 emporter chez vous !","publisher":{"@id":"https:\/\/www.solar-depot.lu\/de\/#organization"},"potentialAction":[{"@type":"SearchAction","target":{"@type":"EntryPoint","urlTemplate":"https:\/\/www.solar-depot.lu\/de\/?s={search_term_string}"},"query-input":{"@type":"PropertyValueSpecification","valueRequired":true,"valueName":"search_term_string"}}],"inLanguage":"de"},{"@type":"Organization","@id":"https:\/\/www.solar-depot.lu\/de\/#organization","name":"SOLAR DEPOT","url":"https:\/\/www.solar-depot.lu\/de\/","logo":{"@type":"ImageObject","inLanguage":"de","@id":"https:\/\/www.solar-depot.lu\/de\/#\/schema\/logo\/image\/","url":"https:\/\/www.solar-depot.lu\/wp-content\/uploads\/2023\/08\/ege-depot-sans-fond.png","contentUrl":"https:\/\/www.solar-depot.lu\/wp-content\/uploads\/2023\/08\/ege-depot-sans-fond.png","width":1696,"height":536,"caption":"SOLAR DEPOT"},"image":{"@id":"https:\/\/www.solar-depot.lu\/de\/#\/schema\/logo\/image\/"}}]}},"_links":{"self":[{"href":"https:\/\/www.solar-depot.lu\/de\/wp-json\/wp\/v2\/product\/8502","targetHints":{"allow":["GET"]}}],"collection":[{"href":"https:\/\/www.solar-depot.lu\/de\/wp-json\/wp\/v2\/product"}],"about":[{"href":"https:\/\/www.solar-depot.lu\/de\/wp-json\/wp\/v2\/types\/product"}],"wp:featuredmedia":[{"embeddable":true,"href":"https:\/\/www.solar-depot.lu\/de\/wp-json\/wp\/v2\/media\/6530"}],"wp:attachment":[{"href":"https:\/\/www.solar-depot.lu\/de\/wp-json\/wp\/v2\/media?parent=8502"}],"wp:term":[{"taxonomy":"product_brand","embeddable":true,"href":"https:\/\/www.solar-depot.lu\/de\/wp-json\/wp\/v2\/product_brand?post=8502"},{"taxonomy":"product_cat","embeddable":true,"href":"https:\/\/www.solar-depot.lu\/de\/wp-json\/wp\/v2\/product_cat?post=8502"},{"taxonomy":"product_tag","embeddable":true,"href":"https:\/\/www.solar-depot.lu\/de\/wp-json\/wp\/v2\/product_tag?post=8502"}],"curies":[{"name":"wp","href":"https:\/\/api.w.org\/{rel}","templated":true}]}}