{"id":8543,"date":"2024-12-21T11:26:06","date_gmt":"2024-12-21T10:26:06","guid":{"rendered":"https:\/\/www.solar-depot.lu\/?post_type=product&#038;p=8543"},"modified":"2026-03-17T11:52:56","modified_gmt":"2026-03-17T10:52:56","slug":"mikro-wechselrichter-enphase-iq8p-72-2-int","status":"publish","type":"product","link":"https:\/\/www.solar-depot.lu\/de\/produit\/mikro-wechselrichter-enphase-iq8p-72-2-int\/","title":{"rendered":"MIKRO-WECHSELRICHTER ENPHASE IQ8P-72-2-INT"},"content":{"rendered":"","protected":false},"excerpt":{"rendered":"<p data-path-to-node=\"2\">Der <b data-path-to-node=\"2\" data-index-in-node=\"4\">Enphase IQ8P Mikro-Wechselrichter<\/b> ist vollkommen <b data-path-to-node=\"2\" data-index-in-node=\"53\">Smart-Grid-f\u00e4hig<\/b> und wurde speziell f\u00fcr die neueste Generation von Photovoltaik-Modulen entwickelt, um einen au\u00dfergew\u00f6hnlichen Wirkungsgrad zu erzielen.<\/p>\n<p data-path-to-node=\"3\">Der IQ8P zeichnet sich durch eine in der Branche <b data-path-to-node=\"3\" data-index-in-node=\"49\">un\u00fcbertroffene Energieerzeugung und Zuverl\u00e4ssigkeit<\/b> aus. Dank seiner <b data-path-to-node=\"3\" data-index-in-node=\"118\">Schnellabschaltfunktion<\/b> (Rapid Shutdown) erf\u00fcllt er zudem die strengsten Sicherheitsstandards.<\/p>\n<p data-path-to-node=\"4\">Der IQ8P Mikro-Wechselrichter ist <b data-path-to-node=\"4\" data-index-in-node=\"34\">CE-zertifiziert<\/b> und entspricht verschiedenen gesetzlichen Vorschriften, sofern er gem\u00e4\u00df den Richtlinien des Herstellers installiert wird.<\/p>\n","protected":false},"featured_media":6536,"template":"","meta":{"editor_plus_copied_stylings":"{}"},"product_brand":[],"product_cat":[164],"product_tag":[],"class_list":{"0":"post-8543","1":"product","2":"type-product","3":"status-publish","4":"has-post-thumbnail","6":"product_cat-non-classe-de-2","8":"first","9":"instock","10":"taxable","11":"shipping-taxable","12":"purchasable","13":"product-type-simple"},"acf":[],"yoast_head":"<!-- This site is optimized with the Yoast SEO Premium plugin v22.0 (Yoast SEO v27.5) - https:\/\/yoast.com\/product\/yoast-seo-premium-wordpress\/ -->\n<title>MIKRO-WECHSELRICHTER ENPHASE IQ8P-72-2-INT - SOLAR DEPOT<\/title>\n<meta name=\"robots\" content=\"index, follow, max-snippet:-1, max-image-preview:large, max-video-preview:-1\" \/>\n<link rel=\"canonical\" href=\"https:\/\/www.solar-depot.lu\/de\/produit\/mikro-wechselrichter-enphase-iq8p-72-2-int\/\" \/>\n<meta property=\"og:locale\" content=\"de_DE\" \/>\n<meta property=\"og:type\" content=\"article\" \/>\n<meta property=\"og:title\" content=\"MIKRO-WECHSELRICHTER ENPHASE IQ8P-72-2-INT\" \/>\n<meta property=\"og:description\" content=\"Der Enphase IQ8P Mikro-Wechselrichter ist vollkommen Smart-Grid-f\u00e4hig und wurde speziell f\u00fcr die neueste Generation von Photovoltaik-Modulen entwickelt, um einen au\u00dfergew\u00f6hnlichen Wirkungsgrad zu erzielen. Der IQ8P zeichnet sich durch eine in der Branche un\u00fcbertroffene Energieerzeugung und Zuverl\u00e4ssigkeit aus. Dank seiner Schnellabschaltfunktion (Rapid Shutdown) erf\u00fcllt er zudem die strengsten Sicherheitsstandards. Der IQ8P Mikro-Wechselrichter ist CE-zertifiziert und entspricht verschiedenen gesetzlichen Vorschriften, sofern er gem\u00e4\u00df den Richtlinien des Herstellers installiert wird.\" \/>\n<meta property=\"og:url\" content=\"https:\/\/www.solar-depot.lu\/de\/produit\/mikro-wechselrichter-enphase-iq8p-72-2-int\/\" \/>\n<meta property=\"og:site_name\" content=\"SOLAR DEPOT\" \/>\n<meta property=\"article:modified_time\" content=\"2026-03-17T10:52:56+00:00\" \/>\n<meta property=\"og:image\" content=\"https:\/\/www.solar-depot.lu\/wp-content\/uploads\/2024\/11\/IQ8P.png\" \/>\n\t<meta property=\"og:image:width\" content=\"2000\" \/>\n\t<meta property=\"og:image:height\" content=\"1500\" \/>\n\t<meta property=\"og:image:type\" content=\"image\/png\" \/>\n<meta name=\"twitter:card\" content=\"summary_large_image\" \/>\n<meta name=\"twitter:label1\" content=\"Gesch\u00e4tzte Lesezeit\" \/>\n\t<meta name=\"twitter:data1\" content=\"1\u00a0Minute\" \/>\n<script type=\"application\/ld+json\" class=\"yoast-schema-graph\">{\"@context\":\"https:\\\/\\\/schema.org\",\"@graph\":[{\"@type\":\"WebPage\",\"@id\":\"https:\\\/\\\/www.solar-depot.lu\\\/de\\\/produit\\\/mikro-wechselrichter-enphase-iq8p-72-2-int\\\/\",\"url\":\"https:\\\/\\\/www.solar-depot.lu\\\/de\\\/produit\\\/mikro-wechselrichter-enphase-iq8p-72-2-int\\\/\",\"name\":\"MIKRO-WECHSELRICHTER ENPHASE IQ8P-72-2-INT - SOLAR DEPOT\",\"isPartOf\":{\"@id\":\"https:\\\/\\\/www.solar-depot.lu\\\/de\\\/#website\"},\"primaryImageOfPage\":{\"@id\":\"https:\\\/\\\/www.solar-depot.lu\\\/de\\\/produit\\\/mikro-wechselrichter-enphase-iq8p-72-2-int\\\/#primaryimage\"},\"image\":{\"@id\":\"https:\\\/\\\/www.solar-depot.lu\\\/de\\\/produit\\\/mikro-wechselrichter-enphase-iq8p-72-2-int\\\/#primaryimage\"},\"thumbnailUrl\":\"https:\\\/\\\/www.solar-depot.lu\\\/wp-content\\\/uploads\\\/2024\\\/11\\\/IQ8P.png\",\"datePublished\":\"2024-12-21T10:26:06+00:00\",\"dateModified\":\"2026-03-17T10:52:56+00:00\",\"breadcrumb\":{\"@id\":\"https:\\\/\\\/www.solar-depot.lu\\\/de\\\/produit\\\/mikro-wechselrichter-enphase-iq8p-72-2-int\\\/#breadcrumb\"},\"inLanguage\":\"de\",\"potentialAction\":[{\"@type\":\"ReadAction\",\"target\":[\"https:\\\/\\\/www.solar-depot.lu\\\/de\\\/produit\\\/mikro-wechselrichter-enphase-iq8p-72-2-int\\\/\"]}]},{\"@type\":\"ImageObject\",\"inLanguage\":\"de\",\"@id\":\"https:\\\/\\\/www.solar-depot.lu\\\/de\\\/produit\\\/mikro-wechselrichter-enphase-iq8p-72-2-int\\\/#primaryimage\",\"url\":\"https:\\\/\\\/www.solar-depot.lu\\\/wp-content\\\/uploads\\\/2024\\\/11\\\/IQ8P.png\",\"contentUrl\":\"https:\\\/\\\/www.solar-depot.lu\\\/wp-content\\\/uploads\\\/2024\\\/11\\\/IQ8P.png\",\"width\":2000,\"height\":1500},{\"@type\":\"BreadcrumbList\",\"@id\":\"https:\\\/\\\/www.solar-depot.lu\\\/de\\\/produit\\\/mikro-wechselrichter-enphase-iq8p-72-2-int\\\/#breadcrumb\",\"itemListElement\":[{\"@type\":\"ListItem\",\"position\":1,\"name\":\"Startseite\",\"item\":\"https:\\\/\\\/www.solar-depot.lu\\\/de\\\/\"},{\"@type\":\"ListItem\",\"position\":2,\"name\":\"MIKRO-WECHSELRICHTER ENPHASE IQ8P-72-2-INT\"}]},{\"@type\":\"WebSite\",\"@id\":\"https:\\\/\\\/www.solar-depot.lu\\\/de\\\/#website\",\"url\":\"https:\\\/\\\/www.solar-depot.lu\\\/de\\\/\",\"name\":\"SOLAR DEPOT\",\"description\":\"Solar Depot, l&#039;\u00e9nergie solaire \u00e0 emporter chez vous !\",\"publisher\":{\"@id\":\"https:\\\/\\\/www.solar-depot.lu\\\/de\\\/#organization\"},\"potentialAction\":[{\"@type\":\"SearchAction\",\"target\":{\"@type\":\"EntryPoint\",\"urlTemplate\":\"https:\\\/\\\/www.solar-depot.lu\\\/de\\\/?s={search_term_string}\"},\"query-input\":{\"@type\":\"PropertyValueSpecification\",\"valueRequired\":true,\"valueName\":\"search_term_string\"}}],\"inLanguage\":\"de\"},{\"@type\":\"Organization\",\"@id\":\"https:\\\/\\\/www.solar-depot.lu\\\/de\\\/#organization\",\"name\":\"SOLAR DEPOT\",\"url\":\"https:\\\/\\\/www.solar-depot.lu\\\/de\\\/\",\"logo\":{\"@type\":\"ImageObject\",\"inLanguage\":\"de\",\"@id\":\"https:\\\/\\\/www.solar-depot.lu\\\/de\\\/#\\\/schema\\\/logo\\\/image\\\/\",\"url\":\"https:\\\/\\\/www.solar-depot.lu\\\/wp-content\\\/uploads\\\/2023\\\/08\\\/ege-depot-sans-fond.png\",\"contentUrl\":\"https:\\\/\\\/www.solar-depot.lu\\\/wp-content\\\/uploads\\\/2023\\\/08\\\/ege-depot-sans-fond.png\",\"width\":1696,\"height\":536,\"caption\":\"SOLAR DEPOT\"},\"image\":{\"@id\":\"https:\\\/\\\/www.solar-depot.lu\\\/de\\\/#\\\/schema\\\/logo\\\/image\\\/\"}}]}<\/script>\n<!-- \/ Yoast SEO Premium plugin. -->","yoast_head_json":{"title":"MIKRO-WECHSELRICHTER ENPHASE IQ8P-72-2-INT - SOLAR DEPOT","robots":{"index":"index","follow":"follow","max-snippet":"max-snippet:-1","max-image-preview":"max-image-preview:large","max-video-preview":"max-video-preview:-1"},"canonical":"https:\/\/www.solar-depot.lu\/de\/produit\/mikro-wechselrichter-enphase-iq8p-72-2-int\/","og_locale":"de_DE","og_type":"article","og_title":"MIKRO-WECHSELRICHTER ENPHASE IQ8P-72-2-INT","og_description":"Der Enphase IQ8P Mikro-Wechselrichter ist vollkommen Smart-Grid-f\u00e4hig und wurde speziell f\u00fcr die neueste Generation von Photovoltaik-Modulen entwickelt, um einen au\u00dfergew\u00f6hnlichen Wirkungsgrad zu erzielen. Der IQ8P zeichnet sich durch eine in der Branche un\u00fcbertroffene Energieerzeugung und Zuverl\u00e4ssigkeit aus. Dank seiner Schnellabschaltfunktion (Rapid Shutdown) erf\u00fcllt er zudem die strengsten Sicherheitsstandards. Der IQ8P Mikro-Wechselrichter ist CE-zertifiziert und entspricht verschiedenen gesetzlichen Vorschriften, sofern er gem\u00e4\u00df den Richtlinien des Herstellers installiert wird.","og_url":"https:\/\/www.solar-depot.lu\/de\/produit\/mikro-wechselrichter-enphase-iq8p-72-2-int\/","og_site_name":"SOLAR DEPOT","article_modified_time":"2026-03-17T10:52:56+00:00","og_image":[{"width":2000,"height":1500,"url":"https:\/\/www.solar-depot.lu\/wp-content\/uploads\/2024\/11\/IQ8P.png","type":"image\/png"}],"twitter_card":"summary_large_image","twitter_misc":{"Gesch\u00e4tzte Lesezeit":"1\u00a0Minute"},"schema":{"@context":"https:\/\/schema.org","@graph":[{"@type":"WebPage","@id":"https:\/\/www.solar-depot.lu\/de\/produit\/mikro-wechselrichter-enphase-iq8p-72-2-int\/","url":"https:\/\/www.solar-depot.lu\/de\/produit\/mikro-wechselrichter-enphase-iq8p-72-2-int\/","name":"MIKRO-WECHSELRICHTER ENPHASE IQ8P-72-2-INT - SOLAR DEPOT","isPartOf":{"@id":"https:\/\/www.solar-depot.lu\/de\/#website"},"primaryImageOfPage":{"@id":"https:\/\/www.solar-depot.lu\/de\/produit\/mikro-wechselrichter-enphase-iq8p-72-2-int\/#primaryimage"},"image":{"@id":"https:\/\/www.solar-depot.lu\/de\/produit\/mikro-wechselrichter-enphase-iq8p-72-2-int\/#primaryimage"},"thumbnailUrl":"https:\/\/www.solar-depot.lu\/wp-content\/uploads\/2024\/11\/IQ8P.png","datePublished":"2024-12-21T10:26:06+00:00","dateModified":"2026-03-17T10:52:56+00:00","breadcrumb":{"@id":"https:\/\/www.solar-depot.lu\/de\/produit\/mikro-wechselrichter-enphase-iq8p-72-2-int\/#breadcrumb"},"inLanguage":"de","potentialAction":[{"@type":"ReadAction","target":["https:\/\/www.solar-depot.lu\/de\/produit\/mikro-wechselrichter-enphase-iq8p-72-2-int\/"]}]},{"@type":"ImageObject","inLanguage":"de","@id":"https:\/\/www.solar-depot.lu\/de\/produit\/mikro-wechselrichter-enphase-iq8p-72-2-int\/#primaryimage","url":"https:\/\/www.solar-depot.lu\/wp-content\/uploads\/2024\/11\/IQ8P.png","contentUrl":"https:\/\/www.solar-depot.lu\/wp-content\/uploads\/2024\/11\/IQ8P.png","width":2000,"height":1500},{"@type":"BreadcrumbList","@id":"https:\/\/www.solar-depot.lu\/de\/produit\/mikro-wechselrichter-enphase-iq8p-72-2-int\/#breadcrumb","itemListElement":[{"@type":"ListItem","position":1,"name":"Startseite","item":"https:\/\/www.solar-depot.lu\/de\/"},{"@type":"ListItem","position":2,"name":"MIKRO-WECHSELRICHTER ENPHASE IQ8P-72-2-INT"}]},{"@type":"WebSite","@id":"https:\/\/www.solar-depot.lu\/de\/#website","url":"https:\/\/www.solar-depot.lu\/de\/","name":"SOLAR DEPOT","description":"Solar Depot, l&#039;\u00e9nergie solaire \u00e0 emporter chez vous !","publisher":{"@id":"https:\/\/www.solar-depot.lu\/de\/#organization"},"potentialAction":[{"@type":"SearchAction","target":{"@type":"EntryPoint","urlTemplate":"https:\/\/www.solar-depot.lu\/de\/?s={search_term_string}"},"query-input":{"@type":"PropertyValueSpecification","valueRequired":true,"valueName":"search_term_string"}}],"inLanguage":"de"},{"@type":"Organization","@id":"https:\/\/www.solar-depot.lu\/de\/#organization","name":"SOLAR DEPOT","url":"https:\/\/www.solar-depot.lu\/de\/","logo":{"@type":"ImageObject","inLanguage":"de","@id":"https:\/\/www.solar-depot.lu\/de\/#\/schema\/logo\/image\/","url":"https:\/\/www.solar-depot.lu\/wp-content\/uploads\/2023\/08\/ege-depot-sans-fond.png","contentUrl":"https:\/\/www.solar-depot.lu\/wp-content\/uploads\/2023\/08\/ege-depot-sans-fond.png","width":1696,"height":536,"caption":"SOLAR DEPOT"},"image":{"@id":"https:\/\/www.solar-depot.lu\/de\/#\/schema\/logo\/image\/"}}]}},"_links":{"self":[{"href":"https:\/\/www.solar-depot.lu\/de\/wp-json\/wp\/v2\/product\/8543","targetHints":{"allow":["GET"]}}],"collection":[{"href":"https:\/\/www.solar-depot.lu\/de\/wp-json\/wp\/v2\/product"}],"about":[{"href":"https:\/\/www.solar-depot.lu\/de\/wp-json\/wp\/v2\/types\/product"}],"wp:featuredmedia":[{"embeddable":true,"href":"https:\/\/www.solar-depot.lu\/de\/wp-json\/wp\/v2\/media\/6536"}],"wp:attachment":[{"href":"https:\/\/www.solar-depot.lu\/de\/wp-json\/wp\/v2\/media?parent=8543"}],"wp:term":[{"taxonomy":"product_brand","embeddable":true,"href":"https:\/\/www.solar-depot.lu\/de\/wp-json\/wp\/v2\/product_brand?post=8543"},{"taxonomy":"product_cat","embeddable":true,"href":"https:\/\/www.solar-depot.lu\/de\/wp-json\/wp\/v2\/product_cat?post=8543"},{"taxonomy":"product_tag","embeddable":true,"href":"https:\/\/www.solar-depot.lu\/de\/wp-json\/wp\/v2\/product_tag?post=8543"}],"curies":[{"name":"wp","href":"https:\/\/api.w.org\/{rel}","templated":true}]}}