{"id":8549,"date":"2023-11-23T16:21:49","date_gmt":"2023-11-23T15:21:49","guid":{"rendered":"https:\/\/www.solar-depot.lu\/produit\/ap-systems-mikro-wechselrichter-ds3d\/"},"modified":"2026-02-23T14:43:30","modified_gmt":"2026-02-23T13:43:30","slug":"ap-systems-mikro-wechselrichter-ds3d","status":"publish","type":"product","link":"https:\/\/www.solar-depot.lu\/de\/produit\/ap-systems-mikro-wechselrichter-ds3d\/","title":{"rendered":"AP Systems Mikro-Wechselrichter &#8211; DS3D"},"content":{"rendered":"","protected":false},"excerpt":{"rendered":"<p>Die DS3D-Serie erreicht eine un\u00fcbertroffene Ausgangsleistung und ist mit anderen DS3 Mikro-Wechselrichtern und Zubeh\u00f6r kompatibel. Er verf\u00fcgt \u00fcber 2 Eingangskan\u00e4le, jeder mit einem unabh\u00e4ngigen MPPT, und eine verschl\u00fcsselte drahtlose Zigbee-Kommunikation.<\/p>\n<p>&nbsp;<\/p>\n<p>Mit seiner un\u00fcbertroffenen Leistung, einer Effizienz von 97% und einer erh\u00f6hten Zuverl\u00e4ssigkeit ver\u00e4ndert der APsystems DS3D Mikro-Wechselrichter die Situation f\u00fcr die Solarenergie in Mehrfamilienh\u00e4usern und gewerblichen Anlagen.<\/p>\n<p>&nbsp;<\/p>\n<ul>\n<li>Ein Mikro-Wechselrichter wird an vier Module angeschlossen.<\/li>\n<li>Erreichen einer maximalen Ausgangsleistung von 1800W<\/li>\n<li>Zwei Eingangskan\u00e4le mit unabh\u00e4ngigem MPPT<\/li>\n<li>Entwickelt f\u00fcr die st\u00e4rksten verf\u00fcgbaren Module (max. Eingangsstrom von 20A)<\/li>\n<li>Maximale Zuverl\u00e4ssigkeit, IP67<\/li>\n<li>Zigbee verschl\u00fcsselte Kommunikation<\/li>\n<li>Integriertes Sicherheitsschutzrelais<\/li>\n<\/ul>\n","protected":false},"featured_media":0,"template":"","meta":{"editor_plus_copied_stylings":"{}"},"product_brand":[],"product_cat":[164],"product_tag":[],"class_list":{"0":"post-8549","1":"product","2":"type-product","3":"status-publish","5":"product_cat-non-classe-de-2","7":"first","8":"outofstock","9":"taxable","10":"shipping-taxable","11":"purchasable","12":"product-type-simple"},"acf":[],"yoast_head":"<!-- This site is optimized with the Yoast SEO Premium plugin v22.0 (Yoast SEO v27.4) - https:\/\/yoast.com\/product\/yoast-seo-premium-wordpress\/ -->\n<title>AP Systems Mikro-Wechselrichter - DS3D - SOLAR DEPOT<\/title>\n<meta name=\"description\" content=\"Mit einer un\u00fcbertroffenen Ausgangsleistung von 1800 W kann der DS3D an 4 Hochleistungsmodule angeschlossen werden (2 x 2 in Reihe). Mit 2 unabh\u00e4ngigen MPPTs.\" \/>\n<meta name=\"robots\" content=\"index, follow, max-snippet:-1, max-image-preview:large, max-video-preview:-1\" \/>\n<link rel=\"canonical\" href=\"https:\/\/www.solar-depot.lu\/de\/produit\/ap-systems-mikro-wechselrichter-ds3d\/\" \/>\n<meta property=\"og:locale\" content=\"de_DE\" \/>\n<meta property=\"og:type\" content=\"article\" \/>\n<meta property=\"og:title\" content=\"AP Systems Mikro-Wechselrichter - DS3D\" \/>\n<meta property=\"og:description\" content=\"Mit einer un\u00fcbertroffenen Ausgangsleistung von 1800 W kann der DS3D an 4 Hochleistungsmodule angeschlossen werden (2 x 2 in Reihe). Mit 2 unabh\u00e4ngigen MPPTs.\" \/>\n<meta property=\"og:url\" content=\"https:\/\/www.solar-depot.lu\/de\/produit\/ap-systems-mikro-wechselrichter-ds3d\/\" \/>\n<meta property=\"og:site_name\" content=\"SOLAR DEPOT\" \/>\n<meta property=\"article:modified_time\" content=\"2026-02-23T13:43:30+00:00\" \/>\n<meta name=\"twitter:card\" content=\"summary_large_image\" \/>\n<script type=\"application\/ld+json\" class=\"yoast-schema-graph\">{\"@context\":\"https:\\\/\\\/schema.org\",\"@graph\":[{\"@type\":\"WebPage\",\"@id\":\"https:\\\/\\\/www.solar-depot.lu\\\/de\\\/produit\\\/ap-systems-mikro-wechselrichter-ds3d\\\/\",\"url\":\"https:\\\/\\\/www.solar-depot.lu\\\/de\\\/produit\\\/ap-systems-mikro-wechselrichter-ds3d\\\/\",\"name\":\"AP Systems Mikro-Wechselrichter - DS3D - SOLAR DEPOT\",\"isPartOf\":{\"@id\":\"https:\\\/\\\/www.solar-depot.lu\\\/de\\\/#website\"},\"datePublished\":\"2023-11-23T15:21:49+00:00\",\"dateModified\":\"2026-02-23T13:43:30+00:00\",\"description\":\"Mit einer un\u00fcbertroffenen Ausgangsleistung von 1800 W kann der DS3D an 4 Hochleistungsmodule angeschlossen werden (2 x 2 in Reihe). Mit 2 unabh\u00e4ngigen MPPTs.\",\"breadcrumb\":{\"@id\":\"https:\\\/\\\/www.solar-depot.lu\\\/de\\\/produit\\\/ap-systems-mikro-wechselrichter-ds3d\\\/#breadcrumb\"},\"inLanguage\":\"de\",\"potentialAction\":[{\"@type\":\"ReadAction\",\"target\":[\"https:\\\/\\\/www.solar-depot.lu\\\/de\\\/produit\\\/ap-systems-mikro-wechselrichter-ds3d\\\/\"]}]},{\"@type\":\"BreadcrumbList\",\"@id\":\"https:\\\/\\\/www.solar-depot.lu\\\/de\\\/produit\\\/ap-systems-mikro-wechselrichter-ds3d\\\/#breadcrumb\",\"itemListElement\":[{\"@type\":\"ListItem\",\"position\":1,\"name\":\"Startseite\",\"item\":\"https:\\\/\\\/www.solar-depot.lu\\\/de\\\/\"},{\"@type\":\"ListItem\",\"position\":2,\"name\":\"AP Systems Mikro-Wechselrichter &#8211; DS3D\"}]},{\"@type\":\"WebSite\",\"@id\":\"https:\\\/\\\/www.solar-depot.lu\\\/de\\\/#website\",\"url\":\"https:\\\/\\\/www.solar-depot.lu\\\/de\\\/\",\"name\":\"SOLAR DEPOT\",\"description\":\"Solar Depot, l&#039;\u00e9nergie solaire \u00e0 emporter chez vous !\",\"publisher\":{\"@id\":\"https:\\\/\\\/www.solar-depot.lu\\\/de\\\/#organization\"},\"potentialAction\":[{\"@type\":\"SearchAction\",\"target\":{\"@type\":\"EntryPoint\",\"urlTemplate\":\"https:\\\/\\\/www.solar-depot.lu\\\/de\\\/?s={search_term_string}\"},\"query-input\":{\"@type\":\"PropertyValueSpecification\",\"valueRequired\":true,\"valueName\":\"search_term_string\"}}],\"inLanguage\":\"de\"},{\"@type\":\"Organization\",\"@id\":\"https:\\\/\\\/www.solar-depot.lu\\\/de\\\/#organization\",\"name\":\"SOLAR DEPOT\",\"url\":\"https:\\\/\\\/www.solar-depot.lu\\\/de\\\/\",\"logo\":{\"@type\":\"ImageObject\",\"inLanguage\":\"de\",\"@id\":\"https:\\\/\\\/www.solar-depot.lu\\\/de\\\/#\\\/schema\\\/logo\\\/image\\\/\",\"url\":\"https:\\\/\\\/www.solar-depot.lu\\\/wp-content\\\/uploads\\\/2023\\\/08\\\/ege-depot-sans-fond.png\",\"contentUrl\":\"https:\\\/\\\/www.solar-depot.lu\\\/wp-content\\\/uploads\\\/2023\\\/08\\\/ege-depot-sans-fond.png\",\"width\":1696,\"height\":536,\"caption\":\"SOLAR DEPOT\"},\"image\":{\"@id\":\"https:\\\/\\\/www.solar-depot.lu\\\/de\\\/#\\\/schema\\\/logo\\\/image\\\/\"}}]}<\/script>\n<!-- \/ Yoast SEO Premium plugin. -->","yoast_head_json":{"title":"AP Systems Mikro-Wechselrichter - DS3D - SOLAR DEPOT","description":"Mit einer un\u00fcbertroffenen Ausgangsleistung von 1800 W kann der DS3D an 4 Hochleistungsmodule angeschlossen werden (2 x 2 in Reihe). Mit 2 unabh\u00e4ngigen MPPTs.","robots":{"index":"index","follow":"follow","max-snippet":"max-snippet:-1","max-image-preview":"max-image-preview:large","max-video-preview":"max-video-preview:-1"},"canonical":"https:\/\/www.solar-depot.lu\/de\/produit\/ap-systems-mikro-wechselrichter-ds3d\/","og_locale":"de_DE","og_type":"article","og_title":"AP Systems Mikro-Wechselrichter - DS3D","og_description":"Mit einer un\u00fcbertroffenen Ausgangsleistung von 1800 W kann der DS3D an 4 Hochleistungsmodule angeschlossen werden (2 x 2 in Reihe). Mit 2 unabh\u00e4ngigen MPPTs.","og_url":"https:\/\/www.solar-depot.lu\/de\/produit\/ap-systems-mikro-wechselrichter-ds3d\/","og_site_name":"SOLAR DEPOT","article_modified_time":"2026-02-23T13:43:30+00:00","twitter_card":"summary_large_image","schema":{"@context":"https:\/\/schema.org","@graph":[{"@type":"WebPage","@id":"https:\/\/www.solar-depot.lu\/de\/produit\/ap-systems-mikro-wechselrichter-ds3d\/","url":"https:\/\/www.solar-depot.lu\/de\/produit\/ap-systems-mikro-wechselrichter-ds3d\/","name":"AP Systems Mikro-Wechselrichter - DS3D - SOLAR DEPOT","isPartOf":{"@id":"https:\/\/www.solar-depot.lu\/de\/#website"},"datePublished":"2023-11-23T15:21:49+00:00","dateModified":"2026-02-23T13:43:30+00:00","description":"Mit einer un\u00fcbertroffenen Ausgangsleistung von 1800 W kann der DS3D an 4 Hochleistungsmodule angeschlossen werden (2 x 2 in Reihe). Mit 2 unabh\u00e4ngigen MPPTs.","breadcrumb":{"@id":"https:\/\/www.solar-depot.lu\/de\/produit\/ap-systems-mikro-wechselrichter-ds3d\/#breadcrumb"},"inLanguage":"de","potentialAction":[{"@type":"ReadAction","target":["https:\/\/www.solar-depot.lu\/de\/produit\/ap-systems-mikro-wechselrichter-ds3d\/"]}]},{"@type":"BreadcrumbList","@id":"https:\/\/www.solar-depot.lu\/de\/produit\/ap-systems-mikro-wechselrichter-ds3d\/#breadcrumb","itemListElement":[{"@type":"ListItem","position":1,"name":"Startseite","item":"https:\/\/www.solar-depot.lu\/de\/"},{"@type":"ListItem","position":2,"name":"AP Systems Mikro-Wechselrichter &#8211; DS3D"}]},{"@type":"WebSite","@id":"https:\/\/www.solar-depot.lu\/de\/#website","url":"https:\/\/www.solar-depot.lu\/de\/","name":"SOLAR DEPOT","description":"Solar Depot, l&#039;\u00e9nergie solaire \u00e0 emporter chez vous !","publisher":{"@id":"https:\/\/www.solar-depot.lu\/de\/#organization"},"potentialAction":[{"@type":"SearchAction","target":{"@type":"EntryPoint","urlTemplate":"https:\/\/www.solar-depot.lu\/de\/?s={search_term_string}"},"query-input":{"@type":"PropertyValueSpecification","valueRequired":true,"valueName":"search_term_string"}}],"inLanguage":"de"},{"@type":"Organization","@id":"https:\/\/www.solar-depot.lu\/de\/#organization","name":"SOLAR DEPOT","url":"https:\/\/www.solar-depot.lu\/de\/","logo":{"@type":"ImageObject","inLanguage":"de","@id":"https:\/\/www.solar-depot.lu\/de\/#\/schema\/logo\/image\/","url":"https:\/\/www.solar-depot.lu\/wp-content\/uploads\/2023\/08\/ege-depot-sans-fond.png","contentUrl":"https:\/\/www.solar-depot.lu\/wp-content\/uploads\/2023\/08\/ege-depot-sans-fond.png","width":1696,"height":536,"caption":"SOLAR DEPOT"},"image":{"@id":"https:\/\/www.solar-depot.lu\/de\/#\/schema\/logo\/image\/"}}]}},"_links":{"self":[{"href":"https:\/\/www.solar-depot.lu\/de\/wp-json\/wp\/v2\/product\/8549","targetHints":{"allow":["GET"]}}],"collection":[{"href":"https:\/\/www.solar-depot.lu\/de\/wp-json\/wp\/v2\/product"}],"about":[{"href":"https:\/\/www.solar-depot.lu\/de\/wp-json\/wp\/v2\/types\/product"}],"wp:attachment":[{"href":"https:\/\/www.solar-depot.lu\/de\/wp-json\/wp\/v2\/media?parent=8549"}],"wp:term":[{"taxonomy":"product_brand","embeddable":true,"href":"https:\/\/www.solar-depot.lu\/de\/wp-json\/wp\/v2\/product_brand?post=8549"},{"taxonomy":"product_cat","embeddable":true,"href":"https:\/\/www.solar-depot.lu\/de\/wp-json\/wp\/v2\/product_cat?post=8549"},{"taxonomy":"product_tag","embeddable":true,"href":"https:\/\/www.solar-depot.lu\/de\/wp-json\/wp\/v2\/product_tag?post=8549"}],"curies":[{"name":"wp","href":"https:\/\/api.w.org\/{rel}","templated":true}]}}