{"id":8550,"date":"2024-02-11T15:54:39","date_gmt":"2024-02-11T14:54:39","guid":{"rendered":"https:\/\/www.solar-depot.lu\/produit\/ap-systems-mikro-wechselrichter-qt2-eu\/"},"modified":"2026-02-23T14:48:22","modified_gmt":"2026-02-23T13:48:22","slug":"ap-systems-mikro-wechselrichter-qt2-eu","status":"publish","type":"product","link":"https:\/\/www.solar-depot.lu\/de\/produit\/ap-systems-mikro-wechselrichter-qt2-eu\/","title":{"rendered":"AP Systems Mikro-Wechselrichter &#8211; QT2-EU"},"content":{"rendered":"","protected":false},"excerpt":{"rendered":"<section class=\"av_textblock_section av-k3521b-c7931cf0c8cb1010382a17d050447d5a\">\n<div class=\"avia_textblock\">\n<h4>APsystems QT2 Mikro-Wechselrichter<\/h4>\n<\/div>\n<\/section>\n<p>Der neue QT2 interagiert mit den Stromnetzen durch eine Funktion f\u00fcr das Leistungsfaktor-Management (RPC), um die Photovoltaik und die Leistungsspitzen im Netz besser zu verwalten. Dar\u00fcber hinaus bietet er einen Wirkungsgrad von 97 % bei 20 % weniger Komponenten als das Produkt der letzten Generation. Der QT2 ver\u00e4ndert die Situation bei dreiphasigen Installationen f\u00fcr Photovoltaik-D\u00e4cher von Wohnh\u00e4usern und Industrie- oder Dienstleistungsbetrieben.<\/p>\n<ul>\n<li>F\u00fcr den Anschluss an ein Dreiphasennetz konzipiert<\/li>\n<li>4 Eingangskan\u00e4le mit niedriger DC-Spannung, 2 MPPT<\/li>\n<li>Ein Mikrofon wird an 4 PV-Module angeschlossen<\/li>\n<li>Max. 2000 VA kontinuierliche AC-Ausgangsleistung<\/li>\n<li>Ideal f\u00fcr PV-Module mit hoher Leistung (maximaler Eingangsstrom 20A)<\/li>\n<li>Integriertes Sicherheitsschutzrelais<\/li>\n<li>Einstellbarer Leistungsfaktor<\/li>\n<li>Ausgleich des dreiphasigen Ausgangs<\/li>\n<\/ul>\n","protected":false},"featured_media":0,"template":"","meta":{"editor_plus_copied_stylings":"{}"},"product_brand":[],"product_cat":[164],"product_tag":[],"class_list":{"0":"post-8550","1":"product","2":"type-product","3":"status-publish","5":"product_cat-non-classe-de-2","7":"first","8":"onbackorder","9":"taxable","10":"shipping-taxable","11":"purchasable","12":"product-type-simple"},"acf":[],"yoast_head":"<!-- This site is optimized with the Yoast SEO Premium plugin v22.0 (Yoast SEO v27.5) - https:\/\/yoast.com\/product\/yoast-seo-premium-wordpress\/ -->\n<title>AP Systems Mikro-Wechselrichter - QT2-EU - SOLAR DEPOT<\/title>\n<meta name=\"description\" content=\"QT2 ist \u00fcber eine Funktion zur Verwaltung des Leistungsfaktors mit den Stromnetzen interaktiv.\" \/>\n<meta name=\"robots\" content=\"index, follow, max-snippet:-1, max-image-preview:large, max-video-preview:-1\" \/>\n<link rel=\"canonical\" href=\"https:\/\/www.solar-depot.lu\/de\/produit\/ap-systems-mikro-wechselrichter-qt2-eu\/\" \/>\n<meta property=\"og:locale\" content=\"de_DE\" \/>\n<meta property=\"og:type\" content=\"article\" \/>\n<meta property=\"og:title\" content=\"AP Systems Mikro-Wechselrichter - QT2-EU\" \/>\n<meta property=\"og:description\" content=\"QT2 ist \u00fcber eine Funktion zur Verwaltung des Leistungsfaktors mit den Stromnetzen interaktiv.\" \/>\n<meta property=\"og:url\" content=\"https:\/\/www.solar-depot.lu\/de\/produit\/ap-systems-mikro-wechselrichter-qt2-eu\/\" \/>\n<meta property=\"og:site_name\" content=\"SOLAR DEPOT\" \/>\n<meta property=\"article:modified_time\" content=\"2026-02-23T13:48:22+00:00\" \/>\n<meta name=\"twitter:card\" content=\"summary_large_image\" \/>\n<script type=\"application\/ld+json\" class=\"yoast-schema-graph\">{\"@context\":\"https:\\\/\\\/schema.org\",\"@graph\":[{\"@type\":\"WebPage\",\"@id\":\"https:\\\/\\\/www.solar-depot.lu\\\/de\\\/produit\\\/ap-systems-mikro-wechselrichter-qt2-eu\\\/\",\"url\":\"https:\\\/\\\/www.solar-depot.lu\\\/de\\\/produit\\\/ap-systems-mikro-wechselrichter-qt2-eu\\\/\",\"name\":\"AP Systems Mikro-Wechselrichter - QT2-EU - SOLAR DEPOT\",\"isPartOf\":{\"@id\":\"https:\\\/\\\/www.solar-depot.lu\\\/de\\\/#website\"},\"datePublished\":\"2024-02-11T14:54:39+00:00\",\"dateModified\":\"2026-02-23T13:48:22+00:00\",\"description\":\"QT2 ist \u00fcber eine Funktion zur Verwaltung des Leistungsfaktors mit den Stromnetzen interaktiv.\",\"breadcrumb\":{\"@id\":\"https:\\\/\\\/www.solar-depot.lu\\\/de\\\/produit\\\/ap-systems-mikro-wechselrichter-qt2-eu\\\/#breadcrumb\"},\"inLanguage\":\"de\",\"potentialAction\":[{\"@type\":\"ReadAction\",\"target\":[\"https:\\\/\\\/www.solar-depot.lu\\\/de\\\/produit\\\/ap-systems-mikro-wechselrichter-qt2-eu\\\/\"]}]},{\"@type\":\"BreadcrumbList\",\"@id\":\"https:\\\/\\\/www.solar-depot.lu\\\/de\\\/produit\\\/ap-systems-mikro-wechselrichter-qt2-eu\\\/#breadcrumb\",\"itemListElement\":[{\"@type\":\"ListItem\",\"position\":1,\"name\":\"Startseite\",\"item\":\"https:\\\/\\\/www.solar-depot.lu\\\/de\\\/\"},{\"@type\":\"ListItem\",\"position\":2,\"name\":\"AP Systems Mikro-Wechselrichter &#8211; QT2-EU\"}]},{\"@type\":\"WebSite\",\"@id\":\"https:\\\/\\\/www.solar-depot.lu\\\/de\\\/#website\",\"url\":\"https:\\\/\\\/www.solar-depot.lu\\\/de\\\/\",\"name\":\"SOLAR DEPOT\",\"description\":\"Solar Depot, l&#039;\u00e9nergie solaire \u00e0 emporter chez vous !\",\"publisher\":{\"@id\":\"https:\\\/\\\/www.solar-depot.lu\\\/de\\\/#organization\"},\"potentialAction\":[{\"@type\":\"SearchAction\",\"target\":{\"@type\":\"EntryPoint\",\"urlTemplate\":\"https:\\\/\\\/www.solar-depot.lu\\\/de\\\/?s={search_term_string}\"},\"query-input\":{\"@type\":\"PropertyValueSpecification\",\"valueRequired\":true,\"valueName\":\"search_term_string\"}}],\"inLanguage\":\"de\"},{\"@type\":\"Organization\",\"@id\":\"https:\\\/\\\/www.solar-depot.lu\\\/de\\\/#organization\",\"name\":\"SOLAR DEPOT\",\"url\":\"https:\\\/\\\/www.solar-depot.lu\\\/de\\\/\",\"logo\":{\"@type\":\"ImageObject\",\"inLanguage\":\"de\",\"@id\":\"https:\\\/\\\/www.solar-depot.lu\\\/de\\\/#\\\/schema\\\/logo\\\/image\\\/\",\"url\":\"https:\\\/\\\/www.solar-depot.lu\\\/wp-content\\\/uploads\\\/2023\\\/08\\\/ege-depot-sans-fond.png\",\"contentUrl\":\"https:\\\/\\\/www.solar-depot.lu\\\/wp-content\\\/uploads\\\/2023\\\/08\\\/ege-depot-sans-fond.png\",\"width\":1696,\"height\":536,\"caption\":\"SOLAR DEPOT\"},\"image\":{\"@id\":\"https:\\\/\\\/www.solar-depot.lu\\\/de\\\/#\\\/schema\\\/logo\\\/image\\\/\"}}]}<\/script>\n<!-- \/ Yoast SEO Premium plugin. -->","yoast_head_json":{"title":"AP Systems Mikro-Wechselrichter - QT2-EU - SOLAR DEPOT","description":"QT2 ist \u00fcber eine Funktion zur Verwaltung des Leistungsfaktors mit den Stromnetzen interaktiv.","robots":{"index":"index","follow":"follow","max-snippet":"max-snippet:-1","max-image-preview":"max-image-preview:large","max-video-preview":"max-video-preview:-1"},"canonical":"https:\/\/www.solar-depot.lu\/de\/produit\/ap-systems-mikro-wechselrichter-qt2-eu\/","og_locale":"de_DE","og_type":"article","og_title":"AP Systems Mikro-Wechselrichter - QT2-EU","og_description":"QT2 ist \u00fcber eine Funktion zur Verwaltung des Leistungsfaktors mit den Stromnetzen interaktiv.","og_url":"https:\/\/www.solar-depot.lu\/de\/produit\/ap-systems-mikro-wechselrichter-qt2-eu\/","og_site_name":"SOLAR DEPOT","article_modified_time":"2026-02-23T13:48:22+00:00","twitter_card":"summary_large_image","schema":{"@context":"https:\/\/schema.org","@graph":[{"@type":"WebPage","@id":"https:\/\/www.solar-depot.lu\/de\/produit\/ap-systems-mikro-wechselrichter-qt2-eu\/","url":"https:\/\/www.solar-depot.lu\/de\/produit\/ap-systems-mikro-wechselrichter-qt2-eu\/","name":"AP Systems Mikro-Wechselrichter - QT2-EU - SOLAR DEPOT","isPartOf":{"@id":"https:\/\/www.solar-depot.lu\/de\/#website"},"datePublished":"2024-02-11T14:54:39+00:00","dateModified":"2026-02-23T13:48:22+00:00","description":"QT2 ist \u00fcber eine Funktion zur Verwaltung des Leistungsfaktors mit den Stromnetzen interaktiv.","breadcrumb":{"@id":"https:\/\/www.solar-depot.lu\/de\/produit\/ap-systems-mikro-wechselrichter-qt2-eu\/#breadcrumb"},"inLanguage":"de","potentialAction":[{"@type":"ReadAction","target":["https:\/\/www.solar-depot.lu\/de\/produit\/ap-systems-mikro-wechselrichter-qt2-eu\/"]}]},{"@type":"BreadcrumbList","@id":"https:\/\/www.solar-depot.lu\/de\/produit\/ap-systems-mikro-wechselrichter-qt2-eu\/#breadcrumb","itemListElement":[{"@type":"ListItem","position":1,"name":"Startseite","item":"https:\/\/www.solar-depot.lu\/de\/"},{"@type":"ListItem","position":2,"name":"AP Systems Mikro-Wechselrichter &#8211; QT2-EU"}]},{"@type":"WebSite","@id":"https:\/\/www.solar-depot.lu\/de\/#website","url":"https:\/\/www.solar-depot.lu\/de\/","name":"SOLAR DEPOT","description":"Solar Depot, l&#039;\u00e9nergie solaire \u00e0 emporter chez vous !","publisher":{"@id":"https:\/\/www.solar-depot.lu\/de\/#organization"},"potentialAction":[{"@type":"SearchAction","target":{"@type":"EntryPoint","urlTemplate":"https:\/\/www.solar-depot.lu\/de\/?s={search_term_string}"},"query-input":{"@type":"PropertyValueSpecification","valueRequired":true,"valueName":"search_term_string"}}],"inLanguage":"de"},{"@type":"Organization","@id":"https:\/\/www.solar-depot.lu\/de\/#organization","name":"SOLAR DEPOT","url":"https:\/\/www.solar-depot.lu\/de\/","logo":{"@type":"ImageObject","inLanguage":"de","@id":"https:\/\/www.solar-depot.lu\/de\/#\/schema\/logo\/image\/","url":"https:\/\/www.solar-depot.lu\/wp-content\/uploads\/2023\/08\/ege-depot-sans-fond.png","contentUrl":"https:\/\/www.solar-depot.lu\/wp-content\/uploads\/2023\/08\/ege-depot-sans-fond.png","width":1696,"height":536,"caption":"SOLAR DEPOT"},"image":{"@id":"https:\/\/www.solar-depot.lu\/de\/#\/schema\/logo\/image\/"}}]}},"_links":{"self":[{"href":"https:\/\/www.solar-depot.lu\/de\/wp-json\/wp\/v2\/product\/8550","targetHints":{"allow":["GET"]}}],"collection":[{"href":"https:\/\/www.solar-depot.lu\/de\/wp-json\/wp\/v2\/product"}],"about":[{"href":"https:\/\/www.solar-depot.lu\/de\/wp-json\/wp\/v2\/types\/product"}],"wp:attachment":[{"href":"https:\/\/www.solar-depot.lu\/de\/wp-json\/wp\/v2\/media?parent=8550"}],"wp:term":[{"taxonomy":"product_brand","embeddable":true,"href":"https:\/\/www.solar-depot.lu\/de\/wp-json\/wp\/v2\/product_brand?post=8550"},{"taxonomy":"product_cat","embeddable":true,"href":"https:\/\/www.solar-depot.lu\/de\/wp-json\/wp\/v2\/product_cat?post=8550"},{"taxonomy":"product_tag","embeddable":true,"href":"https:\/\/www.solar-depot.lu\/de\/wp-json\/wp\/v2\/product_tag?post=8550"}],"curies":[{"name":"wp","href":"https:\/\/api.w.org\/{rel}","templated":true}]}}