{"id":8554,"date":"2024-02-11T15:51:12","date_gmt":"2024-02-11T14:51:12","guid":{"rendered":"https:\/\/www.solar-depot.lu\/produit\/ap-systems-mikro-wechselrichter-ds3-eu\/"},"modified":"2026-02-23T14:42:18","modified_gmt":"2026-02-23T13:42:18","slug":"ap-systems-mikro-wechselrichter-ds3-eu","status":"publish","type":"product","link":"https:\/\/www.solar-depot.lu\/de\/produit\/ap-systems-mikro-wechselrichter-ds3-eu\/","title":{"rendered":"AP Systems Mikro-Wechselrichter &#8211; DS3-EU"},"content":{"rendered":"","protected":false},"excerpt":{"rendered":"<section class=\"av_textblock_section av-k3521b-de7a65de446d08d68343090b3b283712\">\n<div class=\"avia_textblock\">\n<h4><strong>Mikro-Wechselrichter Serie DS3<\/strong><\/h4>\n<\/div>\n<\/section>\n<p>Die DS3L und DS3 verf\u00fcgen \u00fcber zwei unabh\u00e4ngige MPPTs, eine verschl\u00fcsselte Zigbee-Kommunikation, eine v\u00f6llig neue Architektur und sind vollst\u00e4ndig kompatibel mit den Mikro-Wechselrichtern QS1 und YC600. Ihr innovatives und kompaktes Design sorgt f\u00fcr ein leichteres Produkt bei gleichzeitiger Maximierung der Energieproduktion. Die Komponenten sind mit Silikon umh\u00fcllt, um die Belastung der Elektronik zu reduzieren, die W\u00e4rmeableitung zu erleichtern, die Dichtungseigenschaften zu verbessern und die maximale Zuverl\u00e4ssigkeit des Systems durch strenge Testmethoden, einschlie\u00dflich beschleunigter Lebensdauertests, zu gew\u00e4hrleisten. Der Zugriff auf die Energieversorgung rund um die Uhr \u00fcber Anwendungen oder ein Webportal erm\u00f6glicht eine einfache Ferndiagnose und -wartung.<\/p>\n<ul>\n<li class=\"p1\">\n<p class=\"p1\">Ein Mikro-Wechselrichter verbindet zwei PV-Module.<\/p>\n<\/li>\n<li class=\"p1\">\n<p class=\"p1\">880W<\/p>\n<\/li>\n<li class=\"p1\">\n<p class=\"p1\">50% zus\u00e4tzliche Kraft<\/p>\n<\/li>\n<li class=\"p1\">\n<p class=\"p1\">2 MPPTs<\/p>\n<\/li>\n<li class=\"p1\">\n<p class=\"p1\">97% Rendite<\/p>\n<\/li>\n<li class=\"p1\">\n<p class=\"p1\">Kompaktes Design<\/p>\n<\/li>\n<li class=\"p1\">\n<p class=\"p1\">Maximale Zuverl\u00e4ssigkeit, IP67<\/p>\n<\/li>\n<li class=\"p1\">\n<p class=\"p1\">Verwaltung des Leistungsfaktors<\/p>\n<\/li>\n<li class=\"p1\">\n<p class=\"p1\">Verschl\u00fcsselte ZigBee-Kommunikation<\/p>\n<\/li>\n<li class=\"p1\">\n<p class=\"p1\">Kompatibel mit QS1 &amp; YC600<\/p>\n<\/li>\n<li>Integrierte VDE-Relais<\/li>\n<\/ul>\n","protected":false},"featured_media":0,"template":"","meta":{"editor_plus_copied_stylings":"{}"},"product_brand":[],"product_cat":[164],"product_tag":[],"class_list":{"0":"post-8554","1":"product","2":"type-product","3":"status-publish","5":"product_cat-non-classe-de-2","7":"first","8":"onbackorder","9":"taxable","10":"shipping-taxable","11":"purchasable","12":"product-type-simple"},"acf":[],"yoast_head":"<!-- This site is optimized with the Yoast SEO Premium plugin v22.0 (Yoast SEO v27.5) - https:\/\/yoast.com\/product\/yoast-seo-premium-wordpress\/ -->\n<title>AP Systems Mikro-Wechselrichter - DS3-EU - SOLAR DEPOT<\/title>\n<meta name=\"description\" content=\"DS3: Ausgestattet mit 2 unabh\u00e4ngigen MPPTs und verschl\u00fcsselter Zigbee-Kommunikation. Neue Architektur und vollst\u00e4ndig kompatibel mit den Mikro-Wechselrichtern QS1 und YC600.\" \/>\n<meta name=\"robots\" content=\"index, follow, max-snippet:-1, max-image-preview:large, max-video-preview:-1\" \/>\n<link rel=\"canonical\" href=\"https:\/\/www.solar-depot.lu\/de\/produit\/ap-systems-mikro-wechselrichter-ds3-eu\/\" \/>\n<meta property=\"og:locale\" content=\"de_DE\" \/>\n<meta property=\"og:type\" content=\"article\" \/>\n<meta property=\"og:title\" content=\"AP Systems Mikro-Wechselrichter - DS3-EU\" \/>\n<meta property=\"og:description\" content=\"DS3: Ausgestattet mit 2 unabh\u00e4ngigen MPPTs und verschl\u00fcsselter Zigbee-Kommunikation. Neue Architektur und vollst\u00e4ndig kompatibel mit den Mikro-Wechselrichtern QS1 und YC600.\" \/>\n<meta property=\"og:url\" content=\"https:\/\/www.solar-depot.lu\/de\/produit\/ap-systems-mikro-wechselrichter-ds3-eu\/\" \/>\n<meta property=\"og:site_name\" content=\"SOLAR DEPOT\" \/>\n<meta property=\"article:modified_time\" content=\"2026-02-23T13:42:18+00:00\" \/>\n<meta name=\"twitter:card\" content=\"summary_large_image\" \/>\n<script type=\"application\/ld+json\" class=\"yoast-schema-graph\">{\"@context\":\"https:\\\/\\\/schema.org\",\"@graph\":[{\"@type\":\"WebPage\",\"@id\":\"https:\\\/\\\/www.solar-depot.lu\\\/de\\\/produit\\\/ap-systems-mikro-wechselrichter-ds3-eu\\\/\",\"url\":\"https:\\\/\\\/www.solar-depot.lu\\\/de\\\/produit\\\/ap-systems-mikro-wechselrichter-ds3-eu\\\/\",\"name\":\"AP Systems Mikro-Wechselrichter - DS3-EU - SOLAR DEPOT\",\"isPartOf\":{\"@id\":\"https:\\\/\\\/www.solar-depot.lu\\\/de\\\/#website\"},\"datePublished\":\"2024-02-11T14:51:12+00:00\",\"dateModified\":\"2026-02-23T13:42:18+00:00\",\"description\":\"DS3: Ausgestattet mit 2 unabh\u00e4ngigen MPPTs und verschl\u00fcsselter Zigbee-Kommunikation. Neue Architektur und vollst\u00e4ndig kompatibel mit den Mikro-Wechselrichtern QS1 und YC600.\",\"breadcrumb\":{\"@id\":\"https:\\\/\\\/www.solar-depot.lu\\\/de\\\/produit\\\/ap-systems-mikro-wechselrichter-ds3-eu\\\/#breadcrumb\"},\"inLanguage\":\"de\",\"potentialAction\":[{\"@type\":\"ReadAction\",\"target\":[\"https:\\\/\\\/www.solar-depot.lu\\\/de\\\/produit\\\/ap-systems-mikro-wechselrichter-ds3-eu\\\/\"]}]},{\"@type\":\"BreadcrumbList\",\"@id\":\"https:\\\/\\\/www.solar-depot.lu\\\/de\\\/produit\\\/ap-systems-mikro-wechselrichter-ds3-eu\\\/#breadcrumb\",\"itemListElement\":[{\"@type\":\"ListItem\",\"position\":1,\"name\":\"Startseite\",\"item\":\"https:\\\/\\\/www.solar-depot.lu\\\/de\\\/\"},{\"@type\":\"ListItem\",\"position\":2,\"name\":\"AP Systems Mikro-Wechselrichter &#8211; DS3-EU\"}]},{\"@type\":\"WebSite\",\"@id\":\"https:\\\/\\\/www.solar-depot.lu\\\/de\\\/#website\",\"url\":\"https:\\\/\\\/www.solar-depot.lu\\\/de\\\/\",\"name\":\"SOLAR DEPOT\",\"description\":\"Solar Depot, l&#039;\u00e9nergie solaire \u00e0 emporter chez vous !\",\"publisher\":{\"@id\":\"https:\\\/\\\/www.solar-depot.lu\\\/de\\\/#organization\"},\"potentialAction\":[{\"@type\":\"SearchAction\",\"target\":{\"@type\":\"EntryPoint\",\"urlTemplate\":\"https:\\\/\\\/www.solar-depot.lu\\\/de\\\/?s={search_term_string}\"},\"query-input\":{\"@type\":\"PropertyValueSpecification\",\"valueRequired\":true,\"valueName\":\"search_term_string\"}}],\"inLanguage\":\"de\"},{\"@type\":\"Organization\",\"@id\":\"https:\\\/\\\/www.solar-depot.lu\\\/de\\\/#organization\",\"name\":\"SOLAR DEPOT\",\"url\":\"https:\\\/\\\/www.solar-depot.lu\\\/de\\\/\",\"logo\":{\"@type\":\"ImageObject\",\"inLanguage\":\"de\",\"@id\":\"https:\\\/\\\/www.solar-depot.lu\\\/de\\\/#\\\/schema\\\/logo\\\/image\\\/\",\"url\":\"https:\\\/\\\/www.solar-depot.lu\\\/wp-content\\\/uploads\\\/2023\\\/08\\\/ege-depot-sans-fond.png\",\"contentUrl\":\"https:\\\/\\\/www.solar-depot.lu\\\/wp-content\\\/uploads\\\/2023\\\/08\\\/ege-depot-sans-fond.png\",\"width\":1696,\"height\":536,\"caption\":\"SOLAR DEPOT\"},\"image\":{\"@id\":\"https:\\\/\\\/www.solar-depot.lu\\\/de\\\/#\\\/schema\\\/logo\\\/image\\\/\"}}]}<\/script>\n<!-- \/ Yoast SEO Premium plugin. -->","yoast_head_json":{"title":"AP Systems Mikro-Wechselrichter - DS3-EU - SOLAR DEPOT","description":"DS3: Ausgestattet mit 2 unabh\u00e4ngigen MPPTs und verschl\u00fcsselter Zigbee-Kommunikation. Neue Architektur und vollst\u00e4ndig kompatibel mit den Mikro-Wechselrichtern QS1 und YC600.","robots":{"index":"index","follow":"follow","max-snippet":"max-snippet:-1","max-image-preview":"max-image-preview:large","max-video-preview":"max-video-preview:-1"},"canonical":"https:\/\/www.solar-depot.lu\/de\/produit\/ap-systems-mikro-wechselrichter-ds3-eu\/","og_locale":"de_DE","og_type":"article","og_title":"AP Systems Mikro-Wechselrichter - DS3-EU","og_description":"DS3: Ausgestattet mit 2 unabh\u00e4ngigen MPPTs und verschl\u00fcsselter Zigbee-Kommunikation. Neue Architektur und vollst\u00e4ndig kompatibel mit den Mikro-Wechselrichtern QS1 und YC600.","og_url":"https:\/\/www.solar-depot.lu\/de\/produit\/ap-systems-mikro-wechselrichter-ds3-eu\/","og_site_name":"SOLAR DEPOT","article_modified_time":"2026-02-23T13:42:18+00:00","twitter_card":"summary_large_image","schema":{"@context":"https:\/\/schema.org","@graph":[{"@type":"WebPage","@id":"https:\/\/www.solar-depot.lu\/de\/produit\/ap-systems-mikro-wechselrichter-ds3-eu\/","url":"https:\/\/www.solar-depot.lu\/de\/produit\/ap-systems-mikro-wechselrichter-ds3-eu\/","name":"AP Systems Mikro-Wechselrichter - DS3-EU - SOLAR DEPOT","isPartOf":{"@id":"https:\/\/www.solar-depot.lu\/de\/#website"},"datePublished":"2024-02-11T14:51:12+00:00","dateModified":"2026-02-23T13:42:18+00:00","description":"DS3: Ausgestattet mit 2 unabh\u00e4ngigen MPPTs und verschl\u00fcsselter Zigbee-Kommunikation. Neue Architektur und vollst\u00e4ndig kompatibel mit den Mikro-Wechselrichtern QS1 und YC600.","breadcrumb":{"@id":"https:\/\/www.solar-depot.lu\/de\/produit\/ap-systems-mikro-wechselrichter-ds3-eu\/#breadcrumb"},"inLanguage":"de","potentialAction":[{"@type":"ReadAction","target":["https:\/\/www.solar-depot.lu\/de\/produit\/ap-systems-mikro-wechselrichter-ds3-eu\/"]}]},{"@type":"BreadcrumbList","@id":"https:\/\/www.solar-depot.lu\/de\/produit\/ap-systems-mikro-wechselrichter-ds3-eu\/#breadcrumb","itemListElement":[{"@type":"ListItem","position":1,"name":"Startseite","item":"https:\/\/www.solar-depot.lu\/de\/"},{"@type":"ListItem","position":2,"name":"AP Systems Mikro-Wechselrichter &#8211; DS3-EU"}]},{"@type":"WebSite","@id":"https:\/\/www.solar-depot.lu\/de\/#website","url":"https:\/\/www.solar-depot.lu\/de\/","name":"SOLAR DEPOT","description":"Solar Depot, l&#039;\u00e9nergie solaire \u00e0 emporter chez vous !","publisher":{"@id":"https:\/\/www.solar-depot.lu\/de\/#organization"},"potentialAction":[{"@type":"SearchAction","target":{"@type":"EntryPoint","urlTemplate":"https:\/\/www.solar-depot.lu\/de\/?s={search_term_string}"},"query-input":{"@type":"PropertyValueSpecification","valueRequired":true,"valueName":"search_term_string"}}],"inLanguage":"de"},{"@type":"Organization","@id":"https:\/\/www.solar-depot.lu\/de\/#organization","name":"SOLAR DEPOT","url":"https:\/\/www.solar-depot.lu\/de\/","logo":{"@type":"ImageObject","inLanguage":"de","@id":"https:\/\/www.solar-depot.lu\/de\/#\/schema\/logo\/image\/","url":"https:\/\/www.solar-depot.lu\/wp-content\/uploads\/2023\/08\/ege-depot-sans-fond.png","contentUrl":"https:\/\/www.solar-depot.lu\/wp-content\/uploads\/2023\/08\/ege-depot-sans-fond.png","width":1696,"height":536,"caption":"SOLAR DEPOT"},"image":{"@id":"https:\/\/www.solar-depot.lu\/de\/#\/schema\/logo\/image\/"}}]}},"_links":{"self":[{"href":"https:\/\/www.solar-depot.lu\/de\/wp-json\/wp\/v2\/product\/8554","targetHints":{"allow":["GET"]}}],"collection":[{"href":"https:\/\/www.solar-depot.lu\/de\/wp-json\/wp\/v2\/product"}],"about":[{"href":"https:\/\/www.solar-depot.lu\/de\/wp-json\/wp\/v2\/types\/product"}],"wp:attachment":[{"href":"https:\/\/www.solar-depot.lu\/de\/wp-json\/wp\/v2\/media?parent=8554"}],"wp:term":[{"taxonomy":"product_brand","embeddable":true,"href":"https:\/\/www.solar-depot.lu\/de\/wp-json\/wp\/v2\/product_brand?post=8554"},{"taxonomy":"product_cat","embeddable":true,"href":"https:\/\/www.solar-depot.lu\/de\/wp-json\/wp\/v2\/product_cat?post=8554"},{"taxonomy":"product_tag","embeddable":true,"href":"https:\/\/www.solar-depot.lu\/de\/wp-json\/wp\/v2\/product_tag?post=8554"}],"curies":[{"name":"wp","href":"https:\/\/api.w.org\/{rel}","templated":true}]}}