{"id":8558,"date":"2025-01-09T09:29:49","date_gmt":"2025-01-09T08:29:49","guid":{"rendered":"https:\/\/www.solar-depot.lu\/produit\/wechselrichter-huawei-sun2000-10ktl-m1\/"},"modified":"2026-03-17T11:30:30","modified_gmt":"2026-03-17T10:30:30","slug":"wechselrichter-huawei-sun2000-10ktl-m1","status":"publish","type":"product","link":"https:\/\/www.solar-depot.lu\/de\/produit\/wechselrichter-huawei-sun2000-10ktl-m1\/","title":{"rendered":"Wechselrichter Huawei SUN2000-10KTL-M1"},"content":{"rendered":"","protected":false},"excerpt":{"rendered":"<p>Huawei, ein f\u00fchrender Anbieter von innovativen Energiel\u00f6sungen, stellt den dreiphasigen Wechselrichter SUN2000-10KTL-M1 vor, eine leistungsstarke und zuverl\u00e4ssige L\u00f6sung f\u00fcr das Solarenergiemanagement. Der Wechselrichter ist f\u00fcr eine maximale AC-Ausgangsleistung von 11KVA ausgelegt und eignet sich ideal f\u00fcr Installationen, die ein effizientes Energiemanagement in gro\u00dfem Ma\u00dfstab erfordern.<\/p>\n<h3><strong>Hauptmerkmale :<\/strong><\/h3>\n<ul>\n<li><strong>Maximale AC-Ausgabe:<\/strong> 11KVA<\/li>\n<li><strong>High Current Version<\/strong> f\u00fcr eine optimierte Leistung<\/li>\n<li><strong>Kompatibilit\u00e4t mit Optimierern:<\/strong> SUN2000-450W-P<\/li>\n<li><strong>Integrierte Batteriespeicherschnittstelle<\/strong> f\u00fcr mehr Flexibilit\u00e4t<\/li>\n<li><strong>WLAN-FE-Dongle<\/strong> f\u00fcr einfache Fernverwaltung<\/li>\n<li><strong>10-Jahres-Garantie<\/strong> f\u00fcr langfristigen Seelenfrieden<\/li>\n<\/ul>\n<p>Dieser Wechselrichter ist eine ideale L\u00f6sung f\u00fcr private und gewerbliche Anlagen, die die Effizienz und Zuverl\u00e4ssigkeit ihrer Solarenergieproduktion maximieren m\u00f6chten.<\/p>\n","protected":false},"featured_media":5573,"template":"","meta":{"editor_plus_copied_stylings":"{}"},"product_brand":[],"product_cat":[164],"product_tag":[],"class_list":{"0":"post-8558","1":"product","2":"type-product","3":"status-publish","4":"has-post-thumbnail","6":"product_cat-non-classe-de-2","8":"first","9":"instock","10":"taxable","11":"shipping-taxable","12":"purchasable","13":"product-type-simple"},"acf":[],"yoast_head":"<!-- This site is optimized with the Yoast SEO Premium plugin v22.0 (Yoast SEO v27.5) - https:\/\/yoast.com\/product\/yoast-seo-premium-wordpress\/ -->\n<title>Wechselrichter Huawei SUN2000-10KTL-M1 - SOLAR DEPOT<\/title>\n<meta name=\"description\" content=\"Der Huawei SUN2000-10KTL-M1 Wechselrichter bietet 11KVA, eine Batterieschnittstelle und eine 10-j\u00e4hrige Garantie f\u00fcr eine optimale Verwaltung der Solarenergie.\" \/>\n<meta name=\"robots\" content=\"index, follow, max-snippet:-1, max-image-preview:large, max-video-preview:-1\" \/>\n<link rel=\"canonical\" href=\"https:\/\/www.solar-depot.lu\/de\/produit\/wechselrichter-huawei-sun2000-10ktl-m1\/\" \/>\n<meta property=\"og:locale\" content=\"de_DE\" \/>\n<meta property=\"og:type\" content=\"article\" \/>\n<meta property=\"og:title\" content=\"Wechselrichter Huawei SUN2000-10KTL-M1\" \/>\n<meta property=\"og:description\" content=\"Der Huawei SUN2000-10KTL-M1 Wechselrichter bietet 11KVA, eine Batterieschnittstelle und eine 10-j\u00e4hrige Garantie f\u00fcr eine optimale Verwaltung der Solarenergie.\" \/>\n<meta property=\"og:url\" content=\"https:\/\/www.solar-depot.lu\/de\/produit\/wechselrichter-huawei-sun2000-10ktl-m1\/\" \/>\n<meta property=\"og:site_name\" content=\"SOLAR DEPOT\" \/>\n<meta property=\"article:modified_time\" content=\"2026-03-17T10:30:30+00:00\" \/>\n<meta property=\"og:image\" content=\"https:\/\/www.solar-depot.lu\/wp-content\/uploads\/2024\/02\/32-112512_1.jpg\" \/>\n\t<meta property=\"og:image:width\" content=\"640\" \/>\n\t<meta property=\"og:image:height\" content=\"640\" \/>\n\t<meta property=\"og:image:type\" content=\"image\/jpeg\" \/>\n<meta name=\"twitter:card\" content=\"summary_large_image\" \/>\n<meta name=\"twitter:label1\" content=\"Gesch\u00e4tzte Lesezeit\" \/>\n\t<meta name=\"twitter:data1\" content=\"1\u00a0Minute\" \/>\n<script type=\"application\/ld+json\" class=\"yoast-schema-graph\">{\"@context\":\"https:\\\/\\\/schema.org\",\"@graph\":[{\"@type\":\"WebPage\",\"@id\":\"https:\\\/\\\/www.solar-depot.lu\\\/de\\\/produit\\\/wechselrichter-huawei-sun2000-10ktl-m1\\\/\",\"url\":\"https:\\\/\\\/www.solar-depot.lu\\\/de\\\/produit\\\/wechselrichter-huawei-sun2000-10ktl-m1\\\/\",\"name\":\"Wechselrichter Huawei SUN2000-10KTL-M1 - SOLAR DEPOT\",\"isPartOf\":{\"@id\":\"https:\\\/\\\/www.solar-depot.lu\\\/de\\\/#website\"},\"primaryImageOfPage\":{\"@id\":\"https:\\\/\\\/www.solar-depot.lu\\\/de\\\/produit\\\/wechselrichter-huawei-sun2000-10ktl-m1\\\/#primaryimage\"},\"image\":{\"@id\":\"https:\\\/\\\/www.solar-depot.lu\\\/de\\\/produit\\\/wechselrichter-huawei-sun2000-10ktl-m1\\\/#primaryimage\"},\"thumbnailUrl\":\"https:\\\/\\\/www.solar-depot.lu\\\/wp-content\\\/uploads\\\/2024\\\/02\\\/32-112512_1.jpg\",\"datePublished\":\"2025-01-09T08:29:49+00:00\",\"dateModified\":\"2026-03-17T10:30:30+00:00\",\"description\":\"Der Huawei SUN2000-10KTL-M1 Wechselrichter bietet 11KVA, eine Batterieschnittstelle und eine 10-j\u00e4hrige Garantie f\u00fcr eine optimale Verwaltung der Solarenergie.\",\"breadcrumb\":{\"@id\":\"https:\\\/\\\/www.solar-depot.lu\\\/de\\\/produit\\\/wechselrichter-huawei-sun2000-10ktl-m1\\\/#breadcrumb\"},\"inLanguage\":\"de\",\"potentialAction\":[{\"@type\":\"ReadAction\",\"target\":[\"https:\\\/\\\/www.solar-depot.lu\\\/de\\\/produit\\\/wechselrichter-huawei-sun2000-10ktl-m1\\\/\"]}]},{\"@type\":\"ImageObject\",\"inLanguage\":\"de\",\"@id\":\"https:\\\/\\\/www.solar-depot.lu\\\/de\\\/produit\\\/wechselrichter-huawei-sun2000-10ktl-m1\\\/#primaryimage\",\"url\":\"https:\\\/\\\/www.solar-depot.lu\\\/wp-content\\\/uploads\\\/2024\\\/02\\\/32-112512_1.jpg\",\"contentUrl\":\"https:\\\/\\\/www.solar-depot.lu\\\/wp-content\\\/uploads\\\/2024\\\/02\\\/32-112512_1.jpg\",\"width\":640,\"height\":640},{\"@type\":\"BreadcrumbList\",\"@id\":\"https:\\\/\\\/www.solar-depot.lu\\\/de\\\/produit\\\/wechselrichter-huawei-sun2000-10ktl-m1\\\/#breadcrumb\",\"itemListElement\":[{\"@type\":\"ListItem\",\"position\":1,\"name\":\"Startseite\",\"item\":\"https:\\\/\\\/www.solar-depot.lu\\\/de\\\/\"},{\"@type\":\"ListItem\",\"position\":2,\"name\":\"Wechselrichter Huawei SUN2000-10KTL-M1\"}]},{\"@type\":\"WebSite\",\"@id\":\"https:\\\/\\\/www.solar-depot.lu\\\/de\\\/#website\",\"url\":\"https:\\\/\\\/www.solar-depot.lu\\\/de\\\/\",\"name\":\"SOLAR DEPOT\",\"description\":\"Solar Depot, l&#039;\u00e9nergie solaire \u00e0 emporter chez vous !\",\"publisher\":{\"@id\":\"https:\\\/\\\/www.solar-depot.lu\\\/de\\\/#organization\"},\"potentialAction\":[{\"@type\":\"SearchAction\",\"target\":{\"@type\":\"EntryPoint\",\"urlTemplate\":\"https:\\\/\\\/www.solar-depot.lu\\\/de\\\/?s={search_term_string}\"},\"query-input\":{\"@type\":\"PropertyValueSpecification\",\"valueRequired\":true,\"valueName\":\"search_term_string\"}}],\"inLanguage\":\"de\"},{\"@type\":\"Organization\",\"@id\":\"https:\\\/\\\/www.solar-depot.lu\\\/de\\\/#organization\",\"name\":\"SOLAR DEPOT\",\"url\":\"https:\\\/\\\/www.solar-depot.lu\\\/de\\\/\",\"logo\":{\"@type\":\"ImageObject\",\"inLanguage\":\"de\",\"@id\":\"https:\\\/\\\/www.solar-depot.lu\\\/de\\\/#\\\/schema\\\/logo\\\/image\\\/\",\"url\":\"https:\\\/\\\/www.solar-depot.lu\\\/wp-content\\\/uploads\\\/2023\\\/08\\\/ege-depot-sans-fond.png\",\"contentUrl\":\"https:\\\/\\\/www.solar-depot.lu\\\/wp-content\\\/uploads\\\/2023\\\/08\\\/ege-depot-sans-fond.png\",\"width\":1696,\"height\":536,\"caption\":\"SOLAR DEPOT\"},\"image\":{\"@id\":\"https:\\\/\\\/www.solar-depot.lu\\\/de\\\/#\\\/schema\\\/logo\\\/image\\\/\"}}]}<\/script>\n<!-- \/ Yoast SEO Premium plugin. -->","yoast_head_json":{"title":"Wechselrichter Huawei SUN2000-10KTL-M1 - SOLAR DEPOT","description":"Der Huawei SUN2000-10KTL-M1 Wechselrichter bietet 11KVA, eine Batterieschnittstelle und eine 10-j\u00e4hrige Garantie f\u00fcr eine optimale Verwaltung der Solarenergie.","robots":{"index":"index","follow":"follow","max-snippet":"max-snippet:-1","max-image-preview":"max-image-preview:large","max-video-preview":"max-video-preview:-1"},"canonical":"https:\/\/www.solar-depot.lu\/de\/produit\/wechselrichter-huawei-sun2000-10ktl-m1\/","og_locale":"de_DE","og_type":"article","og_title":"Wechselrichter Huawei SUN2000-10KTL-M1","og_description":"Der Huawei SUN2000-10KTL-M1 Wechselrichter bietet 11KVA, eine Batterieschnittstelle und eine 10-j\u00e4hrige Garantie f\u00fcr eine optimale Verwaltung der Solarenergie.","og_url":"https:\/\/www.solar-depot.lu\/de\/produit\/wechselrichter-huawei-sun2000-10ktl-m1\/","og_site_name":"SOLAR DEPOT","article_modified_time":"2026-03-17T10:30:30+00:00","og_image":[{"width":640,"height":640,"url":"https:\/\/www.solar-depot.lu\/wp-content\/uploads\/2024\/02\/32-112512_1.jpg","type":"image\/jpeg"}],"twitter_card":"summary_large_image","twitter_misc":{"Gesch\u00e4tzte Lesezeit":"1\u00a0Minute"},"schema":{"@context":"https:\/\/schema.org","@graph":[{"@type":"WebPage","@id":"https:\/\/www.solar-depot.lu\/de\/produit\/wechselrichter-huawei-sun2000-10ktl-m1\/","url":"https:\/\/www.solar-depot.lu\/de\/produit\/wechselrichter-huawei-sun2000-10ktl-m1\/","name":"Wechselrichter Huawei SUN2000-10KTL-M1 - SOLAR DEPOT","isPartOf":{"@id":"https:\/\/www.solar-depot.lu\/de\/#website"},"primaryImageOfPage":{"@id":"https:\/\/www.solar-depot.lu\/de\/produit\/wechselrichter-huawei-sun2000-10ktl-m1\/#primaryimage"},"image":{"@id":"https:\/\/www.solar-depot.lu\/de\/produit\/wechselrichter-huawei-sun2000-10ktl-m1\/#primaryimage"},"thumbnailUrl":"https:\/\/www.solar-depot.lu\/wp-content\/uploads\/2024\/02\/32-112512_1.jpg","datePublished":"2025-01-09T08:29:49+00:00","dateModified":"2026-03-17T10:30:30+00:00","description":"Der Huawei SUN2000-10KTL-M1 Wechselrichter bietet 11KVA, eine Batterieschnittstelle und eine 10-j\u00e4hrige Garantie f\u00fcr eine optimale Verwaltung der Solarenergie.","breadcrumb":{"@id":"https:\/\/www.solar-depot.lu\/de\/produit\/wechselrichter-huawei-sun2000-10ktl-m1\/#breadcrumb"},"inLanguage":"de","potentialAction":[{"@type":"ReadAction","target":["https:\/\/www.solar-depot.lu\/de\/produit\/wechselrichter-huawei-sun2000-10ktl-m1\/"]}]},{"@type":"ImageObject","inLanguage":"de","@id":"https:\/\/www.solar-depot.lu\/de\/produit\/wechselrichter-huawei-sun2000-10ktl-m1\/#primaryimage","url":"https:\/\/www.solar-depot.lu\/wp-content\/uploads\/2024\/02\/32-112512_1.jpg","contentUrl":"https:\/\/www.solar-depot.lu\/wp-content\/uploads\/2024\/02\/32-112512_1.jpg","width":640,"height":640},{"@type":"BreadcrumbList","@id":"https:\/\/www.solar-depot.lu\/de\/produit\/wechselrichter-huawei-sun2000-10ktl-m1\/#breadcrumb","itemListElement":[{"@type":"ListItem","position":1,"name":"Startseite","item":"https:\/\/www.solar-depot.lu\/de\/"},{"@type":"ListItem","position":2,"name":"Wechselrichter Huawei SUN2000-10KTL-M1"}]},{"@type":"WebSite","@id":"https:\/\/www.solar-depot.lu\/de\/#website","url":"https:\/\/www.solar-depot.lu\/de\/","name":"SOLAR DEPOT","description":"Solar Depot, l&#039;\u00e9nergie solaire \u00e0 emporter chez vous !","publisher":{"@id":"https:\/\/www.solar-depot.lu\/de\/#organization"},"potentialAction":[{"@type":"SearchAction","target":{"@type":"EntryPoint","urlTemplate":"https:\/\/www.solar-depot.lu\/de\/?s={search_term_string}"},"query-input":{"@type":"PropertyValueSpecification","valueRequired":true,"valueName":"search_term_string"}}],"inLanguage":"de"},{"@type":"Organization","@id":"https:\/\/www.solar-depot.lu\/de\/#organization","name":"SOLAR DEPOT","url":"https:\/\/www.solar-depot.lu\/de\/","logo":{"@type":"ImageObject","inLanguage":"de","@id":"https:\/\/www.solar-depot.lu\/de\/#\/schema\/logo\/image\/","url":"https:\/\/www.solar-depot.lu\/wp-content\/uploads\/2023\/08\/ege-depot-sans-fond.png","contentUrl":"https:\/\/www.solar-depot.lu\/wp-content\/uploads\/2023\/08\/ege-depot-sans-fond.png","width":1696,"height":536,"caption":"SOLAR DEPOT"},"image":{"@id":"https:\/\/www.solar-depot.lu\/de\/#\/schema\/logo\/image\/"}}]}},"_links":{"self":[{"href":"https:\/\/www.solar-depot.lu\/de\/wp-json\/wp\/v2\/product\/8558","targetHints":{"allow":["GET"]}}],"collection":[{"href":"https:\/\/www.solar-depot.lu\/de\/wp-json\/wp\/v2\/product"}],"about":[{"href":"https:\/\/www.solar-depot.lu\/de\/wp-json\/wp\/v2\/types\/product"}],"wp:featuredmedia":[{"embeddable":true,"href":"https:\/\/www.solar-depot.lu\/de\/wp-json\/wp\/v2\/media\/5573"}],"wp:attachment":[{"href":"https:\/\/www.solar-depot.lu\/de\/wp-json\/wp\/v2\/media?parent=8558"}],"wp:term":[{"taxonomy":"product_brand","embeddable":true,"href":"https:\/\/www.solar-depot.lu\/de\/wp-json\/wp\/v2\/product_brand?post=8558"},{"taxonomy":"product_cat","embeddable":true,"href":"https:\/\/www.solar-depot.lu\/de\/wp-json\/wp\/v2\/product_cat?post=8558"},{"taxonomy":"product_tag","embeddable":true,"href":"https:\/\/www.solar-depot.lu\/de\/wp-json\/wp\/v2\/product_tag?post=8558"}],"curies":[{"name":"wp","href":"https:\/\/api.w.org\/{rel}","templated":true}]}}