{"id":8560,"date":"2025-01-09T09:42:14","date_gmt":"2025-01-09T08:42:14","guid":{"rendered":"https:\/\/www.solar-depot.lu\/produit\/wechselrichter-huawei-sun2000-15ktl-mb0\/"},"modified":"2026-02-23T15:08:59","modified_gmt":"2026-02-23T14:08:59","slug":"wechselrichter-huawei-sun2000-15ktl-mb0","status":"publish","type":"product","link":"https:\/\/www.solar-depot.lu\/de\/produit\/wechselrichter-huawei-sun2000-15ktl-mb0\/","title":{"rendered":"Wechselrichter Huawei SUN2000-15KTL-MB0"},"content":{"rendered":"","protected":false},"excerpt":{"rendered":"<p><strong>Der Hybrid-Wechselrichter Huawei Sun2000-15KTL-MB0<\/strong> ist eine leistungsf\u00e4hige und zuverl\u00e4ssige L\u00f6sung f\u00fcr die Verwaltung Ihrer Solaranlage. Er enth\u00e4lt einen DC-Blitzableiter des Typs II und bietet einen erweiterten Schutz mit Lichtbogenerkennung (AFCI). Er ist f\u00fcr den Betrieb mit den Huawei-Batterien LUNA2000-S0 und LUNA2000-S1 konzipiert und ist mit verschiedenen Leistungsoptimierern f\u00fcr ein optimiertes Energiemanagement kompatibel. Dieses Modell bietet mehrere Kommunikationsoptionen und erm\u00f6glicht eine einfache Integration in Hausautomatisierungssysteme.<\/p>\n<h3><strong>Hauptmerkmale :<\/strong><\/h3>\n<ul>\n<li>Integrierter <strong>DC-Blitzableiter Typ II<\/strong><\/li>\n<li><strong>AFCI-Schutz<\/strong> (AI-gest\u00fctzte Lichtbogenerkennung)<\/li>\n<li><strong>Kompatibilit\u00e4t der Batterien :<\/strong> LUNA2000-S0 und LUNA2000-S1<\/li>\n<li><strong>Kompatibilit\u00e4t der Optimierer :<\/strong>\n<ul>\n<li>SUN2000-450W-P2<\/li>\n<li>SUN2000-600W-P<\/li>\n<li>MERC-1100W-P<\/li>\n<li>MERC-1300W-P<\/li>\n<\/ul>\n<\/li>\n<li><strong>Anzahl der Eing\u00e4nge:<\/strong> 2 (zum Anschluss von bis zu 4 LUNA2000 Batterien)<\/li>\n<li><strong>Kommunikationsoptionen :<\/strong>\n<ul>\n<li>RS485<\/li>\n<li>WLAN \/ Ethernet \u00fcber Smart Dongle-WLAN-FE (optional)<\/li>\n<li>4G \/ 3G \/ 2G \u00fcber Smart Dongle-4G (optional)<\/li>\n<li>EMMA Domotik-Gateway (optional)<\/li>\n<\/ul>\n<\/li>\n<li><strong>Integrierter zentraler Anschluss<\/strong> f\u00fcr eine vereinfachte Verwaltung<\/li>\n<li><strong>Notstromversorgung<\/strong> ab dem dritten oder vierten Quartal verf\u00fcgbar mit einphasiger Schnittstelle<\/li>\n<\/ul>\n","protected":false},"featured_media":7301,"template":"","meta":{"editor_plus_copied_stylings":"{}"},"product_brand":[],"product_cat":[164],"product_tag":[],"class_list":{"0":"post-8560","1":"product","2":"type-product","3":"status-publish","4":"has-post-thumbnail","6":"product_cat-non-classe-de-2","8":"first","9":"instock","10":"taxable","11":"shipping-taxable","12":"purchasable","13":"product-type-simple"},"acf":[],"yoast_head":"<!-- This site is optimized with the Yoast SEO Premium plugin v22.0 (Yoast SEO v27.5) - https:\/\/yoast.com\/product\/yoast-seo-premium-wordpress\/ -->\n<title>Wechselrichter Huawei SUN2000-15KTL-MB0 - SOLAR DEPOT<\/title>\n<meta name=\"description\" content=\"Der Wechselrichter Huawei SUN2000-15KTL-MB0 bietet eine hohe Leistung und ein optimiertes Management der Solarenergie f\u00fcr maximale Effizienz.\" \/>\n<meta name=\"robots\" content=\"index, follow, max-snippet:-1, max-image-preview:large, max-video-preview:-1\" \/>\n<link rel=\"canonical\" href=\"https:\/\/www.solar-depot.lu\/de\/produit\/wechselrichter-huawei-sun2000-15ktl-mb0\/\" \/>\n<meta property=\"og:locale\" content=\"de_DE\" \/>\n<meta property=\"og:type\" content=\"article\" \/>\n<meta property=\"og:title\" content=\"Wechselrichter Huawei SUN2000-15KTL-MB0\" \/>\n<meta property=\"og:description\" content=\"Der Wechselrichter Huawei SUN2000-15KTL-MB0 bietet eine hohe Leistung und ein optimiertes Management der Solarenergie f\u00fcr maximale Effizienz.\" \/>\n<meta property=\"og:url\" content=\"https:\/\/www.solar-depot.lu\/de\/produit\/wechselrichter-huawei-sun2000-15ktl-mb0\/\" \/>\n<meta property=\"og:site_name\" content=\"SOLAR DEPOT\" \/>\n<meta property=\"article:modified_time\" content=\"2026-02-23T14:08:59+00:00\" \/>\n<meta property=\"og:image\" content=\"https:\/\/www.solar-depot.lu\/wp-content\/uploads\/2025\/01\/image-removebg-preview-21.png\" \/>\n\t<meta property=\"og:image:width\" content=\"555\" \/>\n\t<meta property=\"og:image:height\" content=\"366\" \/>\n\t<meta property=\"og:image:type\" content=\"image\/png\" \/>\n<meta name=\"twitter:card\" content=\"summary_large_image\" \/>\n<meta name=\"twitter:label1\" content=\"Gesch\u00e4tzte Lesezeit\" \/>\n\t<meta name=\"twitter:data1\" content=\"1\u00a0Minute\" \/>\n<script type=\"application\/ld+json\" class=\"yoast-schema-graph\">{\"@context\":\"https:\\\/\\\/schema.org\",\"@graph\":[{\"@type\":\"WebPage\",\"@id\":\"https:\\\/\\\/www.solar-depot.lu\\\/de\\\/produit\\\/wechselrichter-huawei-sun2000-15ktl-mb0\\\/\",\"url\":\"https:\\\/\\\/www.solar-depot.lu\\\/de\\\/produit\\\/wechselrichter-huawei-sun2000-15ktl-mb0\\\/\",\"name\":\"Wechselrichter Huawei SUN2000-15KTL-MB0 - SOLAR DEPOT\",\"isPartOf\":{\"@id\":\"https:\\\/\\\/www.solar-depot.lu\\\/de\\\/#website\"},\"primaryImageOfPage\":{\"@id\":\"https:\\\/\\\/www.solar-depot.lu\\\/de\\\/produit\\\/wechselrichter-huawei-sun2000-15ktl-mb0\\\/#primaryimage\"},\"image\":{\"@id\":\"https:\\\/\\\/www.solar-depot.lu\\\/de\\\/produit\\\/wechselrichter-huawei-sun2000-15ktl-mb0\\\/#primaryimage\"},\"thumbnailUrl\":\"https:\\\/\\\/www.solar-depot.lu\\\/wp-content\\\/uploads\\\/2025\\\/01\\\/image-removebg-preview-21.png\",\"datePublished\":\"2025-01-09T08:42:14+00:00\",\"dateModified\":\"2026-02-23T14:08:59+00:00\",\"description\":\"Der Wechselrichter Huawei SUN2000-15KTL-MB0 bietet eine hohe Leistung und ein optimiertes Management der Solarenergie f\u00fcr maximale Effizienz.\",\"breadcrumb\":{\"@id\":\"https:\\\/\\\/www.solar-depot.lu\\\/de\\\/produit\\\/wechselrichter-huawei-sun2000-15ktl-mb0\\\/#breadcrumb\"},\"inLanguage\":\"de\",\"potentialAction\":[{\"@type\":\"ReadAction\",\"target\":[\"https:\\\/\\\/www.solar-depot.lu\\\/de\\\/produit\\\/wechselrichter-huawei-sun2000-15ktl-mb0\\\/\"]}]},{\"@type\":\"ImageObject\",\"inLanguage\":\"de\",\"@id\":\"https:\\\/\\\/www.solar-depot.lu\\\/de\\\/produit\\\/wechselrichter-huawei-sun2000-15ktl-mb0\\\/#primaryimage\",\"url\":\"https:\\\/\\\/www.solar-depot.lu\\\/wp-content\\\/uploads\\\/2025\\\/01\\\/image-removebg-preview-21.png\",\"contentUrl\":\"https:\\\/\\\/www.solar-depot.lu\\\/wp-content\\\/uploads\\\/2025\\\/01\\\/image-removebg-preview-21.png\",\"width\":555,\"height\":366},{\"@type\":\"BreadcrumbList\",\"@id\":\"https:\\\/\\\/www.solar-depot.lu\\\/de\\\/produit\\\/wechselrichter-huawei-sun2000-15ktl-mb0\\\/#breadcrumb\",\"itemListElement\":[{\"@type\":\"ListItem\",\"position\":1,\"name\":\"Startseite\",\"item\":\"https:\\\/\\\/www.solar-depot.lu\\\/de\\\/\"},{\"@type\":\"ListItem\",\"position\":2,\"name\":\"Wechselrichter Huawei SUN2000-15KTL-MB0\"}]},{\"@type\":\"WebSite\",\"@id\":\"https:\\\/\\\/www.solar-depot.lu\\\/de\\\/#website\",\"url\":\"https:\\\/\\\/www.solar-depot.lu\\\/de\\\/\",\"name\":\"SOLAR DEPOT\",\"description\":\"Solar Depot, l&#039;\u00e9nergie solaire \u00e0 emporter chez vous !\",\"publisher\":{\"@id\":\"https:\\\/\\\/www.solar-depot.lu\\\/de\\\/#organization\"},\"potentialAction\":[{\"@type\":\"SearchAction\",\"target\":{\"@type\":\"EntryPoint\",\"urlTemplate\":\"https:\\\/\\\/www.solar-depot.lu\\\/de\\\/?s={search_term_string}\"},\"query-input\":{\"@type\":\"PropertyValueSpecification\",\"valueRequired\":true,\"valueName\":\"search_term_string\"}}],\"inLanguage\":\"de\"},{\"@type\":\"Organization\",\"@id\":\"https:\\\/\\\/www.solar-depot.lu\\\/de\\\/#organization\",\"name\":\"SOLAR DEPOT\",\"url\":\"https:\\\/\\\/www.solar-depot.lu\\\/de\\\/\",\"logo\":{\"@type\":\"ImageObject\",\"inLanguage\":\"de\",\"@id\":\"https:\\\/\\\/www.solar-depot.lu\\\/de\\\/#\\\/schema\\\/logo\\\/image\\\/\",\"url\":\"https:\\\/\\\/www.solar-depot.lu\\\/wp-content\\\/uploads\\\/2023\\\/08\\\/ege-depot-sans-fond.png\",\"contentUrl\":\"https:\\\/\\\/www.solar-depot.lu\\\/wp-content\\\/uploads\\\/2023\\\/08\\\/ege-depot-sans-fond.png\",\"width\":1696,\"height\":536,\"caption\":\"SOLAR DEPOT\"},\"image\":{\"@id\":\"https:\\\/\\\/www.solar-depot.lu\\\/de\\\/#\\\/schema\\\/logo\\\/image\\\/\"}}]}<\/script>\n<!-- \/ Yoast SEO Premium plugin. -->","yoast_head_json":{"title":"Wechselrichter Huawei SUN2000-15KTL-MB0 - SOLAR DEPOT","description":"Der Wechselrichter Huawei SUN2000-15KTL-MB0 bietet eine hohe Leistung und ein optimiertes Management der Solarenergie f\u00fcr maximale Effizienz.","robots":{"index":"index","follow":"follow","max-snippet":"max-snippet:-1","max-image-preview":"max-image-preview:large","max-video-preview":"max-video-preview:-1"},"canonical":"https:\/\/www.solar-depot.lu\/de\/produit\/wechselrichter-huawei-sun2000-15ktl-mb0\/","og_locale":"de_DE","og_type":"article","og_title":"Wechselrichter Huawei SUN2000-15KTL-MB0","og_description":"Der Wechselrichter Huawei SUN2000-15KTL-MB0 bietet eine hohe Leistung und ein optimiertes Management der Solarenergie f\u00fcr maximale Effizienz.","og_url":"https:\/\/www.solar-depot.lu\/de\/produit\/wechselrichter-huawei-sun2000-15ktl-mb0\/","og_site_name":"SOLAR DEPOT","article_modified_time":"2026-02-23T14:08:59+00:00","og_image":[{"width":555,"height":366,"url":"https:\/\/www.solar-depot.lu\/wp-content\/uploads\/2025\/01\/image-removebg-preview-21.png","type":"image\/png"}],"twitter_card":"summary_large_image","twitter_misc":{"Gesch\u00e4tzte Lesezeit":"1\u00a0Minute"},"schema":{"@context":"https:\/\/schema.org","@graph":[{"@type":"WebPage","@id":"https:\/\/www.solar-depot.lu\/de\/produit\/wechselrichter-huawei-sun2000-15ktl-mb0\/","url":"https:\/\/www.solar-depot.lu\/de\/produit\/wechselrichter-huawei-sun2000-15ktl-mb0\/","name":"Wechselrichter Huawei SUN2000-15KTL-MB0 - SOLAR DEPOT","isPartOf":{"@id":"https:\/\/www.solar-depot.lu\/de\/#website"},"primaryImageOfPage":{"@id":"https:\/\/www.solar-depot.lu\/de\/produit\/wechselrichter-huawei-sun2000-15ktl-mb0\/#primaryimage"},"image":{"@id":"https:\/\/www.solar-depot.lu\/de\/produit\/wechselrichter-huawei-sun2000-15ktl-mb0\/#primaryimage"},"thumbnailUrl":"https:\/\/www.solar-depot.lu\/wp-content\/uploads\/2025\/01\/image-removebg-preview-21.png","datePublished":"2025-01-09T08:42:14+00:00","dateModified":"2026-02-23T14:08:59+00:00","description":"Der Wechselrichter Huawei SUN2000-15KTL-MB0 bietet eine hohe Leistung und ein optimiertes Management der Solarenergie f\u00fcr maximale Effizienz.","breadcrumb":{"@id":"https:\/\/www.solar-depot.lu\/de\/produit\/wechselrichter-huawei-sun2000-15ktl-mb0\/#breadcrumb"},"inLanguage":"de","potentialAction":[{"@type":"ReadAction","target":["https:\/\/www.solar-depot.lu\/de\/produit\/wechselrichter-huawei-sun2000-15ktl-mb0\/"]}]},{"@type":"ImageObject","inLanguage":"de","@id":"https:\/\/www.solar-depot.lu\/de\/produit\/wechselrichter-huawei-sun2000-15ktl-mb0\/#primaryimage","url":"https:\/\/www.solar-depot.lu\/wp-content\/uploads\/2025\/01\/image-removebg-preview-21.png","contentUrl":"https:\/\/www.solar-depot.lu\/wp-content\/uploads\/2025\/01\/image-removebg-preview-21.png","width":555,"height":366},{"@type":"BreadcrumbList","@id":"https:\/\/www.solar-depot.lu\/de\/produit\/wechselrichter-huawei-sun2000-15ktl-mb0\/#breadcrumb","itemListElement":[{"@type":"ListItem","position":1,"name":"Startseite","item":"https:\/\/www.solar-depot.lu\/de\/"},{"@type":"ListItem","position":2,"name":"Wechselrichter Huawei SUN2000-15KTL-MB0"}]},{"@type":"WebSite","@id":"https:\/\/www.solar-depot.lu\/de\/#website","url":"https:\/\/www.solar-depot.lu\/de\/","name":"SOLAR DEPOT","description":"Solar Depot, l&#039;\u00e9nergie solaire \u00e0 emporter chez vous !","publisher":{"@id":"https:\/\/www.solar-depot.lu\/de\/#organization"},"potentialAction":[{"@type":"SearchAction","target":{"@type":"EntryPoint","urlTemplate":"https:\/\/www.solar-depot.lu\/de\/?s={search_term_string}"},"query-input":{"@type":"PropertyValueSpecification","valueRequired":true,"valueName":"search_term_string"}}],"inLanguage":"de"},{"@type":"Organization","@id":"https:\/\/www.solar-depot.lu\/de\/#organization","name":"SOLAR DEPOT","url":"https:\/\/www.solar-depot.lu\/de\/","logo":{"@type":"ImageObject","inLanguage":"de","@id":"https:\/\/www.solar-depot.lu\/de\/#\/schema\/logo\/image\/","url":"https:\/\/www.solar-depot.lu\/wp-content\/uploads\/2023\/08\/ege-depot-sans-fond.png","contentUrl":"https:\/\/www.solar-depot.lu\/wp-content\/uploads\/2023\/08\/ege-depot-sans-fond.png","width":1696,"height":536,"caption":"SOLAR DEPOT"},"image":{"@id":"https:\/\/www.solar-depot.lu\/de\/#\/schema\/logo\/image\/"}}]}},"_links":{"self":[{"href":"https:\/\/www.solar-depot.lu\/de\/wp-json\/wp\/v2\/product\/8560","targetHints":{"allow":["GET"]}}],"collection":[{"href":"https:\/\/www.solar-depot.lu\/de\/wp-json\/wp\/v2\/product"}],"about":[{"href":"https:\/\/www.solar-depot.lu\/de\/wp-json\/wp\/v2\/types\/product"}],"wp:featuredmedia":[{"embeddable":true,"href":"https:\/\/www.solar-depot.lu\/de\/wp-json\/wp\/v2\/media\/7301"}],"wp:attachment":[{"href":"https:\/\/www.solar-depot.lu\/de\/wp-json\/wp\/v2\/media?parent=8560"}],"wp:term":[{"taxonomy":"product_brand","embeddable":true,"href":"https:\/\/www.solar-depot.lu\/de\/wp-json\/wp\/v2\/product_brand?post=8560"},{"taxonomy":"product_cat","embeddable":true,"href":"https:\/\/www.solar-depot.lu\/de\/wp-json\/wp\/v2\/product_cat?post=8560"},{"taxonomy":"product_tag","embeddable":true,"href":"https:\/\/www.solar-depot.lu\/de\/wp-json\/wp\/v2\/product_tag?post=8560"}],"curies":[{"name":"wp","href":"https:\/\/api.w.org\/{rel}","templated":true}]}}