{"id":8562,"date":"2024-12-29T16:46:13","date_gmt":"2024-12-29T15:46:13","guid":{"rendered":"https:\/\/www.solar-depot.lu\/produit\/wechselrichter-huawei-sun2000-8k-lc0\/"},"modified":"2026-03-17T11:33:07","modified_gmt":"2026-03-17T10:33:07","slug":"wechselrichter-huawei-sun2000-8k-lc0","status":"publish","type":"product","link":"https:\/\/www.solar-depot.lu\/de\/produit\/wechselrichter-huawei-sun2000-8k-lc0\/","title":{"rendered":"Wechselrichter Huawei SUN2000-8K-LC0"},"content":{"rendered":"","protected":false},"excerpt":{"rendered":"<p>Der Wechselrichter <strong>Huawei SUN2000-8K-LC0<\/strong> optimiert die Nutzung gr\u00fcner Energie und reduziert so die Stromrechnung, w\u00e4hrend er gleichzeitig mehr Ger\u00e4te aktiv h\u00e4lt. Er ist mit einem intelligenten AFCI-Schutz ausgestattet, der DC-Lichtb\u00f6gen innerhalb von 0,5 Sekunden unterbricht und so die Brandgefahr eliminiert. Mit der Schutzklasse <strong>IP66<\/strong> ist er gegen Staub, Wasser, Korrosion und extreme Temperaturen von -25\u00b0C bis 60\u00b0C best\u00e4ndig. Dar\u00fcber hinaus bietet er Schutz vor Blitzen und kann in ein Speichersystem integriert werden, um auch nachts eine kontinuierliche Stromversorgung zu gew\u00e4hrleisten. Im Falle eines Stromausfalls schaltet sich die Notstromversorgung innerhalb von 20 ms ein, um eine kontinuierliche Energieversorgung zu gew\u00e4hrleisten. W\u00e4hlen Sie den <strong>Huawei SUN2000-8K-LC0<\/strong> f\u00fcr ein umweltbewusstes Zuhause, das immer mit Strom versorgt ist.<\/p>\n","protected":false},"featured_media":0,"template":"","meta":{"editor_plus_copied_stylings":"{}"},"product_brand":[],"product_cat":[164],"product_tag":[],"class_list":{"0":"post-8562","1":"product","2":"type-product","3":"status-publish","5":"product_cat-non-classe-de-2","7":"first","8":"instock","9":"taxable","10":"shipping-taxable","11":"purchasable","12":"product-type-simple"},"acf":[],"yoast_head":"<!-- This site is optimized with the Yoast SEO Premium plugin v22.0 (Yoast SEO v27.5) - https:\/\/yoast.com\/product\/yoast-seo-premium-wordpress\/ -->\n<title>Wechselrichter Huawei SUN2000-8K-LC0 - SOLAR DEPOT<\/title>\n<meta name=\"description\" content=\"Der Wechselrichter Huawei SUN2000-8K-LC0 optimiert die Solarenergie, bietet AFCI-Schutz und eine kontinuierliche Stromversorgung, selbst bei Stromausf\u00e4llen.\" \/>\n<meta name=\"robots\" content=\"index, follow, max-snippet:-1, max-image-preview:large, max-video-preview:-1\" \/>\n<link rel=\"canonical\" href=\"https:\/\/www.solar-depot.lu\/de\/produit\/wechselrichter-huawei-sun2000-8k-lc0\/\" \/>\n<meta property=\"og:locale\" content=\"de_DE\" \/>\n<meta property=\"og:type\" content=\"article\" \/>\n<meta property=\"og:title\" content=\"Wechselrichter Huawei SUN2000-8K-LC0\" \/>\n<meta property=\"og:description\" content=\"Der Wechselrichter Huawei SUN2000-8K-LC0 optimiert die Solarenergie, bietet AFCI-Schutz und eine kontinuierliche Stromversorgung, selbst bei Stromausf\u00e4llen.\" \/>\n<meta property=\"og:url\" content=\"https:\/\/www.solar-depot.lu\/de\/produit\/wechselrichter-huawei-sun2000-8k-lc0\/\" \/>\n<meta property=\"og:site_name\" content=\"SOLAR DEPOT\" \/>\n<meta property=\"article:modified_time\" content=\"2026-03-17T10:33:07+00:00\" \/>\n<meta name=\"twitter:card\" content=\"summary_large_image\" \/>\n<script type=\"application\/ld+json\" class=\"yoast-schema-graph\">{\"@context\":\"https:\\\/\\\/schema.org\",\"@graph\":[{\"@type\":\"WebPage\",\"@id\":\"https:\\\/\\\/www.solar-depot.lu\\\/de\\\/produit\\\/wechselrichter-huawei-sun2000-8k-lc0\\\/\",\"url\":\"https:\\\/\\\/www.solar-depot.lu\\\/de\\\/produit\\\/wechselrichter-huawei-sun2000-8k-lc0\\\/\",\"name\":\"Wechselrichter Huawei SUN2000-8K-LC0 - SOLAR DEPOT\",\"isPartOf\":{\"@id\":\"https:\\\/\\\/www.solar-depot.lu\\\/de\\\/#website\"},\"datePublished\":\"2024-12-29T15:46:13+00:00\",\"dateModified\":\"2026-03-17T10:33:07+00:00\",\"description\":\"Der Wechselrichter Huawei SUN2000-8K-LC0 optimiert die Solarenergie, bietet AFCI-Schutz und eine kontinuierliche Stromversorgung, selbst bei Stromausf\u00e4llen.\",\"breadcrumb\":{\"@id\":\"https:\\\/\\\/www.solar-depot.lu\\\/de\\\/produit\\\/wechselrichter-huawei-sun2000-8k-lc0\\\/#breadcrumb\"},\"inLanguage\":\"de\",\"potentialAction\":[{\"@type\":\"ReadAction\",\"target\":[\"https:\\\/\\\/www.solar-depot.lu\\\/de\\\/produit\\\/wechselrichter-huawei-sun2000-8k-lc0\\\/\"]}]},{\"@type\":\"BreadcrumbList\",\"@id\":\"https:\\\/\\\/www.solar-depot.lu\\\/de\\\/produit\\\/wechselrichter-huawei-sun2000-8k-lc0\\\/#breadcrumb\",\"itemListElement\":[{\"@type\":\"ListItem\",\"position\":1,\"name\":\"Startseite\",\"item\":\"https:\\\/\\\/www.solar-depot.lu\\\/de\\\/\"},{\"@type\":\"ListItem\",\"position\":2,\"name\":\"Wechselrichter Huawei SUN2000-8K-LC0\"}]},{\"@type\":\"WebSite\",\"@id\":\"https:\\\/\\\/www.solar-depot.lu\\\/de\\\/#website\",\"url\":\"https:\\\/\\\/www.solar-depot.lu\\\/de\\\/\",\"name\":\"SOLAR DEPOT\",\"description\":\"Solar Depot, l&#039;\u00e9nergie solaire \u00e0 emporter chez vous !\",\"publisher\":{\"@id\":\"https:\\\/\\\/www.solar-depot.lu\\\/de\\\/#organization\"},\"potentialAction\":[{\"@type\":\"SearchAction\",\"target\":{\"@type\":\"EntryPoint\",\"urlTemplate\":\"https:\\\/\\\/www.solar-depot.lu\\\/de\\\/?s={search_term_string}\"},\"query-input\":{\"@type\":\"PropertyValueSpecification\",\"valueRequired\":true,\"valueName\":\"search_term_string\"}}],\"inLanguage\":\"de\"},{\"@type\":\"Organization\",\"@id\":\"https:\\\/\\\/www.solar-depot.lu\\\/de\\\/#organization\",\"name\":\"SOLAR DEPOT\",\"url\":\"https:\\\/\\\/www.solar-depot.lu\\\/de\\\/\",\"logo\":{\"@type\":\"ImageObject\",\"inLanguage\":\"de\",\"@id\":\"https:\\\/\\\/www.solar-depot.lu\\\/de\\\/#\\\/schema\\\/logo\\\/image\\\/\",\"url\":\"https:\\\/\\\/www.solar-depot.lu\\\/wp-content\\\/uploads\\\/2023\\\/08\\\/ege-depot-sans-fond.png\",\"contentUrl\":\"https:\\\/\\\/www.solar-depot.lu\\\/wp-content\\\/uploads\\\/2023\\\/08\\\/ege-depot-sans-fond.png\",\"width\":1696,\"height\":536,\"caption\":\"SOLAR DEPOT\"},\"image\":{\"@id\":\"https:\\\/\\\/www.solar-depot.lu\\\/de\\\/#\\\/schema\\\/logo\\\/image\\\/\"}}]}<\/script>\n<!-- \/ Yoast SEO Premium plugin. -->","yoast_head_json":{"title":"Wechselrichter Huawei SUN2000-8K-LC0 - SOLAR DEPOT","description":"Der Wechselrichter Huawei SUN2000-8K-LC0 optimiert die Solarenergie, bietet AFCI-Schutz und eine kontinuierliche Stromversorgung, selbst bei Stromausf\u00e4llen.","robots":{"index":"index","follow":"follow","max-snippet":"max-snippet:-1","max-image-preview":"max-image-preview:large","max-video-preview":"max-video-preview:-1"},"canonical":"https:\/\/www.solar-depot.lu\/de\/produit\/wechselrichter-huawei-sun2000-8k-lc0\/","og_locale":"de_DE","og_type":"article","og_title":"Wechselrichter Huawei SUN2000-8K-LC0","og_description":"Der Wechselrichter Huawei SUN2000-8K-LC0 optimiert die Solarenergie, bietet AFCI-Schutz und eine kontinuierliche Stromversorgung, selbst bei Stromausf\u00e4llen.","og_url":"https:\/\/www.solar-depot.lu\/de\/produit\/wechselrichter-huawei-sun2000-8k-lc0\/","og_site_name":"SOLAR DEPOT","article_modified_time":"2026-03-17T10:33:07+00:00","twitter_card":"summary_large_image","schema":{"@context":"https:\/\/schema.org","@graph":[{"@type":"WebPage","@id":"https:\/\/www.solar-depot.lu\/de\/produit\/wechselrichter-huawei-sun2000-8k-lc0\/","url":"https:\/\/www.solar-depot.lu\/de\/produit\/wechselrichter-huawei-sun2000-8k-lc0\/","name":"Wechselrichter Huawei SUN2000-8K-LC0 - SOLAR DEPOT","isPartOf":{"@id":"https:\/\/www.solar-depot.lu\/de\/#website"},"datePublished":"2024-12-29T15:46:13+00:00","dateModified":"2026-03-17T10:33:07+00:00","description":"Der Wechselrichter Huawei SUN2000-8K-LC0 optimiert die Solarenergie, bietet AFCI-Schutz und eine kontinuierliche Stromversorgung, selbst bei Stromausf\u00e4llen.","breadcrumb":{"@id":"https:\/\/www.solar-depot.lu\/de\/produit\/wechselrichter-huawei-sun2000-8k-lc0\/#breadcrumb"},"inLanguage":"de","potentialAction":[{"@type":"ReadAction","target":["https:\/\/www.solar-depot.lu\/de\/produit\/wechselrichter-huawei-sun2000-8k-lc0\/"]}]},{"@type":"BreadcrumbList","@id":"https:\/\/www.solar-depot.lu\/de\/produit\/wechselrichter-huawei-sun2000-8k-lc0\/#breadcrumb","itemListElement":[{"@type":"ListItem","position":1,"name":"Startseite","item":"https:\/\/www.solar-depot.lu\/de\/"},{"@type":"ListItem","position":2,"name":"Wechselrichter Huawei SUN2000-8K-LC0"}]},{"@type":"WebSite","@id":"https:\/\/www.solar-depot.lu\/de\/#website","url":"https:\/\/www.solar-depot.lu\/de\/","name":"SOLAR DEPOT","description":"Solar Depot, l&#039;\u00e9nergie solaire \u00e0 emporter chez vous !","publisher":{"@id":"https:\/\/www.solar-depot.lu\/de\/#organization"},"potentialAction":[{"@type":"SearchAction","target":{"@type":"EntryPoint","urlTemplate":"https:\/\/www.solar-depot.lu\/de\/?s={search_term_string}"},"query-input":{"@type":"PropertyValueSpecification","valueRequired":true,"valueName":"search_term_string"}}],"inLanguage":"de"},{"@type":"Organization","@id":"https:\/\/www.solar-depot.lu\/de\/#organization","name":"SOLAR DEPOT","url":"https:\/\/www.solar-depot.lu\/de\/","logo":{"@type":"ImageObject","inLanguage":"de","@id":"https:\/\/www.solar-depot.lu\/de\/#\/schema\/logo\/image\/","url":"https:\/\/www.solar-depot.lu\/wp-content\/uploads\/2023\/08\/ege-depot-sans-fond.png","contentUrl":"https:\/\/www.solar-depot.lu\/wp-content\/uploads\/2023\/08\/ege-depot-sans-fond.png","width":1696,"height":536,"caption":"SOLAR DEPOT"},"image":{"@id":"https:\/\/www.solar-depot.lu\/de\/#\/schema\/logo\/image\/"}}]}},"_links":{"self":[{"href":"https:\/\/www.solar-depot.lu\/de\/wp-json\/wp\/v2\/product\/8562","targetHints":{"allow":["GET"]}}],"collection":[{"href":"https:\/\/www.solar-depot.lu\/de\/wp-json\/wp\/v2\/product"}],"about":[{"href":"https:\/\/www.solar-depot.lu\/de\/wp-json\/wp\/v2\/types\/product"}],"wp:attachment":[{"href":"https:\/\/www.solar-depot.lu\/de\/wp-json\/wp\/v2\/media?parent=8562"}],"wp:term":[{"taxonomy":"product_brand","embeddable":true,"href":"https:\/\/www.solar-depot.lu\/de\/wp-json\/wp\/v2\/product_brand?post=8562"},{"taxonomy":"product_cat","embeddable":true,"href":"https:\/\/www.solar-depot.lu\/de\/wp-json\/wp\/v2\/product_cat?post=8562"},{"taxonomy":"product_tag","embeddable":true,"href":"https:\/\/www.solar-depot.lu\/de\/wp-json\/wp\/v2\/product_tag?post=8562"}],"curies":[{"name":"wp","href":"https:\/\/api.w.org\/{rel}","templated":true}]}}