{"id":8583,"date":"2024-02-11T16:40:45","date_gmt":"2024-02-11T15:40:45","guid":{"rendered":"https:\/\/www.solar-depot.lu\/produit\/ap-systems-batterie-512v-65kwh\/"},"modified":"2026-02-24T11:57:03","modified_gmt":"2026-02-24T10:57:03","slug":"ap-systems-batterie-512v-65kwh","status":"publish","type":"product","link":"https:\/\/www.solar-depot.lu\/de\/produit\/ap-systems-batterie-512v-65kwh\/","title":{"rendered":"AP Systems &#8211; Batterie 51,2V\/6,5kWh"},"content":{"rendered":"","protected":false},"excerpt":{"rendered":"<p>Die AP-Batterie zeichnet sich durch ihre Lade- und Entladeleistung sowie eine lange Lebensdauer aus. Das integrierte BMS \u00fcberwacht den Betriebszustand der Batterie und l\u00f6st bei Bedarf einen Alarm aus, um einen Betrieb au\u00dferhalb der Grenzwerte zu verhindern. Bis zu 8 Batterien k\u00f6nnen parallel geschaltet werden, um die Energie und Leistung des Energiespeichersystems zu erh\u00f6hen. Die AP-Batterie stellt die Kommunikation mit dem PCS \u00fcber den integrierten CAN-Netzwerkanschluss her.<\/p>\n","protected":false},"featured_media":0,"template":"","meta":{"editor_plus_copied_stylings":"{}"},"product_brand":[],"product_cat":[164],"product_tag":[],"class_list":{"0":"post-8583","1":"product","2":"type-product","3":"status-publish","5":"product_cat-non-classe-de-2","7":"first","8":"instock","9":"taxable","10":"shipping-taxable","11":"purchasable","12":"product-type-simple"},"acf":[],"yoast_head":"<!-- This site is optimized with the Yoast SEO Premium plugin v22.0 (Yoast SEO v27.5) - https:\/\/yoast.com\/product\/yoast-seo-premium-wordpress\/ -->\n<title>AP Systems - Batterie 51,2V\/6,5kWh - SOLAR DEPOT<\/title>\n<meta name=\"description\" content=\"Die AP-Batterie zeichnet sich durch ihre Lade- und Entladeleistung sowie eine lange Lebensdauer aus. Das integrierte BMS \u00fcberwacht den Betriebszustand\" \/>\n<meta name=\"robots\" content=\"index, follow, max-snippet:-1, max-image-preview:large, max-video-preview:-1\" \/>\n<link rel=\"canonical\" href=\"https:\/\/www.solar-depot.lu\/de\/produit\/ap-systems-batterie-512v-65kwh\/\" \/>\n<meta property=\"og:locale\" content=\"de_DE\" \/>\n<meta property=\"og:type\" content=\"article\" \/>\n<meta property=\"og:title\" content=\"AP Systems - Batterie 51,2V\/6,5kWh\" \/>\n<meta property=\"og:description\" content=\"Die AP-Batterie zeichnet sich durch ihre Lade- und Entladeleistung sowie eine lange Lebensdauer aus. Das integrierte BMS \u00fcberwacht den Betriebszustand\" \/>\n<meta property=\"og:url\" content=\"https:\/\/www.solar-depot.lu\/de\/produit\/ap-systems-batterie-512v-65kwh\/\" \/>\n<meta property=\"og:site_name\" content=\"SOLAR DEPOT\" \/>\n<meta property=\"article:modified_time\" content=\"2026-02-24T10:57:03+00:00\" \/>\n<meta name=\"twitter:card\" content=\"summary_large_image\" \/>\n<script type=\"application\/ld+json\" class=\"yoast-schema-graph\">{\"@context\":\"https:\\\/\\\/schema.org\",\"@graph\":[{\"@type\":\"WebPage\",\"@id\":\"https:\\\/\\\/www.solar-depot.lu\\\/de\\\/produit\\\/ap-systems-batterie-512v-65kwh\\\/\",\"url\":\"https:\\\/\\\/www.solar-depot.lu\\\/de\\\/produit\\\/ap-systems-batterie-512v-65kwh\\\/\",\"name\":\"AP Systems - Batterie 51,2V\\\/6,5kWh - SOLAR DEPOT\",\"isPartOf\":{\"@id\":\"https:\\\/\\\/www.solar-depot.lu\\\/de\\\/#website\"},\"datePublished\":\"2024-02-11T15:40:45+00:00\",\"dateModified\":\"2026-02-24T10:57:03+00:00\",\"description\":\"Die AP-Batterie zeichnet sich durch ihre Lade- und Entladeleistung sowie eine lange Lebensdauer aus. Das integrierte BMS \u00fcberwacht den Betriebszustand\",\"breadcrumb\":{\"@id\":\"https:\\\/\\\/www.solar-depot.lu\\\/de\\\/produit\\\/ap-systems-batterie-512v-65kwh\\\/#breadcrumb\"},\"inLanguage\":\"de\",\"potentialAction\":[{\"@type\":\"ReadAction\",\"target\":[\"https:\\\/\\\/www.solar-depot.lu\\\/de\\\/produit\\\/ap-systems-batterie-512v-65kwh\\\/\"]}]},{\"@type\":\"BreadcrumbList\",\"@id\":\"https:\\\/\\\/www.solar-depot.lu\\\/de\\\/produit\\\/ap-systems-batterie-512v-65kwh\\\/#breadcrumb\",\"itemListElement\":[{\"@type\":\"ListItem\",\"position\":1,\"name\":\"Startseite\",\"item\":\"https:\\\/\\\/www.solar-depot.lu\\\/de\\\/\"},{\"@type\":\"ListItem\",\"position\":2,\"name\":\"AP Systems &#8211; Batterie 51,2V\\\/6,5kWh\"}]},{\"@type\":\"WebSite\",\"@id\":\"https:\\\/\\\/www.solar-depot.lu\\\/de\\\/#website\",\"url\":\"https:\\\/\\\/www.solar-depot.lu\\\/de\\\/\",\"name\":\"SOLAR DEPOT\",\"description\":\"Solar Depot, l&#039;\u00e9nergie solaire \u00e0 emporter chez vous !\",\"publisher\":{\"@id\":\"https:\\\/\\\/www.solar-depot.lu\\\/de\\\/#organization\"},\"potentialAction\":[{\"@type\":\"SearchAction\",\"target\":{\"@type\":\"EntryPoint\",\"urlTemplate\":\"https:\\\/\\\/www.solar-depot.lu\\\/de\\\/?s={search_term_string}\"},\"query-input\":{\"@type\":\"PropertyValueSpecification\",\"valueRequired\":true,\"valueName\":\"search_term_string\"}}],\"inLanguage\":\"de\"},{\"@type\":\"Organization\",\"@id\":\"https:\\\/\\\/www.solar-depot.lu\\\/de\\\/#organization\",\"name\":\"SOLAR DEPOT\",\"url\":\"https:\\\/\\\/www.solar-depot.lu\\\/de\\\/\",\"logo\":{\"@type\":\"ImageObject\",\"inLanguage\":\"de\",\"@id\":\"https:\\\/\\\/www.solar-depot.lu\\\/de\\\/#\\\/schema\\\/logo\\\/image\\\/\",\"url\":\"https:\\\/\\\/www.solar-depot.lu\\\/wp-content\\\/uploads\\\/2023\\\/08\\\/ege-depot-sans-fond.png\",\"contentUrl\":\"https:\\\/\\\/www.solar-depot.lu\\\/wp-content\\\/uploads\\\/2023\\\/08\\\/ege-depot-sans-fond.png\",\"width\":1696,\"height\":536,\"caption\":\"SOLAR DEPOT\"},\"image\":{\"@id\":\"https:\\\/\\\/www.solar-depot.lu\\\/de\\\/#\\\/schema\\\/logo\\\/image\\\/\"}}]}<\/script>\n<!-- \/ Yoast SEO Premium plugin. -->","yoast_head_json":{"title":"AP Systems - Batterie 51,2V\/6,5kWh - SOLAR DEPOT","description":"Die AP-Batterie zeichnet sich durch ihre Lade- und Entladeleistung sowie eine lange Lebensdauer aus. Das integrierte BMS \u00fcberwacht den Betriebszustand","robots":{"index":"index","follow":"follow","max-snippet":"max-snippet:-1","max-image-preview":"max-image-preview:large","max-video-preview":"max-video-preview:-1"},"canonical":"https:\/\/www.solar-depot.lu\/de\/produit\/ap-systems-batterie-512v-65kwh\/","og_locale":"de_DE","og_type":"article","og_title":"AP Systems - Batterie 51,2V\/6,5kWh","og_description":"Die AP-Batterie zeichnet sich durch ihre Lade- und Entladeleistung sowie eine lange Lebensdauer aus. Das integrierte BMS \u00fcberwacht den Betriebszustand","og_url":"https:\/\/www.solar-depot.lu\/de\/produit\/ap-systems-batterie-512v-65kwh\/","og_site_name":"SOLAR DEPOT","article_modified_time":"2026-02-24T10:57:03+00:00","twitter_card":"summary_large_image","schema":{"@context":"https:\/\/schema.org","@graph":[{"@type":"WebPage","@id":"https:\/\/www.solar-depot.lu\/de\/produit\/ap-systems-batterie-512v-65kwh\/","url":"https:\/\/www.solar-depot.lu\/de\/produit\/ap-systems-batterie-512v-65kwh\/","name":"AP Systems - Batterie 51,2V\/6,5kWh - SOLAR DEPOT","isPartOf":{"@id":"https:\/\/www.solar-depot.lu\/de\/#website"},"datePublished":"2024-02-11T15:40:45+00:00","dateModified":"2026-02-24T10:57:03+00:00","description":"Die AP-Batterie zeichnet sich durch ihre Lade- und Entladeleistung sowie eine lange Lebensdauer aus. Das integrierte BMS \u00fcberwacht den Betriebszustand","breadcrumb":{"@id":"https:\/\/www.solar-depot.lu\/de\/produit\/ap-systems-batterie-512v-65kwh\/#breadcrumb"},"inLanguage":"de","potentialAction":[{"@type":"ReadAction","target":["https:\/\/www.solar-depot.lu\/de\/produit\/ap-systems-batterie-512v-65kwh\/"]}]},{"@type":"BreadcrumbList","@id":"https:\/\/www.solar-depot.lu\/de\/produit\/ap-systems-batterie-512v-65kwh\/#breadcrumb","itemListElement":[{"@type":"ListItem","position":1,"name":"Startseite","item":"https:\/\/www.solar-depot.lu\/de\/"},{"@type":"ListItem","position":2,"name":"AP Systems &#8211; Batterie 51,2V\/6,5kWh"}]},{"@type":"WebSite","@id":"https:\/\/www.solar-depot.lu\/de\/#website","url":"https:\/\/www.solar-depot.lu\/de\/","name":"SOLAR DEPOT","description":"Solar Depot, l&#039;\u00e9nergie solaire \u00e0 emporter chez vous !","publisher":{"@id":"https:\/\/www.solar-depot.lu\/de\/#organization"},"potentialAction":[{"@type":"SearchAction","target":{"@type":"EntryPoint","urlTemplate":"https:\/\/www.solar-depot.lu\/de\/?s={search_term_string}"},"query-input":{"@type":"PropertyValueSpecification","valueRequired":true,"valueName":"search_term_string"}}],"inLanguage":"de"},{"@type":"Organization","@id":"https:\/\/www.solar-depot.lu\/de\/#organization","name":"SOLAR DEPOT","url":"https:\/\/www.solar-depot.lu\/de\/","logo":{"@type":"ImageObject","inLanguage":"de","@id":"https:\/\/www.solar-depot.lu\/de\/#\/schema\/logo\/image\/","url":"https:\/\/www.solar-depot.lu\/wp-content\/uploads\/2023\/08\/ege-depot-sans-fond.png","contentUrl":"https:\/\/www.solar-depot.lu\/wp-content\/uploads\/2023\/08\/ege-depot-sans-fond.png","width":1696,"height":536,"caption":"SOLAR DEPOT"},"image":{"@id":"https:\/\/www.solar-depot.lu\/de\/#\/schema\/logo\/image\/"}}]}},"_links":{"self":[{"href":"https:\/\/www.solar-depot.lu\/de\/wp-json\/wp\/v2\/product\/8583","targetHints":{"allow":["GET"]}}],"collection":[{"href":"https:\/\/www.solar-depot.lu\/de\/wp-json\/wp\/v2\/product"}],"about":[{"href":"https:\/\/www.solar-depot.lu\/de\/wp-json\/wp\/v2\/types\/product"}],"wp:attachment":[{"href":"https:\/\/www.solar-depot.lu\/de\/wp-json\/wp\/v2\/media?parent=8583"}],"wp:term":[{"taxonomy":"product_brand","embeddable":true,"href":"https:\/\/www.solar-depot.lu\/de\/wp-json\/wp\/v2\/product_brand?post=8583"},{"taxonomy":"product_cat","embeddable":true,"href":"https:\/\/www.solar-depot.lu\/de\/wp-json\/wp\/v2\/product_cat?post=8583"},{"taxonomy":"product_tag","embeddable":true,"href":"https:\/\/www.solar-depot.lu\/de\/wp-json\/wp\/v2\/product_tag?post=8583"}],"curies":[{"name":"wp","href":"https:\/\/api.w.org\/{rel}","templated":true}]}}