{"id":8590,"date":"2024-12-21T11:28:51","date_gmt":"2024-12-21T10:28:51","guid":{"rendered":"https:\/\/www.solar-depot.lu\/produit\/huawei-batterie-luna2000-7-e1-69kwh\/"},"modified":"2026-02-24T14:16:47","modified_gmt":"2026-02-24T13:16:47","slug":"huawei-batterie-luna2000-7-e1-69kwh","status":"publish","type":"product","link":"https:\/\/www.solar-depot.lu\/de\/produit\/huawei-batterie-luna2000-7-e1-69kwh\/","title":{"rendered":"HUAWEI BATTERIE LUNA2000-7-E1- 6,9kWh"},"content":{"rendered":"","protected":false},"excerpt":{"rendered":"<h3><strong>Batterie Huawei LUNA2000-7 : Versorgen Sie Ihr Zuhause effizient mit Energie<\/strong><\/h3>\n<p>Die Huawei LUNA2000-7 Batterie ist die ideale L\u00f6sung f\u00fcr alle, die die Energieeffizienz ihres Hauses maximieren und gleichzeitig einen umweltfreundlicheren Ansatz verfolgen m\u00f6chten. Entwickelt von Huawei, einem f\u00fchrenden Unternehmen im Bereich Energieinnovation, bietet diese revolution\u00e4re Batterie eine zuverl\u00e4ssige Autonomie und au\u00dfergew\u00f6hnliche Leistung, um den Energiebedarf von Privathaushalten zu decken.<\/p>\n<p><strong>Hauptmerkmale :<\/strong><\/p>\n<p>\ud83d\udd39 Mehr Energie, \u00fcber einen l\u00e4ngeren Zeitraum<br \/>\nDie Module+-Architektur erm\u00f6glicht es der LUNA2000-7, den integrierten Energieoptimierer zu nutzen, wodurch der Energiedurchsatz um mehr als 40 % gesteigert und die Garantie auf bis zu 15 Jahre verl\u00e4ngert wird.<\/p>\n<p>\ud83d\udd39 Glatte Kurve, starke Leistung<br \/>\nDas unabh\u00e4ngige Management auf Modulebene erm\u00f6glicht schnelles Laden und Entladen mit 3,5 kW pro Batteriemodul sowie eine maximale Eingangs- und Ausgangsleistung von 10,5 kW f\u00fcr jedes Energiespeichersystem.<\/p>\n<p>\ud83d\udd39 Erweiterter Betriebstemperaturbereich<br \/>\nDas intelligente Temperaturregelungssystem startet die Zellenheizung bei sehr niedrigen Temperaturen automatisch. So kann das Ger\u00e4t in einem Bereich von -20 \u00b0C bis +55 \u00b0C betrieben werden, ohne extreme Wetterbedingungen f\u00fcrchten zu m\u00fcssen.<\/p>\n<p>\ud83d\udd39 Beispiellose Leistung bei beispielloser Stille Ein separates Temperaturkontrollsystem mit thermischem Isolationsmaterial stellt sicher, dass die Zellen und Energieoptimierer in kalten bzw. hei\u00dfen Kompartimenten zuverl\u00e4ssig arbeiten. Dies sch\u00fctzt vor \u00fcberm\u00e4\u00dfiger Hitze und macht einen lauten L\u00fcfter \u00fcberfl\u00fcssig. Der fl\u00fcsterleise Betrieb bei 29 dB sorgt f\u00fcr absolute Sorgenfreiheit.<\/p>\n<p>\ud83d\udd39 5-stufiger Schutz<br \/>\nSchutz auf Zellenebene, elektrischer Schutz, struktureller Schutz, aktiver Schutz und Notfallschutz garantieren totale Sicherheit.<\/p>\n<h3><strong>Warum sollten Sie sich f\u00fcr die Huawei LUNA2000-7 Batterie von Solar Depot Luxemburg entscheiden?<\/strong><\/h3>\n<p>Mit der Entscheidung f\u00fcr die Huawei LUNA2000-7 investieren Sie in eine moderne und \u00f6kologische Energiel\u00f6sung, die Ihnen mehr Unabh\u00e4ngigkeit, niedrigere Stromrechnungen und einen geringeren CO2-Fu\u00dfabdruck bietet. Bei Solar Depot profitieren Sie zudem von einem au\u00dfergew\u00f6hnlichen Kundenservice und fachkundigem technischen Support, der Sie bei jedem Schritt Ihres \u00dcbergangs zu sauberer und nachhaltiger Energie begleitet.<\/p>\n<p>Setzen Sie auf Energieeffizienz und Autonomie mit der Huawei LUNA2000-7 Batterie.<\/p>\n<p><strong>&#8211;<\/strong><\/p>\n","protected":false},"featured_media":7199,"template":"","meta":{"editor_plus_copied_stylings":"{}"},"product_brand":[],"product_cat":[164],"product_tag":[],"class_list":{"0":"post-8590","1":"product","2":"type-product","3":"status-publish","4":"has-post-thumbnail","6":"product_cat-non-classe-de-2","8":"first","9":"instock","10":"taxable","11":"shipping-taxable","12":"purchasable","13":"product-type-simple"},"acf":[],"yoast_head":"<!-- This site is optimized with the Yoast SEO Premium plugin v22.0 (Yoast SEO v27.5) - https:\/\/yoast.com\/product\/yoast-seo-premium-wordpress\/ -->\n<title>HUAWEI BATTERIE LUNA2000-7-E1- 6,9kWh - SOLAR DEPOT<\/title>\n<meta name=\"description\" content=\"Faites le choix de l&#039;efficacit\u00e9 \u00e9nerg\u00e9tique et de l&#039;autonomie avec la batterie Huawei LUNA2000-7-S1 de Solar Depot Luxembourg.Setzen Sie auf Energieeffizienz und Autonomie mit der Huawei LUNA2000-7-S1 Batterie von Solar Depot Luxemburg.\" \/>\n<meta name=\"robots\" content=\"index, follow, max-snippet:-1, max-image-preview:large, max-video-preview:-1\" \/>\n<link rel=\"canonical\" href=\"https:\/\/www.solar-depot.lu\/de\/produit\/huawei-batterie-luna2000-7-e1-69kwh\/\" \/>\n<meta property=\"og:locale\" content=\"de_DE\" \/>\n<meta property=\"og:type\" content=\"article\" \/>\n<meta property=\"og:title\" content=\"HUAWEI BATTERIE LUNA2000-7-E1- 6,9kWh\" \/>\n<meta property=\"og:description\" content=\"Faites le choix de l&#039;efficacit\u00e9 \u00e9nerg\u00e9tique et de l&#039;autonomie avec la batterie Huawei LUNA2000-7-S1 de Solar Depot Luxembourg.Setzen Sie auf Energieeffizienz und Autonomie mit der Huawei LUNA2000-7-S1 Batterie von Solar Depot Luxemburg.\" \/>\n<meta property=\"og:url\" content=\"https:\/\/www.solar-depot.lu\/de\/produit\/huawei-batterie-luna2000-7-e1-69kwh\/\" \/>\n<meta property=\"og:site_name\" content=\"SOLAR DEPOT\" \/>\n<meta property=\"article:modified_time\" content=\"2026-02-24T13:16:47+00:00\" \/>\n<meta property=\"og:image\" content=\"https:\/\/www.solar-depot.lu\/wp-content\/uploads\/2024\/12\/se390-huawei-huawei-69kwh-luna2000-7-e1-s1-unidad-de-bateria-sistema-de-almacenamiento-de-energia-de-cadena-inteligente-ess.png\" \/>\n\t<meta property=\"og:image:width\" content=\"455\" \/>\n\t<meta property=\"og:image:height\" content=\"455\" \/>\n\t<meta property=\"og:image:type\" content=\"image\/png\" \/>\n<meta name=\"twitter:card\" content=\"summary_large_image\" \/>\n<meta name=\"twitter:label1\" content=\"Gesch\u00e4tzte Lesezeit\" \/>\n\t<meta name=\"twitter:data1\" content=\"1\u00a0Minute\" \/>\n<script type=\"application\/ld+json\" class=\"yoast-schema-graph\">{\"@context\":\"https:\\\/\\\/schema.org\",\"@graph\":[{\"@type\":\"WebPage\",\"@id\":\"https:\\\/\\\/www.solar-depot.lu\\\/de\\\/produit\\\/huawei-batterie-luna2000-7-e1-69kwh\\\/\",\"url\":\"https:\\\/\\\/www.solar-depot.lu\\\/de\\\/produit\\\/huawei-batterie-luna2000-7-e1-69kwh\\\/\",\"name\":\"HUAWEI BATTERIE LUNA2000-7-E1- 6,9kWh - SOLAR DEPOT\",\"isPartOf\":{\"@id\":\"https:\\\/\\\/www.solar-depot.lu\\\/de\\\/#website\"},\"primaryImageOfPage\":{\"@id\":\"https:\\\/\\\/www.solar-depot.lu\\\/de\\\/produit\\\/huawei-batterie-luna2000-7-e1-69kwh\\\/#primaryimage\"},\"image\":{\"@id\":\"https:\\\/\\\/www.solar-depot.lu\\\/de\\\/produit\\\/huawei-batterie-luna2000-7-e1-69kwh\\\/#primaryimage\"},\"thumbnailUrl\":\"https:\\\/\\\/www.solar-depot.lu\\\/wp-content\\\/uploads\\\/2024\\\/12\\\/se390-huawei-huawei-69kwh-luna2000-7-e1-s1-unidad-de-bateria-sistema-de-almacenamiento-de-energia-de-cadena-inteligente-ess.png\",\"datePublished\":\"2024-12-21T10:28:51+00:00\",\"dateModified\":\"2026-02-24T13:16:47+00:00\",\"description\":\"Faites le choix de l'efficacit\u00e9 \u00e9nerg\u00e9tique et de l'autonomie avec la batterie Huawei LUNA2000-7-S1 de Solar Depot Luxembourg.Setzen Sie auf Energieeffizienz und Autonomie mit der Huawei LUNA2000-7-S1 Batterie von Solar Depot Luxemburg.\",\"breadcrumb\":{\"@id\":\"https:\\\/\\\/www.solar-depot.lu\\\/de\\\/produit\\\/huawei-batterie-luna2000-7-e1-69kwh\\\/#breadcrumb\"},\"inLanguage\":\"de\",\"potentialAction\":[{\"@type\":\"ReadAction\",\"target\":[\"https:\\\/\\\/www.solar-depot.lu\\\/de\\\/produit\\\/huawei-batterie-luna2000-7-e1-69kwh\\\/\"]}]},{\"@type\":\"ImageObject\",\"inLanguage\":\"de\",\"@id\":\"https:\\\/\\\/www.solar-depot.lu\\\/de\\\/produit\\\/huawei-batterie-luna2000-7-e1-69kwh\\\/#primaryimage\",\"url\":\"https:\\\/\\\/www.solar-depot.lu\\\/wp-content\\\/uploads\\\/2024\\\/12\\\/se390-huawei-huawei-69kwh-luna2000-7-e1-s1-unidad-de-bateria-sistema-de-almacenamiento-de-energia-de-cadena-inteligente-ess.png\",\"contentUrl\":\"https:\\\/\\\/www.solar-depot.lu\\\/wp-content\\\/uploads\\\/2024\\\/12\\\/se390-huawei-huawei-69kwh-luna2000-7-e1-s1-unidad-de-bateria-sistema-de-almacenamiento-de-energia-de-cadena-inteligente-ess.png\",\"width\":455,\"height\":455},{\"@type\":\"BreadcrumbList\",\"@id\":\"https:\\\/\\\/www.solar-depot.lu\\\/de\\\/produit\\\/huawei-batterie-luna2000-7-e1-69kwh\\\/#breadcrumb\",\"itemListElement\":[{\"@type\":\"ListItem\",\"position\":1,\"name\":\"Startseite\",\"item\":\"https:\\\/\\\/www.solar-depot.lu\\\/de\\\/\"},{\"@type\":\"ListItem\",\"position\":2,\"name\":\"HUAWEI BATTERIE LUNA2000-7-E1- 6,9kWh\"}]},{\"@type\":\"WebSite\",\"@id\":\"https:\\\/\\\/www.solar-depot.lu\\\/de\\\/#website\",\"url\":\"https:\\\/\\\/www.solar-depot.lu\\\/de\\\/\",\"name\":\"SOLAR DEPOT\",\"description\":\"Solar Depot, l&#039;\u00e9nergie solaire \u00e0 emporter chez vous !\",\"publisher\":{\"@id\":\"https:\\\/\\\/www.solar-depot.lu\\\/de\\\/#organization\"},\"potentialAction\":[{\"@type\":\"SearchAction\",\"target\":{\"@type\":\"EntryPoint\",\"urlTemplate\":\"https:\\\/\\\/www.solar-depot.lu\\\/de\\\/?s={search_term_string}\"},\"query-input\":{\"@type\":\"PropertyValueSpecification\",\"valueRequired\":true,\"valueName\":\"search_term_string\"}}],\"inLanguage\":\"de\"},{\"@type\":\"Organization\",\"@id\":\"https:\\\/\\\/www.solar-depot.lu\\\/de\\\/#organization\",\"name\":\"SOLAR DEPOT\",\"url\":\"https:\\\/\\\/www.solar-depot.lu\\\/de\\\/\",\"logo\":{\"@type\":\"ImageObject\",\"inLanguage\":\"de\",\"@id\":\"https:\\\/\\\/www.solar-depot.lu\\\/de\\\/#\\\/schema\\\/logo\\\/image\\\/\",\"url\":\"https:\\\/\\\/www.solar-depot.lu\\\/wp-content\\\/uploads\\\/2023\\\/08\\\/ege-depot-sans-fond.png\",\"contentUrl\":\"https:\\\/\\\/www.solar-depot.lu\\\/wp-content\\\/uploads\\\/2023\\\/08\\\/ege-depot-sans-fond.png\",\"width\":1696,\"height\":536,\"caption\":\"SOLAR DEPOT\"},\"image\":{\"@id\":\"https:\\\/\\\/www.solar-depot.lu\\\/de\\\/#\\\/schema\\\/logo\\\/image\\\/\"}}]}<\/script>\n<!-- \/ Yoast SEO Premium plugin. -->","yoast_head_json":{"title":"HUAWEI BATTERIE LUNA2000-7-E1- 6,9kWh - SOLAR DEPOT","description":"Faites le choix de l'efficacit\u00e9 \u00e9nerg\u00e9tique et de l'autonomie avec la batterie Huawei LUNA2000-7-S1 de Solar Depot Luxembourg.Setzen Sie auf Energieeffizienz und Autonomie mit der Huawei LUNA2000-7-S1 Batterie von Solar Depot Luxemburg.","robots":{"index":"index","follow":"follow","max-snippet":"max-snippet:-1","max-image-preview":"max-image-preview:large","max-video-preview":"max-video-preview:-1"},"canonical":"https:\/\/www.solar-depot.lu\/de\/produit\/huawei-batterie-luna2000-7-e1-69kwh\/","og_locale":"de_DE","og_type":"article","og_title":"HUAWEI BATTERIE LUNA2000-7-E1- 6,9kWh","og_description":"Faites le choix de l'efficacit\u00e9 \u00e9nerg\u00e9tique et de l'autonomie avec la batterie Huawei LUNA2000-7-S1 de Solar Depot Luxembourg.Setzen Sie auf Energieeffizienz und Autonomie mit der Huawei LUNA2000-7-S1 Batterie von Solar Depot Luxemburg.","og_url":"https:\/\/www.solar-depot.lu\/de\/produit\/huawei-batterie-luna2000-7-e1-69kwh\/","og_site_name":"SOLAR DEPOT","article_modified_time":"2026-02-24T13:16:47+00:00","og_image":[{"width":455,"height":455,"url":"https:\/\/www.solar-depot.lu\/wp-content\/uploads\/2024\/12\/se390-huawei-huawei-69kwh-luna2000-7-e1-s1-unidad-de-bateria-sistema-de-almacenamiento-de-energia-de-cadena-inteligente-ess.png","type":"image\/png"}],"twitter_card":"summary_large_image","twitter_misc":{"Gesch\u00e4tzte Lesezeit":"1\u00a0Minute"},"schema":{"@context":"https:\/\/schema.org","@graph":[{"@type":"WebPage","@id":"https:\/\/www.solar-depot.lu\/de\/produit\/huawei-batterie-luna2000-7-e1-69kwh\/","url":"https:\/\/www.solar-depot.lu\/de\/produit\/huawei-batterie-luna2000-7-e1-69kwh\/","name":"HUAWEI BATTERIE LUNA2000-7-E1- 6,9kWh - SOLAR DEPOT","isPartOf":{"@id":"https:\/\/www.solar-depot.lu\/de\/#website"},"primaryImageOfPage":{"@id":"https:\/\/www.solar-depot.lu\/de\/produit\/huawei-batterie-luna2000-7-e1-69kwh\/#primaryimage"},"image":{"@id":"https:\/\/www.solar-depot.lu\/de\/produit\/huawei-batterie-luna2000-7-e1-69kwh\/#primaryimage"},"thumbnailUrl":"https:\/\/www.solar-depot.lu\/wp-content\/uploads\/2024\/12\/se390-huawei-huawei-69kwh-luna2000-7-e1-s1-unidad-de-bateria-sistema-de-almacenamiento-de-energia-de-cadena-inteligente-ess.png","datePublished":"2024-12-21T10:28:51+00:00","dateModified":"2026-02-24T13:16:47+00:00","description":"Faites le choix de l'efficacit\u00e9 \u00e9nerg\u00e9tique et de l'autonomie avec la batterie Huawei LUNA2000-7-S1 de Solar Depot Luxembourg.Setzen Sie auf Energieeffizienz und Autonomie mit der Huawei LUNA2000-7-S1 Batterie von Solar Depot Luxemburg.","breadcrumb":{"@id":"https:\/\/www.solar-depot.lu\/de\/produit\/huawei-batterie-luna2000-7-e1-69kwh\/#breadcrumb"},"inLanguage":"de","potentialAction":[{"@type":"ReadAction","target":["https:\/\/www.solar-depot.lu\/de\/produit\/huawei-batterie-luna2000-7-e1-69kwh\/"]}]},{"@type":"ImageObject","inLanguage":"de","@id":"https:\/\/www.solar-depot.lu\/de\/produit\/huawei-batterie-luna2000-7-e1-69kwh\/#primaryimage","url":"https:\/\/www.solar-depot.lu\/wp-content\/uploads\/2024\/12\/se390-huawei-huawei-69kwh-luna2000-7-e1-s1-unidad-de-bateria-sistema-de-almacenamiento-de-energia-de-cadena-inteligente-ess.png","contentUrl":"https:\/\/www.solar-depot.lu\/wp-content\/uploads\/2024\/12\/se390-huawei-huawei-69kwh-luna2000-7-e1-s1-unidad-de-bateria-sistema-de-almacenamiento-de-energia-de-cadena-inteligente-ess.png","width":455,"height":455},{"@type":"BreadcrumbList","@id":"https:\/\/www.solar-depot.lu\/de\/produit\/huawei-batterie-luna2000-7-e1-69kwh\/#breadcrumb","itemListElement":[{"@type":"ListItem","position":1,"name":"Startseite","item":"https:\/\/www.solar-depot.lu\/de\/"},{"@type":"ListItem","position":2,"name":"HUAWEI BATTERIE LUNA2000-7-E1- 6,9kWh"}]},{"@type":"WebSite","@id":"https:\/\/www.solar-depot.lu\/de\/#website","url":"https:\/\/www.solar-depot.lu\/de\/","name":"SOLAR DEPOT","description":"Solar Depot, l&#039;\u00e9nergie solaire \u00e0 emporter chez vous !","publisher":{"@id":"https:\/\/www.solar-depot.lu\/de\/#organization"},"potentialAction":[{"@type":"SearchAction","target":{"@type":"EntryPoint","urlTemplate":"https:\/\/www.solar-depot.lu\/de\/?s={search_term_string}"},"query-input":{"@type":"PropertyValueSpecification","valueRequired":true,"valueName":"search_term_string"}}],"inLanguage":"de"},{"@type":"Organization","@id":"https:\/\/www.solar-depot.lu\/de\/#organization","name":"SOLAR DEPOT","url":"https:\/\/www.solar-depot.lu\/de\/","logo":{"@type":"ImageObject","inLanguage":"de","@id":"https:\/\/www.solar-depot.lu\/de\/#\/schema\/logo\/image\/","url":"https:\/\/www.solar-depot.lu\/wp-content\/uploads\/2023\/08\/ege-depot-sans-fond.png","contentUrl":"https:\/\/www.solar-depot.lu\/wp-content\/uploads\/2023\/08\/ege-depot-sans-fond.png","width":1696,"height":536,"caption":"SOLAR DEPOT"},"image":{"@id":"https:\/\/www.solar-depot.lu\/de\/#\/schema\/logo\/image\/"}}]}},"_links":{"self":[{"href":"https:\/\/www.solar-depot.lu\/de\/wp-json\/wp\/v2\/product\/8590","targetHints":{"allow":["GET"]}}],"collection":[{"href":"https:\/\/www.solar-depot.lu\/de\/wp-json\/wp\/v2\/product"}],"about":[{"href":"https:\/\/www.solar-depot.lu\/de\/wp-json\/wp\/v2\/types\/product"}],"wp:featuredmedia":[{"embeddable":true,"href":"https:\/\/www.solar-depot.lu\/de\/wp-json\/wp\/v2\/media\/7199"}],"wp:attachment":[{"href":"https:\/\/www.solar-depot.lu\/de\/wp-json\/wp\/v2\/media?parent=8590"}],"wp:term":[{"taxonomy":"product_brand","embeddable":true,"href":"https:\/\/www.solar-depot.lu\/de\/wp-json\/wp\/v2\/product_brand?post=8590"},{"taxonomy":"product_cat","embeddable":true,"href":"https:\/\/www.solar-depot.lu\/de\/wp-json\/wp\/v2\/product_cat?post=8590"},{"taxonomy":"product_tag","embeddable":true,"href":"https:\/\/www.solar-depot.lu\/de\/wp-json\/wp\/v2\/product_tag?post=8590"}],"curies":[{"name":"wp","href":"https:\/\/api.w.org\/{rel}","templated":true}]}}