{"id":8605,"date":"2025-08-21T15:23:37","date_gmt":"2025-08-21T13:23:37","guid":{"rendered":"https:\/\/www.solar-depot.lu\/produit\/iq-balcony-solar-kit-wi-fi\/"},"modified":"2025-08-21T15:23:37","modified_gmt":"2025-08-21T13:23:37","slug":"iq-balcony-solar-kit-wi-fi","status":"publish","type":"product","link":"https:\/\/www.solar-depot.lu\/de\/produit\/iq-balcony-solar-kit-wi-fi\/","title":{"rendered":"IQ Balcony Solar Kit &#8211; Wi-Fi"},"content":{"rendered":"","protected":false},"excerpt":{"rendered":"<p>Das IQ Balcony Solar Kit ist eine steckerfertige Komplettl\u00f6sung zur Selbstmontage. Das System erm\u00f6glicht es, den Solarstrom der Photovoltaikmodule \u00fcber jede beliebige Steckdose in das Hausnetz einzuspeisen. Diese einfach zu installierende L\u00f6sung erlaubt es Hausbesitzern, ein skalierbares System aufzubauen, das elektrische Ger\u00e4te tags\u00fcber selbst bei einem Stromausfall mit Energie versorgen kann.  <\/p>\n<h4>Details:<\/h4>\n<ul>\n<li>Steckerfertiges Off-Grid-System<\/li>\n<li>Versorgen Sie Ihr Zuhause mit bis zu 800 W Energie, indem Sie das System an eine AC-Wandsteckdose auf dem Balkon anschlie\u00dfen.<\/li>\n<li>Nutzen Sie \u00fcbersch\u00fcssige Solarenergie \u00fcber die integrierte Hilfssteckdose, um Ger\u00e4te selbst bei einem Netzausfall w\u00e4hrend des Tages zu betreiben.<\/li>\n<li>Einfache Installation mit steckerfertigen Anschl\u00fcssen zur Eigenmontage.<\/li>\n<li>F\u00fcgen Sie jederzeit Paneele hinzu: Beginnen Sie im kleinen Rahmen und erweitern Sie das System bei Bedarf.<\/li>\n<li>Vereinfachte Installation \u00fcber WLAN<\/li>\n<li>IP67 f\u00fcr den IQ8HC Microinverter.<\/li>\n<li>IP65 f\u00fcr das IQ Balcony Gateway.<\/li>\n<\/ul>\n<h4>Lieferumfang:<\/h4>\n<ul>\n<li>1 IQ Balcony Gateway<\/li>\n<li>2 IQ8HC Microinverters<\/li>\n<li>1 2 drop IQ cable<\/li>\n<li>1 AC-Netzkabel.<\/li>\n<li>1 IQ Disconnect Tool (Trennwerkzeug).<\/li>\n<li>1 IQ Sealant Cap (Verschlusskappe).<\/li>\n<li>1 Montageschablone<\/li>\n<li>1 Schnellinstallationsanleitung<\/li>\n<li>4 Montageschrauben<\/li>\n<li>Kabelbinder<\/li>\n<li>Wandstecker<\/li>\n<\/ul>\n","protected":false},"featured_media":8023,"template":"","meta":{"editor_plus_copied_stylings":"{}"},"product_brand":[994],"product_cat":[164],"product_tag":[],"class_list":{"0":"post-8605","1":"product","2":"type-product","3":"status-publish","4":"has-post-thumbnail","6":"product_brand-enphase","7":"product_cat-non-classe-de-2","9":"first","10":"instock","11":"taxable","12":"shipping-taxable","13":"purchasable","14":"product-type-simple"},"acf":[],"yoast_head":"<!-- This site is optimized with the Yoast SEO Premium plugin v22.0 (Yoast SEO v27.5) - https:\/\/yoast.com\/product\/yoast-seo-premium-wordpress\/ -->\n<title>IQ Balcony Solar Kit - Wi-Fi - SOLAR DEPOT<\/title>\n<meta name=\"description\" content=\"Das IQ Balcony Solar Kit ist eine steckerfertige Komplettl\u00f6sung zur Selbstmontage. Das System erm\u00f6glicht es, den Solarstrom der Photovoltaikmodule \u00fcber jede beliebige Steckdose in das Hausnetz einzuspeisen.\" \/>\n<meta name=\"robots\" content=\"index, follow, max-snippet:-1, max-image-preview:large, max-video-preview:-1\" \/>\n<link rel=\"canonical\" href=\"https:\/\/www.solar-depot.lu\/de\/produit\/iq-balcony-solar-kit-wi-fi\/\" \/>\n<meta property=\"og:locale\" content=\"de_DE\" \/>\n<meta property=\"og:type\" content=\"article\" \/>\n<meta property=\"og:title\" content=\"IQ Balcony Solar Kit - Wi-Fi\" \/>\n<meta property=\"og:description\" content=\"Das IQ Balcony Solar Kit ist eine steckerfertige Komplettl\u00f6sung zur Selbstmontage. Das System erm\u00f6glicht es, den Solarstrom der Photovoltaikmodule \u00fcber jede beliebige Steckdose in das Hausnetz einzuspeisen.\" \/>\n<meta property=\"og:url\" content=\"https:\/\/www.solar-depot.lu\/de\/produit\/iq-balcony-solar-kit-wi-fi\/\" \/>\n<meta property=\"og:site_name\" content=\"SOLAR DEPOT\" \/>\n<meta property=\"og:image\" content=\"https:\/\/www.solar-depot.lu\/wp-content\/uploads\/2025\/08\/IQ-BALCONY-KIT.png\" \/>\n\t<meta property=\"og:image:width\" content=\"1200\" \/>\n\t<meta property=\"og:image:height\" content=\"1200\" \/>\n\t<meta property=\"og:image:type\" content=\"image\/png\" \/>\n<meta name=\"twitter:card\" content=\"summary_large_image\" \/>\n<script type=\"application\/ld+json\" class=\"yoast-schema-graph\">{\"@context\":\"https:\\\/\\\/schema.org\",\"@graph\":[{\"@type\":\"WebPage\",\"@id\":\"https:\\\/\\\/www.solar-depot.lu\\\/de\\\/produit\\\/iq-balcony-solar-kit-wi-fi\\\/\",\"url\":\"https:\\\/\\\/www.solar-depot.lu\\\/de\\\/produit\\\/iq-balcony-solar-kit-wi-fi\\\/\",\"name\":\"IQ Balcony Solar Kit - Wi-Fi - SOLAR DEPOT\",\"isPartOf\":{\"@id\":\"https:\\\/\\\/www.solar-depot.lu\\\/de\\\/#website\"},\"primaryImageOfPage\":{\"@id\":\"https:\\\/\\\/www.solar-depot.lu\\\/de\\\/produit\\\/iq-balcony-solar-kit-wi-fi\\\/#primaryimage\"},\"image\":{\"@id\":\"https:\\\/\\\/www.solar-depot.lu\\\/de\\\/produit\\\/iq-balcony-solar-kit-wi-fi\\\/#primaryimage\"},\"thumbnailUrl\":\"https:\\\/\\\/www.solar-depot.lu\\\/wp-content\\\/uploads\\\/2025\\\/08\\\/IQ-BALCONY-KIT.png\",\"datePublished\":\"2025-08-21T13:23:37+00:00\",\"description\":\"Das IQ Balcony Solar Kit ist eine steckerfertige Komplettl\u00f6sung zur Selbstmontage. Das System erm\u00f6glicht es, den Solarstrom der Photovoltaikmodule \u00fcber jede beliebige Steckdose in das Hausnetz einzuspeisen.\",\"breadcrumb\":{\"@id\":\"https:\\\/\\\/www.solar-depot.lu\\\/de\\\/produit\\\/iq-balcony-solar-kit-wi-fi\\\/#breadcrumb\"},\"inLanguage\":\"de\",\"potentialAction\":[{\"@type\":\"ReadAction\",\"target\":[\"https:\\\/\\\/www.solar-depot.lu\\\/de\\\/produit\\\/iq-balcony-solar-kit-wi-fi\\\/\"]}]},{\"@type\":\"ImageObject\",\"inLanguage\":\"de\",\"@id\":\"https:\\\/\\\/www.solar-depot.lu\\\/de\\\/produit\\\/iq-balcony-solar-kit-wi-fi\\\/#primaryimage\",\"url\":\"https:\\\/\\\/www.solar-depot.lu\\\/wp-content\\\/uploads\\\/2025\\\/08\\\/IQ-BALCONY-KIT.png\",\"contentUrl\":\"https:\\\/\\\/www.solar-depot.lu\\\/wp-content\\\/uploads\\\/2025\\\/08\\\/IQ-BALCONY-KIT.png\",\"width\":1200,\"height\":1200},{\"@type\":\"BreadcrumbList\",\"@id\":\"https:\\\/\\\/www.solar-depot.lu\\\/de\\\/produit\\\/iq-balcony-solar-kit-wi-fi\\\/#breadcrumb\",\"itemListElement\":[{\"@type\":\"ListItem\",\"position\":1,\"name\":\"Startseite\",\"item\":\"https:\\\/\\\/www.solar-depot.lu\\\/de\\\/\"},{\"@type\":\"ListItem\",\"position\":2,\"name\":\"IQ Balcony Solar Kit &#8211; Wi-Fi\"}]},{\"@type\":\"WebSite\",\"@id\":\"https:\\\/\\\/www.solar-depot.lu\\\/de\\\/#website\",\"url\":\"https:\\\/\\\/www.solar-depot.lu\\\/de\\\/\",\"name\":\"SOLAR DEPOT\",\"description\":\"Solar Depot, l&#039;\u00e9nergie solaire \u00e0 emporter chez vous !\",\"publisher\":{\"@id\":\"https:\\\/\\\/www.solar-depot.lu\\\/de\\\/#organization\"},\"potentialAction\":[{\"@type\":\"SearchAction\",\"target\":{\"@type\":\"EntryPoint\",\"urlTemplate\":\"https:\\\/\\\/www.solar-depot.lu\\\/de\\\/?s={search_term_string}\"},\"query-input\":{\"@type\":\"PropertyValueSpecification\",\"valueRequired\":true,\"valueName\":\"search_term_string\"}}],\"inLanguage\":\"de\"},{\"@type\":\"Organization\",\"@id\":\"https:\\\/\\\/www.solar-depot.lu\\\/de\\\/#organization\",\"name\":\"SOLAR DEPOT\",\"url\":\"https:\\\/\\\/www.solar-depot.lu\\\/de\\\/\",\"logo\":{\"@type\":\"ImageObject\",\"inLanguage\":\"de\",\"@id\":\"https:\\\/\\\/www.solar-depot.lu\\\/de\\\/#\\\/schema\\\/logo\\\/image\\\/\",\"url\":\"https:\\\/\\\/www.solar-depot.lu\\\/wp-content\\\/uploads\\\/2023\\\/08\\\/ege-depot-sans-fond.png\",\"contentUrl\":\"https:\\\/\\\/www.solar-depot.lu\\\/wp-content\\\/uploads\\\/2023\\\/08\\\/ege-depot-sans-fond.png\",\"width\":1696,\"height\":536,\"caption\":\"SOLAR DEPOT\"},\"image\":{\"@id\":\"https:\\\/\\\/www.solar-depot.lu\\\/de\\\/#\\\/schema\\\/logo\\\/image\\\/\"}}]}<\/script>\n<!-- \/ Yoast SEO Premium plugin. -->","yoast_head_json":{"title":"IQ Balcony Solar Kit - Wi-Fi - SOLAR DEPOT","description":"Das IQ Balcony Solar Kit ist eine steckerfertige Komplettl\u00f6sung zur Selbstmontage. Das System erm\u00f6glicht es, den Solarstrom der Photovoltaikmodule \u00fcber jede beliebige Steckdose in das Hausnetz einzuspeisen.","robots":{"index":"index","follow":"follow","max-snippet":"max-snippet:-1","max-image-preview":"max-image-preview:large","max-video-preview":"max-video-preview:-1"},"canonical":"https:\/\/www.solar-depot.lu\/de\/produit\/iq-balcony-solar-kit-wi-fi\/","og_locale":"de_DE","og_type":"article","og_title":"IQ Balcony Solar Kit - Wi-Fi","og_description":"Das IQ Balcony Solar Kit ist eine steckerfertige Komplettl\u00f6sung zur Selbstmontage. Das System erm\u00f6glicht es, den Solarstrom der Photovoltaikmodule \u00fcber jede beliebige Steckdose in das Hausnetz einzuspeisen.","og_url":"https:\/\/www.solar-depot.lu\/de\/produit\/iq-balcony-solar-kit-wi-fi\/","og_site_name":"SOLAR DEPOT","og_image":[{"width":1200,"height":1200,"url":"https:\/\/www.solar-depot.lu\/wp-content\/uploads\/2025\/08\/IQ-BALCONY-KIT.png","type":"image\/png"}],"twitter_card":"summary_large_image","schema":{"@context":"https:\/\/schema.org","@graph":[{"@type":"WebPage","@id":"https:\/\/www.solar-depot.lu\/de\/produit\/iq-balcony-solar-kit-wi-fi\/","url":"https:\/\/www.solar-depot.lu\/de\/produit\/iq-balcony-solar-kit-wi-fi\/","name":"IQ Balcony Solar Kit - Wi-Fi - SOLAR DEPOT","isPartOf":{"@id":"https:\/\/www.solar-depot.lu\/de\/#website"},"primaryImageOfPage":{"@id":"https:\/\/www.solar-depot.lu\/de\/produit\/iq-balcony-solar-kit-wi-fi\/#primaryimage"},"image":{"@id":"https:\/\/www.solar-depot.lu\/de\/produit\/iq-balcony-solar-kit-wi-fi\/#primaryimage"},"thumbnailUrl":"https:\/\/www.solar-depot.lu\/wp-content\/uploads\/2025\/08\/IQ-BALCONY-KIT.png","datePublished":"2025-08-21T13:23:37+00:00","description":"Das IQ Balcony Solar Kit ist eine steckerfertige Komplettl\u00f6sung zur Selbstmontage. Das System erm\u00f6glicht es, den Solarstrom der Photovoltaikmodule \u00fcber jede beliebige Steckdose in das Hausnetz einzuspeisen.","breadcrumb":{"@id":"https:\/\/www.solar-depot.lu\/de\/produit\/iq-balcony-solar-kit-wi-fi\/#breadcrumb"},"inLanguage":"de","potentialAction":[{"@type":"ReadAction","target":["https:\/\/www.solar-depot.lu\/de\/produit\/iq-balcony-solar-kit-wi-fi\/"]}]},{"@type":"ImageObject","inLanguage":"de","@id":"https:\/\/www.solar-depot.lu\/de\/produit\/iq-balcony-solar-kit-wi-fi\/#primaryimage","url":"https:\/\/www.solar-depot.lu\/wp-content\/uploads\/2025\/08\/IQ-BALCONY-KIT.png","contentUrl":"https:\/\/www.solar-depot.lu\/wp-content\/uploads\/2025\/08\/IQ-BALCONY-KIT.png","width":1200,"height":1200},{"@type":"BreadcrumbList","@id":"https:\/\/www.solar-depot.lu\/de\/produit\/iq-balcony-solar-kit-wi-fi\/#breadcrumb","itemListElement":[{"@type":"ListItem","position":1,"name":"Startseite","item":"https:\/\/www.solar-depot.lu\/de\/"},{"@type":"ListItem","position":2,"name":"IQ Balcony Solar Kit &#8211; Wi-Fi"}]},{"@type":"WebSite","@id":"https:\/\/www.solar-depot.lu\/de\/#website","url":"https:\/\/www.solar-depot.lu\/de\/","name":"SOLAR DEPOT","description":"Solar Depot, l&#039;\u00e9nergie solaire \u00e0 emporter chez vous !","publisher":{"@id":"https:\/\/www.solar-depot.lu\/de\/#organization"},"potentialAction":[{"@type":"SearchAction","target":{"@type":"EntryPoint","urlTemplate":"https:\/\/www.solar-depot.lu\/de\/?s={search_term_string}"},"query-input":{"@type":"PropertyValueSpecification","valueRequired":true,"valueName":"search_term_string"}}],"inLanguage":"de"},{"@type":"Organization","@id":"https:\/\/www.solar-depot.lu\/de\/#organization","name":"SOLAR DEPOT","url":"https:\/\/www.solar-depot.lu\/de\/","logo":{"@type":"ImageObject","inLanguage":"de","@id":"https:\/\/www.solar-depot.lu\/de\/#\/schema\/logo\/image\/","url":"https:\/\/www.solar-depot.lu\/wp-content\/uploads\/2023\/08\/ege-depot-sans-fond.png","contentUrl":"https:\/\/www.solar-depot.lu\/wp-content\/uploads\/2023\/08\/ege-depot-sans-fond.png","width":1696,"height":536,"caption":"SOLAR DEPOT"},"image":{"@id":"https:\/\/www.solar-depot.lu\/de\/#\/schema\/logo\/image\/"}}]}},"_links":{"self":[{"href":"https:\/\/www.solar-depot.lu\/de\/wp-json\/wp\/v2\/product\/8605","targetHints":{"allow":["GET"]}}],"collection":[{"href":"https:\/\/www.solar-depot.lu\/de\/wp-json\/wp\/v2\/product"}],"about":[{"href":"https:\/\/www.solar-depot.lu\/de\/wp-json\/wp\/v2\/types\/product"}],"wp:featuredmedia":[{"embeddable":true,"href":"https:\/\/www.solar-depot.lu\/de\/wp-json\/wp\/v2\/media\/8023"}],"wp:attachment":[{"href":"https:\/\/www.solar-depot.lu\/de\/wp-json\/wp\/v2\/media?parent=8605"}],"wp:term":[{"taxonomy":"product_brand","embeddable":true,"href":"https:\/\/www.solar-depot.lu\/de\/wp-json\/wp\/v2\/product_brand?post=8605"},{"taxonomy":"product_cat","embeddable":true,"href":"https:\/\/www.solar-depot.lu\/de\/wp-json\/wp\/v2\/product_cat?post=8605"},{"taxonomy":"product_tag","embeddable":true,"href":"https:\/\/www.solar-depot.lu\/de\/wp-json\/wp\/v2\/product_tag?post=8605"}],"curies":[{"name":"wp","href":"https:\/\/api.w.org\/{rel}","templated":true}]}}