{"id":8618,"date":"2023-11-23T16:23:21","date_gmt":"2023-11-23T15:23:21","guid":{"rendered":"https:\/\/www.solar-depot.lu\/?post_type=product&#038;p=8618"},"modified":"2026-02-26T16:32:43","modified_gmt":"2026-02-26T15:32:43","slug":"ap-systems-zubehoer-ct-stromwandler-80a","status":"publish","type":"product","link":"https:\/\/www.solar-depot.lu\/de\/produit\/ap-systems-zubehoer-ct-stromwandler-80a\/","title":{"rendered":"AP Systems Zubeh\u00f6r CT Stromwandler 80A"},"content":{"rendered":"","protected":false},"excerpt":{"rendered":"<p>Die 80-Ampere-Stromwandler von AP Systems zur Messung von Verbrauch und Erzeugung in Verbindung mit der ECU-C-Serie bieten eine einfache und pr\u00e4zise Methode zur Strommessung im Stromnetz. Sie arbeiten mit dem integrierten Z\u00e4hler einer ECU-C zusammen und erm\u00f6glichen erweiterte Funktionen wie die Verbrauchs- und Erzeugungs\u00fcberwachung sowie die Zero-Export-Funktionalit\u00e4t (Nulleinspeisung). Der 80-A-Stromwandler eignet sich f\u00fcr einphasige private und gewerbliche Photovoltaikanlagen bis zu 18 kWp. F\u00fcr dreiphasige Systeme bis zu 54 kWp hat APsystems die 200-Ampere-Stromwandler (f\u00fcr die ECU-C-Serie) entwickelt.<\/p>\n","protected":false},"featured_media":0,"template":"","meta":{"editor_plus_copied_stylings":"{}"},"product_brand":[],"product_cat":[164],"product_tag":[],"class_list":{"0":"post-8618","1":"product","2":"type-product","3":"status-publish","5":"product_cat-non-classe-de-2","7":"first","8":"instock","9":"taxable","10":"shipping-taxable","11":"purchasable","12":"product-type-simple"},"acf":[],"yoast_head":"<!-- This site is optimized with the Yoast SEO Premium plugin v22.0 (Yoast SEO v27.5) - https:\/\/yoast.com\/product\/yoast-seo-premium-wordpress\/ -->\n<title>AP Systems Zubeh\u00f6r CT Stromwandler 80A - SOLAR DEPOT<\/title>\n<meta name=\"robots\" content=\"index, follow, max-snippet:-1, max-image-preview:large, max-video-preview:-1\" \/>\n<link rel=\"canonical\" href=\"https:\/\/www.solar-depot.lu\/de\/produit\/ap-systems-zubehoer-ct-stromwandler-80a\/\" \/>\n<meta property=\"og:locale\" content=\"de_DE\" \/>\n<meta property=\"og:type\" content=\"article\" \/>\n<meta property=\"og:title\" content=\"AP Systems Zubeh\u00f6r CT Stromwandler 80A\" \/>\n<meta property=\"og:description\" content=\"Die 80-Ampere-Stromwandler von AP Systems zur Messung von Verbrauch und Erzeugung in Verbindung mit der ECU-C-Serie bieten eine einfache und pr\u00e4zise Methode zur Strommessung im Stromnetz. Sie arbeiten mit dem integrierten Z\u00e4hler einer ECU-C zusammen und erm\u00f6glichen erweiterte Funktionen wie die Verbrauchs- und Erzeugungs\u00fcberwachung sowie die Zero-Export-Funktionalit\u00e4t (Nulleinspeisung). Der 80-A-Stromwandler eignet sich f\u00fcr einphasige private und gewerbliche Photovoltaikanlagen bis zu 18 kWp. F\u00fcr dreiphasige Systeme bis zu 54 kWp hat APsystems die 200-Ampere-Stromwandler (f\u00fcr die ECU-C-Serie) entwickelt.\" \/>\n<meta property=\"og:url\" content=\"https:\/\/www.solar-depot.lu\/de\/produit\/ap-systems-zubehoer-ct-stromwandler-80a\/\" \/>\n<meta property=\"og:site_name\" content=\"SOLAR DEPOT\" \/>\n<meta property=\"article:modified_time\" content=\"2026-02-26T15:32:43+00:00\" \/>\n<meta name=\"twitter:card\" content=\"summary_large_image\" \/>\n<script type=\"application\/ld+json\" class=\"yoast-schema-graph\">{\"@context\":\"https:\\\/\\\/schema.org\",\"@graph\":[{\"@type\":\"WebPage\",\"@id\":\"https:\\\/\\\/www.solar-depot.lu\\\/de\\\/produit\\\/ap-systems-zubehoer-ct-stromwandler-80a\\\/\",\"url\":\"https:\\\/\\\/www.solar-depot.lu\\\/de\\\/produit\\\/ap-systems-zubehoer-ct-stromwandler-80a\\\/\",\"name\":\"AP Systems Zubeh\u00f6r CT Stromwandler 80A - SOLAR DEPOT\",\"isPartOf\":{\"@id\":\"https:\\\/\\\/www.solar-depot.lu\\\/de\\\/#website\"},\"datePublished\":\"2023-11-23T15:23:21+00:00\",\"dateModified\":\"2026-02-26T15:32:43+00:00\",\"breadcrumb\":{\"@id\":\"https:\\\/\\\/www.solar-depot.lu\\\/de\\\/produit\\\/ap-systems-zubehoer-ct-stromwandler-80a\\\/#breadcrumb\"},\"inLanguage\":\"de\",\"potentialAction\":[{\"@type\":\"ReadAction\",\"target\":[\"https:\\\/\\\/www.solar-depot.lu\\\/de\\\/produit\\\/ap-systems-zubehoer-ct-stromwandler-80a\\\/\"]}]},{\"@type\":\"BreadcrumbList\",\"@id\":\"https:\\\/\\\/www.solar-depot.lu\\\/de\\\/produit\\\/ap-systems-zubehoer-ct-stromwandler-80a\\\/#breadcrumb\",\"itemListElement\":[{\"@type\":\"ListItem\",\"position\":1,\"name\":\"Startseite\",\"item\":\"https:\\\/\\\/www.solar-depot.lu\\\/de\\\/\"},{\"@type\":\"ListItem\",\"position\":2,\"name\":\"AP Systems Zubeh\u00f6r CT Stromwandler 80A\"}]},{\"@type\":\"WebSite\",\"@id\":\"https:\\\/\\\/www.solar-depot.lu\\\/de\\\/#website\",\"url\":\"https:\\\/\\\/www.solar-depot.lu\\\/de\\\/\",\"name\":\"SOLAR DEPOT\",\"description\":\"Solar Depot, l&#039;\u00e9nergie solaire \u00e0 emporter chez vous !\",\"publisher\":{\"@id\":\"https:\\\/\\\/www.solar-depot.lu\\\/de\\\/#organization\"},\"potentialAction\":[{\"@type\":\"SearchAction\",\"target\":{\"@type\":\"EntryPoint\",\"urlTemplate\":\"https:\\\/\\\/www.solar-depot.lu\\\/de\\\/?s={search_term_string}\"},\"query-input\":{\"@type\":\"PropertyValueSpecification\",\"valueRequired\":true,\"valueName\":\"search_term_string\"}}],\"inLanguage\":\"de\"},{\"@type\":\"Organization\",\"@id\":\"https:\\\/\\\/www.solar-depot.lu\\\/de\\\/#organization\",\"name\":\"SOLAR DEPOT\",\"url\":\"https:\\\/\\\/www.solar-depot.lu\\\/de\\\/\",\"logo\":{\"@type\":\"ImageObject\",\"inLanguage\":\"de\",\"@id\":\"https:\\\/\\\/www.solar-depot.lu\\\/de\\\/#\\\/schema\\\/logo\\\/image\\\/\",\"url\":\"https:\\\/\\\/www.solar-depot.lu\\\/wp-content\\\/uploads\\\/2023\\\/08\\\/ege-depot-sans-fond.png\",\"contentUrl\":\"https:\\\/\\\/www.solar-depot.lu\\\/wp-content\\\/uploads\\\/2023\\\/08\\\/ege-depot-sans-fond.png\",\"width\":1696,\"height\":536,\"caption\":\"SOLAR DEPOT\"},\"image\":{\"@id\":\"https:\\\/\\\/www.solar-depot.lu\\\/de\\\/#\\\/schema\\\/logo\\\/image\\\/\"}}]}<\/script>\n<!-- \/ Yoast SEO Premium plugin. -->","yoast_head_json":{"title":"AP Systems Zubeh\u00f6r CT Stromwandler 80A - SOLAR DEPOT","robots":{"index":"index","follow":"follow","max-snippet":"max-snippet:-1","max-image-preview":"max-image-preview:large","max-video-preview":"max-video-preview:-1"},"canonical":"https:\/\/www.solar-depot.lu\/de\/produit\/ap-systems-zubehoer-ct-stromwandler-80a\/","og_locale":"de_DE","og_type":"article","og_title":"AP Systems Zubeh\u00f6r CT Stromwandler 80A","og_description":"Die 80-Ampere-Stromwandler von AP Systems zur Messung von Verbrauch und Erzeugung in Verbindung mit der ECU-C-Serie bieten eine einfache und pr\u00e4zise Methode zur Strommessung im Stromnetz. Sie arbeiten mit dem integrierten Z\u00e4hler einer ECU-C zusammen und erm\u00f6glichen erweiterte Funktionen wie die Verbrauchs- und Erzeugungs\u00fcberwachung sowie die Zero-Export-Funktionalit\u00e4t (Nulleinspeisung). Der 80-A-Stromwandler eignet sich f\u00fcr einphasige private und gewerbliche Photovoltaikanlagen bis zu 18 kWp. F\u00fcr dreiphasige Systeme bis zu 54 kWp hat APsystems die 200-Ampere-Stromwandler (f\u00fcr die ECU-C-Serie) entwickelt.","og_url":"https:\/\/www.solar-depot.lu\/de\/produit\/ap-systems-zubehoer-ct-stromwandler-80a\/","og_site_name":"SOLAR DEPOT","article_modified_time":"2026-02-26T15:32:43+00:00","twitter_card":"summary_large_image","schema":{"@context":"https:\/\/schema.org","@graph":[{"@type":"WebPage","@id":"https:\/\/www.solar-depot.lu\/de\/produit\/ap-systems-zubehoer-ct-stromwandler-80a\/","url":"https:\/\/www.solar-depot.lu\/de\/produit\/ap-systems-zubehoer-ct-stromwandler-80a\/","name":"AP Systems Zubeh\u00f6r CT Stromwandler 80A - SOLAR DEPOT","isPartOf":{"@id":"https:\/\/www.solar-depot.lu\/de\/#website"},"datePublished":"2023-11-23T15:23:21+00:00","dateModified":"2026-02-26T15:32:43+00:00","breadcrumb":{"@id":"https:\/\/www.solar-depot.lu\/de\/produit\/ap-systems-zubehoer-ct-stromwandler-80a\/#breadcrumb"},"inLanguage":"de","potentialAction":[{"@type":"ReadAction","target":["https:\/\/www.solar-depot.lu\/de\/produit\/ap-systems-zubehoer-ct-stromwandler-80a\/"]}]},{"@type":"BreadcrumbList","@id":"https:\/\/www.solar-depot.lu\/de\/produit\/ap-systems-zubehoer-ct-stromwandler-80a\/#breadcrumb","itemListElement":[{"@type":"ListItem","position":1,"name":"Startseite","item":"https:\/\/www.solar-depot.lu\/de\/"},{"@type":"ListItem","position":2,"name":"AP Systems Zubeh\u00f6r CT Stromwandler 80A"}]},{"@type":"WebSite","@id":"https:\/\/www.solar-depot.lu\/de\/#website","url":"https:\/\/www.solar-depot.lu\/de\/","name":"SOLAR DEPOT","description":"Solar Depot, l&#039;\u00e9nergie solaire \u00e0 emporter chez vous !","publisher":{"@id":"https:\/\/www.solar-depot.lu\/de\/#organization"},"potentialAction":[{"@type":"SearchAction","target":{"@type":"EntryPoint","urlTemplate":"https:\/\/www.solar-depot.lu\/de\/?s={search_term_string}"},"query-input":{"@type":"PropertyValueSpecification","valueRequired":true,"valueName":"search_term_string"}}],"inLanguage":"de"},{"@type":"Organization","@id":"https:\/\/www.solar-depot.lu\/de\/#organization","name":"SOLAR DEPOT","url":"https:\/\/www.solar-depot.lu\/de\/","logo":{"@type":"ImageObject","inLanguage":"de","@id":"https:\/\/www.solar-depot.lu\/de\/#\/schema\/logo\/image\/","url":"https:\/\/www.solar-depot.lu\/wp-content\/uploads\/2023\/08\/ege-depot-sans-fond.png","contentUrl":"https:\/\/www.solar-depot.lu\/wp-content\/uploads\/2023\/08\/ege-depot-sans-fond.png","width":1696,"height":536,"caption":"SOLAR DEPOT"},"image":{"@id":"https:\/\/www.solar-depot.lu\/de\/#\/schema\/logo\/image\/"}}]}},"_links":{"self":[{"href":"https:\/\/www.solar-depot.lu\/de\/wp-json\/wp\/v2\/product\/8618","targetHints":{"allow":["GET"]}}],"collection":[{"href":"https:\/\/www.solar-depot.lu\/de\/wp-json\/wp\/v2\/product"}],"about":[{"href":"https:\/\/www.solar-depot.lu\/de\/wp-json\/wp\/v2\/types\/product"}],"wp:attachment":[{"href":"https:\/\/www.solar-depot.lu\/de\/wp-json\/wp\/v2\/media?parent=8618"}],"wp:term":[{"taxonomy":"product_brand","embeddable":true,"href":"https:\/\/www.solar-depot.lu\/de\/wp-json\/wp\/v2\/product_brand?post=8618"},{"taxonomy":"product_cat","embeddable":true,"href":"https:\/\/www.solar-depot.lu\/de\/wp-json\/wp\/v2\/product_cat?post=8618"},{"taxonomy":"product_tag","embeddable":true,"href":"https:\/\/www.solar-depot.lu\/de\/wp-json\/wp\/v2\/product_tag?post=8618"}],"curies":[{"name":"wp","href":"https:\/\/api.w.org\/{rel}","templated":true}]}}