{"id":8651,"date":"2025-01-03T22:07:15","date_gmt":"2025-01-03T21:07:15","guid":{"rendered":"https:\/\/www.solar-depot.lu\/produit\/flatfix-endgueltiger-buegel-30mm-schwarz-1004430\/"},"modified":"2026-03-04T12:01:52","modified_gmt":"2026-03-04T11:01:52","slug":"flatfix-endgueltiger-buegel-30mm-schwarz-1004430","status":"publish","type":"product","link":"https:\/\/www.solar-depot.lu\/de\/produit\/flatfix-endgueltiger-buegel-30mm-schwarz-1004430\/","title":{"rendered":"FlatFix &#8211; Endg\u00fcltiger B\u00fcgel 30mm Schwarz &#8211; 1004430"},"content":{"rendered":"","protected":false},"excerpt":{"rendered":"<p>FlatFix &#8211; Endg\u00fcltiger B\u00fcgel 30mm Schwarz &#8211; 1004430.<\/p>\n","protected":false},"featured_media":7105,"template":"","meta":{"editor_plus_copied_stylings":"{}"},"product_brand":[],"product_cat":[164],"product_tag":[],"class_list":{"0":"post-8651","1":"product","2":"type-product","3":"status-publish","4":"has-post-thumbnail","6":"product_cat-non-classe-de-2","8":"first","9":"instock","10":"taxable","11":"shipping-taxable","12":"purchasable","13":"product-type-simple"},"acf":[],"yoast_head":"<!-- This site is optimized with the Yoast SEO Premium plugin v22.0 (Yoast SEO v27.4) - https:\/\/yoast.com\/product\/yoast-seo-premium-wordpress\/ -->\n<title>FlatFix - Endg\u00fcltiger B\u00fcgel 30mm Schwarz - 1004430 - SOLAR DEPOT<\/title>\n<meta name=\"description\" content=\"FlatFix - Endg\u00fcltiger B\u00fcgel 30mm Schwarz - 1004430.\" \/>\n<meta name=\"robots\" content=\"index, follow, max-snippet:-1, max-image-preview:large, max-video-preview:-1\" \/>\n<link rel=\"canonical\" href=\"https:\/\/www.solar-depot.lu\/de\/produit\/flatfix-endgueltiger-buegel-30mm-schwarz-1004430\/\" \/>\n<meta property=\"og:locale\" content=\"de_DE\" \/>\n<meta property=\"og:type\" content=\"article\" \/>\n<meta property=\"og:title\" content=\"FlatFix - Endg\u00fcltiger B\u00fcgel 30mm Schwarz - 1004430\" \/>\n<meta property=\"og:description\" content=\"FlatFix - Endg\u00fcltiger B\u00fcgel 30mm Schwarz - 1004430.\" \/>\n<meta property=\"og:url\" content=\"https:\/\/www.solar-depot.lu\/de\/produit\/flatfix-endgueltiger-buegel-30mm-schwarz-1004430\/\" \/>\n<meta property=\"og:site_name\" content=\"SOLAR DEPOT\" \/>\n<meta property=\"article:modified_time\" content=\"2026-03-04T11:01:52+00:00\" \/>\n<meta property=\"og:image\" content=\"https:\/\/www.solar-depot.lu\/wp-content\/uploads\/2025\/01\/1004430.png\" \/>\n\t<meta property=\"og:image:width\" content=\"2000\" \/>\n\t<meta property=\"og:image:height\" content=\"1500\" \/>\n\t<meta property=\"og:image:type\" content=\"image\/png\" \/>\n<meta name=\"twitter:card\" content=\"summary_large_image\" \/>\n<meta name=\"twitter:label1\" content=\"Gesch\u00e4tzte Lesezeit\" \/>\n\t<meta name=\"twitter:data1\" content=\"1\u00a0Minute\" \/>\n<script type=\"application\/ld+json\" class=\"yoast-schema-graph\">{\"@context\":\"https:\\\/\\\/schema.org\",\"@graph\":[{\"@type\":\"WebPage\",\"@id\":\"https:\\\/\\\/www.solar-depot.lu\\\/de\\\/produit\\\/flatfix-endgueltiger-buegel-30mm-schwarz-1004430\\\/\",\"url\":\"https:\\\/\\\/www.solar-depot.lu\\\/de\\\/produit\\\/flatfix-endgueltiger-buegel-30mm-schwarz-1004430\\\/\",\"name\":\"FlatFix - Endg\u00fcltiger B\u00fcgel 30mm Schwarz - 1004430 - SOLAR DEPOT\",\"isPartOf\":{\"@id\":\"https:\\\/\\\/www.solar-depot.lu\\\/de\\\/#website\"},\"primaryImageOfPage\":{\"@id\":\"https:\\\/\\\/www.solar-depot.lu\\\/de\\\/produit\\\/flatfix-endgueltiger-buegel-30mm-schwarz-1004430\\\/#primaryimage\"},\"image\":{\"@id\":\"https:\\\/\\\/www.solar-depot.lu\\\/de\\\/produit\\\/flatfix-endgueltiger-buegel-30mm-schwarz-1004430\\\/#primaryimage\"},\"thumbnailUrl\":\"https:\\\/\\\/www.solar-depot.lu\\\/wp-content\\\/uploads\\\/2025\\\/01\\\/1004430.png\",\"datePublished\":\"2025-01-03T21:07:15+00:00\",\"dateModified\":\"2026-03-04T11:01:52+00:00\",\"description\":\"FlatFix - Endg\u00fcltiger B\u00fcgel 30mm Schwarz - 1004430.\",\"breadcrumb\":{\"@id\":\"https:\\\/\\\/www.solar-depot.lu\\\/de\\\/produit\\\/flatfix-endgueltiger-buegel-30mm-schwarz-1004430\\\/#breadcrumb\"},\"inLanguage\":\"de\",\"potentialAction\":[{\"@type\":\"ReadAction\",\"target\":[\"https:\\\/\\\/www.solar-depot.lu\\\/de\\\/produit\\\/flatfix-endgueltiger-buegel-30mm-schwarz-1004430\\\/\"]}]},{\"@type\":\"ImageObject\",\"inLanguage\":\"de\",\"@id\":\"https:\\\/\\\/www.solar-depot.lu\\\/de\\\/produit\\\/flatfix-endgueltiger-buegel-30mm-schwarz-1004430\\\/#primaryimage\",\"url\":\"https:\\\/\\\/www.solar-depot.lu\\\/wp-content\\\/uploads\\\/2025\\\/01\\\/1004430.png\",\"contentUrl\":\"https:\\\/\\\/www.solar-depot.lu\\\/wp-content\\\/uploads\\\/2025\\\/01\\\/1004430.png\",\"width\":2000,\"height\":1500},{\"@type\":\"BreadcrumbList\",\"@id\":\"https:\\\/\\\/www.solar-depot.lu\\\/de\\\/produit\\\/flatfix-endgueltiger-buegel-30mm-schwarz-1004430\\\/#breadcrumb\",\"itemListElement\":[{\"@type\":\"ListItem\",\"position\":1,\"name\":\"Startseite\",\"item\":\"https:\\\/\\\/www.solar-depot.lu\\\/de\\\/\"},{\"@type\":\"ListItem\",\"position\":2,\"name\":\"FlatFix &#8211; Endg\u00fcltiger B\u00fcgel 30mm Schwarz &#8211; 1004430\"}]},{\"@type\":\"WebSite\",\"@id\":\"https:\\\/\\\/www.solar-depot.lu\\\/de\\\/#website\",\"url\":\"https:\\\/\\\/www.solar-depot.lu\\\/de\\\/\",\"name\":\"SOLAR DEPOT\",\"description\":\"Solar Depot, l&#039;\u00e9nergie solaire \u00e0 emporter chez vous !\",\"publisher\":{\"@id\":\"https:\\\/\\\/www.solar-depot.lu\\\/de\\\/#organization\"},\"potentialAction\":[{\"@type\":\"SearchAction\",\"target\":{\"@type\":\"EntryPoint\",\"urlTemplate\":\"https:\\\/\\\/www.solar-depot.lu\\\/de\\\/?s={search_term_string}\"},\"query-input\":{\"@type\":\"PropertyValueSpecification\",\"valueRequired\":true,\"valueName\":\"search_term_string\"}}],\"inLanguage\":\"de\"},{\"@type\":\"Organization\",\"@id\":\"https:\\\/\\\/www.solar-depot.lu\\\/de\\\/#organization\",\"name\":\"SOLAR DEPOT\",\"url\":\"https:\\\/\\\/www.solar-depot.lu\\\/de\\\/\",\"logo\":{\"@type\":\"ImageObject\",\"inLanguage\":\"de\",\"@id\":\"https:\\\/\\\/www.solar-depot.lu\\\/de\\\/#\\\/schema\\\/logo\\\/image\\\/\",\"url\":\"https:\\\/\\\/www.solar-depot.lu\\\/wp-content\\\/uploads\\\/2023\\\/08\\\/ege-depot-sans-fond.png\",\"contentUrl\":\"https:\\\/\\\/www.solar-depot.lu\\\/wp-content\\\/uploads\\\/2023\\\/08\\\/ege-depot-sans-fond.png\",\"width\":1696,\"height\":536,\"caption\":\"SOLAR DEPOT\"},\"image\":{\"@id\":\"https:\\\/\\\/www.solar-depot.lu\\\/de\\\/#\\\/schema\\\/logo\\\/image\\\/\"}}]}<\/script>\n<!-- \/ Yoast SEO Premium plugin. -->","yoast_head_json":{"title":"FlatFix - Endg\u00fcltiger B\u00fcgel 30mm Schwarz - 1004430 - SOLAR DEPOT","description":"FlatFix - Endg\u00fcltiger B\u00fcgel 30mm Schwarz - 1004430.","robots":{"index":"index","follow":"follow","max-snippet":"max-snippet:-1","max-image-preview":"max-image-preview:large","max-video-preview":"max-video-preview:-1"},"canonical":"https:\/\/www.solar-depot.lu\/de\/produit\/flatfix-endgueltiger-buegel-30mm-schwarz-1004430\/","og_locale":"de_DE","og_type":"article","og_title":"FlatFix - Endg\u00fcltiger B\u00fcgel 30mm Schwarz - 1004430","og_description":"FlatFix - Endg\u00fcltiger B\u00fcgel 30mm Schwarz - 1004430.","og_url":"https:\/\/www.solar-depot.lu\/de\/produit\/flatfix-endgueltiger-buegel-30mm-schwarz-1004430\/","og_site_name":"SOLAR DEPOT","article_modified_time":"2026-03-04T11:01:52+00:00","og_image":[{"width":2000,"height":1500,"url":"https:\/\/www.solar-depot.lu\/wp-content\/uploads\/2025\/01\/1004430.png","type":"image\/png"}],"twitter_card":"summary_large_image","twitter_misc":{"Gesch\u00e4tzte Lesezeit":"1\u00a0Minute"},"schema":{"@context":"https:\/\/schema.org","@graph":[{"@type":"WebPage","@id":"https:\/\/www.solar-depot.lu\/de\/produit\/flatfix-endgueltiger-buegel-30mm-schwarz-1004430\/","url":"https:\/\/www.solar-depot.lu\/de\/produit\/flatfix-endgueltiger-buegel-30mm-schwarz-1004430\/","name":"FlatFix - Endg\u00fcltiger B\u00fcgel 30mm Schwarz - 1004430 - SOLAR DEPOT","isPartOf":{"@id":"https:\/\/www.solar-depot.lu\/de\/#website"},"primaryImageOfPage":{"@id":"https:\/\/www.solar-depot.lu\/de\/produit\/flatfix-endgueltiger-buegel-30mm-schwarz-1004430\/#primaryimage"},"image":{"@id":"https:\/\/www.solar-depot.lu\/de\/produit\/flatfix-endgueltiger-buegel-30mm-schwarz-1004430\/#primaryimage"},"thumbnailUrl":"https:\/\/www.solar-depot.lu\/wp-content\/uploads\/2025\/01\/1004430.png","datePublished":"2025-01-03T21:07:15+00:00","dateModified":"2026-03-04T11:01:52+00:00","description":"FlatFix - Endg\u00fcltiger B\u00fcgel 30mm Schwarz - 1004430.","breadcrumb":{"@id":"https:\/\/www.solar-depot.lu\/de\/produit\/flatfix-endgueltiger-buegel-30mm-schwarz-1004430\/#breadcrumb"},"inLanguage":"de","potentialAction":[{"@type":"ReadAction","target":["https:\/\/www.solar-depot.lu\/de\/produit\/flatfix-endgueltiger-buegel-30mm-schwarz-1004430\/"]}]},{"@type":"ImageObject","inLanguage":"de","@id":"https:\/\/www.solar-depot.lu\/de\/produit\/flatfix-endgueltiger-buegel-30mm-schwarz-1004430\/#primaryimage","url":"https:\/\/www.solar-depot.lu\/wp-content\/uploads\/2025\/01\/1004430.png","contentUrl":"https:\/\/www.solar-depot.lu\/wp-content\/uploads\/2025\/01\/1004430.png","width":2000,"height":1500},{"@type":"BreadcrumbList","@id":"https:\/\/www.solar-depot.lu\/de\/produit\/flatfix-endgueltiger-buegel-30mm-schwarz-1004430\/#breadcrumb","itemListElement":[{"@type":"ListItem","position":1,"name":"Startseite","item":"https:\/\/www.solar-depot.lu\/de\/"},{"@type":"ListItem","position":2,"name":"FlatFix &#8211; Endg\u00fcltiger B\u00fcgel 30mm Schwarz &#8211; 1004430"}]},{"@type":"WebSite","@id":"https:\/\/www.solar-depot.lu\/de\/#website","url":"https:\/\/www.solar-depot.lu\/de\/","name":"SOLAR DEPOT","description":"Solar Depot, l&#039;\u00e9nergie solaire \u00e0 emporter chez vous !","publisher":{"@id":"https:\/\/www.solar-depot.lu\/de\/#organization"},"potentialAction":[{"@type":"SearchAction","target":{"@type":"EntryPoint","urlTemplate":"https:\/\/www.solar-depot.lu\/de\/?s={search_term_string}"},"query-input":{"@type":"PropertyValueSpecification","valueRequired":true,"valueName":"search_term_string"}}],"inLanguage":"de"},{"@type":"Organization","@id":"https:\/\/www.solar-depot.lu\/de\/#organization","name":"SOLAR DEPOT","url":"https:\/\/www.solar-depot.lu\/de\/","logo":{"@type":"ImageObject","inLanguage":"de","@id":"https:\/\/www.solar-depot.lu\/de\/#\/schema\/logo\/image\/","url":"https:\/\/www.solar-depot.lu\/wp-content\/uploads\/2023\/08\/ege-depot-sans-fond.png","contentUrl":"https:\/\/www.solar-depot.lu\/wp-content\/uploads\/2023\/08\/ege-depot-sans-fond.png","width":1696,"height":536,"caption":"SOLAR DEPOT"},"image":{"@id":"https:\/\/www.solar-depot.lu\/de\/#\/schema\/logo\/image\/"}}]}},"_links":{"self":[{"href":"https:\/\/www.solar-depot.lu\/de\/wp-json\/wp\/v2\/product\/8651","targetHints":{"allow":["GET"]}}],"collection":[{"href":"https:\/\/www.solar-depot.lu\/de\/wp-json\/wp\/v2\/product"}],"about":[{"href":"https:\/\/www.solar-depot.lu\/de\/wp-json\/wp\/v2\/types\/product"}],"wp:featuredmedia":[{"embeddable":true,"href":"https:\/\/www.solar-depot.lu\/de\/wp-json\/wp\/v2\/media\/7105"}],"wp:attachment":[{"href":"https:\/\/www.solar-depot.lu\/de\/wp-json\/wp\/v2\/media?parent=8651"}],"wp:term":[{"taxonomy":"product_brand","embeddable":true,"href":"https:\/\/www.solar-depot.lu\/de\/wp-json\/wp\/v2\/product_brand?post=8651"},{"taxonomy":"product_cat","embeddable":true,"href":"https:\/\/www.solar-depot.lu\/de\/wp-json\/wp\/v2\/product_cat?post=8651"},{"taxonomy":"product_tag","embeddable":true,"href":"https:\/\/www.solar-depot.lu\/de\/wp-json\/wp\/v2\/product_tag?post=8651"}],"curies":[{"name":"wp","href":"https:\/\/api.w.org\/{rel}","templated":true}]}}