{"id":8677,"date":"2024-12-30T17:35:45","date_gmt":"2024-12-30T16:35:45","guid":{"rendered":"https:\/\/www.solar-depot.lu\/produit\/clickfit-evo-universalhebebuegel-grau-1008020\/"},"modified":"2026-03-04T11:47:45","modified_gmt":"2026-03-04T10:47:45","slug":"clickfit-evo-universalhebebuegel-grau-1008020","status":"publish","type":"product","link":"https:\/\/www.solar-depot.lu\/de\/produit\/clickfit-evo-universalhebebuegel-grau-1008020\/","title":{"rendered":"ClickFit EVO &#8211; Universalhebeb\u00fcgel Grau &#8211; 1008020"},"content":{"rendered":"","protected":false},"excerpt":{"rendered":"<p>Das ClickFit EVO Stahldach wurde speziell f\u00fcr Solarinstallateure entwickelt. Das System ist klar und besteht aus nur vier Komponenten. Das ClickFit EVO Stahldach ist f\u00fcr alle g\u00e4ngigen Solarmodule und alle Arten von Stahld\u00e4chern geeignet. Dank der einzigartigen universellen Eigenschaften ist das System sehr flexibel und schnell zu montieren. Die ClickFit EVO-Garantie entspricht in vollem Umfang den geltenden Anforderungen und Normen. ClickFit EVO wird mit einer einzigartigen Produktgarantie von 20 Jahren geliefert. Dies ist eine Garantie f\u00fcr die Qualit\u00e4t des Systems.<\/p>\n<ul>\n<li>Verwendung von High-Tech-Materialien.<\/li>\n<li>In gro\u00dfem Ma\u00dfstab getestet.<\/li>\n<li>20 Jahre Produktgarantie.<\/li>\n<\/ul>\n","protected":false},"featured_media":6981,"template":"","meta":{"editor_plus_copied_stylings":"{}"},"product_brand":[],"product_cat":[164],"product_tag":[],"class_list":{"0":"post-8677","1":"product","2":"type-product","3":"status-publish","4":"has-post-thumbnail","6":"product_cat-non-classe-de-2","8":"first","9":"instock","10":"taxable","11":"shipping-taxable","12":"purchasable","13":"product-type-simple"},"acf":[],"yoast_head":"<!-- This site is optimized with the Yoast SEO Premium plugin v22.0 (Yoast SEO v27.4) - https:\/\/yoast.com\/product\/yoast-seo-premium-wordpress\/ -->\n<title>ClickFit EVO - Universalhebeb\u00fcgel Grau - 1008020 - SOLAR DEPOT<\/title>\n<meta name=\"description\" content=\"Zur Verwendung als Mittelb\u00fcgel und Endb\u00fcgel (in Kombination mit dem Endklemmenhalter). Clickfit EVO Befestigungsb\u00fcgel schwarz - 1008020.\" \/>\n<meta name=\"robots\" content=\"index, follow, max-snippet:-1, max-image-preview:large, max-video-preview:-1\" \/>\n<link rel=\"canonical\" href=\"https:\/\/www.solar-depot.lu\/de\/produit\/clickfit-evo-universalhebebuegel-grau-1008020\/\" \/>\n<meta property=\"og:locale\" content=\"de_DE\" \/>\n<meta property=\"og:type\" content=\"article\" \/>\n<meta property=\"og:title\" content=\"ClickFit EVO - Universalhebeb\u00fcgel Grau - 1008020\" \/>\n<meta property=\"og:description\" content=\"Zur Verwendung als Mittelb\u00fcgel und Endb\u00fcgel (in Kombination mit dem Endklemmenhalter). Clickfit EVO Befestigungsb\u00fcgel schwarz - 1008020.\" \/>\n<meta property=\"og:url\" content=\"https:\/\/www.solar-depot.lu\/de\/produit\/clickfit-evo-universalhebebuegel-grau-1008020\/\" \/>\n<meta property=\"og:site_name\" content=\"SOLAR DEPOT\" \/>\n<meta property=\"article:modified_time\" content=\"2026-03-04T10:47:45+00:00\" \/>\n<meta property=\"og:image\" content=\"https:\/\/www.solar-depot.lu\/wp-content\/uploads\/2024\/12\/1008020.png\" \/>\n\t<meta property=\"og:image:width\" content=\"2000\" \/>\n\t<meta property=\"og:image:height\" content=\"1500\" \/>\n\t<meta property=\"og:image:type\" content=\"image\/png\" \/>\n<meta name=\"twitter:card\" content=\"summary_large_image\" \/>\n<meta name=\"twitter:label1\" content=\"Gesch\u00e4tzte Lesezeit\" \/>\n\t<meta name=\"twitter:data1\" content=\"1\u00a0Minute\" \/>\n<script type=\"application\/ld+json\" class=\"yoast-schema-graph\">{\"@context\":\"https:\\\/\\\/schema.org\",\"@graph\":[{\"@type\":\"WebPage\",\"@id\":\"https:\\\/\\\/www.solar-depot.lu\\\/de\\\/produit\\\/clickfit-evo-universalhebebuegel-grau-1008020\\\/\",\"url\":\"https:\\\/\\\/www.solar-depot.lu\\\/de\\\/produit\\\/clickfit-evo-universalhebebuegel-grau-1008020\\\/\",\"name\":\"ClickFit EVO - Universalhebeb\u00fcgel Grau - 1008020 - SOLAR DEPOT\",\"isPartOf\":{\"@id\":\"https:\\\/\\\/www.solar-depot.lu\\\/de\\\/#website\"},\"primaryImageOfPage\":{\"@id\":\"https:\\\/\\\/www.solar-depot.lu\\\/de\\\/produit\\\/clickfit-evo-universalhebebuegel-grau-1008020\\\/#primaryimage\"},\"image\":{\"@id\":\"https:\\\/\\\/www.solar-depot.lu\\\/de\\\/produit\\\/clickfit-evo-universalhebebuegel-grau-1008020\\\/#primaryimage\"},\"thumbnailUrl\":\"https:\\\/\\\/www.solar-depot.lu\\\/wp-content\\\/uploads\\\/2024\\\/12\\\/1008020.png\",\"datePublished\":\"2024-12-30T16:35:45+00:00\",\"dateModified\":\"2026-03-04T10:47:45+00:00\",\"description\":\"Zur Verwendung als Mittelb\u00fcgel und Endb\u00fcgel (in Kombination mit dem Endklemmenhalter). Clickfit EVO Befestigungsb\u00fcgel schwarz - 1008020.\",\"breadcrumb\":{\"@id\":\"https:\\\/\\\/www.solar-depot.lu\\\/de\\\/produit\\\/clickfit-evo-universalhebebuegel-grau-1008020\\\/#breadcrumb\"},\"inLanguage\":\"de\",\"potentialAction\":[{\"@type\":\"ReadAction\",\"target\":[\"https:\\\/\\\/www.solar-depot.lu\\\/de\\\/produit\\\/clickfit-evo-universalhebebuegel-grau-1008020\\\/\"]}]},{\"@type\":\"ImageObject\",\"inLanguage\":\"de\",\"@id\":\"https:\\\/\\\/www.solar-depot.lu\\\/de\\\/produit\\\/clickfit-evo-universalhebebuegel-grau-1008020\\\/#primaryimage\",\"url\":\"https:\\\/\\\/www.solar-depot.lu\\\/wp-content\\\/uploads\\\/2024\\\/12\\\/1008020.png\",\"contentUrl\":\"https:\\\/\\\/www.solar-depot.lu\\\/wp-content\\\/uploads\\\/2024\\\/12\\\/1008020.png\",\"width\":2000,\"height\":1500},{\"@type\":\"BreadcrumbList\",\"@id\":\"https:\\\/\\\/www.solar-depot.lu\\\/de\\\/produit\\\/clickfit-evo-universalhebebuegel-grau-1008020\\\/#breadcrumb\",\"itemListElement\":[{\"@type\":\"ListItem\",\"position\":1,\"name\":\"Startseite\",\"item\":\"https:\\\/\\\/www.solar-depot.lu\\\/de\\\/\"},{\"@type\":\"ListItem\",\"position\":2,\"name\":\"ClickFit EVO &#8211; Universalhebeb\u00fcgel Grau &#8211; 1008020\"}]},{\"@type\":\"WebSite\",\"@id\":\"https:\\\/\\\/www.solar-depot.lu\\\/de\\\/#website\",\"url\":\"https:\\\/\\\/www.solar-depot.lu\\\/de\\\/\",\"name\":\"SOLAR DEPOT\",\"description\":\"Solar Depot, l&#039;\u00e9nergie solaire \u00e0 emporter chez vous !\",\"publisher\":{\"@id\":\"https:\\\/\\\/www.solar-depot.lu\\\/de\\\/#organization\"},\"potentialAction\":[{\"@type\":\"SearchAction\",\"target\":{\"@type\":\"EntryPoint\",\"urlTemplate\":\"https:\\\/\\\/www.solar-depot.lu\\\/de\\\/?s={search_term_string}\"},\"query-input\":{\"@type\":\"PropertyValueSpecification\",\"valueRequired\":true,\"valueName\":\"search_term_string\"}}],\"inLanguage\":\"de\"},{\"@type\":\"Organization\",\"@id\":\"https:\\\/\\\/www.solar-depot.lu\\\/de\\\/#organization\",\"name\":\"SOLAR DEPOT\",\"url\":\"https:\\\/\\\/www.solar-depot.lu\\\/de\\\/\",\"logo\":{\"@type\":\"ImageObject\",\"inLanguage\":\"de\",\"@id\":\"https:\\\/\\\/www.solar-depot.lu\\\/de\\\/#\\\/schema\\\/logo\\\/image\\\/\",\"url\":\"https:\\\/\\\/www.solar-depot.lu\\\/wp-content\\\/uploads\\\/2023\\\/08\\\/ege-depot-sans-fond.png\",\"contentUrl\":\"https:\\\/\\\/www.solar-depot.lu\\\/wp-content\\\/uploads\\\/2023\\\/08\\\/ege-depot-sans-fond.png\",\"width\":1696,\"height\":536,\"caption\":\"SOLAR DEPOT\"},\"image\":{\"@id\":\"https:\\\/\\\/www.solar-depot.lu\\\/de\\\/#\\\/schema\\\/logo\\\/image\\\/\"}}]}<\/script>\n<!-- \/ Yoast SEO Premium plugin. -->","yoast_head_json":{"title":"ClickFit EVO - Universalhebeb\u00fcgel Grau - 1008020 - SOLAR DEPOT","description":"Zur Verwendung als Mittelb\u00fcgel und Endb\u00fcgel (in Kombination mit dem Endklemmenhalter). Clickfit EVO Befestigungsb\u00fcgel schwarz - 1008020.","robots":{"index":"index","follow":"follow","max-snippet":"max-snippet:-1","max-image-preview":"max-image-preview:large","max-video-preview":"max-video-preview:-1"},"canonical":"https:\/\/www.solar-depot.lu\/de\/produit\/clickfit-evo-universalhebebuegel-grau-1008020\/","og_locale":"de_DE","og_type":"article","og_title":"ClickFit EVO - Universalhebeb\u00fcgel Grau - 1008020","og_description":"Zur Verwendung als Mittelb\u00fcgel und Endb\u00fcgel (in Kombination mit dem Endklemmenhalter). Clickfit EVO Befestigungsb\u00fcgel schwarz - 1008020.","og_url":"https:\/\/www.solar-depot.lu\/de\/produit\/clickfit-evo-universalhebebuegel-grau-1008020\/","og_site_name":"SOLAR DEPOT","article_modified_time":"2026-03-04T10:47:45+00:00","og_image":[{"width":2000,"height":1500,"url":"https:\/\/www.solar-depot.lu\/wp-content\/uploads\/2024\/12\/1008020.png","type":"image\/png"}],"twitter_card":"summary_large_image","twitter_misc":{"Gesch\u00e4tzte Lesezeit":"1\u00a0Minute"},"schema":{"@context":"https:\/\/schema.org","@graph":[{"@type":"WebPage","@id":"https:\/\/www.solar-depot.lu\/de\/produit\/clickfit-evo-universalhebebuegel-grau-1008020\/","url":"https:\/\/www.solar-depot.lu\/de\/produit\/clickfit-evo-universalhebebuegel-grau-1008020\/","name":"ClickFit EVO - Universalhebeb\u00fcgel Grau - 1008020 - SOLAR DEPOT","isPartOf":{"@id":"https:\/\/www.solar-depot.lu\/de\/#website"},"primaryImageOfPage":{"@id":"https:\/\/www.solar-depot.lu\/de\/produit\/clickfit-evo-universalhebebuegel-grau-1008020\/#primaryimage"},"image":{"@id":"https:\/\/www.solar-depot.lu\/de\/produit\/clickfit-evo-universalhebebuegel-grau-1008020\/#primaryimage"},"thumbnailUrl":"https:\/\/www.solar-depot.lu\/wp-content\/uploads\/2024\/12\/1008020.png","datePublished":"2024-12-30T16:35:45+00:00","dateModified":"2026-03-04T10:47:45+00:00","description":"Zur Verwendung als Mittelb\u00fcgel und Endb\u00fcgel (in Kombination mit dem Endklemmenhalter). Clickfit EVO Befestigungsb\u00fcgel schwarz - 1008020.","breadcrumb":{"@id":"https:\/\/www.solar-depot.lu\/de\/produit\/clickfit-evo-universalhebebuegel-grau-1008020\/#breadcrumb"},"inLanguage":"de","potentialAction":[{"@type":"ReadAction","target":["https:\/\/www.solar-depot.lu\/de\/produit\/clickfit-evo-universalhebebuegel-grau-1008020\/"]}]},{"@type":"ImageObject","inLanguage":"de","@id":"https:\/\/www.solar-depot.lu\/de\/produit\/clickfit-evo-universalhebebuegel-grau-1008020\/#primaryimage","url":"https:\/\/www.solar-depot.lu\/wp-content\/uploads\/2024\/12\/1008020.png","contentUrl":"https:\/\/www.solar-depot.lu\/wp-content\/uploads\/2024\/12\/1008020.png","width":2000,"height":1500},{"@type":"BreadcrumbList","@id":"https:\/\/www.solar-depot.lu\/de\/produit\/clickfit-evo-universalhebebuegel-grau-1008020\/#breadcrumb","itemListElement":[{"@type":"ListItem","position":1,"name":"Startseite","item":"https:\/\/www.solar-depot.lu\/de\/"},{"@type":"ListItem","position":2,"name":"ClickFit EVO &#8211; Universalhebeb\u00fcgel Grau &#8211; 1008020"}]},{"@type":"WebSite","@id":"https:\/\/www.solar-depot.lu\/de\/#website","url":"https:\/\/www.solar-depot.lu\/de\/","name":"SOLAR DEPOT","description":"Solar Depot, l&#039;\u00e9nergie solaire \u00e0 emporter chez vous !","publisher":{"@id":"https:\/\/www.solar-depot.lu\/de\/#organization"},"potentialAction":[{"@type":"SearchAction","target":{"@type":"EntryPoint","urlTemplate":"https:\/\/www.solar-depot.lu\/de\/?s={search_term_string}"},"query-input":{"@type":"PropertyValueSpecification","valueRequired":true,"valueName":"search_term_string"}}],"inLanguage":"de"},{"@type":"Organization","@id":"https:\/\/www.solar-depot.lu\/de\/#organization","name":"SOLAR DEPOT","url":"https:\/\/www.solar-depot.lu\/de\/","logo":{"@type":"ImageObject","inLanguage":"de","@id":"https:\/\/www.solar-depot.lu\/de\/#\/schema\/logo\/image\/","url":"https:\/\/www.solar-depot.lu\/wp-content\/uploads\/2023\/08\/ege-depot-sans-fond.png","contentUrl":"https:\/\/www.solar-depot.lu\/wp-content\/uploads\/2023\/08\/ege-depot-sans-fond.png","width":1696,"height":536,"caption":"SOLAR DEPOT"},"image":{"@id":"https:\/\/www.solar-depot.lu\/de\/#\/schema\/logo\/image\/"}}]}},"_links":{"self":[{"href":"https:\/\/www.solar-depot.lu\/de\/wp-json\/wp\/v2\/product\/8677","targetHints":{"allow":["GET"]}}],"collection":[{"href":"https:\/\/www.solar-depot.lu\/de\/wp-json\/wp\/v2\/product"}],"about":[{"href":"https:\/\/www.solar-depot.lu\/de\/wp-json\/wp\/v2\/types\/product"}],"wp:featuredmedia":[{"embeddable":true,"href":"https:\/\/www.solar-depot.lu\/de\/wp-json\/wp\/v2\/media\/6981"}],"wp:attachment":[{"href":"https:\/\/www.solar-depot.lu\/de\/wp-json\/wp\/v2\/media?parent=8677"}],"wp:term":[{"taxonomy":"product_brand","embeddable":true,"href":"https:\/\/www.solar-depot.lu\/de\/wp-json\/wp\/v2\/product_brand?post=8677"},{"taxonomy":"product_cat","embeddable":true,"href":"https:\/\/www.solar-depot.lu\/de\/wp-json\/wp\/v2\/product_cat?post=8677"},{"taxonomy":"product_tag","embeddable":true,"href":"https:\/\/www.solar-depot.lu\/de\/wp-json\/wp\/v2\/product_tag?post=8677"}],"curies":[{"name":"wp","href":"https:\/\/api.w.org\/{rel}","templated":true}]}}