{"id":8683,"date":"2024-02-09T07:43:23","date_gmt":"2024-02-09T06:43:23","guid":{"rendered":"https:\/\/www.solar-depot.lu\/produit\/clickfit-evo-befestigungsbuegel-schwarz-1008020-b\/"},"modified":"2026-03-04T11:56:44","modified_gmt":"2026-03-04T10:56:44","slug":"clickfit-evo-befestigungsbuegel-schwarz-1008020-b","status":"publish","type":"product","link":"https:\/\/www.solar-depot.lu\/de\/produit\/clickfit-evo-befestigungsbuegel-schwarz-1008020-b\/","title":{"rendered":"Clickfit EVO Befestigungsb\u00fcgel schwarz &#8211; 1008020-B"},"content":{"rendered":"","protected":false},"excerpt":{"rendered":"<p>Das ClickFit EVO Stahldach wurde speziell f\u00fcr Solarinstallateure entwickelt. Das System ist klar und besteht aus nur vier Komponenten. Das ClickFit EVO Stahldach ist f\u00fcr alle g\u00e4ngigen Solarmodule und alle Arten von Stahld\u00e4chern geeignet. Dank der einzigartigen universellen Eigenschaften ist das System sehr flexibel und schnell zu montieren.<\/p>\n<p>&nbsp;<\/p>\n<p>Die ClickFit EVO-Garantie entspricht in vollem Umfang den geltenden Anforderungen und Normen. ClickFit EVO wird mit einer einzigartigen Produktgarantie von 20 Jahren geliefert. Dies ist eine Garantie f\u00fcr die Qualit\u00e4t des Systems.<\/p>\n<p>&nbsp;<\/p>\n<ul>\n<li>Verwendung von High-Tech-Materialien.<\/li>\n<li>In gro\u00dfem Ma\u00dfstab getestet.<\/li>\n<li>20 Jahre Produktgarantie.<\/li>\n<\/ul>\n","protected":false},"featured_media":0,"template":"","meta":{"editor_plus_copied_stylings":"{}"},"product_brand":[],"product_cat":[164],"product_tag":[],"class_list":{"0":"post-8683","1":"product","2":"type-product","3":"status-publish","5":"product_cat-non-classe-de-2","7":"first","8":"instock","9":"taxable","10":"shipping-taxable","11":"purchasable","12":"product-type-simple"},"acf":[],"yoast_head":"<!-- This site is optimized with the Yoast SEO Premium plugin v22.0 (Yoast SEO v27.5) - https:\/\/yoast.com\/product\/yoast-seo-premium-wordpress\/ -->\n<title>Clickfit EVO Befestigungsb\u00fcgel schwarz - 1008020-B - SOLAR DEPOT<\/title>\n<meta name=\"description\" content=\"Zur Verwendung als Mittelb\u00fcgel und Endb\u00fcgel (in Kombination mit dem Endklemmenhalter). Clickfit EVO Befestigungsb\u00fcgel schwarz - 1008020-B\" \/>\n<meta name=\"robots\" content=\"index, follow, max-snippet:-1, max-image-preview:large, max-video-preview:-1\" \/>\n<link rel=\"canonical\" href=\"https:\/\/www.solar-depot.lu\/de\/produit\/clickfit-evo-befestigungsbuegel-schwarz-1008020-b\/\" \/>\n<meta property=\"og:locale\" content=\"de_DE\" \/>\n<meta property=\"og:type\" content=\"article\" \/>\n<meta property=\"og:title\" content=\"Clickfit EVO Befestigungsb\u00fcgel schwarz - 1008020-B\" \/>\n<meta property=\"og:description\" content=\"Zur Verwendung als Mittelb\u00fcgel und Endb\u00fcgel (in Kombination mit dem Endklemmenhalter). Clickfit EVO Befestigungsb\u00fcgel schwarz - 1008020-B\" \/>\n<meta property=\"og:url\" content=\"https:\/\/www.solar-depot.lu\/de\/produit\/clickfit-evo-befestigungsbuegel-schwarz-1008020-b\/\" \/>\n<meta property=\"og:site_name\" content=\"SOLAR DEPOT\" \/>\n<meta property=\"article:modified_time\" content=\"2026-03-04T10:56:44+00:00\" \/>\n<meta name=\"twitter:card\" content=\"summary_large_image\" \/>\n<script type=\"application\/ld+json\" class=\"yoast-schema-graph\">{\"@context\":\"https:\\\/\\\/schema.org\",\"@graph\":[{\"@type\":\"WebPage\",\"@id\":\"https:\\\/\\\/www.solar-depot.lu\\\/de\\\/produit\\\/clickfit-evo-befestigungsbuegel-schwarz-1008020-b\\\/\",\"url\":\"https:\\\/\\\/www.solar-depot.lu\\\/de\\\/produit\\\/clickfit-evo-befestigungsbuegel-schwarz-1008020-b\\\/\",\"name\":\"Clickfit EVO Befestigungsb\u00fcgel schwarz - 1008020-B - SOLAR DEPOT\",\"isPartOf\":{\"@id\":\"https:\\\/\\\/www.solar-depot.lu\\\/de\\\/#website\"},\"datePublished\":\"2024-02-09T06:43:23+00:00\",\"dateModified\":\"2026-03-04T10:56:44+00:00\",\"description\":\"Zur Verwendung als Mittelb\u00fcgel und Endb\u00fcgel (in Kombination mit dem Endklemmenhalter). Clickfit EVO Befestigungsb\u00fcgel schwarz - 1008020-B\",\"breadcrumb\":{\"@id\":\"https:\\\/\\\/www.solar-depot.lu\\\/de\\\/produit\\\/clickfit-evo-befestigungsbuegel-schwarz-1008020-b\\\/#breadcrumb\"},\"inLanguage\":\"de\",\"potentialAction\":[{\"@type\":\"ReadAction\",\"target\":[\"https:\\\/\\\/www.solar-depot.lu\\\/de\\\/produit\\\/clickfit-evo-befestigungsbuegel-schwarz-1008020-b\\\/\"]}]},{\"@type\":\"BreadcrumbList\",\"@id\":\"https:\\\/\\\/www.solar-depot.lu\\\/de\\\/produit\\\/clickfit-evo-befestigungsbuegel-schwarz-1008020-b\\\/#breadcrumb\",\"itemListElement\":[{\"@type\":\"ListItem\",\"position\":1,\"name\":\"Startseite\",\"item\":\"https:\\\/\\\/www.solar-depot.lu\\\/de\\\/\"},{\"@type\":\"ListItem\",\"position\":2,\"name\":\"Clickfit EVO Befestigungsb\u00fcgel schwarz &#8211; 1008020-B\"}]},{\"@type\":\"WebSite\",\"@id\":\"https:\\\/\\\/www.solar-depot.lu\\\/de\\\/#website\",\"url\":\"https:\\\/\\\/www.solar-depot.lu\\\/de\\\/\",\"name\":\"SOLAR DEPOT\",\"description\":\"Solar Depot, l&#039;\u00e9nergie solaire \u00e0 emporter chez vous !\",\"publisher\":{\"@id\":\"https:\\\/\\\/www.solar-depot.lu\\\/de\\\/#organization\"},\"potentialAction\":[{\"@type\":\"SearchAction\",\"target\":{\"@type\":\"EntryPoint\",\"urlTemplate\":\"https:\\\/\\\/www.solar-depot.lu\\\/de\\\/?s={search_term_string}\"},\"query-input\":{\"@type\":\"PropertyValueSpecification\",\"valueRequired\":true,\"valueName\":\"search_term_string\"}}],\"inLanguage\":\"de\"},{\"@type\":\"Organization\",\"@id\":\"https:\\\/\\\/www.solar-depot.lu\\\/de\\\/#organization\",\"name\":\"SOLAR DEPOT\",\"url\":\"https:\\\/\\\/www.solar-depot.lu\\\/de\\\/\",\"logo\":{\"@type\":\"ImageObject\",\"inLanguage\":\"de\",\"@id\":\"https:\\\/\\\/www.solar-depot.lu\\\/de\\\/#\\\/schema\\\/logo\\\/image\\\/\",\"url\":\"https:\\\/\\\/www.solar-depot.lu\\\/wp-content\\\/uploads\\\/2023\\\/08\\\/ege-depot-sans-fond.png\",\"contentUrl\":\"https:\\\/\\\/www.solar-depot.lu\\\/wp-content\\\/uploads\\\/2023\\\/08\\\/ege-depot-sans-fond.png\",\"width\":1696,\"height\":536,\"caption\":\"SOLAR DEPOT\"},\"image\":{\"@id\":\"https:\\\/\\\/www.solar-depot.lu\\\/de\\\/#\\\/schema\\\/logo\\\/image\\\/\"}}]}<\/script>\n<!-- \/ Yoast SEO Premium plugin. -->","yoast_head_json":{"title":"Clickfit EVO Befestigungsb\u00fcgel schwarz - 1008020-B - SOLAR DEPOT","description":"Zur Verwendung als Mittelb\u00fcgel und Endb\u00fcgel (in Kombination mit dem Endklemmenhalter). Clickfit EVO Befestigungsb\u00fcgel schwarz - 1008020-B","robots":{"index":"index","follow":"follow","max-snippet":"max-snippet:-1","max-image-preview":"max-image-preview:large","max-video-preview":"max-video-preview:-1"},"canonical":"https:\/\/www.solar-depot.lu\/de\/produit\/clickfit-evo-befestigungsbuegel-schwarz-1008020-b\/","og_locale":"de_DE","og_type":"article","og_title":"Clickfit EVO Befestigungsb\u00fcgel schwarz - 1008020-B","og_description":"Zur Verwendung als Mittelb\u00fcgel und Endb\u00fcgel (in Kombination mit dem Endklemmenhalter). Clickfit EVO Befestigungsb\u00fcgel schwarz - 1008020-B","og_url":"https:\/\/www.solar-depot.lu\/de\/produit\/clickfit-evo-befestigungsbuegel-schwarz-1008020-b\/","og_site_name":"SOLAR DEPOT","article_modified_time":"2026-03-04T10:56:44+00:00","twitter_card":"summary_large_image","schema":{"@context":"https:\/\/schema.org","@graph":[{"@type":"WebPage","@id":"https:\/\/www.solar-depot.lu\/de\/produit\/clickfit-evo-befestigungsbuegel-schwarz-1008020-b\/","url":"https:\/\/www.solar-depot.lu\/de\/produit\/clickfit-evo-befestigungsbuegel-schwarz-1008020-b\/","name":"Clickfit EVO Befestigungsb\u00fcgel schwarz - 1008020-B - SOLAR DEPOT","isPartOf":{"@id":"https:\/\/www.solar-depot.lu\/de\/#website"},"datePublished":"2024-02-09T06:43:23+00:00","dateModified":"2026-03-04T10:56:44+00:00","description":"Zur Verwendung als Mittelb\u00fcgel und Endb\u00fcgel (in Kombination mit dem Endklemmenhalter). Clickfit EVO Befestigungsb\u00fcgel schwarz - 1008020-B","breadcrumb":{"@id":"https:\/\/www.solar-depot.lu\/de\/produit\/clickfit-evo-befestigungsbuegel-schwarz-1008020-b\/#breadcrumb"},"inLanguage":"de","potentialAction":[{"@type":"ReadAction","target":["https:\/\/www.solar-depot.lu\/de\/produit\/clickfit-evo-befestigungsbuegel-schwarz-1008020-b\/"]}]},{"@type":"BreadcrumbList","@id":"https:\/\/www.solar-depot.lu\/de\/produit\/clickfit-evo-befestigungsbuegel-schwarz-1008020-b\/#breadcrumb","itemListElement":[{"@type":"ListItem","position":1,"name":"Startseite","item":"https:\/\/www.solar-depot.lu\/de\/"},{"@type":"ListItem","position":2,"name":"Clickfit EVO Befestigungsb\u00fcgel schwarz &#8211; 1008020-B"}]},{"@type":"WebSite","@id":"https:\/\/www.solar-depot.lu\/de\/#website","url":"https:\/\/www.solar-depot.lu\/de\/","name":"SOLAR DEPOT","description":"Solar Depot, l&#039;\u00e9nergie solaire \u00e0 emporter chez vous !","publisher":{"@id":"https:\/\/www.solar-depot.lu\/de\/#organization"},"potentialAction":[{"@type":"SearchAction","target":{"@type":"EntryPoint","urlTemplate":"https:\/\/www.solar-depot.lu\/de\/?s={search_term_string}"},"query-input":{"@type":"PropertyValueSpecification","valueRequired":true,"valueName":"search_term_string"}}],"inLanguage":"de"},{"@type":"Organization","@id":"https:\/\/www.solar-depot.lu\/de\/#organization","name":"SOLAR DEPOT","url":"https:\/\/www.solar-depot.lu\/de\/","logo":{"@type":"ImageObject","inLanguage":"de","@id":"https:\/\/www.solar-depot.lu\/de\/#\/schema\/logo\/image\/","url":"https:\/\/www.solar-depot.lu\/wp-content\/uploads\/2023\/08\/ege-depot-sans-fond.png","contentUrl":"https:\/\/www.solar-depot.lu\/wp-content\/uploads\/2023\/08\/ege-depot-sans-fond.png","width":1696,"height":536,"caption":"SOLAR DEPOT"},"image":{"@id":"https:\/\/www.solar-depot.lu\/de\/#\/schema\/logo\/image\/"}}]}},"_links":{"self":[{"href":"https:\/\/www.solar-depot.lu\/de\/wp-json\/wp\/v2\/product\/8683","targetHints":{"allow":["GET"]}}],"collection":[{"href":"https:\/\/www.solar-depot.lu\/de\/wp-json\/wp\/v2\/product"}],"about":[{"href":"https:\/\/www.solar-depot.lu\/de\/wp-json\/wp\/v2\/types\/product"}],"wp:attachment":[{"href":"https:\/\/www.solar-depot.lu\/de\/wp-json\/wp\/v2\/media?parent=8683"}],"wp:term":[{"taxonomy":"product_brand","embeddable":true,"href":"https:\/\/www.solar-depot.lu\/de\/wp-json\/wp\/v2\/product_brand?post=8683"},{"taxonomy":"product_cat","embeddable":true,"href":"https:\/\/www.solar-depot.lu\/de\/wp-json\/wp\/v2\/product_cat?post=8683"},{"taxonomy":"product_tag","embeddable":true,"href":"https:\/\/www.solar-depot.lu\/de\/wp-json\/wp\/v2\/product_tag?post=8683"}],"curies":[{"name":"wp","href":"https:\/\/api.w.org\/{rel}","templated":true}]}}