{"id":8685,"date":"2024-04-07T08:56:15","date_gmt":"2024-04-07T06:56:15","guid":{"rendered":"https:\/\/www.solar-depot.lu\/produit\/clickfit-evo-dachhaken-sparren\/"},"modified":"2026-03-04T11:41:48","modified_gmt":"2026-03-04T10:41:48","slug":"clickfit-evo-dachhaken-sparren","status":"publish","type":"product","link":"https:\/\/www.solar-depot.lu\/de\/produit\/clickfit-evo-dachhaken-sparren\/","title":{"rendered":"ClickFit EVO &#8211; Dachhaken Sparren"},"content":{"rendered":"","protected":false},"excerpt":{"rendered":"<p><strong><span style=\"font-size: 12pt;\">ClickFit EVO &#8211; Dachhaken f\u00fcr Sparrend\u00e4cher <\/span><\/strong><\/p>\n<p>&nbsp;<\/p>\n<p>Der TrussHook ClickFit EVO ist eine innovative und zuverl\u00e4ssige L\u00f6sung, die speziell f\u00fcr geneigte Sparrend\u00e4cher entwickelt wurde. Der Haken ist mit modernster Technologie ausgestattet und erm\u00f6glicht eine einfache und sichere Installation von PV-Systemen auf Ihrem Dach.<\/p>\n","protected":false},"featured_media":6076,"template":"","meta":{"editor_plus_copied_stylings":"{}"},"product_brand":[],"product_cat":[164],"product_tag":[],"class_list":{"0":"post-8685","1":"product","2":"type-product","3":"status-publish","4":"has-post-thumbnail","6":"product_cat-non-classe-de-2","8":"first","9":"instock","10":"taxable","11":"shipping-taxable","12":"purchasable","13":"product-type-simple"},"acf":[],"yoast_head":"<!-- This site is optimized with the Yoast SEO Premium plugin v22.0 (Yoast SEO v27.5) - https:\/\/yoast.com\/product\/yoast-seo-premium-wordpress\/ -->\n<title>ClickFit EVO - Dachhaken Sparren - SOLAR DEPOT<\/title>\n<meta name=\"description\" content=\"Optimieren Sie Ihre Solaranlage mit dem TrussHook ClickFit EVO Befestigungshaken, der speziell f\u00fcr Sparrend\u00e4cher entwickelt wurde.\" \/>\n<meta name=\"robots\" content=\"index, follow, max-snippet:-1, max-image-preview:large, max-video-preview:-1\" \/>\n<link rel=\"canonical\" href=\"https:\/\/www.solar-depot.lu\/de\/produit\/clickfit-evo-dachhaken-sparren\/\" \/>\n<meta property=\"og:locale\" content=\"de_DE\" \/>\n<meta property=\"og:type\" content=\"article\" \/>\n<meta property=\"og:title\" content=\"ClickFit EVO - Dachhaken Sparren\" \/>\n<meta property=\"og:description\" content=\"Optimieren Sie Ihre Solaranlage mit dem TrussHook ClickFit EVO Befestigungshaken, der speziell f\u00fcr Sparrend\u00e4cher entwickelt wurde.\" \/>\n<meta property=\"og:url\" content=\"https:\/\/www.solar-depot.lu\/de\/produit\/clickfit-evo-dachhaken-sparren\/\" \/>\n<meta property=\"og:site_name\" content=\"SOLAR DEPOT\" \/>\n<meta property=\"article:modified_time\" content=\"2026-03-04T10:41:48+00:00\" \/>\n<meta property=\"og:image\" content=\"https:\/\/www.solar-depot.lu\/wp-content\/uploads\/2024\/04\/crochet-chevron-detoure.png\" \/>\n\t<meta property=\"og:image:width\" content=\"500\" \/>\n\t<meta property=\"og:image:height\" content=\"500\" \/>\n\t<meta property=\"og:image:type\" content=\"image\/png\" \/>\n<meta name=\"twitter:card\" content=\"summary_large_image\" \/>\n<meta name=\"twitter:label1\" content=\"Gesch\u00e4tzte Lesezeit\" \/>\n\t<meta name=\"twitter:data1\" content=\"1\u00a0Minute\" \/>\n<script type=\"application\/ld+json\" class=\"yoast-schema-graph\">{\"@context\":\"https:\\\/\\\/schema.org\",\"@graph\":[{\"@type\":\"WebPage\",\"@id\":\"https:\\\/\\\/www.solar-depot.lu\\\/de\\\/produit\\\/clickfit-evo-dachhaken-sparren\\\/\",\"url\":\"https:\\\/\\\/www.solar-depot.lu\\\/de\\\/produit\\\/clickfit-evo-dachhaken-sparren\\\/\",\"name\":\"ClickFit EVO - Dachhaken Sparren - SOLAR DEPOT\",\"isPartOf\":{\"@id\":\"https:\\\/\\\/www.solar-depot.lu\\\/de\\\/#website\"},\"primaryImageOfPage\":{\"@id\":\"https:\\\/\\\/www.solar-depot.lu\\\/de\\\/produit\\\/clickfit-evo-dachhaken-sparren\\\/#primaryimage\"},\"image\":{\"@id\":\"https:\\\/\\\/www.solar-depot.lu\\\/de\\\/produit\\\/clickfit-evo-dachhaken-sparren\\\/#primaryimage\"},\"thumbnailUrl\":\"https:\\\/\\\/www.solar-depot.lu\\\/wp-content\\\/uploads\\\/2024\\\/04\\\/crochet-chevron-detoure.png\",\"datePublished\":\"2024-04-07T06:56:15+00:00\",\"dateModified\":\"2026-03-04T10:41:48+00:00\",\"description\":\"Optimieren Sie Ihre Solaranlage mit dem TrussHook ClickFit EVO Befestigungshaken, der speziell f\u00fcr Sparrend\u00e4cher entwickelt wurde.\",\"breadcrumb\":{\"@id\":\"https:\\\/\\\/www.solar-depot.lu\\\/de\\\/produit\\\/clickfit-evo-dachhaken-sparren\\\/#breadcrumb\"},\"inLanguage\":\"de\",\"potentialAction\":[{\"@type\":\"ReadAction\",\"target\":[\"https:\\\/\\\/www.solar-depot.lu\\\/de\\\/produit\\\/clickfit-evo-dachhaken-sparren\\\/\"]}]},{\"@type\":\"ImageObject\",\"inLanguage\":\"de\",\"@id\":\"https:\\\/\\\/www.solar-depot.lu\\\/de\\\/produit\\\/clickfit-evo-dachhaken-sparren\\\/#primaryimage\",\"url\":\"https:\\\/\\\/www.solar-depot.lu\\\/wp-content\\\/uploads\\\/2024\\\/04\\\/crochet-chevron-detoure.png\",\"contentUrl\":\"https:\\\/\\\/www.solar-depot.lu\\\/wp-content\\\/uploads\\\/2024\\\/04\\\/crochet-chevron-detoure.png\",\"width\":500,\"height\":500},{\"@type\":\"BreadcrumbList\",\"@id\":\"https:\\\/\\\/www.solar-depot.lu\\\/de\\\/produit\\\/clickfit-evo-dachhaken-sparren\\\/#breadcrumb\",\"itemListElement\":[{\"@type\":\"ListItem\",\"position\":1,\"name\":\"Startseite\",\"item\":\"https:\\\/\\\/www.solar-depot.lu\\\/de\\\/\"},{\"@type\":\"ListItem\",\"position\":2,\"name\":\"ClickFit EVO &#8211; Dachhaken Sparren\"}]},{\"@type\":\"WebSite\",\"@id\":\"https:\\\/\\\/www.solar-depot.lu\\\/de\\\/#website\",\"url\":\"https:\\\/\\\/www.solar-depot.lu\\\/de\\\/\",\"name\":\"SOLAR DEPOT\",\"description\":\"Solar Depot, l&#039;\u00e9nergie solaire \u00e0 emporter chez vous !\",\"publisher\":{\"@id\":\"https:\\\/\\\/www.solar-depot.lu\\\/de\\\/#organization\"},\"potentialAction\":[{\"@type\":\"SearchAction\",\"target\":{\"@type\":\"EntryPoint\",\"urlTemplate\":\"https:\\\/\\\/www.solar-depot.lu\\\/de\\\/?s={search_term_string}\"},\"query-input\":{\"@type\":\"PropertyValueSpecification\",\"valueRequired\":true,\"valueName\":\"search_term_string\"}}],\"inLanguage\":\"de\"},{\"@type\":\"Organization\",\"@id\":\"https:\\\/\\\/www.solar-depot.lu\\\/de\\\/#organization\",\"name\":\"SOLAR DEPOT\",\"url\":\"https:\\\/\\\/www.solar-depot.lu\\\/de\\\/\",\"logo\":{\"@type\":\"ImageObject\",\"inLanguage\":\"de\",\"@id\":\"https:\\\/\\\/www.solar-depot.lu\\\/de\\\/#\\\/schema\\\/logo\\\/image\\\/\",\"url\":\"https:\\\/\\\/www.solar-depot.lu\\\/wp-content\\\/uploads\\\/2023\\\/08\\\/ege-depot-sans-fond.png\",\"contentUrl\":\"https:\\\/\\\/www.solar-depot.lu\\\/wp-content\\\/uploads\\\/2023\\\/08\\\/ege-depot-sans-fond.png\",\"width\":1696,\"height\":536,\"caption\":\"SOLAR DEPOT\"},\"image\":{\"@id\":\"https:\\\/\\\/www.solar-depot.lu\\\/de\\\/#\\\/schema\\\/logo\\\/image\\\/\"}}]}<\/script>\n<!-- \/ Yoast SEO Premium plugin. -->","yoast_head_json":{"title":"ClickFit EVO - Dachhaken Sparren - SOLAR DEPOT","description":"Optimieren Sie Ihre Solaranlage mit dem TrussHook ClickFit EVO Befestigungshaken, der speziell f\u00fcr Sparrend\u00e4cher entwickelt wurde.","robots":{"index":"index","follow":"follow","max-snippet":"max-snippet:-1","max-image-preview":"max-image-preview:large","max-video-preview":"max-video-preview:-1"},"canonical":"https:\/\/www.solar-depot.lu\/de\/produit\/clickfit-evo-dachhaken-sparren\/","og_locale":"de_DE","og_type":"article","og_title":"ClickFit EVO - Dachhaken Sparren","og_description":"Optimieren Sie Ihre Solaranlage mit dem TrussHook ClickFit EVO Befestigungshaken, der speziell f\u00fcr Sparrend\u00e4cher entwickelt wurde.","og_url":"https:\/\/www.solar-depot.lu\/de\/produit\/clickfit-evo-dachhaken-sparren\/","og_site_name":"SOLAR DEPOT","article_modified_time":"2026-03-04T10:41:48+00:00","og_image":[{"width":500,"height":500,"url":"https:\/\/www.solar-depot.lu\/wp-content\/uploads\/2024\/04\/crochet-chevron-detoure.png","type":"image\/png"}],"twitter_card":"summary_large_image","twitter_misc":{"Gesch\u00e4tzte Lesezeit":"1\u00a0Minute"},"schema":{"@context":"https:\/\/schema.org","@graph":[{"@type":"WebPage","@id":"https:\/\/www.solar-depot.lu\/de\/produit\/clickfit-evo-dachhaken-sparren\/","url":"https:\/\/www.solar-depot.lu\/de\/produit\/clickfit-evo-dachhaken-sparren\/","name":"ClickFit EVO - Dachhaken Sparren - SOLAR DEPOT","isPartOf":{"@id":"https:\/\/www.solar-depot.lu\/de\/#website"},"primaryImageOfPage":{"@id":"https:\/\/www.solar-depot.lu\/de\/produit\/clickfit-evo-dachhaken-sparren\/#primaryimage"},"image":{"@id":"https:\/\/www.solar-depot.lu\/de\/produit\/clickfit-evo-dachhaken-sparren\/#primaryimage"},"thumbnailUrl":"https:\/\/www.solar-depot.lu\/wp-content\/uploads\/2024\/04\/crochet-chevron-detoure.png","datePublished":"2024-04-07T06:56:15+00:00","dateModified":"2026-03-04T10:41:48+00:00","description":"Optimieren Sie Ihre Solaranlage mit dem TrussHook ClickFit EVO Befestigungshaken, der speziell f\u00fcr Sparrend\u00e4cher entwickelt wurde.","breadcrumb":{"@id":"https:\/\/www.solar-depot.lu\/de\/produit\/clickfit-evo-dachhaken-sparren\/#breadcrumb"},"inLanguage":"de","potentialAction":[{"@type":"ReadAction","target":["https:\/\/www.solar-depot.lu\/de\/produit\/clickfit-evo-dachhaken-sparren\/"]}]},{"@type":"ImageObject","inLanguage":"de","@id":"https:\/\/www.solar-depot.lu\/de\/produit\/clickfit-evo-dachhaken-sparren\/#primaryimage","url":"https:\/\/www.solar-depot.lu\/wp-content\/uploads\/2024\/04\/crochet-chevron-detoure.png","contentUrl":"https:\/\/www.solar-depot.lu\/wp-content\/uploads\/2024\/04\/crochet-chevron-detoure.png","width":500,"height":500},{"@type":"BreadcrumbList","@id":"https:\/\/www.solar-depot.lu\/de\/produit\/clickfit-evo-dachhaken-sparren\/#breadcrumb","itemListElement":[{"@type":"ListItem","position":1,"name":"Startseite","item":"https:\/\/www.solar-depot.lu\/de\/"},{"@type":"ListItem","position":2,"name":"ClickFit EVO &#8211; Dachhaken Sparren"}]},{"@type":"WebSite","@id":"https:\/\/www.solar-depot.lu\/de\/#website","url":"https:\/\/www.solar-depot.lu\/de\/","name":"SOLAR DEPOT","description":"Solar Depot, l&#039;\u00e9nergie solaire \u00e0 emporter chez vous !","publisher":{"@id":"https:\/\/www.solar-depot.lu\/de\/#organization"},"potentialAction":[{"@type":"SearchAction","target":{"@type":"EntryPoint","urlTemplate":"https:\/\/www.solar-depot.lu\/de\/?s={search_term_string}"},"query-input":{"@type":"PropertyValueSpecification","valueRequired":true,"valueName":"search_term_string"}}],"inLanguage":"de"},{"@type":"Organization","@id":"https:\/\/www.solar-depot.lu\/de\/#organization","name":"SOLAR DEPOT","url":"https:\/\/www.solar-depot.lu\/de\/","logo":{"@type":"ImageObject","inLanguage":"de","@id":"https:\/\/www.solar-depot.lu\/de\/#\/schema\/logo\/image\/","url":"https:\/\/www.solar-depot.lu\/wp-content\/uploads\/2023\/08\/ege-depot-sans-fond.png","contentUrl":"https:\/\/www.solar-depot.lu\/wp-content\/uploads\/2023\/08\/ege-depot-sans-fond.png","width":1696,"height":536,"caption":"SOLAR DEPOT"},"image":{"@id":"https:\/\/www.solar-depot.lu\/de\/#\/schema\/logo\/image\/"}}]}},"_links":{"self":[{"href":"https:\/\/www.solar-depot.lu\/de\/wp-json\/wp\/v2\/product\/8685","targetHints":{"allow":["GET"]}}],"collection":[{"href":"https:\/\/www.solar-depot.lu\/de\/wp-json\/wp\/v2\/product"}],"about":[{"href":"https:\/\/www.solar-depot.lu\/de\/wp-json\/wp\/v2\/types\/product"}],"wp:featuredmedia":[{"embeddable":true,"href":"https:\/\/www.solar-depot.lu\/de\/wp-json\/wp\/v2\/media\/6076"}],"wp:attachment":[{"href":"https:\/\/www.solar-depot.lu\/de\/wp-json\/wp\/v2\/media?parent=8685"}],"wp:term":[{"taxonomy":"product_brand","embeddable":true,"href":"https:\/\/www.solar-depot.lu\/de\/wp-json\/wp\/v2\/product_brand?post=8685"},{"taxonomy":"product_cat","embeddable":true,"href":"https:\/\/www.solar-depot.lu\/de\/wp-json\/wp\/v2\/product_cat?post=8685"},{"taxonomy":"product_tag","embeddable":true,"href":"https:\/\/www.solar-depot.lu\/de\/wp-json\/wp\/v2\/product_tag?post=8685"}],"curies":[{"name":"wp","href":"https:\/\/api.w.org\/{rel}","templated":true}]}}