{"id":8726,"date":"2024-12-28T11:18:46","date_gmt":"2024-12-28T10:18:46","guid":{"rendered":"https:\/\/www.solar-depot.lu\/produit\/enphase-q-dreiphasiges-relais-q-relay-3p-int\/"},"modified":"2026-03-05T14:07:10","modified_gmt":"2026-03-05T13:07:10","slug":"enphase-q-dreiphasiges-relais-q-relay-3p-int","status":"publish","type":"product","link":"https:\/\/www.solar-depot.lu\/de\/produit\/enphase-q-dreiphasiges-relais-q-relay-3p-int\/","title":{"rendered":"Enphase Q Dreiphasiges Relais (Q-RELAY-3P-INT)"},"content":{"rendered":"","protected":false},"excerpt":{"rendered":"<p><strong>Enphase<\/strong> ist ein weltweit f\u00fchrender Anbieter von intelligenten Solarenergiel\u00f6sungen und bietet zuverl\u00e4ssige und effiziente Energiemanagementsysteme.<\/p>\n<p>Enphase Q Dreiphasiges Relais<\/p>\n<p>Das dreiphasige Enphase Q-Relais ist f\u00fcr den reibungslosen Betrieb von Enphase-Solaranlagen unerl\u00e4sslich. Es l\u00e4sst sich leicht in den Z\u00e4hlerschrank oder einen externen Schrank integrieren und bietet elektronischen Schutz f\u00fcr dreiphasige Anlagen. Dieses intelligente und leichte Relais trennt die Enphase Mikro-Wechselrichter bei St\u00f6rungen automatisch vom Netz und schaltet sie wieder ein, wenn sich die Bedingungen wieder normalisieren. F\u00fcr einphasige Systeme ist eine spezielle Variante erh\u00e4ltlich. Dieses Ger\u00e4t erh\u00f6ht die Sicherheit, da keine 380 Volt auf dem Dach oder im Freien vorhanden sein m\u00fcssen.<\/p>\n<p>Das Q-Relais arbeitet im Tandem mit dem Envoy-S f\u00fcr ein optimales Management der Netzanforderungen, wodurch eine sichere und konforme Stromversorgung gew\u00e4hrleistet wird.<\/p>\n","protected":false},"featured_media":6707,"template":"","meta":{"editor_plus_copied_stylings":"{}"},"product_brand":[],"product_cat":[164],"product_tag":[],"class_list":{"0":"post-8726","1":"product","2":"type-product","3":"status-publish","4":"has-post-thumbnail","6":"product_cat-non-classe-de-2","8":"first","9":"instock","10":"taxable","11":"shipping-taxable","12":"purchasable","13":"product-type-simple"},"acf":[],"yoast_head":"<!-- This site is optimized with the Yoast SEO Premium plugin v22.0 (Yoast SEO v27.5) - https:\/\/yoast.com\/product\/yoast-seo-premium-wordpress\/ -->\n<title>Enphase Q Dreiphasiges Relais (Q-RELAY-3P-INT) - SOLAR DEPOT<\/title>\n<meta name=\"description\" content=\"Entdecken Sie das Enphase Q Dreiphasen-Relais: intelligenter Schutz f\u00fcr Solaranlagen, automatische Abschaltung bei Netzanomalien.\" \/>\n<meta name=\"robots\" content=\"index, follow, max-snippet:-1, max-image-preview:large, max-video-preview:-1\" \/>\n<link rel=\"canonical\" href=\"https:\/\/www.solar-depot.lu\/de\/produit\/enphase-q-dreiphasiges-relais-q-relay-3p-int\/\" \/>\n<meta property=\"og:locale\" content=\"de_DE\" \/>\n<meta property=\"og:type\" content=\"article\" \/>\n<meta property=\"og:title\" content=\"Enphase Q Dreiphasiges Relais (Q-RELAY-3P-INT)\" \/>\n<meta property=\"og:description\" content=\"Entdecken Sie das Enphase Q Dreiphasen-Relais: intelligenter Schutz f\u00fcr Solaranlagen, automatische Abschaltung bei Netzanomalien.\" \/>\n<meta property=\"og:url\" content=\"https:\/\/www.solar-depot.lu\/de\/produit\/enphase-q-dreiphasiges-relais-q-relay-3p-int\/\" \/>\n<meta property=\"og:site_name\" content=\"SOLAR DEPOT\" \/>\n<meta property=\"article:modified_time\" content=\"2026-03-05T13:07:10+00:00\" \/>\n<meta property=\"og:image\" content=\"https:\/\/www.solar-depot.lu\/wp-content\/uploads\/2024\/12\/image-removebg-preview-4-2.png\" \/>\n\t<meta property=\"og:image:width\" content=\"507\" \/>\n\t<meta property=\"og:image:height\" content=\"478\" \/>\n\t<meta property=\"og:image:type\" content=\"image\/png\" \/>\n<meta name=\"twitter:card\" content=\"summary_large_image\" \/>\n<meta name=\"twitter:label1\" content=\"Gesch\u00e4tzte Lesezeit\" \/>\n\t<meta name=\"twitter:data1\" content=\"1\u00a0Minute\" \/>\n<script type=\"application\/ld+json\" class=\"yoast-schema-graph\">{\"@context\":\"https:\\\/\\\/schema.org\",\"@graph\":[{\"@type\":\"WebPage\",\"@id\":\"https:\\\/\\\/www.solar-depot.lu\\\/de\\\/produit\\\/enphase-q-dreiphasiges-relais-q-relay-3p-int\\\/\",\"url\":\"https:\\\/\\\/www.solar-depot.lu\\\/de\\\/produit\\\/enphase-q-dreiphasiges-relais-q-relay-3p-int\\\/\",\"name\":\"Enphase Q Dreiphasiges Relais (Q-RELAY-3P-INT) - SOLAR DEPOT\",\"isPartOf\":{\"@id\":\"https:\\\/\\\/www.solar-depot.lu\\\/de\\\/#website\"},\"primaryImageOfPage\":{\"@id\":\"https:\\\/\\\/www.solar-depot.lu\\\/de\\\/produit\\\/enphase-q-dreiphasiges-relais-q-relay-3p-int\\\/#primaryimage\"},\"image\":{\"@id\":\"https:\\\/\\\/www.solar-depot.lu\\\/de\\\/produit\\\/enphase-q-dreiphasiges-relais-q-relay-3p-int\\\/#primaryimage\"},\"thumbnailUrl\":\"https:\\\/\\\/www.solar-depot.lu\\\/wp-content\\\/uploads\\\/2024\\\/12\\\/image-removebg-preview-4-2.png\",\"datePublished\":\"2024-12-28T10:18:46+00:00\",\"dateModified\":\"2026-03-05T13:07:10+00:00\",\"description\":\"Entdecken Sie das Enphase Q Dreiphasen-Relais: intelligenter Schutz f\u00fcr Solaranlagen, automatische Abschaltung bei Netzanomalien.\",\"breadcrumb\":{\"@id\":\"https:\\\/\\\/www.solar-depot.lu\\\/de\\\/produit\\\/enphase-q-dreiphasiges-relais-q-relay-3p-int\\\/#breadcrumb\"},\"inLanguage\":\"de\",\"potentialAction\":[{\"@type\":\"ReadAction\",\"target\":[\"https:\\\/\\\/www.solar-depot.lu\\\/de\\\/produit\\\/enphase-q-dreiphasiges-relais-q-relay-3p-int\\\/\"]}]},{\"@type\":\"ImageObject\",\"inLanguage\":\"de\",\"@id\":\"https:\\\/\\\/www.solar-depot.lu\\\/de\\\/produit\\\/enphase-q-dreiphasiges-relais-q-relay-3p-int\\\/#primaryimage\",\"url\":\"https:\\\/\\\/www.solar-depot.lu\\\/wp-content\\\/uploads\\\/2024\\\/12\\\/image-removebg-preview-4-2.png\",\"contentUrl\":\"https:\\\/\\\/www.solar-depot.lu\\\/wp-content\\\/uploads\\\/2024\\\/12\\\/image-removebg-preview-4-2.png\",\"width\":507,\"height\":478},{\"@type\":\"BreadcrumbList\",\"@id\":\"https:\\\/\\\/www.solar-depot.lu\\\/de\\\/produit\\\/enphase-q-dreiphasiges-relais-q-relay-3p-int\\\/#breadcrumb\",\"itemListElement\":[{\"@type\":\"ListItem\",\"position\":1,\"name\":\"Startseite\",\"item\":\"https:\\\/\\\/www.solar-depot.lu\\\/de\\\/\"},{\"@type\":\"ListItem\",\"position\":2,\"name\":\"Enphase Q Dreiphasiges Relais (Q-RELAY-3P-INT)\"}]},{\"@type\":\"WebSite\",\"@id\":\"https:\\\/\\\/www.solar-depot.lu\\\/de\\\/#website\",\"url\":\"https:\\\/\\\/www.solar-depot.lu\\\/de\\\/\",\"name\":\"SOLAR DEPOT\",\"description\":\"Solar Depot, l&#039;\u00e9nergie solaire \u00e0 emporter chez vous !\",\"publisher\":{\"@id\":\"https:\\\/\\\/www.solar-depot.lu\\\/de\\\/#organization\"},\"potentialAction\":[{\"@type\":\"SearchAction\",\"target\":{\"@type\":\"EntryPoint\",\"urlTemplate\":\"https:\\\/\\\/www.solar-depot.lu\\\/de\\\/?s={search_term_string}\"},\"query-input\":{\"@type\":\"PropertyValueSpecification\",\"valueRequired\":true,\"valueName\":\"search_term_string\"}}],\"inLanguage\":\"de\"},{\"@type\":\"Organization\",\"@id\":\"https:\\\/\\\/www.solar-depot.lu\\\/de\\\/#organization\",\"name\":\"SOLAR DEPOT\",\"url\":\"https:\\\/\\\/www.solar-depot.lu\\\/de\\\/\",\"logo\":{\"@type\":\"ImageObject\",\"inLanguage\":\"de\",\"@id\":\"https:\\\/\\\/www.solar-depot.lu\\\/de\\\/#\\\/schema\\\/logo\\\/image\\\/\",\"url\":\"https:\\\/\\\/www.solar-depot.lu\\\/wp-content\\\/uploads\\\/2023\\\/08\\\/ege-depot-sans-fond.png\",\"contentUrl\":\"https:\\\/\\\/www.solar-depot.lu\\\/wp-content\\\/uploads\\\/2023\\\/08\\\/ege-depot-sans-fond.png\",\"width\":1696,\"height\":536,\"caption\":\"SOLAR DEPOT\"},\"image\":{\"@id\":\"https:\\\/\\\/www.solar-depot.lu\\\/de\\\/#\\\/schema\\\/logo\\\/image\\\/\"}}]}<\/script>\n<!-- \/ Yoast SEO Premium plugin. -->","yoast_head_json":{"title":"Enphase Q Dreiphasiges Relais (Q-RELAY-3P-INT) - SOLAR DEPOT","description":"Entdecken Sie das Enphase Q Dreiphasen-Relais: intelligenter Schutz f\u00fcr Solaranlagen, automatische Abschaltung bei Netzanomalien.","robots":{"index":"index","follow":"follow","max-snippet":"max-snippet:-1","max-image-preview":"max-image-preview:large","max-video-preview":"max-video-preview:-1"},"canonical":"https:\/\/www.solar-depot.lu\/de\/produit\/enphase-q-dreiphasiges-relais-q-relay-3p-int\/","og_locale":"de_DE","og_type":"article","og_title":"Enphase Q Dreiphasiges Relais (Q-RELAY-3P-INT)","og_description":"Entdecken Sie das Enphase Q Dreiphasen-Relais: intelligenter Schutz f\u00fcr Solaranlagen, automatische Abschaltung bei Netzanomalien.","og_url":"https:\/\/www.solar-depot.lu\/de\/produit\/enphase-q-dreiphasiges-relais-q-relay-3p-int\/","og_site_name":"SOLAR DEPOT","article_modified_time":"2026-03-05T13:07:10+00:00","og_image":[{"width":507,"height":478,"url":"https:\/\/www.solar-depot.lu\/wp-content\/uploads\/2024\/12\/image-removebg-preview-4-2.png","type":"image\/png"}],"twitter_card":"summary_large_image","twitter_misc":{"Gesch\u00e4tzte Lesezeit":"1\u00a0Minute"},"schema":{"@context":"https:\/\/schema.org","@graph":[{"@type":"WebPage","@id":"https:\/\/www.solar-depot.lu\/de\/produit\/enphase-q-dreiphasiges-relais-q-relay-3p-int\/","url":"https:\/\/www.solar-depot.lu\/de\/produit\/enphase-q-dreiphasiges-relais-q-relay-3p-int\/","name":"Enphase Q Dreiphasiges Relais (Q-RELAY-3P-INT) - SOLAR DEPOT","isPartOf":{"@id":"https:\/\/www.solar-depot.lu\/de\/#website"},"primaryImageOfPage":{"@id":"https:\/\/www.solar-depot.lu\/de\/produit\/enphase-q-dreiphasiges-relais-q-relay-3p-int\/#primaryimage"},"image":{"@id":"https:\/\/www.solar-depot.lu\/de\/produit\/enphase-q-dreiphasiges-relais-q-relay-3p-int\/#primaryimage"},"thumbnailUrl":"https:\/\/www.solar-depot.lu\/wp-content\/uploads\/2024\/12\/image-removebg-preview-4-2.png","datePublished":"2024-12-28T10:18:46+00:00","dateModified":"2026-03-05T13:07:10+00:00","description":"Entdecken Sie das Enphase Q Dreiphasen-Relais: intelligenter Schutz f\u00fcr Solaranlagen, automatische Abschaltung bei Netzanomalien.","breadcrumb":{"@id":"https:\/\/www.solar-depot.lu\/de\/produit\/enphase-q-dreiphasiges-relais-q-relay-3p-int\/#breadcrumb"},"inLanguage":"de","potentialAction":[{"@type":"ReadAction","target":["https:\/\/www.solar-depot.lu\/de\/produit\/enphase-q-dreiphasiges-relais-q-relay-3p-int\/"]}]},{"@type":"ImageObject","inLanguage":"de","@id":"https:\/\/www.solar-depot.lu\/de\/produit\/enphase-q-dreiphasiges-relais-q-relay-3p-int\/#primaryimage","url":"https:\/\/www.solar-depot.lu\/wp-content\/uploads\/2024\/12\/image-removebg-preview-4-2.png","contentUrl":"https:\/\/www.solar-depot.lu\/wp-content\/uploads\/2024\/12\/image-removebg-preview-4-2.png","width":507,"height":478},{"@type":"BreadcrumbList","@id":"https:\/\/www.solar-depot.lu\/de\/produit\/enphase-q-dreiphasiges-relais-q-relay-3p-int\/#breadcrumb","itemListElement":[{"@type":"ListItem","position":1,"name":"Startseite","item":"https:\/\/www.solar-depot.lu\/de\/"},{"@type":"ListItem","position":2,"name":"Enphase Q Dreiphasiges Relais (Q-RELAY-3P-INT)"}]},{"@type":"WebSite","@id":"https:\/\/www.solar-depot.lu\/de\/#website","url":"https:\/\/www.solar-depot.lu\/de\/","name":"SOLAR DEPOT","description":"Solar Depot, l&#039;\u00e9nergie solaire \u00e0 emporter chez vous !","publisher":{"@id":"https:\/\/www.solar-depot.lu\/de\/#organization"},"potentialAction":[{"@type":"SearchAction","target":{"@type":"EntryPoint","urlTemplate":"https:\/\/www.solar-depot.lu\/de\/?s={search_term_string}"},"query-input":{"@type":"PropertyValueSpecification","valueRequired":true,"valueName":"search_term_string"}}],"inLanguage":"de"},{"@type":"Organization","@id":"https:\/\/www.solar-depot.lu\/de\/#organization","name":"SOLAR DEPOT","url":"https:\/\/www.solar-depot.lu\/de\/","logo":{"@type":"ImageObject","inLanguage":"de","@id":"https:\/\/www.solar-depot.lu\/de\/#\/schema\/logo\/image\/","url":"https:\/\/www.solar-depot.lu\/wp-content\/uploads\/2023\/08\/ege-depot-sans-fond.png","contentUrl":"https:\/\/www.solar-depot.lu\/wp-content\/uploads\/2023\/08\/ege-depot-sans-fond.png","width":1696,"height":536,"caption":"SOLAR DEPOT"},"image":{"@id":"https:\/\/www.solar-depot.lu\/de\/#\/schema\/logo\/image\/"}}]}},"_links":{"self":[{"href":"https:\/\/www.solar-depot.lu\/de\/wp-json\/wp\/v2\/product\/8726","targetHints":{"allow":["GET"]}}],"collection":[{"href":"https:\/\/www.solar-depot.lu\/de\/wp-json\/wp\/v2\/product"}],"about":[{"href":"https:\/\/www.solar-depot.lu\/de\/wp-json\/wp\/v2\/types\/product"}],"wp:featuredmedia":[{"embeddable":true,"href":"https:\/\/www.solar-depot.lu\/de\/wp-json\/wp\/v2\/media\/6707"}],"wp:attachment":[{"href":"https:\/\/www.solar-depot.lu\/de\/wp-json\/wp\/v2\/media?parent=8726"}],"wp:term":[{"taxonomy":"product_brand","embeddable":true,"href":"https:\/\/www.solar-depot.lu\/de\/wp-json\/wp\/v2\/product_brand?post=8726"},{"taxonomy":"product_cat","embeddable":true,"href":"https:\/\/www.solar-depot.lu\/de\/wp-json\/wp\/v2\/product_cat?post=8726"},{"taxonomy":"product_tag","embeddable":true,"href":"https:\/\/www.solar-depot.lu\/de\/wp-json\/wp\/v2\/product_tag?post=8726"}],"curies":[{"name":"wp","href":"https:\/\/api.w.org\/{rel}","templated":true}]}}