{"id":8729,"date":"2024-12-24T15:34:35","date_gmt":"2024-12-24T14:34:35","guid":{"rendered":"https:\/\/www.solar-depot.lu\/produit\/enphase-kommunikationsset-2-fuer-5p-batterie\/"},"modified":"2026-03-05T14:16:22","modified_gmt":"2026-03-05T13:16:22","slug":"enphase-kommunikationsset-2-fuer-5p-batterie","status":"publish","type":"product","link":"https:\/\/www.solar-depot.lu\/de\/produit\/enphase-kommunikationsset-2-fuer-5p-batterie\/","title":{"rendered":"Enphase Kommunikationsset 2 f\u00fcr 5P Batterie"},"content":{"rendered":"","protected":false},"excerpt":{"rendered":"<p>Das Communications Kit 2 INT erm\u00f6glicht es einem IQ Gateway Metered, mit einer IQ Battery 5P \u00fcber eine drahtgebundene Steuerkommunikation zu kommunizieren. Es ist Teil der dritten Generation des Enphase Energy Systems und wird f\u00fcr den Betrieb einer IQ Battery 5P im netzgekoppelten Modus ben\u00f6tigt.<\/p>\n","protected":false},"featured_media":6831,"template":"","meta":{"editor_plus_copied_stylings":"{}"},"product_brand":[],"product_cat":[164],"product_tag":[],"class_list":{"0":"post-8729","1":"product","2":"type-product","3":"status-publish","4":"has-post-thumbnail","6":"product_cat-non-classe-de-2","8":"first","9":"instock","10":"taxable","11":"shipping-taxable","12":"purchasable","13":"product-type-simple"},"acf":[],"yoast_head":"<!-- This site is optimized with the Yoast SEO Premium plugin v22.0 (Yoast SEO v27.5) - https:\/\/yoast.com\/product\/yoast-seo-premium-wordpress\/ -->\n<title>Enphase Kommunikationsset 2 f\u00fcr 5P Batterie - SOLAR DEPOT<\/title>\n<meta name=\"description\" content=\"Das Communications Kit 2 INT erm\u00f6glicht es dem IQ Gateway Metered, mit der IQ 5P Batterie zu kommunizieren, was f\u00fcr den Netzwerkmodus unerl\u00e4sslich ist.\" \/>\n<meta name=\"robots\" content=\"index, follow, max-snippet:-1, max-image-preview:large, max-video-preview:-1\" \/>\n<link rel=\"canonical\" href=\"https:\/\/www.solar-depot.lu\/de\/produit\/enphase-kommunikationsset-2-fuer-5p-batterie\/\" \/>\n<meta property=\"og:locale\" content=\"de_DE\" \/>\n<meta property=\"og:type\" content=\"article\" \/>\n<meta property=\"og:title\" content=\"Enphase Kommunikationsset 2 f\u00fcr 5P Batterie\" \/>\n<meta property=\"og:description\" content=\"Das Communications Kit 2 INT erm\u00f6glicht es dem IQ Gateway Metered, mit der IQ 5P Batterie zu kommunizieren, was f\u00fcr den Netzwerkmodus unerl\u00e4sslich ist.\" \/>\n<meta property=\"og:url\" content=\"https:\/\/www.solar-depot.lu\/de\/produit\/enphase-kommunikationsset-2-fuer-5p-batterie\/\" \/>\n<meta property=\"og:site_name\" content=\"SOLAR DEPOT\" \/>\n<meta property=\"article:modified_time\" content=\"2026-03-05T13:16:22+00:00\" \/>\n<meta property=\"og:image\" content=\"https:\/\/www.solar-depot.lu\/wp-content\/uploads\/2024\/12\/image-removebg-preview-18.png\" \/>\n\t<meta property=\"og:image:width\" content=\"445\" \/>\n\t<meta property=\"og:image:height\" content=\"271\" \/>\n\t<meta property=\"og:image:type\" content=\"image\/png\" \/>\n<meta name=\"twitter:card\" content=\"summary_large_image\" \/>\n<meta name=\"twitter:label1\" content=\"Gesch\u00e4tzte Lesezeit\" \/>\n\t<meta name=\"twitter:data1\" content=\"1\u00a0Minute\" \/>\n<script type=\"application\/ld+json\" class=\"yoast-schema-graph\">{\"@context\":\"https:\\\/\\\/schema.org\",\"@graph\":[{\"@type\":\"WebPage\",\"@id\":\"https:\\\/\\\/www.solar-depot.lu\\\/de\\\/produit\\\/enphase-kommunikationsset-2-fuer-5p-batterie\\\/\",\"url\":\"https:\\\/\\\/www.solar-depot.lu\\\/de\\\/produit\\\/enphase-kommunikationsset-2-fuer-5p-batterie\\\/\",\"name\":\"Enphase Kommunikationsset 2 f\u00fcr 5P Batterie - SOLAR DEPOT\",\"isPartOf\":{\"@id\":\"https:\\\/\\\/www.solar-depot.lu\\\/de\\\/#website\"},\"primaryImageOfPage\":{\"@id\":\"https:\\\/\\\/www.solar-depot.lu\\\/de\\\/produit\\\/enphase-kommunikationsset-2-fuer-5p-batterie\\\/#primaryimage\"},\"image\":{\"@id\":\"https:\\\/\\\/www.solar-depot.lu\\\/de\\\/produit\\\/enphase-kommunikationsset-2-fuer-5p-batterie\\\/#primaryimage\"},\"thumbnailUrl\":\"https:\\\/\\\/www.solar-depot.lu\\\/wp-content\\\/uploads\\\/2024\\\/12\\\/image-removebg-preview-18.png\",\"datePublished\":\"2024-12-24T14:34:35+00:00\",\"dateModified\":\"2026-03-05T13:16:22+00:00\",\"description\":\"Das Communications Kit 2 INT erm\u00f6glicht es dem IQ Gateway Metered, mit der IQ 5P Batterie zu kommunizieren, was f\u00fcr den Netzwerkmodus unerl\u00e4sslich ist.\",\"breadcrumb\":{\"@id\":\"https:\\\/\\\/www.solar-depot.lu\\\/de\\\/produit\\\/enphase-kommunikationsset-2-fuer-5p-batterie\\\/#breadcrumb\"},\"inLanguage\":\"de\",\"potentialAction\":[{\"@type\":\"ReadAction\",\"target\":[\"https:\\\/\\\/www.solar-depot.lu\\\/de\\\/produit\\\/enphase-kommunikationsset-2-fuer-5p-batterie\\\/\"]}]},{\"@type\":\"ImageObject\",\"inLanguage\":\"de\",\"@id\":\"https:\\\/\\\/www.solar-depot.lu\\\/de\\\/produit\\\/enphase-kommunikationsset-2-fuer-5p-batterie\\\/#primaryimage\",\"url\":\"https:\\\/\\\/www.solar-depot.lu\\\/wp-content\\\/uploads\\\/2024\\\/12\\\/image-removebg-preview-18.png\",\"contentUrl\":\"https:\\\/\\\/www.solar-depot.lu\\\/wp-content\\\/uploads\\\/2024\\\/12\\\/image-removebg-preview-18.png\",\"width\":445,\"height\":271},{\"@type\":\"BreadcrumbList\",\"@id\":\"https:\\\/\\\/www.solar-depot.lu\\\/de\\\/produit\\\/enphase-kommunikationsset-2-fuer-5p-batterie\\\/#breadcrumb\",\"itemListElement\":[{\"@type\":\"ListItem\",\"position\":1,\"name\":\"Startseite\",\"item\":\"https:\\\/\\\/www.solar-depot.lu\\\/de\\\/\"},{\"@type\":\"ListItem\",\"position\":2,\"name\":\"Enphase Kommunikationsset 2 f\u00fcr 5P Batterie\"}]},{\"@type\":\"WebSite\",\"@id\":\"https:\\\/\\\/www.solar-depot.lu\\\/de\\\/#website\",\"url\":\"https:\\\/\\\/www.solar-depot.lu\\\/de\\\/\",\"name\":\"SOLAR DEPOT\",\"description\":\"Solar Depot, l&#039;\u00e9nergie solaire \u00e0 emporter chez vous !\",\"publisher\":{\"@id\":\"https:\\\/\\\/www.solar-depot.lu\\\/de\\\/#organization\"},\"potentialAction\":[{\"@type\":\"SearchAction\",\"target\":{\"@type\":\"EntryPoint\",\"urlTemplate\":\"https:\\\/\\\/www.solar-depot.lu\\\/de\\\/?s={search_term_string}\"},\"query-input\":{\"@type\":\"PropertyValueSpecification\",\"valueRequired\":true,\"valueName\":\"search_term_string\"}}],\"inLanguage\":\"de\"},{\"@type\":\"Organization\",\"@id\":\"https:\\\/\\\/www.solar-depot.lu\\\/de\\\/#organization\",\"name\":\"SOLAR DEPOT\",\"url\":\"https:\\\/\\\/www.solar-depot.lu\\\/de\\\/\",\"logo\":{\"@type\":\"ImageObject\",\"inLanguage\":\"de\",\"@id\":\"https:\\\/\\\/www.solar-depot.lu\\\/de\\\/#\\\/schema\\\/logo\\\/image\\\/\",\"url\":\"https:\\\/\\\/www.solar-depot.lu\\\/wp-content\\\/uploads\\\/2023\\\/08\\\/ege-depot-sans-fond.png\",\"contentUrl\":\"https:\\\/\\\/www.solar-depot.lu\\\/wp-content\\\/uploads\\\/2023\\\/08\\\/ege-depot-sans-fond.png\",\"width\":1696,\"height\":536,\"caption\":\"SOLAR DEPOT\"},\"image\":{\"@id\":\"https:\\\/\\\/www.solar-depot.lu\\\/de\\\/#\\\/schema\\\/logo\\\/image\\\/\"}}]}<\/script>\n<!-- \/ Yoast SEO Premium plugin. -->","yoast_head_json":{"title":"Enphase Kommunikationsset 2 f\u00fcr 5P Batterie - SOLAR DEPOT","description":"Das Communications Kit 2 INT erm\u00f6glicht es dem IQ Gateway Metered, mit der IQ 5P Batterie zu kommunizieren, was f\u00fcr den Netzwerkmodus unerl\u00e4sslich ist.","robots":{"index":"index","follow":"follow","max-snippet":"max-snippet:-1","max-image-preview":"max-image-preview:large","max-video-preview":"max-video-preview:-1"},"canonical":"https:\/\/www.solar-depot.lu\/de\/produit\/enphase-kommunikationsset-2-fuer-5p-batterie\/","og_locale":"de_DE","og_type":"article","og_title":"Enphase Kommunikationsset 2 f\u00fcr 5P Batterie","og_description":"Das Communications Kit 2 INT erm\u00f6glicht es dem IQ Gateway Metered, mit der IQ 5P Batterie zu kommunizieren, was f\u00fcr den Netzwerkmodus unerl\u00e4sslich ist.","og_url":"https:\/\/www.solar-depot.lu\/de\/produit\/enphase-kommunikationsset-2-fuer-5p-batterie\/","og_site_name":"SOLAR DEPOT","article_modified_time":"2026-03-05T13:16:22+00:00","og_image":[{"width":445,"height":271,"url":"https:\/\/www.solar-depot.lu\/wp-content\/uploads\/2024\/12\/image-removebg-preview-18.png","type":"image\/png"}],"twitter_card":"summary_large_image","twitter_misc":{"Gesch\u00e4tzte Lesezeit":"1\u00a0Minute"},"schema":{"@context":"https:\/\/schema.org","@graph":[{"@type":"WebPage","@id":"https:\/\/www.solar-depot.lu\/de\/produit\/enphase-kommunikationsset-2-fuer-5p-batterie\/","url":"https:\/\/www.solar-depot.lu\/de\/produit\/enphase-kommunikationsset-2-fuer-5p-batterie\/","name":"Enphase Kommunikationsset 2 f\u00fcr 5P Batterie - SOLAR DEPOT","isPartOf":{"@id":"https:\/\/www.solar-depot.lu\/de\/#website"},"primaryImageOfPage":{"@id":"https:\/\/www.solar-depot.lu\/de\/produit\/enphase-kommunikationsset-2-fuer-5p-batterie\/#primaryimage"},"image":{"@id":"https:\/\/www.solar-depot.lu\/de\/produit\/enphase-kommunikationsset-2-fuer-5p-batterie\/#primaryimage"},"thumbnailUrl":"https:\/\/www.solar-depot.lu\/wp-content\/uploads\/2024\/12\/image-removebg-preview-18.png","datePublished":"2024-12-24T14:34:35+00:00","dateModified":"2026-03-05T13:16:22+00:00","description":"Das Communications Kit 2 INT erm\u00f6glicht es dem IQ Gateway Metered, mit der IQ 5P Batterie zu kommunizieren, was f\u00fcr den Netzwerkmodus unerl\u00e4sslich ist.","breadcrumb":{"@id":"https:\/\/www.solar-depot.lu\/de\/produit\/enphase-kommunikationsset-2-fuer-5p-batterie\/#breadcrumb"},"inLanguage":"de","potentialAction":[{"@type":"ReadAction","target":["https:\/\/www.solar-depot.lu\/de\/produit\/enphase-kommunikationsset-2-fuer-5p-batterie\/"]}]},{"@type":"ImageObject","inLanguage":"de","@id":"https:\/\/www.solar-depot.lu\/de\/produit\/enphase-kommunikationsset-2-fuer-5p-batterie\/#primaryimage","url":"https:\/\/www.solar-depot.lu\/wp-content\/uploads\/2024\/12\/image-removebg-preview-18.png","contentUrl":"https:\/\/www.solar-depot.lu\/wp-content\/uploads\/2024\/12\/image-removebg-preview-18.png","width":445,"height":271},{"@type":"BreadcrumbList","@id":"https:\/\/www.solar-depot.lu\/de\/produit\/enphase-kommunikationsset-2-fuer-5p-batterie\/#breadcrumb","itemListElement":[{"@type":"ListItem","position":1,"name":"Startseite","item":"https:\/\/www.solar-depot.lu\/de\/"},{"@type":"ListItem","position":2,"name":"Enphase Kommunikationsset 2 f\u00fcr 5P Batterie"}]},{"@type":"WebSite","@id":"https:\/\/www.solar-depot.lu\/de\/#website","url":"https:\/\/www.solar-depot.lu\/de\/","name":"SOLAR DEPOT","description":"Solar Depot, l&#039;\u00e9nergie solaire \u00e0 emporter chez vous !","publisher":{"@id":"https:\/\/www.solar-depot.lu\/de\/#organization"},"potentialAction":[{"@type":"SearchAction","target":{"@type":"EntryPoint","urlTemplate":"https:\/\/www.solar-depot.lu\/de\/?s={search_term_string}"},"query-input":{"@type":"PropertyValueSpecification","valueRequired":true,"valueName":"search_term_string"}}],"inLanguage":"de"},{"@type":"Organization","@id":"https:\/\/www.solar-depot.lu\/de\/#organization","name":"SOLAR DEPOT","url":"https:\/\/www.solar-depot.lu\/de\/","logo":{"@type":"ImageObject","inLanguage":"de","@id":"https:\/\/www.solar-depot.lu\/de\/#\/schema\/logo\/image\/","url":"https:\/\/www.solar-depot.lu\/wp-content\/uploads\/2023\/08\/ege-depot-sans-fond.png","contentUrl":"https:\/\/www.solar-depot.lu\/wp-content\/uploads\/2023\/08\/ege-depot-sans-fond.png","width":1696,"height":536,"caption":"SOLAR DEPOT"},"image":{"@id":"https:\/\/www.solar-depot.lu\/de\/#\/schema\/logo\/image\/"}}]}},"_links":{"self":[{"href":"https:\/\/www.solar-depot.lu\/de\/wp-json\/wp\/v2\/product\/8729","targetHints":{"allow":["GET"]}}],"collection":[{"href":"https:\/\/www.solar-depot.lu\/de\/wp-json\/wp\/v2\/product"}],"about":[{"href":"https:\/\/www.solar-depot.lu\/de\/wp-json\/wp\/v2\/types\/product"}],"wp:featuredmedia":[{"embeddable":true,"href":"https:\/\/www.solar-depot.lu\/de\/wp-json\/wp\/v2\/media\/6831"}],"wp:attachment":[{"href":"https:\/\/www.solar-depot.lu\/de\/wp-json\/wp\/v2\/media?parent=8729"}],"wp:term":[{"taxonomy":"product_brand","embeddable":true,"href":"https:\/\/www.solar-depot.lu\/de\/wp-json\/wp\/v2\/product_brand?post=8729"},{"taxonomy":"product_cat","embeddable":true,"href":"https:\/\/www.solar-depot.lu\/de\/wp-json\/wp\/v2\/product_cat?post=8729"},{"taxonomy":"product_tag","embeddable":true,"href":"https:\/\/www.solar-depot.lu\/de\/wp-json\/wp\/v2\/product_tag?post=8729"}],"curies":[{"name":"wp","href":"https:\/\/api.w.org\/{rel}","templated":true}]}}